{"id":4965,"date":"2022-02-28T13:44:02","date_gmt":"2022-02-28T12:44:02","guid":{"rendered":"https:\/\/alfa-bvba.be\/?page_id=4965"},"modified":"2022-02-28T13:44:02","modified_gmt":"2022-02-28T12:44:02","slug":"vanloda","status":"publish","type":"page","link":"https:\/\/www.alfa-equipments.be\/fr\/equipements-supplementaire\/vanloda\/","title":{"rendered":"Vanloda"},"content":{"rendered":"<p><section   class=\"fw-main-row-custom fw-main-row-top fw-section-no-padding  auto  fw-section-position-back tf-sh-05d047573308ec816ae7a699ff52015c\"    >\n\t\t\t<div class=\"fw-container\" >\n\t\t<div class=\"fw-row\">\n\t<div id=\"column-6a096937f0cb6\" class=\"fw-col-sm-12 tf-sh-1d9873ea1b725f8415197a22481f61c9 breadcrumbs-section\" >\n\t<div class=\"fw-wrap-col-inner clearfix  \"   >\n\t\t\t\t<div class=\"fw-col-inner\">\n\t\t\t<div class=\"shortcode-widget-area col-sm-12 fw-sidebar \" >\n\t<div class=\"fw-col-inner\">\n\t\t<aside id=\"bcn_widget-2\" class=\"widget widget_breadcrumb_navxt\"><div class=\"breadcrumbs\" vocab=\"https:\/\/schema.org\/\" typeof=\"BreadcrumbList\"><!-- Breadcrumb NavXT 7.4.1 -->\n<span property=\"itemListElement\" typeof=\"ListItem\"><a property=\"item\" typeof=\"WebPage\" title=\"Go to Alfa Equipments.\" href=\"https:\/\/www.alfa-equipments.be\/fr\/\" class=\"home\" aria-current=\"page\"><span property=\"name\">Home<\/span><\/a><meta property=\"position\" content=\"1\"><\/span><\/div><\/aside>\t<\/div>\n<\/div>\t\t<\/div>\n\t<\/div>\n<\/div><\/div>\n\n\t<\/div>\n\t<\/section><section   class=\"fw-main-row-custom fw-section-no-padding  auto  fw-section-position-back tf-sh-e91c88399f0e0daaa4d1da0736a10651\"    >\n\t\t\t<div class=\"fw-container\" >\n\t\t<div class=\"fw-row\">\n\t<div id=\"column-6a096937f1525\" class=\"fw-col-sm-12 tf-sh-90cdbdc5add2b62f87601a73d0d44ea3\" >\n\t<div class=\"fw-wrap-col-inner clearfix  \"   >\n\t\t\t\t<div class=\"fw-col-inner\">\n\t\t\t<div class=\"fw-heading fw-heading-left  fw-heading-with-subtitle tf-sh-8ddae26207a75d7aa1ae77cad593fae4\" >\n\t\t\t<h1 class=\"fw-special-title\">Syst\u00e8me de rouleaux Vanloda<\/h1>\n\t\n\t\n\t\t\t<div class=\"fw-special-subtitle\">By Hydraroll<\/div>\n\t<\/div><div class=\"fw-divider-space  fw-custom-space  clearfix\" style=\"height:15px;\" ><\/div><div class=\"fw-text-box tf-sh-32842a97876a2fb1514916775caac693 \" >\n\t<div class=\"fw-text-inner\">\n\t\t<p>Vanloda est un plancher mobile \u00e0 rouleaux, sp\u00e9cialement con\u00e7u pour la manutention de palettes dans les camionnettes et les petits camions. Vanloda est un concept dit \"floor-to-floor\". La conception consiste en plusieurs sections de plancher en aluminium l\u00e9ger reli\u00e9es entre elles, combin\u00e9es \u00e0 des modules de convoyeurs \u00e0 rouleaux Hydraroll qui sont assembl\u00e9s en une plate-forme pr\u00e9mont\u00e9e.<br \/>Avec Vanloda, nous offrons la possibilit\u00e9 de transformer une camionnette ou un petit camion en un v\u00e9hicule dot\u00e9 d'un syst\u00e8me de mont\u00e9e et de descente \u00e0 commande pneumatique avec des rails \u00e0 rouleaux.<\/p>\n\t<\/div>\n<\/div>\t\t<\/div>\n\t<\/div>\n<\/div><\/div>\n\n<div class=\"fw-row\">\n\t<div id=\"column-6a096937f171c\" class=\"fw-col-md-12 fw-col-lg-6 tf-sh-db64694ac101d85250e468eb42cdd333\" >\n\t<div class=\"fw-wrap-col-inner clearfix  \"   >\n\t\t\t\t<div class=\"fw-col-inner\">\n\t\t\t    <!-- Radius Image -->\n                            <div class=\"fw-block-image-parent fw-overlay-1 fw-block-image-icon   \"              style=\"width: 100%; \">\n                        <a class=\"fw-block-image-child fw-ratio-16-9 fw-ratio-container\"\n               href=\"\/\/alfa-bvba.be\/wp-content\/uploads\/2022\/02\/IMG_3529-scaled.jpg\"\n               data-rel=\"prettyPhoto\"\n               style=\"border-radius: 0px; overflow: hidden;\">\n                <noscript itemscope itemtype=\"https:\/\/schema.org\/ImageObject\" itemprop=\"image\"><img decoding=\"async\" src=\"https:\/\/www.alfa-equipments.be\/wp-content\/uploads\/2022\/02\/IMG_3529-scaled.jpg\"  alt=\"IMG_3529\" data-maxdpr=\"1.7\" class=\"lazyload\" \/><meta itemprop=\"url\" content=\"https:\/\/www.alfa-equipments.be\/wp-content\/uploads\/2022\/02\/IMG_3529-scaled.jpg\"><meta itemprop=\"width\" content=\"2560\"><meta itemprop=\"height\" content=\"1707\"><\/noscript><img decoding=\"async\" src=\"data:image\/gif;base64,R0lGODlhAQABAIAAAAAAAP\/\/\/yH5BAEAAAAALAAAAAABAAEAAAIBRAA7\" data-sizes=\"auto\" data-srcset=\"https:\/\/www.alfa-equipments.be\/wp-content\/uploads\/2022\/02\/IMG_3529-1920x1080.jpg 1920w, https:\/\/www.alfa-equipments.be\/wp-content\/uploads\/2022\/02\/IMG_3529-1228x691.jpg 1228w, https:\/\/www.alfa-equipments.be\/wp-content\/uploads\/2022\/02\/IMG_3529-614x346.jpg 614w, https:\/\/www.alfa-equipments.be\/wp-content\/uploads\/2022\/02\/IMG_3529-295x166.jpg 295w, https:\/\/www.alfa-equipments.be\/wp-content\/uploads\/2022\/02\/IMG_3529-590x332.jpg 590w\"   alt=\"IMG_3529\" data-maxdpr=\"1.7\" class=\"lazyload\" \/>                                                                    <div class=\"fw-block-image-overlay\">\n                        <div class=\"fw-itable\">\n                            <div class=\"fw-icell\">\n                                <i class=\"fw-icon-zoom\"><\/i>\n                            <\/div>\n                        <\/div>\n                    <\/div>\n                            <\/a>\n                    <\/div>\n    \t\t<\/div>\n\t<\/div>\n<\/div><div id=\"column-6a096937f1b5e\" class=\"fw-col-md-12 fw-col-lg-6 tf-sh-ab3ed1787cf2a69a880005f4207b9ff5\" >\n\t<div class=\"fw-wrap-col-inner clearfix  \"   >\n\t\t\t\t<div class=\"fw-col-inner\">\n\t\t\t    <!-- Radius Image -->\n                            <div class=\"fw-block-image-parent fw-overlay-1 fw-block-image-icon   \"              style=\"width: 100%; \">\n                        <a class=\"fw-block-image-child fw-ratio-16-9 fw-ratio-container\"\n               href=\"\/\/alfa-bvba.be\/wp-content\/uploads\/2022\/02\/20210625_164142_resized.jpg\"\n               data-rel=\"prettyPhoto\"\n               style=\"border-radius: 0px; overflow: hidden;\">\n                <noscript itemscope itemtype=\"https:\/\/schema.org\/ImageObject\" itemprop=\"image\"><img decoding=\"async\" src=\"https:\/\/www.alfa-equipments.be\/wp-content\/uploads\/2022\/02\/20210625_164142_resized.jpg\"  alt=\"20210625_164142_resized\" data-maxdpr=\"1.7\" class=\"lazyload\" \/><meta itemprop=\"url\" content=\"https:\/\/www.alfa-equipments.be\/wp-content\/uploads\/2022\/02\/20210625_164142_resized.jpg\"><meta itemprop=\"width\" content=\"2000\"><meta itemprop=\"height\" content=\"1500\"><\/noscript><img decoding=\"async\" src=\"data:image\/gif;base64,R0lGODlhAQABAIAAAAAAAP\/\/\/yH5BAEAAAAALAAAAAABAAEAAAIBRAA7\" data-sizes=\"auto\" data-srcset=\"https:\/\/www.alfa-equipments.be\/wp-content\/uploads\/2022\/02\/20210625_164142_resized-1920x1080.jpg 1920w, https:\/\/www.alfa-equipments.be\/wp-content\/uploads\/2022\/02\/20210625_164142_resized-1228x691.jpg 1228w, https:\/\/www.alfa-equipments.be\/wp-content\/uploads\/2022\/02\/20210625_164142_resized-614x346.jpg 614w, https:\/\/www.alfa-equipments.be\/wp-content\/uploads\/2022\/02\/20210625_164142_resized-295x166.jpg 295w, https:\/\/www.alfa-equipments.be\/wp-content\/uploads\/2022\/02\/20210625_164142_resized-590x332.jpg 590w\"   alt=\"20210625_164142_resized\" data-maxdpr=\"1.7\" class=\"lazyload\" \/>                                                                    <div class=\"fw-block-image-overlay\">\n                        <div class=\"fw-itable\">\n                            <div class=\"fw-icell\">\n                                <i class=\"fw-icon-zoom\"><\/i>\n                            <\/div>\n                        <\/div>\n                    <\/div>\n                            <\/a>\n                    <\/div>\n    \t\t<\/div>\n\t<\/div>\n<\/div><\/div>\n\n<div class=\"fw-row\">\n\t<div id=\"column-6a096937f1ece\" class=\"fw-col-sm-12 tf-sh-84e868343cb2e209671056f003b4bc25\" >\n\t<div class=\"fw-wrap-col-inner clearfix  \"   >\n\t\t\t\t<div class=\"fw-col-inner\">\n\t\t\t<div class=\"fw-divider-space space-sm  clearfix\"  ><\/div>\t\t<\/div>\n\t<\/div>\n<\/div><\/div>\n\n<div class=\"fw-row\">\n\t<div id=\"column-6a096937f202a\" class=\"fw-col-md-12 fw-col-lg-8 tf-sh-d0c7f45f8b949eed489a523364e1ee29\" >\n\t<div class=\"fw-wrap-col-inner clearfix  \"   >\n\t\t\t\t<div class=\"fw-col-inner\">\n\t\t\t<div class=\"fw-heading fw-heading-left  tf-sh-11339ab89f3841f3271163a514e62cfa\" >\n\t\t\t<h2 class=\"fw-special-title\">De sol \u00e0 sol<\/h2>\n\t\n\t\n\t<\/div><div class=\"fw-text-box tf-sh-eeb74a1c537ccc0687ac6290e2028bb2 \" >\n\t<div class=\"fw-text-inner\">\n\t\t<p>Le concept de plancher \u00e0 plancher permet \u00e0 l'utilisateur de placer le syst\u00e8me sur le plancher existant du v\u00e9hicule. Le Vanloda \u00e9tant \u00e0 commande pneumatique, le syst\u00e8me fonctionne exactement comme si les rouleaux \u00e9taient int\u00e9gr\u00e9s au sol existant. En quelques heures seulement, le syst\u00e8me est install\u00e9 et op\u00e9rationnel. Il n'est pas n\u00e9cessaire de reconstruire le fourgon.<\/p>\n\t<\/div>\n<\/div>\t\t<\/div>\n\t<\/div>\n<\/div><div id=\"column-6a096937f2172\" class=\"fw-col-md-12 fw-col-lg-4 tf-sh-7a22f300d0033130c9f53386357962fb\" >\n\t<div class=\"fw-wrap-col-inner clearfix  \"   >\n\t\t\t\t<div class=\"fw-col-inner\">\n\t\t\t    <!-- Radius Image -->\n                            <div class=\"fw-block-image-parent fw-overlay-1 fw-block-image-icon   \"              style=\"width: 100%; \">\n                        <a class=\"fw-block-image-child fw-ratio-16-9 fw-ratio-container\"\n               href=\"\/\/alfa-bvba.be\/wp-content\/uploads\/2022\/02\/Vanloda-MK2-3-lane-assembled-2.jpg\"\n               data-rel=\"prettyPhoto\"\n               style=\"border-radius: 0px; overflow: hidden;\">\n                <noscript itemscope itemtype=\"https:\/\/schema.org\/ImageObject\" itemprop=\"image\"><img decoding=\"async\" src=\"https:\/\/www.alfa-equipments.be\/wp-content\/uploads\/2022\/02\/Vanloda-MK2-3-lane-assembled-2.jpg\"  alt=\"Vanloda MK2, 3-lane, assembled 2\" data-maxdpr=\"1.7\" class=\"lazyload\" \/><meta itemprop=\"url\" content=\"https:\/\/www.alfa-equipments.be\/wp-content\/uploads\/2022\/02\/Vanloda-MK2-3-lane-assembled-2.jpg\"><meta itemprop=\"width\" content=\"1008\"><meta itemprop=\"height\" content=\"756\"><\/noscript><img decoding=\"async\" src=\"data:image\/gif;base64,R0lGODlhAQABAIAAAAAAAP\/\/\/yH5BAEAAAAALAAAAAABAAEAAAIBRAA7\" data-sizes=\"auto\" data-srcset=\"https:\/\/www.alfa-equipments.be\/wp-content\/uploads\/2022\/02\/Vanloda-MK2-3-lane-assembled-2-614x346.jpg 614w, https:\/\/www.alfa-equipments.be\/wp-content\/uploads\/2022\/02\/Vanloda-MK2-3-lane-assembled-2-295x166.jpg 295w, https:\/\/www.alfa-equipments.be\/wp-content\/uploads\/2022\/02\/Vanloda-MK2-3-lane-assembled-2-590x332.jpg 590w\"   alt=\"Vanloda MK2, 3-lane, assembled 2\" data-maxdpr=\"1.7\" class=\"lazyload\" \/>                                                                    <div class=\"fw-block-image-overlay\">\n                        <div class=\"fw-itable\">\n                            <div class=\"fw-icell\">\n                                <i class=\"fw-icon-zoom\"><\/i>\n                            <\/div>\n                        <\/div>\n                    <\/div>\n                            <\/a>\n                    <\/div>\n    \t\t<\/div>\n\t<\/div>\n<\/div><\/div>\n\n<div class=\"fw-row\">\n\t<div id=\"column-6a096937f247a\" class=\"fw-col-sm-12 tf-sh-84e868343cb2e209671056f003b4bc25\" >\n\t<div class=\"fw-wrap-col-inner clearfix  \"   >\n\t\t\t\t<div class=\"fw-col-inner\">\n\t\t\t<div class=\"fw-divider-space space-sm  clearfix\"  ><\/div>\t\t<\/div>\n\t<\/div>\n<\/div><\/div>\n\n<div class=\"fw-row\">\n\t<div id=\"column-6a096937f2576\" class=\"fw-col-md-12 fw-col-lg-4 tf-sh-30557798ba9d89972e8b65ba56dba506\" >\n\t<div class=\"fw-wrap-col-inner clearfix  \"   >\n\t\t\t\t<div class=\"fw-col-inner\">\n\t\t\t    <!-- Radius Image -->\n            <div class=\"fw-block-image-parent  \"              style=\"width: 100%; \">\n            <div class=\"fw-block-image-child fw-ratio-4-3 fw-ratio-container\">\n                <noscript itemscope itemtype=\"https:\/\/schema.org\/ImageObject\" itemprop=\"image\"><img decoding=\"async\" src=\"https:\/\/www.alfa-equipments.be\/wp-content\/uploads\/2022\/02\/BB2220217-01-Alfa-Bvba-vanloda-system-.jpg\"  alt=\"BB2220217-01 Alfa Bvba vanloda system\" data-maxdpr=\"1.7\" class=\"lazyload\" \/><meta itemprop=\"url\" content=\"https:\/\/www.alfa-equipments.be\/wp-content\/uploads\/2022\/02\/BB2220217-01-Alfa-Bvba-vanloda-system-.jpg\"><meta itemprop=\"width\" content=\"712\"><meta itemprop=\"height\" content=\"534\"><\/noscript><img decoding=\"async\" src=\"data:image\/gif;base64,R0lGODlhAQABAIAAAAAAAP\/\/\/yH5BAEAAAAALAAAAAABAAEAAAIBRAA7\" data-sizes=\"auto\" data-srcset=\"https:\/\/www.alfa-equipments.be\/wp-content\/uploads\/2022\/02\/BB2220217-01-Alfa-Bvba-vanloda-system--300x225.jpg 300w, https:\/\/www.alfa-equipments.be\/wp-content\/uploads\/2022\/02\/BB2220217-01-Alfa-Bvba-vanloda-system--393x295.jpg 393w, https:\/\/www.alfa-equipments.be\/wp-content\/uploads\/2022\/02\/BB2220217-01-Alfa-Bvba-vanloda-system--600x450.jpg 600w, https:\/\/www.alfa-equipments.be\/wp-content\/uploads\/2022\/02\/BB2220217-01-Alfa-Bvba-vanloda-system--270x203.jpg 270w, https:\/\/www.alfa-equipments.be\/wp-content\/uploads\/2022\/02\/BB2220217-01-Alfa-Bvba-vanloda-system--600x450.jpg 600w, https:\/\/www.alfa-equipments.be\/wp-content\/uploads\/2022\/02\/BB2220217-01-Alfa-Bvba-vanloda-system--270x203.jpg 270w, https:\/\/www.alfa-equipments.be\/wp-content\/uploads\/2022\/02\/BB2220217-01-Alfa-Bvba-vanloda-system-.jpg 712w\"   alt=\"BB2220217-01 Alfa Bvba vanloda system\" data-maxdpr=\"1.7\" class=\"lazyload\" \/>                                            <\/div>\n        <\/div>\n    \t\t<\/div>\n\t<\/div>\n<\/div><div id=\"column-6a096937f27fa\" class=\"fw-col-md-12 fw-col-lg-8 tf-sh-653b2a58b3381327045e0ecd6cbbe9b8\" >\n\t<div class=\"fw-wrap-col-inner clearfix  \"   >\n\t\t\t\t<div class=\"fw-col-inner\">\n\t\t\t<div class=\"fw-heading fw-heading-left  tf-sh-35d896ca2d3bac35e0fb350a02df82c2\" >\n\t\t\t<h2 class=\"fw-special-title\">Compresseur<\/h2>\n\t\n\t\n\t<\/div><div class=\"fw-text-box tf-sh-144ca9c874a6925b8b35e4840d0f434a \" >\n\t<div class=\"fw-text-inner\">\n\t\t<p>Vanloda utilise une unit\u00e9 de compresseur externe. Les deux principales raisons de cette situation sont les suivantes : 1) le groupe compresseur peut \u00eatre plac\u00e9 selon les souhaits du client et 2) nous pouvons utiliser un compresseur l\u00e9g\u00e8rement plus grand, plus solide et plus durable.<\/p>\n<p>Le compresseur aliment\u00e9 en 12 V est int\u00e9gr\u00e9 dans une bo\u00eete en plastique avec un couvercle. La bo\u00eete en plastique contient tous les composants. \u00c0 l'ext\u00e9rieur, il y a une entr\u00e9e d'air, une sortie d'air et un c\u00e2ble d'alimentation. La bo\u00eete \u00e0 compresseur peut \u00eatre plac\u00e9e n'importe o\u00f9 dans la cabine ou l'espace de chargement.<\/p>\n\t<\/div>\n<\/div>\t\t<\/div>\n\t<\/div>\n<\/div><\/div>\n\n<div class=\"fw-row\">\n\t<div id=\"column-6a096937f2986\" class=\"fw-col-sm-12 tf-sh-84e868343cb2e209671056f003b4bc25\" >\n\t<div class=\"fw-wrap-col-inner clearfix  \"   >\n\t\t\t\t<div class=\"fw-col-inner\">\n\t\t\t<div class=\"fw-divider-space space-sm  clearfix\"  ><\/div>\t\t<\/div>\n\t<\/div>\n<\/div><\/div>\n\n<div class=\"fw-row\">\n\t<div id=\"column-6a096937f2a63\" class=\"fw-col-md-12 fw-col-lg-12 tf-sh-7e87b36a7c6480aa6b4e756e6353ed05\" >\n\t<div class=\"fw-wrap-col-inner clearfix  \"   >\n\t\t\t\t<div class=\"fw-col-inner\">\n\t\t\t\t<div class=\"fw-video tf-sh-c2e0c4e843371cce815141682bc182db \" >\n\t\t<div class=\"fw-wrap-boxed-media fw-wp-video-shortcode\"><div style=\"width: 1920px;\" class=\"wp-video\"><!--[if lt IE 9]><script>document.createElement('video');<\/script><![endif]-->\n<video class=\"wp-video-shortcode\" id=\"video-4965-1\" width=\"1920\" height=\"1080\" preload=\"metadata\" controls=\"controls\"><source type=\"video\/mp4\" src=\"https:\/\/alfa-bvba.be\/wp-content\/uploads\/2022\/02\/Hydraroll.mp4?_=1\" \/><a href=\"https:\/\/alfa-bvba.be\/wp-content\/uploads\/2022\/02\/Hydraroll.mp4\">https:\/\/alfa-bvba.be\/wp-content\/uploads\/2022\/02\/Hydraroll.mp4<\/a><\/video><\/div><\/div>\t<\/div>\n\t\t<\/div>\n\t<\/div>\n<\/div><\/div>\n\n<div class=\"fw-row\">\n\t<div id=\"column-6a096937f2c1d\" class=\"fw-col-sm-12 tf-sh-84e868343cb2e209671056f003b4bc25\" >\n\t<div class=\"fw-wrap-col-inner clearfix  \"   >\n\t\t\t\t<div class=\"fw-col-inner\">\n\t\t\t<div class=\"fw-divider-space space-sm  clearfix\"  ><\/div>\t\t<\/div>\n\t<\/div>\n<\/div><\/div>\n\n<div class=\"fw-row\">\n\t<div id=\"column-6a096937f2d40\" class=\"fw-col-sm-12 tf-sh-84e868343cb2e209671056f003b4bc25\" >\n\t<div class=\"fw-wrap-col-inner clearfix  \"   >\n\t\t\t\t<div class=\"fw-col-inner\">\n\t\t\t<div class=\"text-center\">\t<a href=\"\/contact\/\" target=\"_self\" class=\"fw-btn tf-sh-a3c6ea2c3b79b2486048c81ce2bc2fad  fw-btn-md   fw-btn-2\"  style=\"\">\n\t\t<span >\n\t\t\tContactez nous pour plus d'informations !\t\t<\/span>\n\t<\/a>\n<\/div>\t\t<\/div>\n\t<\/div>\n<\/div><\/div>\n\n\t<\/div>\n\t<\/section><section   class=\"fw-main-row  auto  fw-section-position-back\"    >\n\t\t\t<div class=\"fw-container\" >\n\t\t<div class=\"fw-row\">\n\t<div id=\"column-6a096937f3089\" class=\"fw-col-sm-12 tf-sh-84e868343cb2e209671056f003b4bc25\" >\n\t<div class=\"fw-wrap-col-inner clearfix  \"   >\n\t\t\t\t<div class=\"fw-col-inner\">\n\t\t\t<div class=\"fw-divider-space space-md  clearfix\"  ><\/div>\t\t<\/div>\n\t<\/div>\n<\/div><\/div>\n\n\t<\/div>\n\t<\/section><\/p>\n","protected":false},"excerpt":{"rendered":"<p>Home Syst\u00e8me de rouleaux Vanloda By Hydraroll Vanloda est un plancher mobile \u00e0 rouleaux, sp\u00e9cialement con\u00e7u pour la manutention de palettes dans les camionnettes et les petits camions. Vanloda est un concept dit \u00ab\u00a0floor-to-floor\u00a0\u00bb. La conception consiste en plusieurs sections de plancher en aluminium l\u00e9ger reli\u00e9es entre elles, combin\u00e9es \u00e0 des modules de convoyeurs \u00e0 [&hellip;]<\/p>\n","protected":false},"author":2,"featured_media":0,"parent":3736,"menu_order":0,"comment_status":"closed","ping_status":"closed","template":"visual-builder-template.php","meta":{"_acf_changed":false,"ngg_post_thumbnail":0,"footnotes":""},"class_list":["post-4965","page","type-page","status-publish","hentry"],"acf":[],"yoast_head":"<!-- This site is optimized with the Yoast SEO plugin v25.3.1 - https:\/\/yoast.com\/wordpress\/plugins\/seo\/ -->\n<title>Vanloda | Alfa Equipments | Sint-Truiden<\/title>\n<meta name=\"description\" content=\"Vanloda est un plancher mobile \u00e0 rouleaux, sp\u00e9cialement con\u00e7u pour la manutention de palettes dans les camionnettes et les petits camions.\" \/>\n<meta name=\"robots\" content=\"index, follow, max-snippet:-1, max-image-preview:large, max-video-preview:-1\" \/>\n<link rel=\"canonical\" href=\"https:\/\/www.alfa-equipments.be\/fr\/equipements-supplementaire\/vanloda\/\" \/>\n<meta property=\"og:locale\" content=\"fr_FR\" \/>\n<meta property=\"og:type\" content=\"article\" \/>\n<meta property=\"og:title\" content=\"Vanloda | Alfa Equipments | Sint-Truiden\" \/>\n<meta property=\"og:description\" content=\"Vanloda est un plancher mobile \u00e0 rouleaux, sp\u00e9cialement con\u00e7u pour la manutention de palettes dans les camionnettes et les petits camions.\" \/>\n<meta property=\"og:url\" content=\"https:\/\/www.alfa-equipments.be\/fr\/equipements-supplementaire\/vanloda\/\" \/>\n<meta property=\"og:site_name\" content=\"Alfa Equipments\" \/>\n<meta property=\"og:image\" content=\"https:\/\/alfa-bvba.be\/wp-content\/uploads\/2022\/02\/IMG_3529-scaled.jpg\" \/>\n<meta name=\"twitter:card\" content=\"summary_large_image\" \/>\n<meta name=\"twitter:label1\" content=\"Dur\u00e9e de lecture estim\u00e9e\" \/>\n\t<meta name=\"twitter:data1\" content=\"1 minute\" \/>\n<script type=\"application\/ld+json\" class=\"yoast-schema-graph\">{\"@context\":\"https:\/\/schema.org\",\"@graph\":[{\"@type\":\"WebPage\",\"@id\":\"https:\/\/www.alfa-equipments.be\/fr\/equipements-supplementaire\/vanloda\/\",\"url\":\"https:\/\/www.alfa-equipments.be\/fr\/equipements-supplementaire\/vanloda\/\",\"name\":\"Vanloda | Alfa Equipments | Sint-Truiden\",\"isPartOf\":{\"@id\":\"https:\/\/www.alfa-equipments.be\/#website\"},\"primaryImageOfPage\":{\"@id\":\"https:\/\/www.alfa-equipments.be\/fr\/equipements-supplementaire\/vanloda\/#primaryimage\"},\"image\":{\"@id\":\"https:\/\/www.alfa-equipments.be\/fr\/equipements-supplementaire\/vanloda\/#primaryimage\"},\"thumbnailUrl\":\"https:\/\/alfa-bvba.be\/wp-content\/uploads\/2022\/02\/IMG_3529-scaled.jpg\",\"datePublished\":\"2022-02-28T12:44:02+00:00\",\"description\":\"Vanloda est un plancher mobile \u00e0 rouleaux, sp\u00e9cialement con\u00e7u pour la manutention de palettes dans les camionnettes et les petits camions.\",\"breadcrumb\":{\"@id\":\"https:\/\/www.alfa-equipments.be\/fr\/equipements-supplementaire\/vanloda\/#breadcrumb\"},\"inLanguage\":\"fr-FR\",\"potentialAction\":[{\"@type\":\"ReadAction\",\"target\":[\"https:\/\/www.alfa-equipments.be\/fr\/equipements-supplementaire\/vanloda\/\"]}]},{\"@type\":\"ImageObject\",\"inLanguage\":\"fr-FR\",\"@id\":\"https:\/\/www.alfa-equipments.be\/fr\/equipements-supplementaire\/vanloda\/#primaryimage\",\"url\":\"https:\/\/alfa-bvba.be\/wp-content\/uploads\/2022\/02\/IMG_3529-scaled.jpg\",\"contentUrl\":\"https:\/\/alfa-bvba.be\/wp-content\/uploads\/2022\/02\/IMG_3529-scaled.jpg\"},{\"@type\":\"BreadcrumbList\",\"@id\":\"https:\/\/www.alfa-equipments.be\/fr\/equipements-supplementaire\/vanloda\/#breadcrumb\",\"itemListElement\":[{\"@type\":\"ListItem\",\"position\":1,\"name\":\"Home\",\"item\":\"https:\/\/www.alfa-equipments.be\/\"},{\"@type\":\"ListItem\",\"position\":2,\"name\":\"\u00c9quipement suppl\u00e9mentaire\",\"item\":\"https:\/\/www.alfa-equipments.be\/fr\/equipements-supplementaire\/\"},{\"@type\":\"ListItem\",\"position\":3,\"name\":\"Vanloda\"}]},{\"@type\":\"WebSite\",\"@id\":\"https:\/\/www.alfa-equipments.be\/#website\",\"url\":\"https:\/\/www.alfa-equipments.be\/\",\"name\":\"Alfa Equipments\",\"description\":\"Wij maken je bestelwagen volledig werkbaar!\",\"potentialAction\":[{\"@type\":\"SearchAction\",\"target\":{\"@type\":\"EntryPoint\",\"urlTemplate\":\"https:\/\/www.alfa-equipments.be\/?s={search_term_string}\"},\"query-input\":{\"@type\":\"PropertyValueSpecification\",\"valueRequired\":true,\"valueName\":\"search_term_string\"}}],\"inLanguage\":\"fr-FR\"}]}<\/script>\n<!-- \/ Yoast SEO plugin. -->","yoast_head_json":{"title":"Vanloda | Alfa Equipments | Sint-Truiden","description":"Vanloda est un plancher mobile \u00e0 rouleaux, sp\u00e9cialement con\u00e7u pour la manutention de palettes dans les camionnettes et les petits camions.","robots":{"index":"index","follow":"follow","max-snippet":"max-snippet:-1","max-image-preview":"max-image-preview:large","max-video-preview":"max-video-preview:-1"},"canonical":"https:\/\/www.alfa-equipments.be\/fr\/equipements-supplementaire\/vanloda\/","og_locale":"fr_FR","og_type":"article","og_title":"Vanloda | Alfa Equipments | Sint-Truiden","og_description":"Vanloda est un plancher mobile \u00e0 rouleaux, sp\u00e9cialement con\u00e7u pour la manutention de palettes dans les camionnettes et les petits camions.","og_url":"https:\/\/www.alfa-equipments.be\/fr\/equipements-supplementaire\/vanloda\/","og_site_name":"Alfa Equipments","og_image":[{"url":"https:\/\/alfa-bvba.be\/wp-content\/uploads\/2022\/02\/IMG_3529-scaled.jpg","type":"","width":"","height":""}],"twitter_card":"summary_large_image","twitter_misc":{"Dur\u00e9e de lecture estim\u00e9e":"1 minute"},"schema":{"@context":"https:\/\/schema.org","@graph":[{"@type":"WebPage","@id":"https:\/\/www.alfa-equipments.be\/fr\/equipements-supplementaire\/vanloda\/","url":"https:\/\/www.alfa-equipments.be\/fr\/equipements-supplementaire\/vanloda\/","name":"Vanloda | Alfa Equipments | Sint-Truiden","isPartOf":{"@id":"https:\/\/www.alfa-equipments.be\/#website"},"primaryImageOfPage":{"@id":"https:\/\/www.alfa-equipments.be\/fr\/equipements-supplementaire\/vanloda\/#primaryimage"},"image":{"@id":"https:\/\/www.alfa-equipments.be\/fr\/equipements-supplementaire\/vanloda\/#primaryimage"},"thumbnailUrl":"https:\/\/alfa-bvba.be\/wp-content\/uploads\/2022\/02\/IMG_3529-scaled.jpg","datePublished":"2022-02-28T12:44:02+00:00","description":"Vanloda est un plancher mobile \u00e0 rouleaux, sp\u00e9cialement con\u00e7u pour la manutention de palettes dans les camionnettes et les petits camions.","breadcrumb":{"@id":"https:\/\/www.alfa-equipments.be\/fr\/equipements-supplementaire\/vanloda\/#breadcrumb"},"inLanguage":"fr-FR","potentialAction":[{"@type":"ReadAction","target":["https:\/\/www.alfa-equipments.be\/fr\/equipements-supplementaire\/vanloda\/"]}]},{"@type":"ImageObject","inLanguage":"fr-FR","@id":"https:\/\/www.alfa-equipments.be\/fr\/equipements-supplementaire\/vanloda\/#primaryimage","url":"https:\/\/alfa-bvba.be\/wp-content\/uploads\/2022\/02\/IMG_3529-scaled.jpg","contentUrl":"https:\/\/alfa-bvba.be\/wp-content\/uploads\/2022\/02\/IMG_3529-scaled.jpg"},{"@type":"BreadcrumbList","@id":"https:\/\/www.alfa-equipments.be\/fr\/equipements-supplementaire\/vanloda\/#breadcrumb","itemListElement":[{"@type":"ListItem","position":1,"name":"Home","item":"https:\/\/www.alfa-equipments.be\/"},{"@type":"ListItem","position":2,"name":"\u00c9quipement suppl\u00e9mentaire","item":"https:\/\/www.alfa-equipments.be\/fr\/equipements-supplementaire\/"},{"@type":"ListItem","position":3,"name":"Vanloda"}]},{"@type":"WebSite","@id":"https:\/\/www.alfa-equipments.be\/#website","url":"https:\/\/www.alfa-equipments.be\/","name":"Alfa Equipments","description":"Wij maken je bestelwagen volledig werkbaar!","potentialAction":[{"@type":"SearchAction","target":{"@type":"EntryPoint","urlTemplate":"https:\/\/www.alfa-equipments.be\/?s={search_term_string}"},"query-input":{"@type":"PropertyValueSpecification","valueRequired":true,"valueName":"search_term_string"}}],"inLanguage":"fr-FR"}]}},"_links":{"self":[{"href":"https:\/\/www.alfa-equipments.be\/fr\/wp-json\/wp\/v2\/pages\/4965","targetHints":{"allow":["GET"]}}],"collection":[{"href":"https:\/\/www.alfa-equipments.be\/fr\/wp-json\/wp\/v2\/pages"}],"about":[{"href":"https:\/\/www.alfa-equipments.be\/fr\/wp-json\/wp\/v2\/types\/page"}],"author":[{"embeddable":true,"href":"https:\/\/www.alfa-equipments.be\/fr\/wp-json\/wp\/v2\/users\/2"}],"replies":[{"embeddable":true,"href":"https:\/\/www.alfa-equipments.be\/fr\/wp-json\/wp\/v2\/comments?post=4965"}],"version-history":[{"count":2,"href":"https:\/\/www.alfa-equipments.be\/fr\/wp-json\/wp\/v2\/pages\/4965\/revisions"}],"predecessor-version":[{"id":5010,"href":"https:\/\/www.alfa-equipments.be\/fr\/wp-json\/wp\/v2\/pages\/4965\/revisions\/5010"}],"up":[{"embeddable":true,"href":"https:\/\/www.alfa-equipments.be\/fr\/wp-json\/wp\/v2\/pages\/3736"}],"wp:attachment":[{"href":"https:\/\/www.alfa-equipments.be\/fr\/wp-json\/wp\/v2\/media?parent=4965"}],"curies":[{"name":"wp","href":"https:\/\/api.w.org\/{rel}","templated":true}]}}