{"id":4696,"date":"2022-01-20T15:04:28","date_gmt":"2022-01-20T14:04:28","guid":{"rendered":"https:\/\/alfa-bvba.be\/?page_id=4696"},"modified":"2022-01-21T09:30:10","modified_gmt":"2022-01-21T08:30:10","slug":"dynnox","status":"publish","type":"page","link":"https:\/\/www.alfa-equipments.be\/fr\/amenagement-du-fourgon\/dynnox\/","title":{"rendered":"Dynnox"},"content":{"rendered":"<p><section   class=\"fw-main-row-custom fw-main-row-top fw-section-no-padding  auto  fw-section-position-back tf-sh-05d047573308ec816ae7a699ff52015c\"    >\n\t\t\t<div class=\"fw-container\" >\n\t\t<div class=\"fw-row\">\n\t<div id=\"column-6a0969387d5f8\" class=\"fw-col-sm-12 tf-sh-1d9873ea1b725f8415197a22481f61c9 breadcrumbs-section\" >\n\t<div class=\"fw-wrap-col-inner clearfix  \"   >\n\t\t\t\t<div class=\"fw-col-inner\">\n\t\t\t<div class=\"shortcode-widget-area col-sm-12 fw-sidebar \" >\n\t<div class=\"fw-col-inner\">\n\t\t<aside id=\"bcn_widget-2\" class=\"widget widget_breadcrumb_navxt\"><div class=\"breadcrumbs\" vocab=\"https:\/\/schema.org\/\" typeof=\"BreadcrumbList\"><!-- Breadcrumb NavXT 7.4.1 -->\n<span property=\"itemListElement\" typeof=\"ListItem\"><a property=\"item\" typeof=\"WebPage\" title=\"Go to Alfa Equipments.\" href=\"https:\/\/www.alfa-equipments.be\/fr\/\" class=\"home\" aria-current=\"page\"><span property=\"name\">Home<\/span><\/a><meta property=\"position\" content=\"1\"><\/span><\/div><\/aside>\t<\/div>\n<\/div>\t\t<\/div>\n\t<\/div>\n<\/div><\/div>\n\n\t<\/div>\n\t<\/section><section   class=\"fw-main-row-custom fw-section-no-padding  auto  fw-section-position-back tf-sh-e91c88399f0e0daaa4d1da0736a10651\"    >\n\t\t\t<div class=\"fw-container\" >\n\t\t<div class=\"fw-row\">\n\t<div id=\"column-6a0969387ddb4\" class=\"fw-col-sm-12 tf-sh-90cdbdc5add2b62f87601a73d0d44ea3\" >\n\t<div class=\"fw-wrap-col-inner clearfix  \"   >\n\t\t\t\t<div class=\"fw-col-inner\">\n\t\t\t<div class=\"fw-heading fw-heading-left  fw-heading-with-subtitle tf-sh-8ddae26207a75d7aa1ae77cad593fae4\" >\n\t\t\t<h1 class=\"fw-special-title\">Dynnox<\/h1>\n\t\n\t\n\t\t\t<div class=\"fw-special-subtitle\">Rend votre cargaison mobile<\/div>\n\t<\/div><div class=\"fw-divider-space  fw-custom-space  clearfix\" style=\"height:15px;\" ><\/div><div class=\"fw-text-box tf-sh-32842a97876a2fb1514916775caac693 \" >\n\t<div class=\"fw-text-inner\">\n\t\t<p>Le syst\u00e8me pliable de Dynnox peut \u00eatre introduit et sorti du v\u00e9hicule commercial en un clin d'\u0153il. Le train de roulement est disponible en plusieurs mod\u00e8les avec diff\u00e9rents modules int\u00e9gr\u00e9s. Le montage est facile et, gr\u00e2ce \u00e0 l'interface voiture amovible, la voiture et le Dynnox peuvent \u00eatre utilis\u00e9s de mani\u00e8re flexible !<\/p>\n\t<\/div>\n<\/div>\t\t<\/div>\n\t<\/div>\n<\/div><\/div>\n\n<div class=\"fw-row\">\n\t<div id=\"column-6a0969387dff3\" class=\"fw-col-sm-8 tf-sh-47b2e767acc6c6fbac59a6a9bdd77617\" >\n\t<div class=\"fw-wrap-col-inner clearfix  \"   >\n\t\t\t\t<div class=\"fw-col-inner\">\n\t\t\t<div class=\"fw-text-box tf-sh-21abc84bb62bb685c82c593bee12b97f \" >\n\t<div class=\"fw-text-inner\">\n\t\t<p><strong>S\u00e9curit\u00e9 du syst\u00e8me<\/strong><\/p>\n<p>Le train de roulement Dynnox est essentiellement un syst\u00e8me de brancardage qui peut \u00eatre introduit et retir\u00e9 du v\u00e9hicule commercial. Lorsque le ch\u00e2ssis est dans le fourgon, il est fix\u00e9 en toute s\u00e9curit\u00e9 par des ancrages sur le plancher de chargement du fourgon. Cette m\u00e9thode a \u00e9t\u00e9 test\u00e9e intensivement par \"PDE Automotive\" (une soci\u00e9t\u00e9 sp\u00e9cialis\u00e9e dans les crash tests, entre autres) et r\u00e9pond \u00e0 la norme 75410-3.<\/p>\n\t<\/div>\n<\/div><div class=\"fw-divider-space space-sm  clearfix\"  ><\/div>\t<a href=\"\/contact\/\" target=\"_self\" class=\"fw-btn tf-sh-2c7d4d5d109e09497c21a37a86023d2c  fw-btn-md   fw-btn-side-by-side fw-btn-1\"  style=\"\">\n\t\t<span >\n\t\t\tPlus d'informations ?\t\t<\/span>\n\t<\/a>\n\t\t<\/div>\n\t<\/div>\n<\/div><div id=\"column-6a0969387e207\" class=\"fw-col-sm-4 tf-sh-d28e52619da9248b78047073833527d4\" >\n\t<div class=\"fw-wrap-col-inner clearfix  \"   >\n\t\t\t\t<div class=\"fw-col-inner\">\n\t\t\t    <!-- Radius Image -->\n            <div class=\"fw-block-image-parent  \"              style=\"width: 100%; \">\n            <div class=\"fw-block-image-child fw-noratio fw-ratio-container\">\n                <noscript itemscope itemtype=\"https:\/\/schema.org\/ImageObject\" itemprop=\"image\"><img decoding=\"async\" src=\"https:\/\/www.alfa-equipments.be\/wp-content\/uploads\/2022\/01\/Dynnox-TUV.png\"  alt=\"Dynnox-TUV\" data-maxdpr=\"1.7\" class=\"lazyload\" \/><meta itemprop=\"url\" content=\"https:\/\/www.alfa-equipments.be\/wp-content\/uploads\/2022\/01\/Dynnox-TUV.png\"><meta itemprop=\"width\" content=\"489\"><meta itemprop=\"height\" content=\"393\"><\/noscript><img decoding=\"async\" src=\"data:image\/gif;base64,R0lGODlhAQABAIAAAAAAAP\/\/\/yH5BAEAAAAALAAAAAABAAEAAAIBRAA7\" data-sizes=\"auto\" data-srcset=\"https:\/\/www.alfa-equipments.be\/wp-content\/uploads\/2022\/01\/Dynnox-TUV.png\"   alt=\"Dynnox-TUV\" data-maxdpr=\"1.7\" class=\"lazyload\" \/><span class=\"fw-after-no-ratio\" style=\"padding-bottom: 80.368098159509%\"><\/span>                                            <\/div>\n        <\/div>\n    \t\t<\/div>\n\t<\/div>\n<\/div><\/div>\n\n\t<\/div>\n\t<\/section><section   class=\"fw-main-row-custom  auto  fw-section-position-back tf-sh-d01606f3e43d65ee62ade8bb7eaf2e33\"    >\n\t\t\t<div class=\"fw-container\" >\n\t\t<div class=\"fw-row\">\n\t<div id=\"column-6a0969387e7c2\" class=\"fw-col-sm-4 tf-sh-786f798611a9cf72a0c025e99ce4b340\" >\n\t<div class=\"fw-wrap-col-inner clearfix  \"   >\n\t\t\t\t<div class=\"fw-col-inner\">\n\t\t\t    <!-- Radius Image -->\n            <div class=\"fw-block-image-parent  \"              style=\"width: 100%; \">\n            <div class=\"fw-block-image-child fw-ratio-3-2 fw-ratio-container\">\n                <noscript itemscope itemtype=\"https:\/\/schema.org\/ImageObject\" itemprop=\"image\"><img decoding=\"async\" src=\"https:\/\/www.alfa-equipments.be\/wp-content\/uploads\/2022\/01\/Dynnox-real.jpg\"  alt=\"Dynnox real\" data-maxdpr=\"1.7\" class=\"lazyload\" \/><meta itemprop=\"url\" content=\"https:\/\/www.alfa-equipments.be\/wp-content\/uploads\/2022\/01\/Dynnox-real.jpg\"><meta itemprop=\"width\" content=\"639\"><meta itemprop=\"height\" content=\"427\"><\/noscript><img decoding=\"async\" src=\"data:image\/gif;base64,R0lGODlhAQABAIAAAAAAAP\/\/\/yH5BAEAAAAALAAAAAABAAEAAAIBRAA7\" data-sizes=\"auto\" data-srcset=\"https:\/\/www.alfa-equipments.be\/wp-content\/uploads\/2022\/01\/Dynnox-real-300x200.jpg 300w, https:\/\/www.alfa-equipments.be\/wp-content\/uploads\/2022\/01\/Dynnox-real-600x400.jpg 600w, https:\/\/www.alfa-equipments.be\/wp-content\/uploads\/2022\/01\/Dynnox-real-600x401.jpg 600w, https:\/\/www.alfa-equipments.be\/wp-content\/uploads\/2022\/01\/Dynnox-real-270x180.jpg 270w, https:\/\/www.alfa-equipments.be\/wp-content\/uploads\/2022\/01\/Dynnox-real-600x401.jpg 600w, https:\/\/www.alfa-equipments.be\/wp-content\/uploads\/2022\/01\/Dynnox-real-270x180.jpg 270w, https:\/\/www.alfa-equipments.be\/wp-content\/uploads\/2022\/01\/Dynnox-real.jpg 639w\"   alt=\"Dynnox real\" data-maxdpr=\"1.7\" class=\"lazyload\" \/>                                            <\/div>\n        <\/div>\n    \t\t<\/div>\n\t<\/div>\n<\/div><div id=\"column-6a0969387ea7e\" class=\"fw-col-sm-8 tf-sh-ec753e3c3207ad2573c985ed6b180c4c\" >\n\t<div class=\"fw-wrap-col-inner clearfix  \"   >\n\t\t\t\t<div class=\"fw-col-inner\">\n\t\t\t<div class=\"fw-text-box tf-sh-5caa4af62f9626a8c9b4c7c60937f2a6 \" >\n\t<div class=\"fw-text-inner\">\n\t\t<p><strong>Montage dans la camionnette<\/strong><\/p>\n<p>Des ancrages sont mont\u00e9s sur le plancher de chargement du fourgon pour fixer le ch\u00e2ssis. Le montage de l'interface automatique Dynnox est tr\u00e8s simple. Vous pouvez \u00e9galement retirer facilement l'interface auto du v\u00e9hicule commercial afin de le transf\u00e9rer sur une autre voiture ou d'utiliser temporairement le v\u00e9hicule commercial \u00e0 d'autres fins.<\/p>\n<p>Les ancrages ne sont pas plus hauts que 2,5 cm. Lorsqu'une palette est plac\u00e9e dans le fourgon, on peut utiliser une \u00e9tag\u00e8re de remplissage afin que les ancrages ne g\u00eanent pas.<\/p>\n\t<\/div>\n<\/div>\t\t<\/div>\n\t<\/div>\n<\/div><\/div>\n\n<div class=\"fw-row\">\n\t<div id=\"column-6a0969387ebd5\" class=\"fw-col-sm-12 tf-sh-bf7dd4ae94c83a48a9929fd58b4aa6b6\" >\n\t<div class=\"fw-wrap-col-inner clearfix  \"   >\n\t\t\t\t<div class=\"fw-col-inner\">\n\t\t\t<div class=\"fw-divider-space  fw-custom-space  clearfix\" style=\"height:25px;\" ><\/div>\t\t<\/div>\n\t<\/div>\n<\/div><\/div>\n\n<div class=\"fw-row\">\n\t<div id=\"column-6a0969387ecd0\" class=\"fw-col-sm-6 tf-sh-99afaeb8dd491b69cdb48fc7f5c23808\" >\n\t<div class=\"fw-wrap-col-inner clearfix  \"   >\n\t\t\t\t<div class=\"fw-col-inner\">\n\t\t\t<div class=\"fw-text-box tf-sh-595f73b34befb6cb7533a11b292cf80f \" >\n\t<div class=\"fw-text-inner\">\n\t\t<p>Le syst\u00e8me de transport ing\u00e9nieux de Dynnox pr\u00e9sente de nombreux avantages. Par exemple, nos \u00e9quipements embarqu\u00e9s peuvent \u00eatre utilis\u00e9s pour toutes sortes de voitures de soci\u00e9t\u00e9 et de secteurs. Et le syst\u00e8me est l\u00e9ger, flexible et pratique. Mais le Dynnox offre bien d'autres avantages !<\/p>\n<ul>\n<li>Gain de temps<\/li>\n<li>Respect de la sant\u00e9 et de la s\u00e9curit\u00e9<\/li>\n<li>Train d'atterrissage multifonctionnel<\/li>\n<li>Espace de chargement flexible<\/li>\n<li>Apparence professionnelle<\/li>\n<li>Une qualit\u00e9 \u00e9lev\u00e9e \u00e0 un prix attractif<\/li>\n<li>\u00c9galement pour les petites camionnettes<\/li>\n<\/ul>\n<p><strong>Syst\u00e8me de transport durable<\/strong><\/p>\n<p>Notre syst\u00e8me de transport mobile doit \u00eatre capable de transporter 250 kg, \u00eatre facile \u00e0 plier dans et hors de la camionnette, \u00eatre facile \u00e0 d\u00e9placer et \u00eatre durable. La force de Dynnox r\u00e9side dans sa simplicit\u00e9. Le ch\u00e2ssis Dynnox se compose de seulement 14 pi\u00e8ces uniques ! Nous avons soigneusement d\u00e9velopp\u00e9 ce nombre limit\u00e9 de pi\u00e8ces pour en faire des composants de qualit\u00e9 exceptionnelle. C'est ainsi que nous pouvons garantir un syst\u00e8me de transport durable et n\u00e9cessitant peu d'entretien.<\/p>\n<p><strong>Mat\u00e9riau de haute qualit\u00e9<\/strong><\/p>\n<p>Les produits Dynnox sont test\u00e9s et contr\u00f4l\u00e9s tout au long du processus de production. Afin de garantir la qualit\u00e9, nous utilisons des mat\u00e9riaux de tr\u00e8s haute qualit\u00e9, tels que l'acier de haute qualit\u00e9 et l'acier inoxydable. Avec Dynnox, vous \u00eates assur\u00e9 de disposer d'un \u00e9quipement embarqu\u00e9 durable.<\/p>\n\t<\/div>\n<\/div>\t\t<\/div>\n\t<\/div>\n<\/div><div id=\"column-6a0969387edba\" class=\"fw-col-sm-6 tf-sh-07333e989c410f757ba70c53edae3433\" >\n\t<div class=\"fw-wrap-col-inner clearfix  \"   >\n\t\t\t\t<div class=\"fw-col-inner\">\n\t\t\t    <!-- Radius Image -->\n            <div class=\"fw-block-image-parent  \"              style=\"width: 100%; \">\n            <div class=\"fw-block-image-child fw-ratio-3-4 fw-ratio-container\">\n                <noscript itemscope itemtype=\"https:\/\/schema.org\/ImageObject\" itemprop=\"image\"><img decoding=\"async\" src=\"https:\/\/www.alfa-equipments.be\/wp-content\/uploads\/2022\/01\/Dynnox-BLR-Bimon-1.jpg\"  alt=\"Dynnox-BLR-Bimon-1\" data-maxdpr=\"1.7\" class=\"lazyload\" \/><meta itemprop=\"url\" content=\"https:\/\/www.alfa-equipments.be\/wp-content\/uploads\/2022\/01\/Dynnox-BLR-Bimon-1.jpg\"><meta itemprop=\"width\" content=\"1200\"><meta itemprop=\"height\" content=\"1560\"><\/noscript><img decoding=\"async\" src=\"data:image\/gif;base64,R0lGODlhAQABAIAAAAAAAP\/\/\/yH5BAEAAAAALAAAAAABAAEAAAIBRAA7\" data-sizes=\"auto\" data-srcset=\"https:\/\/www.alfa-equipments.be\/wp-content\/uploads\/2022\/01\/Dynnox-BLR-Bimon-1-295x393.jpg 295w, https:\/\/www.alfa-equipments.be\/wp-content\/uploads\/2022\/01\/Dynnox-BLR-Bimon-1-590x786.jpg 590w, https:\/\/www.alfa-equipments.be\/wp-content\/uploads\/2022\/01\/Dynnox-BLR-Bimon-1-600x780.jpg 600w, https:\/\/www.alfa-equipments.be\/wp-content\/uploads\/2022\/01\/Dynnox-BLR-Bimon-1-600x780.jpg 600w, https:\/\/www.alfa-equipments.be\/wp-content\/uploads\/2022\/01\/Dynnox-BLR-Bimon-1.jpg 1200w\"   alt=\"Dynnox-BLR-Bimon-1\" data-maxdpr=\"1.7\" class=\"lazyload\" \/>                                            <\/div>\n        <\/div>\n    \t\t<\/div>\n\t<\/div>\n<\/div><\/div>\n\n\t<\/div>\n\t<\/section><section   class=\"fw-main-row  auto  fw-section-position-back\"    >\n\t\t\t<div class=\"fw-container\" >\n\t\t<div class=\"fw-row\">\n\t<div id=\"column-6a0969387f1bc\" class=\"fw-col-sm-12 tf-sh-bf7dd4ae94c83a48a9929fd58b4aa6b6\" >\n\t<div class=\"fw-wrap-col-inner clearfix  \"   >\n\t\t\t\t<div class=\"fw-col-inner\">\n\t\t\t<div class=\"fw-divider-space space-sm  clearfix\"  ><\/div>\t\t<\/div>\n\t<\/div>\n<\/div><\/div>\n\n\t<\/div>\n\t<\/section><\/p>\n","protected":false},"excerpt":{"rendered":"<p>Home Dynnox Rend votre cargaison mobile Le syst\u00e8me pliable de Dynnox peut \u00eatre introduit et sorti du v\u00e9hicule commercial en un clin d&rsquo;\u0153il. Le train de roulement est disponible en plusieurs mod\u00e8les avec diff\u00e9rents modules int\u00e9gr\u00e9s. Le montage est facile et, gr\u00e2ce \u00e0 l&rsquo;interface voiture amovible, la voiture et le Dynnox peuvent \u00eatre utilis\u00e9s de [&hellip;]<\/p>\n","protected":false},"author":2,"featured_media":4706,"parent":4095,"menu_order":0,"comment_status":"closed","ping_status":"closed","template":"visual-builder-template.php","meta":{"_acf_changed":false,"ngg_post_thumbnail":0,"footnotes":""},"class_list":["post-4696","page","type-page","status-publish","has-post-thumbnail","hentry"],"acf":[],"yoast_head":"<!-- This site is optimized with the Yoast SEO plugin v25.3.1 - https:\/\/yoast.com\/wordpress\/plugins\/seo\/ -->\n<title>Dynnox - Alfa Equipments<\/title>\n<meta name=\"description\" content=\"Le syst\u00e8me pliable de Dynnox peut \u00eatre introduit et sorti du v\u00e9hicule commercial en un clin d&#039;\u0153il. Le train de roulement est disponible en plusieurs mod\u00e8les avec diff\u00e9rents modules int\u00e9gr\u00e9s.\" \/>\n<meta name=\"robots\" content=\"index, follow, max-snippet:-1, max-image-preview:large, max-video-preview:-1\" \/>\n<link rel=\"canonical\" href=\"https:\/\/www.alfa-equipments.be\/fr\/amenagement-du-fourgon\/dynnox\/\" \/>\n<meta property=\"og:locale\" content=\"fr_FR\" \/>\n<meta property=\"og:type\" content=\"article\" \/>\n<meta property=\"og:title\" content=\"Dynnox - Alfa Equipments\" \/>\n<meta property=\"og:description\" content=\"Le syst\u00e8me pliable de Dynnox peut \u00eatre introduit et sorti du v\u00e9hicule commercial en un clin d&#039;\u0153il. Le train de roulement est disponible en plusieurs mod\u00e8les avec diff\u00e9rents modules int\u00e9gr\u00e9s.\" \/>\n<meta property=\"og:url\" content=\"https:\/\/www.alfa-equipments.be\/fr\/amenagement-du-fourgon\/dynnox\/\" \/>\n<meta property=\"og:site_name\" content=\"Alfa Equipments\" \/>\n<meta property=\"article:modified_time\" content=\"2022-01-21T08:30:10+00:00\" \/>\n<meta property=\"og:image\" content=\"https:\/\/www.alfa-equipments.be\/wp-content\/uploads\/2022\/01\/dynnox-dynnox-l46-multifunctioneel-laad-en-lossyst-1.jpg\" \/>\n\t<meta property=\"og:image:width\" content=\"800\" \/>\n\t<meta property=\"og:image:height\" content=\"800\" \/>\n\t<meta property=\"og:image:type\" content=\"image\/jpeg\" \/>\n<meta name=\"twitter:card\" content=\"summary_large_image\" \/>\n<meta name=\"twitter:label1\" content=\"Dur\u00e9e de lecture estim\u00e9e\" \/>\n\t<meta name=\"twitter:data1\" content=\"2 minutes\" \/>\n<script type=\"application\/ld+json\" class=\"yoast-schema-graph\">{\"@context\":\"https:\/\/schema.org\",\"@graph\":[{\"@type\":\"WebPage\",\"@id\":\"https:\/\/www.alfa-equipments.be\/fr\/amenagement-du-fourgon\/dynnox\/\",\"url\":\"https:\/\/www.alfa-equipments.be\/fr\/amenagement-du-fourgon\/dynnox\/\",\"name\":\"Dynnox - Alfa Equipments\",\"isPartOf\":{\"@id\":\"https:\/\/www.alfa-equipments.be\/#website\"},\"primaryImageOfPage\":{\"@id\":\"https:\/\/www.alfa-equipments.be\/fr\/amenagement-du-fourgon\/dynnox\/#primaryimage\"},\"image\":{\"@id\":\"https:\/\/www.alfa-equipments.be\/fr\/amenagement-du-fourgon\/dynnox\/#primaryimage\"},\"thumbnailUrl\":\"https:\/\/www.alfa-equipments.be\/wp-content\/uploads\/2022\/01\/dynnox-dynnox-l46-multifunctioneel-laad-en-lossyst-1.jpg\",\"datePublished\":\"2022-01-20T14:04:28+00:00\",\"dateModified\":\"2022-01-21T08:30:10+00:00\",\"description\":\"Le syst\u00e8me pliable de Dynnox peut \u00eatre introduit et sorti du v\u00e9hicule commercial en un clin d'\u0153il. Le train de roulement est disponible en plusieurs mod\u00e8les avec diff\u00e9rents modules int\u00e9gr\u00e9s.\",\"breadcrumb\":{\"@id\":\"https:\/\/www.alfa-equipments.be\/fr\/amenagement-du-fourgon\/dynnox\/#breadcrumb\"},\"inLanguage\":\"fr-FR\",\"potentialAction\":[{\"@type\":\"ReadAction\",\"target\":[\"https:\/\/www.alfa-equipments.be\/fr\/amenagement-du-fourgon\/dynnox\/\"]}]},{\"@type\":\"ImageObject\",\"inLanguage\":\"fr-FR\",\"@id\":\"https:\/\/www.alfa-equipments.be\/fr\/amenagement-du-fourgon\/dynnox\/#primaryimage\",\"url\":\"https:\/\/www.alfa-equipments.be\/wp-content\/uploads\/2022\/01\/dynnox-dynnox-l46-multifunctioneel-laad-en-lossyst-1.jpg\",\"contentUrl\":\"https:\/\/www.alfa-equipments.be\/wp-content\/uploads\/2022\/01\/dynnox-dynnox-l46-multifunctioneel-laad-en-lossyst-1.jpg\",\"width\":800,\"height\":800},{\"@type\":\"BreadcrumbList\",\"@id\":\"https:\/\/www.alfa-equipments.be\/fr\/amenagement-du-fourgon\/dynnox\/#breadcrumb\",\"itemListElement\":[{\"@type\":\"ListItem\",\"position\":1,\"name\":\"Home\",\"item\":\"https:\/\/www.alfa-equipments.be\/\"},{\"@type\":\"ListItem\",\"position\":2,\"name\":\"Am\u00e9nagement du fourgon\",\"item\":\"https:\/\/www.alfa-equipments.be\/fr\/amenagement-du-fourgon\/\"},{\"@type\":\"ListItem\",\"position\":3,\"name\":\"Dynnox\"}]},{\"@type\":\"WebSite\",\"@id\":\"https:\/\/www.alfa-equipments.be\/#website\",\"url\":\"https:\/\/www.alfa-equipments.be\/\",\"name\":\"Alfa Equipments\",\"description\":\"Wij maken je bestelwagen volledig werkbaar!\",\"potentialAction\":[{\"@type\":\"SearchAction\",\"target\":{\"@type\":\"EntryPoint\",\"urlTemplate\":\"https:\/\/www.alfa-equipments.be\/?s={search_term_string}\"},\"query-input\":{\"@type\":\"PropertyValueSpecification\",\"valueRequired\":true,\"valueName\":\"search_term_string\"}}],\"inLanguage\":\"fr-FR\"}]}<\/script>\n<!-- \/ Yoast SEO plugin. -->","yoast_head_json":{"title":"Dynnox - Alfa Equipments","description":"Le syst\u00e8me pliable de Dynnox peut \u00eatre introduit et sorti du v\u00e9hicule commercial en un clin d'\u0153il. Le train de roulement est disponible en plusieurs mod\u00e8les avec diff\u00e9rents modules int\u00e9gr\u00e9s.","robots":{"index":"index","follow":"follow","max-snippet":"max-snippet:-1","max-image-preview":"max-image-preview:large","max-video-preview":"max-video-preview:-1"},"canonical":"https:\/\/www.alfa-equipments.be\/fr\/amenagement-du-fourgon\/dynnox\/","og_locale":"fr_FR","og_type":"article","og_title":"Dynnox - Alfa Equipments","og_description":"Le syst\u00e8me pliable de Dynnox peut \u00eatre introduit et sorti du v\u00e9hicule commercial en un clin d'\u0153il. Le train de roulement est disponible en plusieurs mod\u00e8les avec diff\u00e9rents modules int\u00e9gr\u00e9s.","og_url":"https:\/\/www.alfa-equipments.be\/fr\/amenagement-du-fourgon\/dynnox\/","og_site_name":"Alfa Equipments","article_modified_time":"2022-01-21T08:30:10+00:00","og_image":[{"width":800,"height":800,"url":"https:\/\/www.alfa-equipments.be\/wp-content\/uploads\/2022\/01\/dynnox-dynnox-l46-multifunctioneel-laad-en-lossyst-1.jpg","type":"image\/jpeg"}],"twitter_card":"summary_large_image","twitter_misc":{"Dur\u00e9e de lecture estim\u00e9e":"2 minutes"},"schema":{"@context":"https:\/\/schema.org","@graph":[{"@type":"WebPage","@id":"https:\/\/www.alfa-equipments.be\/fr\/amenagement-du-fourgon\/dynnox\/","url":"https:\/\/www.alfa-equipments.be\/fr\/amenagement-du-fourgon\/dynnox\/","name":"Dynnox - Alfa Equipments","isPartOf":{"@id":"https:\/\/www.alfa-equipments.be\/#website"},"primaryImageOfPage":{"@id":"https:\/\/www.alfa-equipments.be\/fr\/amenagement-du-fourgon\/dynnox\/#primaryimage"},"image":{"@id":"https:\/\/www.alfa-equipments.be\/fr\/amenagement-du-fourgon\/dynnox\/#primaryimage"},"thumbnailUrl":"https:\/\/www.alfa-equipments.be\/wp-content\/uploads\/2022\/01\/dynnox-dynnox-l46-multifunctioneel-laad-en-lossyst-1.jpg","datePublished":"2022-01-20T14:04:28+00:00","dateModified":"2022-01-21T08:30:10+00:00","description":"Le syst\u00e8me pliable de Dynnox peut \u00eatre introduit et sorti du v\u00e9hicule commercial en un clin d'\u0153il. Le train de roulement est disponible en plusieurs mod\u00e8les avec diff\u00e9rents modules int\u00e9gr\u00e9s.","breadcrumb":{"@id":"https:\/\/www.alfa-equipments.be\/fr\/amenagement-du-fourgon\/dynnox\/#breadcrumb"},"inLanguage":"fr-FR","potentialAction":[{"@type":"ReadAction","target":["https:\/\/www.alfa-equipments.be\/fr\/amenagement-du-fourgon\/dynnox\/"]}]},{"@type":"ImageObject","inLanguage":"fr-FR","@id":"https:\/\/www.alfa-equipments.be\/fr\/amenagement-du-fourgon\/dynnox\/#primaryimage","url":"https:\/\/www.alfa-equipments.be\/wp-content\/uploads\/2022\/01\/dynnox-dynnox-l46-multifunctioneel-laad-en-lossyst-1.jpg","contentUrl":"https:\/\/www.alfa-equipments.be\/wp-content\/uploads\/2022\/01\/dynnox-dynnox-l46-multifunctioneel-laad-en-lossyst-1.jpg","width":800,"height":800},{"@type":"BreadcrumbList","@id":"https:\/\/www.alfa-equipments.be\/fr\/amenagement-du-fourgon\/dynnox\/#breadcrumb","itemListElement":[{"@type":"ListItem","position":1,"name":"Home","item":"https:\/\/www.alfa-equipments.be\/"},{"@type":"ListItem","position":2,"name":"Am\u00e9nagement du fourgon","item":"https:\/\/www.alfa-equipments.be\/fr\/amenagement-du-fourgon\/"},{"@type":"ListItem","position":3,"name":"Dynnox"}]},{"@type":"WebSite","@id":"https:\/\/www.alfa-equipments.be\/#website","url":"https:\/\/www.alfa-equipments.be\/","name":"Alfa Equipments","description":"Wij maken je bestelwagen volledig werkbaar!","potentialAction":[{"@type":"SearchAction","target":{"@type":"EntryPoint","urlTemplate":"https:\/\/www.alfa-equipments.be\/?s={search_term_string}"},"query-input":{"@type":"PropertyValueSpecification","valueRequired":true,"valueName":"search_term_string"}}],"inLanguage":"fr-FR"}]}},"_links":{"self":[{"href":"https:\/\/www.alfa-equipments.be\/fr\/wp-json\/wp\/v2\/pages\/4696","targetHints":{"allow":["GET"]}}],"collection":[{"href":"https:\/\/www.alfa-equipments.be\/fr\/wp-json\/wp\/v2\/pages"}],"about":[{"href":"https:\/\/www.alfa-equipments.be\/fr\/wp-json\/wp\/v2\/types\/page"}],"author":[{"embeddable":true,"href":"https:\/\/www.alfa-equipments.be\/fr\/wp-json\/wp\/v2\/users\/2"}],"replies":[{"embeddable":true,"href":"https:\/\/www.alfa-equipments.be\/fr\/wp-json\/wp\/v2\/comments?post=4696"}],"version-history":[{"count":4,"href":"https:\/\/www.alfa-equipments.be\/fr\/wp-json\/wp\/v2\/pages\/4696\/revisions"}],"predecessor-version":[{"id":4762,"href":"https:\/\/www.alfa-equipments.be\/fr\/wp-json\/wp\/v2\/pages\/4696\/revisions\/4762"}],"up":[{"embeddable":true,"href":"https:\/\/www.alfa-equipments.be\/fr\/wp-json\/wp\/v2\/pages\/4095"}],"wp:featuredmedia":[{"embeddable":true,"href":"https:\/\/www.alfa-equipments.be\/fr\/wp-json\/wp\/v2\/media\/4706"}],"wp:attachment":[{"href":"https:\/\/www.alfa-equipments.be\/fr\/wp-json\/wp\/v2\/media?parent=4696"}],"curies":[{"name":"wp","href":"https:\/\/api.w.org\/{rel}","templated":true}]}}