{"id":4657,"date":"2022-01-12T16:33:47","date_gmt":"2022-01-12T15:33:47","guid":{"rendered":"https:\/\/alfa-bvba.be\/dakdragers\/"},"modified":"2022-01-21T09:23:26","modified_gmt":"2022-01-21T08:23:26","slug":"barresdetoit","status":"publish","type":"page","link":"https:\/\/www.alfa-equipments.be\/fr\/rhino-products\/barresdetoit\/","title":{"rendered":"Barres de toit de Rhino Products"},"content":{"rendered":"<p><section   class=\"fw-main-row-custom fw-main-row-top  auto  fw-section-position-back tf-sh-0b8ecdfa655e76fc1c18d5842d3e9897\"    >\n\t\t\t<div class=\"fw-container\" >\n\t\t<div class=\"fw-row\">\n\t<div id=\"column-69f50dd2a8c96\" class=\"fw-col-sm-12 tf-sh-a27394914759db2950f7e27afb5a5206\" >\n\t<div class=\"fw-wrap-col-inner clearfix  \"   >\n\t\t\t\t<div class=\"fw-col-inner\">\n\t\t\t<div class=\"fw-heading fw-heading-left  fw-heading-with-subtitle tf-sh-bd624be8c927b8bbbe0a776635f4575b\" >\n\t\t\t<h2 class=\"fw-special-title\">Barrres de toit de Rhino Products<\/h2>\n\t\n\t\n\t\t\t<div class=\"fw-special-subtitle\">Pour votre v\u00e9hicule utilitaire<\/div>\n\t<\/div>\t\t<\/div>\n\t<\/div>\n<\/div><\/div>\n\n<div class=\"fw-row\">\n\t<div id=\"column-69f50dd2a8f09\" class=\"fw-col-sm-12 tf-sh-6983503b22671882db97260ba8154317\" >\n\t<div class=\"fw-wrap-col-inner clearfix  \"   >\n\t\t\t\t<div class=\"fw-col-inner\">\n\t\t\t\t<div  class=\"fw-divider tf-sh-7d41a2936747a2dad3d67530fb538d4d  fw-divider-align-center fw-divider-full-width fw-line-solid fw-divider-line space-sm  fw_theme_border_only_color_4\"  style=\"width: auto;  \" ><\/div>\n\t\t<\/div>\n\t<\/div>\n<\/div><\/div>\n\n<div class=\"fw-row\">\n\t<div id=\"column-69f50dd2a92b2\" class=\"fw-col-sm-6 tf-sh-4e739a9d6d15f497516752c9f7dd0715\" >\n\t<div class=\"fw-wrap-col-inner clearfix  \"   >\n\t\t\t\t<div class=\"fw-col-inner\">\n\t\t\t<div class=\"fw-heading fw-heading-left  fw-heading-with-subtitle tf-sh-2345ca3a8bf7896b8de0caaeb36c7bfb\" >\n\t\t\t<h2 class=\"fw-special-title\">KammBar\u00ae<\/h2>\n\t\n\t\n\t\t\t<div class=\"fw-special-subtitle\">La barre de toit KammBar de Rhino allie force, style et durabilit\u00e9 et donne lieu \u00e0 une galerie de toit de pointe.<\/div>\n\t<\/div><div class=\"fw-divider-space  fw-custom-space  clearfix\" style=\"height:15px;\" ><\/div><div class=\"fw-text-box tf-sh-b771261747372d80375f674d4052106d \" >\n\t<div class=\"fw-text-inner\">\n\t\t<p>La barre de toit KammBar de Rhino allie force, style et durabilit\u00e9 et donne lieu \u00e0 une galerie de toit de pointe. Avec une capacit\u00e9 de charge de 75 kg par porteur, la KammBar augmente consid\u00e9rablement la capacit\u00e9 de transport et son design contemporain compl\u00e8te l'apparence de tout v\u00e9hicule commercial.<\/p>\n\t<\/div>\n<\/div>\t\t<\/div>\n\t<\/div>\n<\/div><div id=\"column-69f50dd2a949d\" class=\"fw-col-sm-6 tf-sh-5025130a53e642bc771023ea8ffd8bab\" >\n\t<div class=\"fw-wrap-col-inner clearfix  \"   >\n\t\t\t\t<div class=\"fw-col-inner\">\n\t\t\t\t<div class=\"fw-slider hide-elements tf-sh-a15ed50d399f195d11046e1e14e66e7e \" >\n\t\t<div class=\"fw-slider-container clearfix\" id=\"slider-a15ed50d399f195d11046e1e14e66e7e\" data-play=\"true\" data-timeoutDuration=\"5000\" data-pause=\"false\" data-animation=\"crossfade\" data-duration=\"300\">\n\t\t\t\t\t\t\t\t\t\t\t\t\t\t\t\t\t<div class=\"fw-ratio-container fw-ratio-16-9\">\n\t\t\t\t\t\t<div class=\"fw-slider-item\">\n\t\t\t\t\t\t\t<noscript itemscope itemtype=\"https:\/\/schema.org\/ImageObject\" itemprop=\"image\"><img decoding=\"async\" src=\"https:\/\/www.alfa-equipments.be\/wp-content\/uploads\/2022\/01\/KammBar1.jpg\"  alt=\"KammBar1\" data-maxdpr=\"1.7\" class=\"attachment-post-thumbnail lazyload\" \/><meta itemprop=\"url\" content=\"https:\/\/www.alfa-equipments.be\/wp-content\/uploads\/2022\/01\/KammBar1.jpg\"><meta itemprop=\"width\" content=\"1500\"><meta itemprop=\"height\" content=\"1073\"><\/noscript><img decoding=\"async\" src=\"data:image\/gif;base64,R0lGODlhAQABAIAAAAAAAP\/\/\/yH5BAEAAAAALAAAAAABAAEAAAIBRAA7\" data-sizes=\"auto\" data-srcset=\"https:\/\/www.alfa-equipments.be\/wp-content\/uploads\/2022\/01\/KammBar1-1228x691.jpg 1228w, https:\/\/www.alfa-equipments.be\/wp-content\/uploads\/2022\/01\/KammBar1-614x346.jpg 614w, https:\/\/www.alfa-equipments.be\/wp-content\/uploads\/2022\/01\/KammBar1-295x166.jpg 295w, https:\/\/www.alfa-equipments.be\/wp-content\/uploads\/2022\/01\/KammBar1-590x332.jpg 590w\"   alt=\"KammBar1\" data-maxdpr=\"1.7\" class=\"attachment-post-thumbnail lazyload\" \/>\t\t\t\t\t\t\t\t\t\t\t\t\t\t\t<span class=\"fw-slider-caption\">Charge utile de 75 kg<\/span>\n\t\t\t\t\t\t\t\t\t\t\t\t\t<\/div>\n\t\t\t\t\t<\/div>\n\t\t\t\t\t\t\t\t\t\t\t\t\t\t\t\t\t\t\t\t\t<div class=\"fw-ratio-container fw-ratio-16-9\">\n\t\t\t\t\t\t<div class=\"fw-slider-item\">\n\t\t\t\t\t\t\t<noscript itemscope itemtype=\"https:\/\/schema.org\/ImageObject\" itemprop=\"image\"><img decoding=\"async\" src=\"https:\/\/www.alfa-equipments.be\/wp-content\/uploads\/2022\/01\/KammBar2.jpg\"  alt=\"KammBar2\" data-maxdpr=\"1.7\" class=\"attachment-post-thumbnail lazyload\" \/><meta itemprop=\"url\" content=\"https:\/\/www.alfa-equipments.be\/wp-content\/uploads\/2022\/01\/KammBar2.jpg\"><meta itemprop=\"width\" content=\"881\"><meta itemprop=\"height\" content=\"588\"><\/noscript><img decoding=\"async\" src=\"data:image\/gif;base64,R0lGODlhAQABAIAAAAAAAP\/\/\/yH5BAEAAAAALAAAAAABAAEAAAIBRAA7\" data-sizes=\"auto\" data-srcset=\"https:\/\/www.alfa-equipments.be\/wp-content\/uploads\/2022\/01\/KammBar2-614x346.jpg 614w, https:\/\/www.alfa-equipments.be\/wp-content\/uploads\/2022\/01\/KammBar2-295x166.jpg 295w, https:\/\/www.alfa-equipments.be\/wp-content\/uploads\/2022\/01\/KammBar2-590x332.jpg 590w\"   alt=\"KammBar2\" data-maxdpr=\"1.7\" class=\"attachment-post-thumbnail lazyload\" \/>\t\t\t\t\t\t\t\t\t\t\t\t\t\t\t<span class=\"fw-slider-caption\">Conception a\u00e9rodynamique<\/span>\n\t\t\t\t\t\t\t\t\t\t\t\t\t<\/div>\n\t\t\t\t\t<\/div>\n\t\t\t\t\t\t\t\t\t\t\t\t\t\t\t\t\t\t\t\t\t<div class=\"fw-ratio-container fw-ratio-16-9\">\n\t\t\t\t\t\t<div class=\"fw-slider-item\">\n\t\t\t\t\t\t\t<noscript itemscope itemtype=\"https:\/\/schema.org\/ImageObject\" itemprop=\"image\"><img decoding=\"async\" src=\"https:\/\/www.alfa-equipments.be\/wp-content\/uploads\/2022\/01\/KammBar3.jpg\"  alt=\"KammBar3\" data-maxdpr=\"1.7\" class=\"attachment-post-thumbnail lazyload\" \/><meta itemprop=\"url\" content=\"https:\/\/www.alfa-equipments.be\/wp-content\/uploads\/2022\/01\/KammBar3.jpg\"><meta itemprop=\"width\" content=\"1500\"><meta itemprop=\"height\" content=\"1125\"><\/noscript><img decoding=\"async\" src=\"data:image\/gif;base64,R0lGODlhAQABAIAAAAAAAP\/\/\/yH5BAEAAAAALAAAAAABAAEAAAIBRAA7\" data-sizes=\"auto\" data-srcset=\"https:\/\/www.alfa-equipments.be\/wp-content\/uploads\/2022\/01\/KammBar3-1228x691.jpg 1228w, https:\/\/www.alfa-equipments.be\/wp-content\/uploads\/2022\/01\/KammBar3-614x346.jpg 614w, https:\/\/www.alfa-equipments.be\/wp-content\/uploads\/2022\/01\/KammBar3-295x166.jpg 295w, https:\/\/www.alfa-equipments.be\/wp-content\/uploads\/2022\/01\/KammBar3-590x332.jpg 590w\"   alt=\"KammBar3\" data-maxdpr=\"1.7\" class=\"attachment-post-thumbnail lazyload\" \/>\t\t\t\t\t\t\t\t\t\t\t\t\t\t\t<span class=\"fw-slider-caption\">Fabriqu\u00e9 en aluminium anodis\u00e9<\/span>\n\t\t\t\t\t\t\t\t\t\t\t\t\t<\/div>\n\t\t\t\t\t<\/div>\n\t\t\t\t\t\t\t\t\t\t\t\t\t\t\t\t\t\t\t\t\t<div class=\"fw-ratio-container fw-ratio-16-9\">\n\t\t\t\t\t\t<div class=\"fw-slider-item\">\n\t\t\t\t\t\t\t<noscript itemscope itemtype=\"https:\/\/schema.org\/ImageObject\" itemprop=\"image\"><img decoding=\"async\" src=\"https:\/\/www.alfa-equipments.be\/wp-content\/uploads\/2022\/01\/KammBar4.jpg\"  alt=\"KammBar4\" data-maxdpr=\"1.7\" class=\"attachment-post-thumbnail lazyload\" \/><meta itemprop=\"url\" content=\"https:\/\/www.alfa-equipments.be\/wp-content\/uploads\/2022\/01\/KammBar4.jpg\"><meta itemprop=\"width\" content=\"1000\"><meta itemprop=\"height\" content=\"667\"><\/noscript><img decoding=\"async\" src=\"data:image\/gif;base64,R0lGODlhAQABAIAAAAAAAP\/\/\/yH5BAEAAAAALAAAAAABAAEAAAIBRAA7\" data-sizes=\"auto\" data-srcset=\"https:\/\/www.alfa-equipments.be\/wp-content\/uploads\/2022\/01\/KammBar4-614x346.jpg 614w, https:\/\/www.alfa-equipments.be\/wp-content\/uploads\/2022\/01\/KammBar4-295x166.jpg 295w, https:\/\/www.alfa-equipments.be\/wp-content\/uploads\/2022\/01\/KammBar4-590x332.jpg 590w\"   alt=\"KammBar4\" data-maxdpr=\"1.7\" class=\"attachment-post-thumbnail lazyload\" \/>\t\t\t\t\t\t\t\t\t\t\t\t\t\t\t<span class=\"fw-slider-caption\">Fourni en standard avec 2 paires de but\u00e9es de chargement<\/span>\n\t\t\t\t\t\t\t\t\t\t\t\t\t<\/div>\n\t\t\t\t\t<\/div>\n\t\t\t\t\t\t\t\t\t<\/div>\n\t\t<a class=\"fw-slider-prev\" href=\"#\"><span><\/span><\/a>\n\t\t<a class=\"fw-slider-next\" href=\"#\"><span><\/span><\/a>\n\t\t<div class=\"fw-slider-pagination\"><\/div>\n\t<\/div>\n\t\t<\/div>\n\t<\/div>\n<\/div><\/div>\n\n<div class=\"fw-row\">\n\t<div id=\"column-69f50dd2aa01d\" class=\"fw-col-sm-12 tf-sh-6983503b22671882db97260ba8154317\" >\n\t<div class=\"fw-wrap-col-inner clearfix  \"   >\n\t\t\t\t<div class=\"fw-col-inner\">\n\t\t\t<div class=\"fw-divider-space  fw-custom-space  clearfix\" style=\"height:15px;\" ><\/div>\t\t<\/div>\n\t<\/div>\n<\/div><\/div>\n\n<div class=\"fw-row\">\n\t<div id=\"column-69f50dd2aa194\" class=\"fw-col-sm-6 tf-sh-69e840d0f25dc82942f062836e2a8250\" >\n\t<div class=\"fw-wrap-col-inner clearfix  \"   >\n\t\t\t\t<div class=\"fw-col-inner\">\n\t\t\t\t<div class=\"fw-slider hide-elements tf-sh-aa0e8a993ebc4cdbc6b17240647fc4dd \" >\n\t\t<div class=\"fw-slider-container clearfix\" id=\"slider-aa0e8a993ebc4cdbc6b17240647fc4dd\" data-play=\"true\" data-timeoutDuration=\"5000\" data-pause=\"false\" data-animation=\"crossfade\" data-duration=\"300\">\n\t\t\t\t\t\t\t\t\t\t\t\t\t\t\t\t\t<div class=\"fw-ratio-container fw-ratio-16-9\">\n\t\t\t\t\t\t<div class=\"fw-slider-item\">\n\t\t\t\t\t\t\t<noscript itemscope itemtype=\"https:\/\/schema.org\/ImageObject\" itemprop=\"image\"><img decoding=\"async\" src=\"https:\/\/www.alfa-equipments.be\/wp-content\/uploads\/2022\/01\/Delta1.jpg\"  alt=\"Delta1\" data-maxdpr=\"1.7\" class=\"attachment-post-thumbnail lazyload\" \/><meta itemprop=\"url\" content=\"https:\/\/www.alfa-equipments.be\/wp-content\/uploads\/2022\/01\/Delta1.jpg\"><meta itemprop=\"width\" content=\"1000\"><meta itemprop=\"height\" content=\"667\"><\/noscript><img decoding=\"async\" src=\"data:image\/gif;base64,R0lGODlhAQABAIAAAAAAAP\/\/\/yH5BAEAAAAALAAAAAABAAEAAAIBRAA7\" data-sizes=\"auto\" data-srcset=\"https:\/\/www.alfa-equipments.be\/wp-content\/uploads\/2022\/01\/Delta1-614x346.jpg 614w, https:\/\/www.alfa-equipments.be\/wp-content\/uploads\/2022\/01\/Delta1-295x166.jpg 295w, https:\/\/www.alfa-equipments.be\/wp-content\/uploads\/2022\/01\/Delta1-590x332.jpg 590w\"   alt=\"Delta1\" data-maxdpr=\"1.7\" class=\"attachment-post-thumbnail lazyload\" \/>\t\t\t\t\t\t\t\t\t\t\t\t\t\t\t<span class=\"fw-slider-caption\">Montage sur mesure<\/span>\n\t\t\t\t\t\t\t\t\t\t\t\t\t<\/div>\n\t\t\t\t\t<\/div>\n\t\t\t\t\t\t\t\t\t\t\t\t\t\t\t\t\t\t\t\t\t<div class=\"fw-ratio-container fw-ratio-16-9\">\n\t\t\t\t\t\t<div class=\"fw-slider-item\">\n\t\t\t\t\t\t\t<noscript itemscope itemtype=\"https:\/\/schema.org\/ImageObject\" itemprop=\"image\"><img decoding=\"async\" src=\"https:\/\/www.alfa-equipments.be\/wp-content\/uploads\/2022\/01\/Delta2.jpg\"  alt=\"Delta2\" data-maxdpr=\"1.7\" class=\"attachment-post-thumbnail lazyload\" \/><meta itemprop=\"url\" content=\"https:\/\/www.alfa-equipments.be\/wp-content\/uploads\/2022\/01\/Delta2.jpg\"><meta itemprop=\"width\" content=\"1000\"><meta itemprop=\"height\" content=\"667\"><\/noscript><img decoding=\"async\" src=\"data:image\/gif;base64,R0lGODlhAQABAIAAAAAAAP\/\/\/yH5BAEAAAAALAAAAAABAAEAAAIBRAA7\" data-sizes=\"auto\" data-srcset=\"https:\/\/www.alfa-equipments.be\/wp-content\/uploads\/2022\/01\/Delta2-614x346.jpg 614w, https:\/\/www.alfa-equipments.be\/wp-content\/uploads\/2022\/01\/Delta2-295x166.jpg 295w, https:\/\/www.alfa-equipments.be\/wp-content\/uploads\/2022\/01\/Delta2-590x332.jpg 590w\"   alt=\"Delta2\" data-maxdpr=\"1.7\" class=\"attachment-post-thumbnail lazyload\" \/>\t\t\t\t\t\t\t\t\t\t\t\t\t\t\t<span class=\"fw-slider-caption\">S\u00fbr et solide<\/span>\n\t\t\t\t\t\t\t\t\t\t\t\t\t<\/div>\n\t\t\t\t\t<\/div>\n\t\t\t\t\t\t\t\t\t\t\t\t\t\t\t\t\t\t\t\t\t<div class=\"fw-ratio-container fw-ratio-16-9\">\n\t\t\t\t\t\t<div class=\"fw-slider-item\">\n\t\t\t\t\t\t\t<noscript itemscope itemtype=\"https:\/\/schema.org\/ImageObject\" itemprop=\"image\"><img decoding=\"async\" src=\"https:\/\/www.alfa-equipments.be\/wp-content\/uploads\/2022\/01\/Delta3.jpg\"  alt=\"Delta3\" data-maxdpr=\"1.7\" class=\"attachment-post-thumbnail lazyload\" \/><meta itemprop=\"url\" content=\"https:\/\/www.alfa-equipments.be\/wp-content\/uploads\/2022\/01\/Delta3.jpg\"><meta itemprop=\"width\" content=\"1000\"><meta itemprop=\"height\" content=\"667\"><\/noscript><img decoding=\"async\" src=\"data:image\/gif;base64,R0lGODlhAQABAIAAAAAAAP\/\/\/yH5BAEAAAAALAAAAAABAAEAAAIBRAA7\" data-sizes=\"auto\" data-srcset=\"https:\/\/www.alfa-equipments.be\/wp-content\/uploads\/2022\/01\/Delta3-614x346.jpg 614w, https:\/\/www.alfa-equipments.be\/wp-content\/uploads\/2022\/01\/Delta3-295x166.jpg 295w, https:\/\/www.alfa-equipments.be\/wp-content\/uploads\/2022\/01\/Delta3-590x332.jpg 590w\"   alt=\"Delta3\" data-maxdpr=\"1.7\" class=\"attachment-post-thumbnail lazyload\" \/>\t\t\t\t\t\t\t\t\t\t\t\t\t\t\t<span class=\"fw-slider-caption\">Capacit\u00e9 de charge de 50 kg<\/span>\n\t\t\t\t\t\t\t\t\t\t\t\t\t<\/div>\n\t\t\t\t\t<\/div>\n\t\t\t\t\t\t\t\t\t\t\t\t\t\t\t\t\t\t\t\t\t<div class=\"fw-ratio-container fw-ratio-16-9\">\n\t\t\t\t\t\t<div class=\"fw-slider-item\">\n\t\t\t\t\t\t\t<noscript itemscope itemtype=\"https:\/\/schema.org\/ImageObject\" itemprop=\"image\"><img decoding=\"async\" src=\"https:\/\/www.alfa-equipments.be\/wp-content\/uploads\/2022\/01\/Delta4.jpg\"  alt=\"Delta4\" data-maxdpr=\"1.7\" class=\"attachment-post-thumbnail lazyload\" \/><meta itemprop=\"url\" content=\"https:\/\/www.alfa-equipments.be\/wp-content\/uploads\/2022\/01\/Delta4.jpg\"><meta itemprop=\"width\" content=\"1000\"><meta itemprop=\"height\" content=\"667\"><\/noscript><img decoding=\"async\" src=\"data:image\/gif;base64,R0lGODlhAQABAIAAAAAAAP\/\/\/yH5BAEAAAAALAAAAAABAAEAAAIBRAA7\" data-sizes=\"auto\" data-srcset=\"https:\/\/www.alfa-equipments.be\/wp-content\/uploads\/2022\/01\/Delta4-614x346.jpg 614w, https:\/\/www.alfa-equipments.be\/wp-content\/uploads\/2022\/01\/Delta4-295x166.jpg 295w, https:\/\/www.alfa-equipments.be\/wp-content\/uploads\/2022\/01\/Delta4-590x332.jpg 590w\"   alt=\"Delta4\" data-maxdpr=\"1.7\" class=\"attachment-post-thumbnail lazyload\" \/>\t\t\t\t\t\t\t\t\t\t\t\t\t\t\t<span class=\"fw-slider-caption\">Profil unique du transporteur<\/span>\n\t\t\t\t\t\t\t\t\t\t\t\t\t<\/div>\n\t\t\t\t\t<\/div>\n\t\t\t\t\t\t\t\t\t<\/div>\n\t\t<a class=\"fw-slider-prev\" href=\"#\"><span><\/span><\/a>\n\t\t<a class=\"fw-slider-next\" href=\"#\"><span><\/span><\/a>\n\t\t<div class=\"fw-slider-pagination\"><\/div>\n\t<\/div>\n\t\t<\/div>\n\t<\/div>\n<\/div><div id=\"column-69f50dd2aa876\" class=\"fw-col-sm-6 tf-sh-a072b205d8ccde2a5a8ca50d1a97695a\" >\n\t<div class=\"fw-wrap-col-inner clearfix  \"   >\n\t\t\t\t<div class=\"fw-col-inner\">\n\t\t\t<div class=\"fw-heading fw-heading-left  fw-heading-with-subtitle tf-sh-1ef7aa30910cc1cd504602073a265837\" >\n\t\t\t<h2 class=\"fw-special-title\">DeltaBar\u00ae<\/h2>\n\t\n\t\n\t\t\t<div class=\"fw-special-subtitle\">Un syst\u00e8me de barres de toit fiable et durable<\/div>\n\t<\/div><div class=\"fw-divider-space  fw-custom-space  clearfix\" style=\"height:15px;\" ><\/div><div class=\"fw-text-box tf-sh-8d247399747c3d8e952bac65b3853b8b \" >\n\t<div class=\"fw-text-inner\">\n\t\t<p>Le DeltaBar de Rhino est un syst\u00e8me de porte-bagages de toit fiable et durable. C'est actuellement la solution de transport sur le toit la plus populaire pour les v\u00e9hicules commerciaux en Europe.<\/p>\n<p>Fabriqu\u00e9 \u00e0 partir d'une construction robuste en acier alli\u00e9 de haute qualit\u00e9, le syst\u00e8me DeltaBar est disponible pour une gamme de v\u00e9hicules commerciaux dans des configurations \u00e0 2, 3, 4 et 5 rayons. Le design \u00e9l\u00e9gant et pratique du support signifie que les DeltaBars am\u00e9liorent \u00e0 la fois l'apparence et la capacit\u00e9 de transport de tout v\u00e9hicule commercial.<\/p>\n\t<\/div>\n<\/div>\t\t<\/div>\n\t<\/div>\n<\/div><\/div>\n\n\t<\/div>\n\t<\/section><section   class=\"fw-main-row  auto  fw-section-position-back\"    >\n\t\t\t<div class=\"fw-container\" >\n\t\t<div class=\"fw-row\">\n\t<div id=\"column-69f50dd2aabcc\" class=\"fw-col-sm-12 tf-sh-6983503b22671882db97260ba8154317\" >\n\t<div class=\"fw-wrap-col-inner clearfix  \"   >\n\t\t\t\t<div class=\"fw-col-inner\">\n\t\t\t<div class=\"fw-divider-space space-sm  clearfix\"  ><\/div>\t\t<\/div>\n\t<\/div>\n<\/div><\/div>\n\n\t<\/div>\n\t<\/section><\/p>\n","protected":false},"excerpt":{"rendered":"<p>Barrres de toit de Rhino Products Pour votre v\u00e9hicule utilitaire KammBar\u00ae La barre de toit KammBar de Rhino allie force, style et durabilit\u00e9 et donne lieu \u00e0 une galerie de toit de pointe. La barre de toit KammBar de Rhino allie force, style et durabilit\u00e9 et donne lieu \u00e0 une galerie de toit de pointe. [&hellip;]<\/p>\n","protected":false},"author":2,"featured_media":4439,"parent":4659,"menu_order":0,"comment_status":"closed","ping_status":"closed","template":"visual-builder-template.php","meta":{"_acf_changed":false,"ngg_post_thumbnail":0,"footnotes":""},"class_list":["post-4657","page","type-page","status-publish","has-post-thumbnail","hentry"],"acf":[],"yoast_head":"<!-- This site is optimized with the Yoast SEO plugin v25.3.1 - https:\/\/yoast.com\/wordpress\/plugins\/seo\/ -->\n<title>Barres de toit de Rhino Products - Alfa Equipments<\/title>\n<meta name=\"description\" content=\"Le DeltaBar de Rhino est un syst\u00e8me de porte-bagages de toit fiable et durable. C&#039;est actuellement la solution de transport sur le toit la plus populaire pour les v\u00e9hicules commerciaux en Europe.\" \/>\n<meta name=\"robots\" content=\"index, follow, max-snippet:-1, max-image-preview:large, max-video-preview:-1\" \/>\n<link rel=\"canonical\" href=\"https:\/\/www.alfa-equipments.be\/fr\/rhino-products\/barresdetoit\/\" \/>\n<meta property=\"og:locale\" content=\"fr_FR\" \/>\n<meta property=\"og:type\" content=\"article\" \/>\n<meta property=\"og:title\" content=\"Barres de toit de Rhino Products - Alfa Equipments\" \/>\n<meta property=\"og:description\" content=\"Le DeltaBar de Rhino est un syst\u00e8me de porte-bagages de toit fiable et durable. C&#039;est actuellement la solution de transport sur le toit la plus populaire pour les v\u00e9hicules commerciaux en Europe.\" \/>\n<meta property=\"og:url\" content=\"https:\/\/www.alfa-equipments.be\/fr\/rhino-products\/barresdetoit\/\" \/>\n<meta property=\"og:site_name\" content=\"Alfa Equipments\" \/>\n<meta property=\"article:modified_time\" content=\"2022-01-21T08:23:26+00:00\" \/>\n<meta property=\"og:image\" content=\"https:\/\/www.alfa-equipments.be\/wp-content\/uploads\/2022\/01\/KammBar1.jpg\" \/>\n\t<meta property=\"og:image:width\" content=\"1500\" \/>\n\t<meta property=\"og:image:height\" content=\"1073\" \/>\n\t<meta property=\"og:image:type\" content=\"image\/jpeg\" \/>\n<meta name=\"twitter:card\" content=\"summary_large_image\" \/>\n<meta name=\"twitter:label1\" content=\"Dur\u00e9e de lecture estim\u00e9e\" \/>\n\t<meta name=\"twitter:data1\" content=\"1 minute\" \/>\n<script type=\"application\/ld+json\" class=\"yoast-schema-graph\">{\"@context\":\"https:\/\/schema.org\",\"@graph\":[{\"@type\":\"WebPage\",\"@id\":\"https:\/\/www.alfa-equipments.be\/fr\/rhino-products\/barresdetoit\/\",\"url\":\"https:\/\/www.alfa-equipments.be\/fr\/rhino-products\/barresdetoit\/\",\"name\":\"Barres de toit de Rhino Products - Alfa Equipments\",\"isPartOf\":{\"@id\":\"https:\/\/www.alfa-equipments.be\/#website\"},\"primaryImageOfPage\":{\"@id\":\"https:\/\/www.alfa-equipments.be\/fr\/rhino-products\/barresdetoit\/#primaryimage\"},\"image\":{\"@id\":\"https:\/\/www.alfa-equipments.be\/fr\/rhino-products\/barresdetoit\/#primaryimage\"},\"thumbnailUrl\":\"https:\/\/www.alfa-equipments.be\/wp-content\/uploads\/2022\/01\/KammBar1.jpg\",\"datePublished\":\"2022-01-12T15:33:47+00:00\",\"dateModified\":\"2022-01-21T08:23:26+00:00\",\"description\":\"Le DeltaBar de Rhino est un syst\u00e8me de porte-bagages de toit fiable et durable. C'est actuellement la solution de transport sur le toit la plus populaire pour les v\u00e9hicules commerciaux en Europe.\",\"breadcrumb\":{\"@id\":\"https:\/\/www.alfa-equipments.be\/fr\/rhino-products\/barresdetoit\/#breadcrumb\"},\"inLanguage\":\"fr-FR\",\"potentialAction\":[{\"@type\":\"ReadAction\",\"target\":[\"https:\/\/www.alfa-equipments.be\/fr\/rhino-products\/barresdetoit\/\"]}]},{\"@type\":\"ImageObject\",\"inLanguage\":\"fr-FR\",\"@id\":\"https:\/\/www.alfa-equipments.be\/fr\/rhino-products\/barresdetoit\/#primaryimage\",\"url\":\"https:\/\/www.alfa-equipments.be\/wp-content\/uploads\/2022\/01\/KammBar1.jpg\",\"contentUrl\":\"https:\/\/www.alfa-equipments.be\/wp-content\/uploads\/2022\/01\/KammBar1.jpg\",\"width\":1500,\"height\":1073},{\"@type\":\"BreadcrumbList\",\"@id\":\"https:\/\/www.alfa-equipments.be\/fr\/rhino-products\/barresdetoit\/#breadcrumb\",\"itemListElement\":[{\"@type\":\"ListItem\",\"position\":1,\"name\":\"Home\",\"item\":\"https:\/\/www.alfa-equipments.be\/\"},{\"@type\":\"ListItem\",\"position\":2,\"name\":\"Rhino Products\",\"item\":\"https:\/\/www.alfa-equipments.be\/fr\/rhino-products\/\"},{\"@type\":\"ListItem\",\"position\":3,\"name\":\"Barres de toit de Rhino Products\"}]},{\"@type\":\"WebSite\",\"@id\":\"https:\/\/www.alfa-equipments.be\/#website\",\"url\":\"https:\/\/www.alfa-equipments.be\/\",\"name\":\"Alfa Equipments\",\"description\":\"Wij maken je bestelwagen volledig werkbaar!\",\"potentialAction\":[{\"@type\":\"SearchAction\",\"target\":{\"@type\":\"EntryPoint\",\"urlTemplate\":\"https:\/\/www.alfa-equipments.be\/?s={search_term_string}\"},\"query-input\":{\"@type\":\"PropertyValueSpecification\",\"valueRequired\":true,\"valueName\":\"search_term_string\"}}],\"inLanguage\":\"fr-FR\"}]}<\/script>\n<!-- \/ Yoast SEO plugin. -->","yoast_head_json":{"title":"Barres de toit de Rhino Products - Alfa Equipments","description":"Le DeltaBar de Rhino est un syst\u00e8me de porte-bagages de toit fiable et durable. C'est actuellement la solution de transport sur le toit la plus populaire pour les v\u00e9hicules commerciaux en Europe.","robots":{"index":"index","follow":"follow","max-snippet":"max-snippet:-1","max-image-preview":"max-image-preview:large","max-video-preview":"max-video-preview:-1"},"canonical":"https:\/\/www.alfa-equipments.be\/fr\/rhino-products\/barresdetoit\/","og_locale":"fr_FR","og_type":"article","og_title":"Barres de toit de Rhino Products - Alfa Equipments","og_description":"Le DeltaBar de Rhino est un syst\u00e8me de porte-bagages de toit fiable et durable. C'est actuellement la solution de transport sur le toit la plus populaire pour les v\u00e9hicules commerciaux en Europe.","og_url":"https:\/\/www.alfa-equipments.be\/fr\/rhino-products\/barresdetoit\/","og_site_name":"Alfa Equipments","article_modified_time":"2022-01-21T08:23:26+00:00","og_image":[{"width":1500,"height":1073,"url":"https:\/\/www.alfa-equipments.be\/wp-content\/uploads\/2022\/01\/KammBar1.jpg","type":"image\/jpeg"}],"twitter_card":"summary_large_image","twitter_misc":{"Dur\u00e9e de lecture estim\u00e9e":"1 minute"},"schema":{"@context":"https:\/\/schema.org","@graph":[{"@type":"WebPage","@id":"https:\/\/www.alfa-equipments.be\/fr\/rhino-products\/barresdetoit\/","url":"https:\/\/www.alfa-equipments.be\/fr\/rhino-products\/barresdetoit\/","name":"Barres de toit de Rhino Products - Alfa Equipments","isPartOf":{"@id":"https:\/\/www.alfa-equipments.be\/#website"},"primaryImageOfPage":{"@id":"https:\/\/www.alfa-equipments.be\/fr\/rhino-products\/barresdetoit\/#primaryimage"},"image":{"@id":"https:\/\/www.alfa-equipments.be\/fr\/rhino-products\/barresdetoit\/#primaryimage"},"thumbnailUrl":"https:\/\/www.alfa-equipments.be\/wp-content\/uploads\/2022\/01\/KammBar1.jpg","datePublished":"2022-01-12T15:33:47+00:00","dateModified":"2022-01-21T08:23:26+00:00","description":"Le DeltaBar de Rhino est un syst\u00e8me de porte-bagages de toit fiable et durable. C'est actuellement la solution de transport sur le toit la plus populaire pour les v\u00e9hicules commerciaux en Europe.","breadcrumb":{"@id":"https:\/\/www.alfa-equipments.be\/fr\/rhino-products\/barresdetoit\/#breadcrumb"},"inLanguage":"fr-FR","potentialAction":[{"@type":"ReadAction","target":["https:\/\/www.alfa-equipments.be\/fr\/rhino-products\/barresdetoit\/"]}]},{"@type":"ImageObject","inLanguage":"fr-FR","@id":"https:\/\/www.alfa-equipments.be\/fr\/rhino-products\/barresdetoit\/#primaryimage","url":"https:\/\/www.alfa-equipments.be\/wp-content\/uploads\/2022\/01\/KammBar1.jpg","contentUrl":"https:\/\/www.alfa-equipments.be\/wp-content\/uploads\/2022\/01\/KammBar1.jpg","width":1500,"height":1073},{"@type":"BreadcrumbList","@id":"https:\/\/www.alfa-equipments.be\/fr\/rhino-products\/barresdetoit\/#breadcrumb","itemListElement":[{"@type":"ListItem","position":1,"name":"Home","item":"https:\/\/www.alfa-equipments.be\/"},{"@type":"ListItem","position":2,"name":"Rhino Products","item":"https:\/\/www.alfa-equipments.be\/fr\/rhino-products\/"},{"@type":"ListItem","position":3,"name":"Barres de toit de Rhino Products"}]},{"@type":"WebSite","@id":"https:\/\/www.alfa-equipments.be\/#website","url":"https:\/\/www.alfa-equipments.be\/","name":"Alfa Equipments","description":"Wij maken je bestelwagen volledig werkbaar!","potentialAction":[{"@type":"SearchAction","target":{"@type":"EntryPoint","urlTemplate":"https:\/\/www.alfa-equipments.be\/?s={search_term_string}"},"query-input":{"@type":"PropertyValueSpecification","valueRequired":true,"valueName":"search_term_string"}}],"inLanguage":"fr-FR"}]}},"_links":{"self":[{"href":"https:\/\/www.alfa-equipments.be\/fr\/wp-json\/wp\/v2\/pages\/4657","targetHints":{"allow":["GET"]}}],"collection":[{"href":"https:\/\/www.alfa-equipments.be\/fr\/wp-json\/wp\/v2\/pages"}],"about":[{"href":"https:\/\/www.alfa-equipments.be\/fr\/wp-json\/wp\/v2\/types\/page"}],"author":[{"embeddable":true,"href":"https:\/\/www.alfa-equipments.be\/fr\/wp-json\/wp\/v2\/users\/2"}],"replies":[{"embeddable":true,"href":"https:\/\/www.alfa-equipments.be\/fr\/wp-json\/wp\/v2\/comments?post=4657"}],"version-history":[{"count":3,"href":"https:\/\/www.alfa-equipments.be\/fr\/wp-json\/wp\/v2\/pages\/4657\/revisions"}],"predecessor-version":[{"id":4760,"href":"https:\/\/www.alfa-equipments.be\/fr\/wp-json\/wp\/v2\/pages\/4657\/revisions\/4760"}],"up":[{"embeddable":true,"href":"https:\/\/www.alfa-equipments.be\/fr\/wp-json\/wp\/v2\/pages\/4659"}],"wp:featuredmedia":[{"embeddable":true,"href":"https:\/\/www.alfa-equipments.be\/fr\/wp-json\/wp\/v2\/media\/4439"}],"wp:attachment":[{"href":"https:\/\/www.alfa-equipments.be\/fr\/wp-json\/wp\/v2\/media?parent=4657"}],"curies":[{"name":"wp","href":"https:\/\/api.w.org\/{rel}","templated":true}]}}