{"id":4154,"date":"2021-12-21T13:23:08","date_gmt":"2021-12-21T12:23:08","guid":{"rendered":"https:\/\/alfa-bvba.be\/test-page-1\/test4\/"},"modified":"2021-12-21T16:55:19","modified_gmt":"2021-12-21T15:55:19","slug":"cloisons","status":"publish","type":"page","link":"https:\/\/www.alfa-equipments.be\/fr\/amenagement-du-fourgon\/cloisons\/","title":{"rendered":"Cloisons"},"content":{"rendered":"<p><section   class=\"fw-main-row-custom fw-main-row-top fw-section-no-padding  auto  fw-section-position-back tf-sh-05d047573308ec816ae7a699ff52015c\"    >\n\t\t\t<div class=\"fw-container\" >\n\t\t<div class=\"fw-row\">\n\t<div id=\"column-6a09692649ecf\" class=\"fw-col-sm-12 tf-sh-1d9873ea1b725f8415197a22481f61c9 breadcrumbs-section\" >\n\t<div class=\"fw-wrap-col-inner clearfix  \"   >\n\t\t\t\t<div class=\"fw-col-inner\">\n\t\t\t<div class=\"shortcode-widget-area col-sm-12 fw-sidebar \" >\n\t<div class=\"fw-col-inner\">\n\t\t<aside id=\"bcn_widget-2\" class=\"widget widget_breadcrumb_navxt\"><div class=\"breadcrumbs\" vocab=\"https:\/\/schema.org\/\" typeof=\"BreadcrumbList\"><!-- Breadcrumb NavXT 7.4.1 -->\n<span property=\"itemListElement\" typeof=\"ListItem\"><a property=\"item\" typeof=\"WebPage\" title=\"Go to Alfa Equipments.\" href=\"https:\/\/www.alfa-equipments.be\/fr\/\" class=\"home\" aria-current=\"page\"><span property=\"name\">Home<\/span><\/a><meta property=\"position\" content=\"1\"><\/span><\/div><\/aside>\t<\/div>\n<\/div>\t\t<\/div>\n\t<\/div>\n<\/div><\/div>\n\n\t<\/div>\n\t<\/section><section   class=\"fw-main-row-custom fw-section-no-padding  auto  fw-section-position-back tf-sh-e91c88399f0e0daaa4d1da0736a10651\"    >\n\t\t\t<div class=\"fw-container\" >\n\t\t<div class=\"fw-row\">\n\t<div id=\"column-6a0969264a60c\" class=\"fw-col-sm-12 tf-sh-90cdbdc5add2b62f87601a73d0d44ea3\" >\n\t<div class=\"fw-wrap-col-inner clearfix  \"   >\n\t\t\t\t<div class=\"fw-col-inner\">\n\t\t\t<div class=\"fw-heading fw-heading-left  fw-heading-with-subtitle tf-sh-8ddae26207a75d7aa1ae77cad593fae4\" >\n\t\t\t<h1 class=\"fw-special-title\">Cloisons<\/h1>\n\t\n\t\n\t\t\t<div class=\"fw-special-subtitle\">S\u00e9paration entre la cabine et l'espace de chargement<\/div>\n\t<\/div><div class=\"fw-divider-space  fw-custom-space  clearfix\" style=\"height:15px;\" ><\/div><div class=\"fw-text-box tf-sh-32842a97876a2fb1514916775caac693 \" >\n\t<div class=\"fw-text-inner\">\n\t\t<p>Alfa Equipments est sp\u00e9cialis\u00e9 dans la livraison et l'installation de cloisons. Ces cloisons ont \u00e9t\u00e9 sp\u00e9cialement con\u00e7ues pour offrir plus d'espace pour les si\u00e8ges dans la cabine. Elles permettent \u00e9galement de mieux r\u00e9guler la temp\u00e9rature et de r\u00e9duire le niveau de bruit.&nbsp;<\/p>\n\t<\/div>\n<\/div>\t\t<\/div>\n\t<\/div>\n<\/div><\/div>\n\n\t<\/div>\n\t<\/section><section   class=\"fw-main-row-custom  auto  fw-section-position-back tf-sh-e8cbfecb7b92adc04030e867ee30c31c\"    >\n\t\t\t<div class=\"fw-container\" >\n\t\t<div class=\"fw-row\">\n\t<div id=\"column-6a0969264a9e4\" class=\"fw-col-sm-6 tf-sh-e0d268ba0207faa2782a816f39df6c8f\" >\n\t<div class=\"fw-wrap-col-inner clearfix  \"   >\n\t\t\t\t<div class=\"fw-col-inner\">\n\t\t\t<div class=\"fw-text-box tf-sh-a006d3609ac7a1c6c32e2f5249fac16e \" >\n\t<div class=\"fw-text-inner\">\n\t\t<p><strong>Mat\u00e9riau<br \/><\/strong><\/p>\n<p>Nos cloisons sont constitu\u00e9es de contreplaqu\u00e9 de 15 mm avec une couche sup\u00e9rieure HPL dure sur les deux faces (gris) ou de contreplaqu\u00e9 en b\u00e9ton de 15 mm (brun clair). En option, une fen\u00eatre peut \u00eatre plac\u00e9e. Nos cloisons en polyester ou en abs sont disponibles avec ou sans fen\u00eatre. L'int\u00e9rieur est recouvert de tissu gris apportant une belle finition.<\/p>\n\t<\/div>\n<\/div>\t\t<\/div>\n\t<\/div>\n<\/div><div id=\"column-6a0969264aae9\" class=\"fw-col-sm-6 tf-sh-f4e1723608c0288117d7cf651d2d4986\" >\n\t<div class=\"fw-wrap-col-inner clearfix  \"   >\n\t\t\t\t<div class=\"fw-col-inner\">\n\t\t\t\t<div class=\"fw-slider hide-elements tf-sh-85f0d644ae5e6e36f360557e013914ba \" >\n\t\t<div class=\"fw-slider-container clearfix\" id=\"slider-85f0d644ae5e6e36f360557e013914ba\" data-play=\"true\" data-timeoutDuration=\"5000\" data-pause=\"false\" data-animation=\"crossfade\" data-duration=\"300\">\n\t\t\t\t\t\t\t\t\t\t\t\t\t\t\t\t\t<div class=\"fw-ratio-container fw-ratio-4-3\">\n\t\t\t\t\t\t<div class=\"fw-slider-item\">\n\t\t\t\t\t\t\t<noscript itemscope itemtype=\"https:\/\/schema.org\/ImageObject\" itemprop=\"image\"><img decoding=\"async\" src=\"https:\/\/www.alfa-equipments.be\/wp-content\/uploads\/2021\/11\/Grijze-separatiewand.jpg\"  alt=\"Grijze separatiewand\" data-maxdpr=\"1.7\" class=\"attachment-post-thumbnail lazyload\" \/><meta itemprop=\"url\" content=\"https:\/\/www.alfa-equipments.be\/wp-content\/uploads\/2021\/11\/Grijze-separatiewand.jpg\"><meta itemprop=\"width\" content=\"960\"><meta itemprop=\"height\" content=\"720\"><\/noscript><img decoding=\"async\" src=\"data:image\/gif;base64,R0lGODlhAQABAIAAAAAAAP\/\/\/yH5BAEAAAAALAAAAAABAAEAAAIBRAA7\" data-sizes=\"auto\" data-srcset=\"https:\/\/www.alfa-equipments.be\/wp-content\/uploads\/2021\/11\/Grijze-separatiewand-300x225.jpg 300w, https:\/\/www.alfa-equipments.be\/wp-content\/uploads\/2021\/11\/Grijze-separatiewand-768x576.jpg 768w, https:\/\/www.alfa-equipments.be\/wp-content\/uploads\/2021\/11\/Grijze-separatiewand-393x295.jpg 393w, https:\/\/www.alfa-equipments.be\/wp-content\/uploads\/2021\/11\/Grijze-separatiewand-786x590.jpg 786w, https:\/\/www.alfa-equipments.be\/wp-content\/uploads\/2021\/11\/Grijze-separatiewand-600x450.jpg 600w, https:\/\/www.alfa-equipments.be\/wp-content\/uploads\/2021\/11\/Grijze-separatiewand-270x203.jpg 270w, https:\/\/www.alfa-equipments.be\/wp-content\/uploads\/2021\/11\/Grijze-separatiewand-600x450.jpg 600w, https:\/\/www.alfa-equipments.be\/wp-content\/uploads\/2021\/11\/Grijze-separatiewand-270x203.jpg 270w, https:\/\/www.alfa-equipments.be\/wp-content\/uploads\/2021\/11\/Grijze-separatiewand.jpg 960w\"   alt=\"Grijze separatiewand\" data-maxdpr=\"1.7\" class=\"attachment-post-thumbnail lazyload\" \/>\t\t\t\t\t\t\t\t\t\t\t\t\t<\/div>\n\t\t\t\t\t<\/div>\n\t\t\t\t\t\t\t\t\t\t\t\t\t\t\t\t\t\t\t\t\t<div class=\"fw-ratio-container fw-ratio-4-3\">\n\t\t\t\t\t\t<div class=\"fw-slider-item\">\n\t\t\t\t\t\t\t<noscript itemscope itemtype=\"https:\/\/schema.org\/ImageObject\" itemprop=\"image\"><img decoding=\"async\" src=\"https:\/\/www.alfa-equipments.be\/wp-content\/uploads\/2021\/11\/VW-T5-Houten-separatiewand-met-venster.jpg\"  alt=\"VW T5 Houten separatiewand met venster\" data-maxdpr=\"1.7\" class=\"attachment-post-thumbnail lazyload\" \/><meta itemprop=\"url\" content=\"https:\/\/www.alfa-equipments.be\/wp-content\/uploads\/2021\/11\/VW-T5-Houten-separatiewand-met-venster.jpg\"><meta itemprop=\"width\" content=\"960\"><meta itemprop=\"height\" content=\"720\"><\/noscript><img decoding=\"async\" src=\"data:image\/gif;base64,R0lGODlhAQABAIAAAAAAAP\/\/\/yH5BAEAAAAALAAAAAABAAEAAAIBRAA7\" data-sizes=\"auto\" data-srcset=\"https:\/\/www.alfa-equipments.be\/wp-content\/uploads\/2021\/11\/VW-T5-Houten-separatiewand-met-venster-300x225.jpg 300w, https:\/\/www.alfa-equipments.be\/wp-content\/uploads\/2021\/11\/VW-T5-Houten-separatiewand-met-venster-768x576.jpg 768w, https:\/\/www.alfa-equipments.be\/wp-content\/uploads\/2021\/11\/VW-T5-Houten-separatiewand-met-venster-393x295.jpg 393w, https:\/\/www.alfa-equipments.be\/wp-content\/uploads\/2021\/11\/VW-T5-Houten-separatiewand-met-venster-786x590.jpg 786w, https:\/\/www.alfa-equipments.be\/wp-content\/uploads\/2021\/11\/VW-T5-Houten-separatiewand-met-venster-600x450.jpg 600w, https:\/\/www.alfa-equipments.be\/wp-content\/uploads\/2021\/11\/VW-T5-Houten-separatiewand-met-venster-270x203.jpg 270w, https:\/\/www.alfa-equipments.be\/wp-content\/uploads\/2021\/11\/VW-T5-Houten-separatiewand-met-venster-600x450.jpg 600w, https:\/\/www.alfa-equipments.be\/wp-content\/uploads\/2021\/11\/VW-T5-Houten-separatiewand-met-venster-270x203.jpg 270w, https:\/\/www.alfa-equipments.be\/wp-content\/uploads\/2021\/11\/VW-T5-Houten-separatiewand-met-venster.jpg 960w\"   alt=\"VW T5 Houten separatiewand met venster\" data-maxdpr=\"1.7\" class=\"attachment-post-thumbnail lazyload\" \/>\t\t\t\t\t\t\t\t\t\t\t\t\t<\/div>\n\t\t\t\t\t<\/div>\n\t\t\t\t\t\t\t\t\t\t\t\t\t\t\t\t\t\t\t\t\t<div class=\"fw-ratio-container fw-ratio-4-3\">\n\t\t\t\t\t\t<div class=\"fw-slider-item\">\n\t\t\t\t\t\t\t<noscript itemscope itemtype=\"https:\/\/schema.org\/ImageObject\" itemprop=\"image\"><img decoding=\"async\" src=\"https:\/\/www.alfa-equipments.be\/wp-content\/uploads\/2021\/11\/Separatiewand-kunststof-grijs.jpg\"  alt=\"Separatiewand kunststof grijs\" data-maxdpr=\"1.7\" class=\"attachment-post-thumbnail lazyload\" \/><meta itemprop=\"url\" content=\"https:\/\/www.alfa-equipments.be\/wp-content\/uploads\/2021\/11\/Separatiewand-kunststof-grijs.jpg\"><meta itemprop=\"width\" content=\"1200\"><meta itemprop=\"height\" content=\"1600\"><\/noscript><img decoding=\"async\" src=\"data:image\/gif;base64,R0lGODlhAQABAIAAAAAAAP\/\/\/yH5BAEAAAAALAAAAAABAAEAAAIBRAA7\" data-sizes=\"auto\" data-srcset=\"https:\/\/www.alfa-equipments.be\/wp-content\/uploads\/2021\/11\/Separatiewand-kunststof-grijs-393x295.jpg 393w, https:\/\/www.alfa-equipments.be\/wp-content\/uploads\/2021\/11\/Separatiewand-kunststof-grijs-786x590.jpg 786w\"   alt=\"Separatiewand kunststof grijs\" data-maxdpr=\"1.7\" class=\"attachment-post-thumbnail lazyload\" \/>\t\t\t\t\t\t\t\t\t\t\t\t\t<\/div>\n\t\t\t\t\t<\/div>\n\t\t\t\t\t\t\t\t\t\t\t\t\t\t\t\t\t\t\t\t\t<div class=\"fw-ratio-container fw-ratio-4-3\">\n\t\t\t\t\t\t<div class=\"fw-slider-item\">\n\t\t\t\t\t\t\t<noscript itemscope itemtype=\"https:\/\/schema.org\/ImageObject\" itemprop=\"image\"><img decoding=\"async\" src=\"https:\/\/www.alfa-equipments.be\/wp-content\/uploads\/2021\/11\/Separatiewand.jpg\"  alt=\"Separatiewand\" data-maxdpr=\"1.7\" class=\"attachment-post-thumbnail lazyload\" \/><meta itemprop=\"url\" content=\"https:\/\/www.alfa-equipments.be\/wp-content\/uploads\/2021\/11\/Separatiewand.jpg\"><meta itemprop=\"width\" content=\"659\"><meta itemprop=\"height\" content=\"494\"><\/noscript><img decoding=\"async\" src=\"data:image\/gif;base64,R0lGODlhAQABAIAAAAAAAP\/\/\/yH5BAEAAAAALAAAAAABAAEAAAIBRAA7\" data-sizes=\"auto\" data-srcset=\"https:\/\/www.alfa-equipments.be\/wp-content\/uploads\/2021\/11\/Separatiewand-300x225.jpg 300w, https:\/\/www.alfa-equipments.be\/wp-content\/uploads\/2021\/11\/Separatiewand-393x295.jpg 393w, https:\/\/www.alfa-equipments.be\/wp-content\/uploads\/2021\/11\/Separatiewand-600x450.jpg 600w, https:\/\/www.alfa-equipments.be\/wp-content\/uploads\/2021\/11\/Separatiewand-270x202.jpg 270w, https:\/\/www.alfa-equipments.be\/wp-content\/uploads\/2021\/11\/Separatiewand-600x450.jpg 600w, https:\/\/www.alfa-equipments.be\/wp-content\/uploads\/2021\/11\/Separatiewand-270x202.jpg 270w, https:\/\/www.alfa-equipments.be\/wp-content\/uploads\/2021\/11\/Separatiewand.jpg 659w\"   alt=\"Separatiewand\" data-maxdpr=\"1.7\" class=\"attachment-post-thumbnail lazyload\" \/>\t\t\t\t\t\t\t\t\t\t\t\t\t<\/div>\n\t\t\t\t\t<\/div>\n\t\t\t\t\t\t\t\t\t\t\t\t\t\t\t\t\t\t\t\t\t<div class=\"fw-ratio-container fw-ratio-4-3\">\n\t\t\t\t\t\t<div class=\"fw-slider-item\">\n\t\t\t\t\t\t\t<noscript itemscope itemtype=\"https:\/\/schema.org\/ImageObject\" itemprop=\"image\"><img decoding=\"async\" src=\"https:\/\/www.alfa-equipments.be\/wp-content\/uploads\/2021\/11\/Binnenzijde-separatiewand.jpg\"  alt=\"Binnenzijde separatiewand\" data-maxdpr=\"1.7\" class=\"attachment-post-thumbnail lazyload\" \/><meta itemprop=\"url\" content=\"https:\/\/www.alfa-equipments.be\/wp-content\/uploads\/2021\/11\/Binnenzijde-separatiewand.jpg\"><meta itemprop=\"width\" content=\"1190\"><meta itemprop=\"height\" content=\"1862\"><\/noscript><img decoding=\"async\" src=\"data:image\/gif;base64,R0lGODlhAQABAIAAAAAAAP\/\/\/yH5BAEAAAAALAAAAAABAAEAAAIBRAA7\" data-sizes=\"auto\" data-srcset=\"https:\/\/www.alfa-equipments.be\/wp-content\/uploads\/2021\/11\/Binnenzijde-separatiewand-393x295.jpg 393w, https:\/\/www.alfa-equipments.be\/wp-content\/uploads\/2021\/11\/Binnenzijde-separatiewand-786x590.jpg 786w\"   alt=\"Binnenzijde separatiewand\" data-maxdpr=\"1.7\" class=\"attachment-post-thumbnail lazyload\" \/>\t\t\t\t\t\t\t\t\t\t\t\t\t<\/div>\n\t\t\t\t\t<\/div>\n\t\t\t\t\t\t\t\t\t<\/div>\n\t\t<a class=\"fw-slider-prev\" href=\"#\"><span><\/span><\/a>\n\t\t<a class=\"fw-slider-next\" href=\"#\"><span><\/span><\/a>\n\t\t<div class=\"fw-slider-pagination\"><\/div>\n\t<\/div>\n\t\t<\/div>\n\t<\/div>\n<\/div><\/div>\n\n\t<\/div>\n\t<\/section><section   class=\"fw-main-row  auto  fw-section-position-back\"    >\n\t\t\t<div class=\"fw-container\" >\n\t\t<div class=\"fw-row\">\n\t<div id=\"column-6a0969264b4c7\" class=\"fw-col-sm-12 tf-sh-f0687e0e9cee39e3dcf21198e48bc002\" >\n\t<div class=\"fw-wrap-col-inner clearfix  \"   >\n\t\t\t\t<div class=\"fw-col-inner\">\n\t\t\t<div class=\"fw-divider-space space-sm  clearfix\"  ><\/div>\t\t<\/div>\n\t<\/div>\n<\/div><\/div>\n\n\t<\/div>\n\t<\/section><\/p>\n","protected":false},"excerpt":{"rendered":"<p>Home Cloisons S\u00e9paration entre la cabine et l&rsquo;espace de chargement Alfa Equipments est sp\u00e9cialis\u00e9 dans la livraison et l&rsquo;installation de cloisons. Ces cloisons ont \u00e9t\u00e9 sp\u00e9cialement con\u00e7ues pour offrir plus d&rsquo;espace pour les si\u00e8ges dans la cabine. Elles permettent \u00e9galement de mieux r\u00e9guler la temp\u00e9rature et de r\u00e9duire le niveau de bruit.&nbsp; Mat\u00e9riau Nos cloisons [&hellip;]<\/p>\n","protected":false},"author":1,"featured_media":0,"parent":4095,"menu_order":0,"comment_status":"closed","ping_status":"closed","template":"visual-builder-template.php","meta":{"_acf_changed":false,"ngg_post_thumbnail":0,"footnotes":""},"class_list":["post-4154","page","type-page","status-publish","hentry"],"acf":[],"yoast_head":"<!-- This site is optimized with the Yoast SEO plugin v25.3.1 - https:\/\/yoast.com\/wordpress\/plugins\/seo\/ -->\n<title>Cloisons - Alfa Equipments<\/title>\n<meta name=\"description\" content=\"Alfa Equipments est sp\u00e9cialis\u00e9 dans la livraison et l&#039;installation de cloisons. Ces cloisons ont \u00e9t\u00e9 sp\u00e9cialement con\u00e7ues pour offrir plus d&#039;espace pour les si\u00e8ges dans la cabine.\" \/>\n<meta name=\"robots\" content=\"index, follow, max-snippet:-1, max-image-preview:large, max-video-preview:-1\" \/>\n<link rel=\"canonical\" href=\"https:\/\/www.alfa-equipments.be\/fr\/amenagement-du-fourgon\/cloisons\/\" \/>\n<meta property=\"og:locale\" content=\"fr_FR\" \/>\n<meta property=\"og:type\" content=\"article\" \/>\n<meta property=\"og:title\" content=\"Cloisons - Alfa Equipments\" \/>\n<meta property=\"og:description\" content=\"Alfa Equipments est sp\u00e9cialis\u00e9 dans la livraison et l&#039;installation de cloisons. Ces cloisons ont \u00e9t\u00e9 sp\u00e9cialement con\u00e7ues pour offrir plus d&#039;espace pour les si\u00e8ges dans la cabine.\" \/>\n<meta property=\"og:url\" content=\"https:\/\/www.alfa-equipments.be\/fr\/amenagement-du-fourgon\/cloisons\/\" \/>\n<meta property=\"og:site_name\" content=\"Alfa Equipments\" \/>\n<meta property=\"article:modified_time\" content=\"2021-12-21T15:55:19+00:00\" \/>\n<meta property=\"og:image\" content=\"https:\/\/alfa-bvba.be\/wp-content\/uploads\/2021\/11\/Grijze-separatiewand.jpg\" \/>\n<meta name=\"twitter:card\" content=\"summary_large_image\" \/>\n<meta name=\"twitter:label1\" content=\"Dur\u00e9e de lecture estim\u00e9e\" \/>\n\t<meta name=\"twitter:data1\" content=\"1 minute\" \/>\n<script type=\"application\/ld+json\" class=\"yoast-schema-graph\">{\"@context\":\"https:\/\/schema.org\",\"@graph\":[{\"@type\":\"WebPage\",\"@id\":\"https:\/\/www.alfa-equipments.be\/fr\/amenagement-du-fourgon\/cloisons\/\",\"url\":\"https:\/\/www.alfa-equipments.be\/fr\/amenagement-du-fourgon\/cloisons\/\",\"name\":\"Cloisons - Alfa Equipments\",\"isPartOf\":{\"@id\":\"https:\/\/www.alfa-equipments.be\/#website\"},\"primaryImageOfPage\":{\"@id\":\"https:\/\/www.alfa-equipments.be\/fr\/amenagement-du-fourgon\/cloisons\/#primaryimage\"},\"image\":{\"@id\":\"https:\/\/www.alfa-equipments.be\/fr\/amenagement-du-fourgon\/cloisons\/#primaryimage\"},\"thumbnailUrl\":\"https:\/\/alfa-bvba.be\/wp-content\/uploads\/2021\/11\/Grijze-separatiewand.jpg\",\"datePublished\":\"2021-12-21T12:23:08+00:00\",\"dateModified\":\"2021-12-21T15:55:19+00:00\",\"description\":\"Alfa Equipments est sp\u00e9cialis\u00e9 dans la livraison et l'installation de cloisons. Ces cloisons ont \u00e9t\u00e9 sp\u00e9cialement con\u00e7ues pour offrir plus d'espace pour les si\u00e8ges dans la cabine.\",\"breadcrumb\":{\"@id\":\"https:\/\/www.alfa-equipments.be\/fr\/amenagement-du-fourgon\/cloisons\/#breadcrumb\"},\"inLanguage\":\"fr-FR\",\"potentialAction\":[{\"@type\":\"ReadAction\",\"target\":[\"https:\/\/www.alfa-equipments.be\/fr\/amenagement-du-fourgon\/cloisons\/\"]}]},{\"@type\":\"ImageObject\",\"inLanguage\":\"fr-FR\",\"@id\":\"https:\/\/www.alfa-equipments.be\/fr\/amenagement-du-fourgon\/cloisons\/#primaryimage\",\"url\":\"https:\/\/alfa-bvba.be\/wp-content\/uploads\/2021\/11\/Grijze-separatiewand.jpg\",\"contentUrl\":\"https:\/\/alfa-bvba.be\/wp-content\/uploads\/2021\/11\/Grijze-separatiewand.jpg\"},{\"@type\":\"BreadcrumbList\",\"@id\":\"https:\/\/www.alfa-equipments.be\/fr\/amenagement-du-fourgon\/cloisons\/#breadcrumb\",\"itemListElement\":[{\"@type\":\"ListItem\",\"position\":1,\"name\":\"Home\",\"item\":\"https:\/\/www.alfa-equipments.be\/\"},{\"@type\":\"ListItem\",\"position\":2,\"name\":\"Am\u00e9nagement du fourgon\",\"item\":\"https:\/\/www.alfa-equipments.be\/fr\/amenagement-du-fourgon\/\"},{\"@type\":\"ListItem\",\"position\":3,\"name\":\"Cloisons\"}]},{\"@type\":\"WebSite\",\"@id\":\"https:\/\/www.alfa-equipments.be\/#website\",\"url\":\"https:\/\/www.alfa-equipments.be\/\",\"name\":\"Alfa Equipments\",\"description\":\"Wij maken je bestelwagen volledig werkbaar!\",\"potentialAction\":[{\"@type\":\"SearchAction\",\"target\":{\"@type\":\"EntryPoint\",\"urlTemplate\":\"https:\/\/www.alfa-equipments.be\/?s={search_term_string}\"},\"query-input\":{\"@type\":\"PropertyValueSpecification\",\"valueRequired\":true,\"valueName\":\"search_term_string\"}}],\"inLanguage\":\"fr-FR\"}]}<\/script>\n<!-- \/ Yoast SEO plugin. -->","yoast_head_json":{"title":"Cloisons - Alfa Equipments","description":"Alfa Equipments est sp\u00e9cialis\u00e9 dans la livraison et l'installation de cloisons. Ces cloisons ont \u00e9t\u00e9 sp\u00e9cialement con\u00e7ues pour offrir plus d'espace pour les si\u00e8ges dans la cabine.","robots":{"index":"index","follow":"follow","max-snippet":"max-snippet:-1","max-image-preview":"max-image-preview:large","max-video-preview":"max-video-preview:-1"},"canonical":"https:\/\/www.alfa-equipments.be\/fr\/amenagement-du-fourgon\/cloisons\/","og_locale":"fr_FR","og_type":"article","og_title":"Cloisons - Alfa Equipments","og_description":"Alfa Equipments est sp\u00e9cialis\u00e9 dans la livraison et l'installation de cloisons. Ces cloisons ont \u00e9t\u00e9 sp\u00e9cialement con\u00e7ues pour offrir plus d'espace pour les si\u00e8ges dans la cabine.","og_url":"https:\/\/www.alfa-equipments.be\/fr\/amenagement-du-fourgon\/cloisons\/","og_site_name":"Alfa Equipments","article_modified_time":"2021-12-21T15:55:19+00:00","og_image":[{"url":"https:\/\/alfa-bvba.be\/wp-content\/uploads\/2021\/11\/Grijze-separatiewand.jpg","type":"","width":"","height":""}],"twitter_card":"summary_large_image","twitter_misc":{"Dur\u00e9e de lecture estim\u00e9e":"1 minute"},"schema":{"@context":"https:\/\/schema.org","@graph":[{"@type":"WebPage","@id":"https:\/\/www.alfa-equipments.be\/fr\/amenagement-du-fourgon\/cloisons\/","url":"https:\/\/www.alfa-equipments.be\/fr\/amenagement-du-fourgon\/cloisons\/","name":"Cloisons - Alfa Equipments","isPartOf":{"@id":"https:\/\/www.alfa-equipments.be\/#website"},"primaryImageOfPage":{"@id":"https:\/\/www.alfa-equipments.be\/fr\/amenagement-du-fourgon\/cloisons\/#primaryimage"},"image":{"@id":"https:\/\/www.alfa-equipments.be\/fr\/amenagement-du-fourgon\/cloisons\/#primaryimage"},"thumbnailUrl":"https:\/\/alfa-bvba.be\/wp-content\/uploads\/2021\/11\/Grijze-separatiewand.jpg","datePublished":"2021-12-21T12:23:08+00:00","dateModified":"2021-12-21T15:55:19+00:00","description":"Alfa Equipments est sp\u00e9cialis\u00e9 dans la livraison et l'installation de cloisons. Ces cloisons ont \u00e9t\u00e9 sp\u00e9cialement con\u00e7ues pour offrir plus d'espace pour les si\u00e8ges dans la cabine.","breadcrumb":{"@id":"https:\/\/www.alfa-equipments.be\/fr\/amenagement-du-fourgon\/cloisons\/#breadcrumb"},"inLanguage":"fr-FR","potentialAction":[{"@type":"ReadAction","target":["https:\/\/www.alfa-equipments.be\/fr\/amenagement-du-fourgon\/cloisons\/"]}]},{"@type":"ImageObject","inLanguage":"fr-FR","@id":"https:\/\/www.alfa-equipments.be\/fr\/amenagement-du-fourgon\/cloisons\/#primaryimage","url":"https:\/\/alfa-bvba.be\/wp-content\/uploads\/2021\/11\/Grijze-separatiewand.jpg","contentUrl":"https:\/\/alfa-bvba.be\/wp-content\/uploads\/2021\/11\/Grijze-separatiewand.jpg"},{"@type":"BreadcrumbList","@id":"https:\/\/www.alfa-equipments.be\/fr\/amenagement-du-fourgon\/cloisons\/#breadcrumb","itemListElement":[{"@type":"ListItem","position":1,"name":"Home","item":"https:\/\/www.alfa-equipments.be\/"},{"@type":"ListItem","position":2,"name":"Am\u00e9nagement du fourgon","item":"https:\/\/www.alfa-equipments.be\/fr\/amenagement-du-fourgon\/"},{"@type":"ListItem","position":3,"name":"Cloisons"}]},{"@type":"WebSite","@id":"https:\/\/www.alfa-equipments.be\/#website","url":"https:\/\/www.alfa-equipments.be\/","name":"Alfa Equipments","description":"Wij maken je bestelwagen volledig werkbaar!","potentialAction":[{"@type":"SearchAction","target":{"@type":"EntryPoint","urlTemplate":"https:\/\/www.alfa-equipments.be\/?s={search_term_string}"},"query-input":{"@type":"PropertyValueSpecification","valueRequired":true,"valueName":"search_term_string"}}],"inLanguage":"fr-FR"}]}},"_links":{"self":[{"href":"https:\/\/www.alfa-equipments.be\/fr\/wp-json\/wp\/v2\/pages\/4154","targetHints":{"allow":["GET"]}}],"collection":[{"href":"https:\/\/www.alfa-equipments.be\/fr\/wp-json\/wp\/v2\/pages"}],"about":[{"href":"https:\/\/www.alfa-equipments.be\/fr\/wp-json\/wp\/v2\/types\/page"}],"author":[{"embeddable":true,"href":"https:\/\/www.alfa-equipments.be\/fr\/wp-json\/wp\/v2\/users\/1"}],"replies":[{"embeddable":true,"href":"https:\/\/www.alfa-equipments.be\/fr\/wp-json\/wp\/v2\/comments?post=4154"}],"version-history":[{"count":5,"href":"https:\/\/www.alfa-equipments.be\/fr\/wp-json\/wp\/v2\/pages\/4154\/revisions"}],"predecessor-version":[{"id":4320,"href":"https:\/\/www.alfa-equipments.be\/fr\/wp-json\/wp\/v2\/pages\/4154\/revisions\/4320"}],"up":[{"embeddable":true,"href":"https:\/\/www.alfa-equipments.be\/fr\/wp-json\/wp\/v2\/pages\/4095"}],"wp:attachment":[{"href":"https:\/\/www.alfa-equipments.be\/fr\/wp-json\/wp\/v2\/media?parent=4154"}],"curies":[{"name":"wp","href":"https:\/\/api.w.org\/{rel}","templated":true}]}}