{"id":4147,"date":"2021-12-21T13:26:16","date_gmt":"2021-12-21T12:26:16","guid":{"rendered":"https:\/\/alfa-bvba.be\/test-page-1\/test11\/"},"modified":"2021-12-21T15:53:02","modified_gmt":"2021-12-21T14:53:02","slug":"porte-verre-interne","status":"publish","type":"page","link":"https:\/\/www.alfa-equipments.be\/fr\/amenagement-du-fourgon\/porte-verre-interne\/","title":{"rendered":"Porte-verre interne"},"content":{"rendered":"<p><section   class=\"fw-main-row-custom fw-main-row-top fw-section-no-padding  auto  fw-section-position-back tf-sh-05d047573308ec816ae7a699ff52015c\"    >\n\t\t\t<div class=\"fw-container\" >\n\t\t<div class=\"fw-row\">\n\t<div id=\"column-6a0969287756c\" class=\"fw-col-sm-12 tf-sh-1d9873ea1b725f8415197a22481f61c9 breadcrumbs-section\" >\n\t<div class=\"fw-wrap-col-inner clearfix  \"   >\n\t\t\t\t<div class=\"fw-col-inner\">\n\t\t\t<div class=\"shortcode-widget-area col-sm-12 fw-sidebar \" >\n\t<div class=\"fw-col-inner\">\n\t\t<aside id=\"bcn_widget-2\" class=\"widget widget_breadcrumb_navxt\"><div class=\"breadcrumbs\" vocab=\"https:\/\/schema.org\/\" typeof=\"BreadcrumbList\"><!-- Breadcrumb NavXT 7.4.1 -->\n<span property=\"itemListElement\" typeof=\"ListItem\"><a property=\"item\" typeof=\"WebPage\" title=\"Go to Alfa Equipments.\" href=\"https:\/\/www.alfa-equipments.be\/fr\/\" class=\"home\" aria-current=\"page\"><span property=\"name\">Home<\/span><\/a><meta property=\"position\" content=\"1\"><\/span><\/div><\/aside>\t<\/div>\n<\/div>\t\t<\/div>\n\t<\/div>\n<\/div><\/div>\n\n\t<\/div>\n\t<\/section><section   class=\"fw-main-row-custom fw-section-no-padding  auto  fw-section-position-back tf-sh-e91c88399f0e0daaa4d1da0736a10651\"    >\n\t\t\t<div class=\"fw-container\" >\n\t\t<div class=\"fw-row\">\n\t<div id=\"column-6a09692877e55\" class=\"fw-col-sm-12 tf-sh-90cdbdc5add2b62f87601a73d0d44ea3\" >\n\t<div class=\"fw-wrap-col-inner clearfix  \"   >\n\t\t\t\t<div class=\"fw-col-inner\">\n\t\t\t<div class=\"fw-heading fw-heading-left  fw-heading-with-subtitle tf-sh-8ddae26207a75d7aa1ae77cad593fae4\" >\n\t\t\t<h1 class=\"fw-special-title\">Porte-verre interne<\/h1>\n\t\n\t\n\t\t\t<div class=\"fw-special-subtitle\">Transport s\u00e9curis\u00e9 de pi\u00e8ces en verre dans votre fourgon<\/div>\n\t<\/div><div class=\"fw-divider-space  fw-custom-space  clearfix\" style=\"height:15px;\" ><\/div><div class=\"fw-text-box tf-sh-32842a97876a2fb1514916775caac693 \" >\n\t<div class=\"fw-text-inner\">\n\t\t<p>Pour transporter du verre dans l'espace de chargement d'une camionnette, nous r\u00e9alisons une structure adapt\u00e9e au v\u00e9hicule. Nous installons ce dispositif de support du verre sur le c\u00f4t\u00e9 gauche, le c\u00f4t\u00e9 droit ou les deux c\u00f4t\u00e9s.<\/p>\n\t<\/div>\n<\/div>\t\t<\/div>\n\t<\/div>\n<\/div><\/div>\n\n\t<\/div>\n\t<\/section><section   class=\"fw-main-row-custom  auto  fw-section-position-back tf-sh-e525d92febfed026f2b21456561cfc04\"    >\n\t\t\t<div class=\"fw-container\" >\n\t\t<div class=\"fw-row\">\n\t<div id=\"column-6a09692878249\" class=\"fw-col-sm-8 tf-sh-b331e3943a5817c65e5bb0c706dcd61f\" >\n\t<div class=\"fw-wrap-col-inner clearfix  \"   >\n\t\t\t\t<div class=\"fw-col-inner\">\n\t\t\t<div class=\"fw-text-box tf-sh-797085b29a739d0e497b88314139d7b3 \" >\n\t<div class=\"fw-text-inner\">\n\t\t<p><strong>Nous combinons nos porte-verres sur mesure avec&nbsp;:<\/strong><\/p>\n<ul>\n<li><strong>des \u00e9tag\u00e8res ouvertes,<\/strong><\/li>\n<li><strong>des \u00e9tag\u00e8res \u00e9quip\u00e9es de cloisons,<\/strong><\/li>\n<li><strong>des \u00e9tag\u00e8res \u00e9quip\u00e9es de bacs.<\/strong><\/li>\n<\/ul>\n<p>Il est \u00e9galement possible d'installer un pupitre \u00e9quip\u00e9 de m\u00e2ts de serrage t\u00e9lescopiques entre le plancher et le toit du fourgon. Il en va de m\u00eame pour les m\u00e2ts de serrage sp\u00e9cialement con\u00e7us avec des sangles de tension. Nous incorporons les rails pour les fixations dans la plaque de plancher en bois du fourgon.<\/p>\n\t<\/div>\n<\/div><div class=\"fw-divider-space space-sm  clearfix\"  ><\/div><div class=\"fw-text-box tf-sh-a78182d64e9f268ff603d774fa9374bd \" >\n\t<div class=\"fw-text-inner\">\n\t\t<p>Ces porte-verres sont \u00e9galement disponibles avec des supports rabattables. L'insert en caoutchouc absorbe les chocs pendant le transport. Les supports peuvent \u00eatre repli\u00e9s pour lib\u00e9rer de l'espace au sol lorsque le porte-verre n'est pas utilis\u00e9.<\/p>\n<p>Toutes les versions sont disponibles avec ou sans pinces pour maintenir le verre en place.<br \/>En outre, les plaques de plancher en bois sont souvent \u00e9quip\u00e9es d'un tapis en caoutchouc pour \u00e9viter d'endommager le verre et les fen\u00eatres.<\/p>\n\t<\/div>\n<\/div>\t\t<\/div>\n\t<\/div>\n<\/div><div id=\"column-6a09692878412\" class=\"fw-col-sm-4 tf-sh-2c74e5311ca75d5cde61c6cf4ba27332\" >\n\t<div class=\"fw-wrap-col-inner clearfix  \"   >\n\t\t\t\t<div class=\"fw-col-inner\">\n\t\t\t\t<div class=\"fw-slider hide-elements tf-sh-26e87fd1a490a333064a13bb426b8a0c \" >\n\t\t<div class=\"fw-slider-container clearfix\" id=\"slider-26e87fd1a490a333064a13bb426b8a0c\" data-play=\"true\" data-timeoutDuration=\"5000\" data-pause=\"false\" data-animation=\"crossfade\" data-duration=\"300\">\n\t\t\t\t\t\t\t\t\t\t\t\t\t\t\t\t\t<div class=\"fw-ratio-container fw-ratio-3-4\">\n\t\t\t\t\t\t<div class=\"fw-slider-item\">\n\t\t\t\t\t\t\t<noscript itemscope itemtype=\"https:\/\/schema.org\/ImageObject\" itemprop=\"image\"><img decoding=\"async\" src=\"https:\/\/www.alfa-equipments.be\/wp-content\/uploads\/2021\/12\/5-scaled.jpg\"  alt=\"5\" data-maxdpr=\"1.7\" class=\"attachment-post-thumbnail lazyload\" \/><meta itemprop=\"url\" content=\"https:\/\/www.alfa-equipments.be\/wp-content\/uploads\/2021\/12\/5-scaled.jpg\"><meta itemprop=\"width\" content=\"1244\"><meta itemprop=\"height\" content=\"2560\"><\/noscript><img decoding=\"async\" src=\"data:image\/gif;base64,R0lGODlhAQABAIAAAAAAAP\/\/\/yH5BAEAAAAALAAAAAABAAEAAAIBRAA7\" data-sizes=\"auto\" data-srcset=\"https:\/\/www.alfa-equipments.be\/wp-content\/uploads\/2021\/12\/5-295x393.jpg 295w, https:\/\/www.alfa-equipments.be\/wp-content\/uploads\/2021\/12\/5-590x786.jpg 590w\"   alt=\"5\" data-maxdpr=\"1.7\" class=\"attachment-post-thumbnail lazyload\" \/>\t\t\t\t\t\t\t\t\t\t\t\t\t<\/div>\n\t\t\t\t\t<\/div>\n\t\t\t\t\t\t\t\t\t\t\t\t\t\t\t\t\t\t\t\t\t<div class=\"fw-ratio-container fw-ratio-3-4\">\n\t\t\t\t\t\t<div class=\"fw-slider-item\">\n\t\t\t\t\t\t\t<noscript itemscope itemtype=\"https:\/\/schema.org\/ImageObject\" itemprop=\"image\"><img decoding=\"async\" src=\"https:\/\/www.alfa-equipments.be\/wp-content\/uploads\/2021\/12\/20170316_110746-scaled.jpg\"  alt=\"20170316_110746\" data-maxdpr=\"1.7\" class=\"attachment-post-thumbnail lazyload\" \/><meta itemprop=\"url\" content=\"https:\/\/www.alfa-equipments.be\/wp-content\/uploads\/2021\/12\/20170316_110746-scaled.jpg\"><meta itemprop=\"width\" content=\"1920\"><meta itemprop=\"height\" content=\"2560\"><\/noscript><img decoding=\"async\" src=\"data:image\/gif;base64,R0lGODlhAQABAIAAAAAAAP\/\/\/yH5BAEAAAAALAAAAAABAAEAAAIBRAA7\" data-sizes=\"auto\" data-srcset=\"https:\/\/www.alfa-equipments.be\/wp-content\/uploads\/2021\/12\/20170316_110746-225x300.jpg 225w, https:\/\/www.alfa-equipments.be\/wp-content\/uploads\/2021\/12\/20170316_110746-768x1024.jpg 768w, https:\/\/www.alfa-equipments.be\/wp-content\/uploads\/2021\/12\/20170316_110746-768x1024.jpg 768w, https:\/\/www.alfa-equipments.be\/wp-content\/uploads\/2021\/12\/20170316_110746-1152x1536.jpg 1152w, https:\/\/www.alfa-equipments.be\/wp-content\/uploads\/2021\/12\/20170316_110746-1536x2048.jpg 1536w, https:\/\/www.alfa-equipments.be\/wp-content\/uploads\/2021\/12\/20170316_110746-295x393.jpg 295w, https:\/\/www.alfa-equipments.be\/wp-content\/uploads\/2021\/12\/20170316_110746-590x786.jpg 590w, https:\/\/www.alfa-equipments.be\/wp-content\/uploads\/2021\/12\/20170316_110746-600x800.jpg 600w, https:\/\/www.alfa-equipments.be\/wp-content\/uploads\/2021\/12\/20170316_110746-203x270.jpg 203w, https:\/\/www.alfa-equipments.be\/wp-content\/uploads\/2021\/12\/20170316_110746-600x800.jpg 600w, https:\/\/www.alfa-equipments.be\/wp-content\/uploads\/2021\/12\/20170316_110746-203x270.jpg 203w, https:\/\/www.alfa-equipments.be\/wp-content\/uploads\/2021\/12\/20170316_110746-scaled.jpg 1920w\"   alt=\"20170316_110746\" data-maxdpr=\"1.7\" class=\"attachment-post-thumbnail lazyload\" \/>\t\t\t\t\t\t\t\t\t\t\t\t\t<\/div>\n\t\t\t\t\t<\/div>\n\t\t\t\t\t\t\t\t\t\t\t\t\t\t\t\t\t\t\t\t\t<div class=\"fw-ratio-container fw-ratio-3-4\">\n\t\t\t\t\t\t<div class=\"fw-slider-item\">\n\t\t\t\t\t\t\t<noscript itemscope itemtype=\"https:\/\/schema.org\/ImageObject\" itemprop=\"image\"><img decoding=\"async\" src=\"https:\/\/www.alfa-equipments.be\/wp-content\/uploads\/2021\/12\/20180809_160822-scaled.jpg\"  alt=\"20180809_160822\" data-maxdpr=\"1.7\" class=\"attachment-post-thumbnail lazyload\" \/><meta itemprop=\"url\" content=\"https:\/\/www.alfa-equipments.be\/wp-content\/uploads\/2021\/12\/20180809_160822-scaled.jpg\"><meta itemprop=\"width\" content=\"1440\"><meta itemprop=\"height\" content=\"2560\"><\/noscript><img decoding=\"async\" src=\"data:image\/gif;base64,R0lGODlhAQABAIAAAAAAAP\/\/\/yH5BAEAAAAALAAAAAABAAEAAAIBRAA7\" data-sizes=\"auto\" data-srcset=\"https:\/\/www.alfa-equipments.be\/wp-content\/uploads\/2021\/12\/20180809_160822-295x393.jpg 295w, https:\/\/www.alfa-equipments.be\/wp-content\/uploads\/2021\/12\/20180809_160822-590x786.jpg 590w\"   alt=\"20180809_160822\" data-maxdpr=\"1.7\" class=\"attachment-post-thumbnail lazyload\" \/>\t\t\t\t\t\t\t\t\t\t\t\t\t<\/div>\n\t\t\t\t\t<\/div>\n\t\t\t\t\t\t\t\t\t\t\t\t\t\t\t\t\t\t\t\t\t<div class=\"fw-ratio-container fw-ratio-3-4\">\n\t\t\t\t\t\t<div class=\"fw-slider-item\">\n\t\t\t\t\t\t\t<noscript itemscope itemtype=\"https:\/\/schema.org\/ImageObject\" itemprop=\"image\"><img decoding=\"async\" src=\"https:\/\/www.alfa-equipments.be\/wp-content\/uploads\/2021\/12\/20180809_160836-scaled.jpg\"  alt=\"20180809_160836\" data-maxdpr=\"1.7\" class=\"attachment-post-thumbnail lazyload\" \/><meta itemprop=\"url\" content=\"https:\/\/www.alfa-equipments.be\/wp-content\/uploads\/2021\/12\/20180809_160836-scaled.jpg\"><meta itemprop=\"width\" content=\"1440\"><meta itemprop=\"height\" content=\"2560\"><\/noscript><img decoding=\"async\" src=\"data:image\/gif;base64,R0lGODlhAQABAIAAAAAAAP\/\/\/yH5BAEAAAAALAAAAAABAAEAAAIBRAA7\" data-sizes=\"auto\" data-srcset=\"https:\/\/www.alfa-equipments.be\/wp-content\/uploads\/2021\/12\/20180809_160836-295x393.jpg 295w, https:\/\/www.alfa-equipments.be\/wp-content\/uploads\/2021\/12\/20180809_160836-590x786.jpg 590w\"   alt=\"20180809_160836\" data-maxdpr=\"1.7\" class=\"attachment-post-thumbnail lazyload\" \/>\t\t\t\t\t\t\t\t\t\t\t\t\t<\/div>\n\t\t\t\t\t<\/div>\n\t\t\t\t\t\t\t\t\t\t\t\t\t\t\t\t\t\t\t\t\t<div class=\"fw-ratio-container fw-ratio-3-4\">\n\t\t\t\t\t\t<div class=\"fw-slider-item\">\n\t\t\t\t\t\t\t<noscript itemscope itemtype=\"https:\/\/schema.org\/ImageObject\" itemprop=\"image\"><img decoding=\"async\" src=\"https:\/\/www.alfa-equipments.be\/wp-content\/uploads\/2021\/12\/20180809_160931-scaled.jpg\"  alt=\"20180809_160931\" data-maxdpr=\"1.7\" class=\"attachment-post-thumbnail lazyload\" \/><meta itemprop=\"url\" content=\"https:\/\/www.alfa-equipments.be\/wp-content\/uploads\/2021\/12\/20180809_160931-scaled.jpg\"><meta itemprop=\"width\" content=\"1440\"><meta itemprop=\"height\" content=\"2560\"><\/noscript><img decoding=\"async\" src=\"data:image\/gif;base64,R0lGODlhAQABAIAAAAAAAP\/\/\/yH5BAEAAAAALAAAAAABAAEAAAIBRAA7\" data-sizes=\"auto\" data-srcset=\"https:\/\/www.alfa-equipments.be\/wp-content\/uploads\/2021\/12\/20180809_160931-295x393.jpg 295w, https:\/\/www.alfa-equipments.be\/wp-content\/uploads\/2021\/12\/20180809_160931-590x786.jpg 590w\"   alt=\"20180809_160931\" data-maxdpr=\"1.7\" class=\"attachment-post-thumbnail lazyload\" \/>\t\t\t\t\t\t\t\t\t\t\t\t\t<\/div>\n\t\t\t\t\t<\/div>\n\t\t\t\t\t\t\t\t\t\t\t\t\t\t\t\t\t\t\t\t\t<div class=\"fw-ratio-container fw-ratio-3-4\">\n\t\t\t\t\t\t<div class=\"fw-slider-item\">\n\t\t\t\t\t\t\t<noscript itemscope itemtype=\"https:\/\/schema.org\/ImageObject\" itemprop=\"image\"><img decoding=\"async\" src=\"https:\/\/www.alfa-equipments.be\/wp-content\/uploads\/2021\/12\/Belisol-Sint-Truiden-1-e1638437734700.jpg\"  alt=\"Belisol Sint-Truiden 1\" data-maxdpr=\"1.7\" class=\"attachment-post-thumbnail lazyload\" \/><meta itemprop=\"url\" content=\"https:\/\/www.alfa-equipments.be\/wp-content\/uploads\/2021\/12\/Belisol-Sint-Truiden-1-e1638437734700.jpg\"><meta itemprop=\"width\" content=\"1500\"><meta itemprop=\"height\" content=\"2000\"><\/noscript><img decoding=\"async\" src=\"data:image\/gif;base64,R0lGODlhAQABAIAAAAAAAP\/\/\/yH5BAEAAAAALAAAAAABAAEAAAIBRAA7\" data-sizes=\"auto\" data-srcset=\"https:\/\/www.alfa-equipments.be\/wp-content\/uploads\/2021\/12\/Belisol-Sint-Truiden-1-e1638437734700-225x300.jpg 225w, https:\/\/www.alfa-equipments.be\/wp-content\/uploads\/2021\/12\/Belisol-Sint-Truiden-1-e1638437734700-768x1024.jpg 768w, https:\/\/www.alfa-equipments.be\/wp-content\/uploads\/2021\/12\/Belisol-Sint-Truiden-1-e1638437734700-768x1024.jpg 768w, https:\/\/www.alfa-equipments.be\/wp-content\/uploads\/2021\/12\/Belisol-Sint-Truiden-1-e1638437734700-1152x1536.jpg 1152w, https:\/\/www.alfa-equipments.be\/wp-content\/uploads\/2021\/12\/Belisol-Sint-Truiden-1-e1638437734700-295x393.jpg 295w, https:\/\/www.alfa-equipments.be\/wp-content\/uploads\/2021\/12\/Belisol-Sint-Truiden-1-e1638437734700-590x786.jpg 590w, https:\/\/www.alfa-equipments.be\/wp-content\/uploads\/2021\/12\/Belisol-Sint-Truiden-1-e1638437734700-600x800.jpg 600w, https:\/\/www.alfa-equipments.be\/wp-content\/uploads\/2021\/12\/Belisol-Sint-Truiden-1-e1638437734700-203x270.jpg 203w, https:\/\/www.alfa-equipments.be\/wp-content\/uploads\/2021\/12\/Belisol-Sint-Truiden-1-e1638437734700-600x800.jpg 600w, https:\/\/www.alfa-equipments.be\/wp-content\/uploads\/2021\/12\/Belisol-Sint-Truiden-1-e1638437734700-203x270.jpg 203w, https:\/\/www.alfa-equipments.be\/wp-content\/uploads\/2021\/12\/Belisol-Sint-Truiden-1-e1638437734700.jpg 1500w\"   alt=\"Belisol Sint-Truiden 1\" data-maxdpr=\"1.7\" class=\"attachment-post-thumbnail lazyload\" \/>\t\t\t\t\t\t\t\t\t\t\t\t\t<\/div>\n\t\t\t\t\t<\/div>\n\t\t\t\t\t\t\t\t\t<\/div>\n\t\t<a class=\"fw-slider-prev\" href=\"#\"><span><\/span><\/a>\n\t\t<a class=\"fw-slider-next\" href=\"#\"><span><\/span><\/a>\n\t\t<div class=\"fw-slider-pagination\"><\/div>\n\t<\/div>\n\t\t<\/div>\n\t<\/div>\n<\/div><\/div>\n\n\t<\/div>\n\t<\/section><section   class=\"fw-main-row  auto  fw-section-position-back\"    >\n\t\t\t<div class=\"fw-container\" >\n\t\t<div class=\"fw-row\">\n\t<div id=\"column-6a09692879b3e\" class=\"fw-col-sm-12 tf-sh-0bf1245bfc664aa836673115e029e785\" >\n\t<div class=\"fw-wrap-col-inner clearfix  \"   >\n\t\t\t\t<div class=\"fw-col-inner\">\n\t\t\t<div class=\"fw-divider-space space-sm  clearfix\"  ><\/div>\t\t<\/div>\n\t<\/div>\n<\/div><\/div>\n\n\t<\/div>\n\t<\/section><\/p>\n","protected":false},"excerpt":{"rendered":"<p>Home Porte-verre interne Transport s\u00e9curis\u00e9 de pi\u00e8ces en verre dans votre fourgon Pour transporter du verre dans l&rsquo;espace de chargement d&rsquo;une camionnette, nous r\u00e9alisons une structure adapt\u00e9e au v\u00e9hicule. Nous installons ce dispositif de support du verre sur le c\u00f4t\u00e9 gauche, le c\u00f4t\u00e9 droit ou les deux c\u00f4t\u00e9s. Nous combinons nos porte-verres sur mesure avec&nbsp;: [&hellip;]<\/p>\n","protected":false},"author":1,"featured_media":0,"parent":4095,"menu_order":0,"comment_status":"closed","ping_status":"closed","template":"visual-builder-template.php","meta":{"_acf_changed":false,"ngg_post_thumbnail":0,"footnotes":""},"class_list":["post-4147","page","type-page","status-publish","hentry"],"acf":[],"yoast_head":"<!-- This site is optimized with the Yoast SEO plugin v25.3.1 - https:\/\/yoast.com\/wordpress\/plugins\/seo\/ -->\n<title>Porte-verre interne - Alfa Equipments<\/title>\n<meta name=\"description\" content=\"Pour transporter du verre dans l&#039;espace de chargement d&#039;une camionnette, nous r\u00e9alisons une structure adapt\u00e9e au v\u00e9hicule. Nous installons ce dispositif de support du verre sur le c\u00f4t\u00e9 gauche, le c\u00f4t\u00e9 droit ou les deux c\u00f4t\u00e9s.\" \/>\n<meta name=\"robots\" content=\"index, follow, max-snippet:-1, max-image-preview:large, max-video-preview:-1\" \/>\n<link rel=\"canonical\" href=\"https:\/\/www.alfa-equipments.be\/fr\/amenagement-du-fourgon\/porte-verre-interne\/\" \/>\n<meta property=\"og:locale\" content=\"fr_FR\" \/>\n<meta property=\"og:type\" content=\"article\" \/>\n<meta property=\"og:title\" content=\"Porte-verre interne - Alfa Equipments\" \/>\n<meta property=\"og:description\" content=\"Pour transporter du verre dans l&#039;espace de chargement d&#039;une camionnette, nous r\u00e9alisons une structure adapt\u00e9e au v\u00e9hicule. Nous installons ce dispositif de support du verre sur le c\u00f4t\u00e9 gauche, le c\u00f4t\u00e9 droit ou les deux c\u00f4t\u00e9s.\" \/>\n<meta property=\"og:url\" content=\"https:\/\/www.alfa-equipments.be\/fr\/amenagement-du-fourgon\/porte-verre-interne\/\" \/>\n<meta property=\"og:site_name\" content=\"Alfa Equipments\" \/>\n<meta property=\"article:modified_time\" content=\"2021-12-21T14:53:02+00:00\" \/>\n<meta property=\"og:image\" content=\"https:\/\/alfa-bvba.be\/wp-content\/uploads\/2021\/12\/5-scaled.jpg\" \/>\n<meta name=\"twitter:card\" content=\"summary_large_image\" \/>\n<meta name=\"twitter:label1\" content=\"Dur\u00e9e de lecture estim\u00e9e\" \/>\n\t<meta name=\"twitter:data1\" content=\"1 minute\" \/>\n<script type=\"application\/ld+json\" class=\"yoast-schema-graph\">{\"@context\":\"https:\/\/schema.org\",\"@graph\":[{\"@type\":\"WebPage\",\"@id\":\"https:\/\/www.alfa-equipments.be\/fr\/amenagement-du-fourgon\/porte-verre-interne\/\",\"url\":\"https:\/\/www.alfa-equipments.be\/fr\/amenagement-du-fourgon\/porte-verre-interne\/\",\"name\":\"Porte-verre interne - Alfa Equipments\",\"isPartOf\":{\"@id\":\"https:\/\/www.alfa-equipments.be\/#website\"},\"primaryImageOfPage\":{\"@id\":\"https:\/\/www.alfa-equipments.be\/fr\/amenagement-du-fourgon\/porte-verre-interne\/#primaryimage\"},\"image\":{\"@id\":\"https:\/\/www.alfa-equipments.be\/fr\/amenagement-du-fourgon\/porte-verre-interne\/#primaryimage\"},\"thumbnailUrl\":\"https:\/\/alfa-bvba.be\/wp-content\/uploads\/2021\/12\/5-scaled.jpg\",\"datePublished\":\"2021-12-21T12:26:16+00:00\",\"dateModified\":\"2021-12-21T14:53:02+00:00\",\"description\":\"Pour transporter du verre dans l'espace de chargement d'une camionnette, nous r\u00e9alisons une structure adapt\u00e9e au v\u00e9hicule. Nous installons ce dispositif de support du verre sur le c\u00f4t\u00e9 gauche, le c\u00f4t\u00e9 droit ou les deux c\u00f4t\u00e9s.\",\"breadcrumb\":{\"@id\":\"https:\/\/www.alfa-equipments.be\/fr\/amenagement-du-fourgon\/porte-verre-interne\/#breadcrumb\"},\"inLanguage\":\"fr-FR\",\"potentialAction\":[{\"@type\":\"ReadAction\",\"target\":[\"https:\/\/www.alfa-equipments.be\/fr\/amenagement-du-fourgon\/porte-verre-interne\/\"]}]},{\"@type\":\"ImageObject\",\"inLanguage\":\"fr-FR\",\"@id\":\"https:\/\/www.alfa-equipments.be\/fr\/amenagement-du-fourgon\/porte-verre-interne\/#primaryimage\",\"url\":\"https:\/\/alfa-bvba.be\/wp-content\/uploads\/2021\/12\/5-scaled.jpg\",\"contentUrl\":\"https:\/\/alfa-bvba.be\/wp-content\/uploads\/2021\/12\/5-scaled.jpg\"},{\"@type\":\"BreadcrumbList\",\"@id\":\"https:\/\/www.alfa-equipments.be\/fr\/amenagement-du-fourgon\/porte-verre-interne\/#breadcrumb\",\"itemListElement\":[{\"@type\":\"ListItem\",\"position\":1,\"name\":\"Home\",\"item\":\"https:\/\/www.alfa-equipments.be\/\"},{\"@type\":\"ListItem\",\"position\":2,\"name\":\"Am\u00e9nagement du fourgon\",\"item\":\"https:\/\/www.alfa-equipments.be\/fr\/amenagement-du-fourgon\/\"},{\"@type\":\"ListItem\",\"position\":3,\"name\":\"Porte-verre interne\"}]},{\"@type\":\"WebSite\",\"@id\":\"https:\/\/www.alfa-equipments.be\/#website\",\"url\":\"https:\/\/www.alfa-equipments.be\/\",\"name\":\"Alfa Equipments\",\"description\":\"Wij maken je bestelwagen volledig werkbaar!\",\"potentialAction\":[{\"@type\":\"SearchAction\",\"target\":{\"@type\":\"EntryPoint\",\"urlTemplate\":\"https:\/\/www.alfa-equipments.be\/?s={search_term_string}\"},\"query-input\":{\"@type\":\"PropertyValueSpecification\",\"valueRequired\":true,\"valueName\":\"search_term_string\"}}],\"inLanguage\":\"fr-FR\"}]}<\/script>\n<!-- \/ Yoast SEO plugin. -->","yoast_head_json":{"title":"Porte-verre interne - Alfa Equipments","description":"Pour transporter du verre dans l'espace de chargement d'une camionnette, nous r\u00e9alisons une structure adapt\u00e9e au v\u00e9hicule. Nous installons ce dispositif de support du verre sur le c\u00f4t\u00e9 gauche, le c\u00f4t\u00e9 droit ou les deux c\u00f4t\u00e9s.","robots":{"index":"index","follow":"follow","max-snippet":"max-snippet:-1","max-image-preview":"max-image-preview:large","max-video-preview":"max-video-preview:-1"},"canonical":"https:\/\/www.alfa-equipments.be\/fr\/amenagement-du-fourgon\/porte-verre-interne\/","og_locale":"fr_FR","og_type":"article","og_title":"Porte-verre interne - Alfa Equipments","og_description":"Pour transporter du verre dans l'espace de chargement d'une camionnette, nous r\u00e9alisons une structure adapt\u00e9e au v\u00e9hicule. Nous installons ce dispositif de support du verre sur le c\u00f4t\u00e9 gauche, le c\u00f4t\u00e9 droit ou les deux c\u00f4t\u00e9s.","og_url":"https:\/\/www.alfa-equipments.be\/fr\/amenagement-du-fourgon\/porte-verre-interne\/","og_site_name":"Alfa Equipments","article_modified_time":"2021-12-21T14:53:02+00:00","og_image":[{"url":"https:\/\/alfa-bvba.be\/wp-content\/uploads\/2021\/12\/5-scaled.jpg","type":"","width":"","height":""}],"twitter_card":"summary_large_image","twitter_misc":{"Dur\u00e9e de lecture estim\u00e9e":"1 minute"},"schema":{"@context":"https:\/\/schema.org","@graph":[{"@type":"WebPage","@id":"https:\/\/www.alfa-equipments.be\/fr\/amenagement-du-fourgon\/porte-verre-interne\/","url":"https:\/\/www.alfa-equipments.be\/fr\/amenagement-du-fourgon\/porte-verre-interne\/","name":"Porte-verre interne - Alfa Equipments","isPartOf":{"@id":"https:\/\/www.alfa-equipments.be\/#website"},"primaryImageOfPage":{"@id":"https:\/\/www.alfa-equipments.be\/fr\/amenagement-du-fourgon\/porte-verre-interne\/#primaryimage"},"image":{"@id":"https:\/\/www.alfa-equipments.be\/fr\/amenagement-du-fourgon\/porte-verre-interne\/#primaryimage"},"thumbnailUrl":"https:\/\/alfa-bvba.be\/wp-content\/uploads\/2021\/12\/5-scaled.jpg","datePublished":"2021-12-21T12:26:16+00:00","dateModified":"2021-12-21T14:53:02+00:00","description":"Pour transporter du verre dans l'espace de chargement d'une camionnette, nous r\u00e9alisons une structure adapt\u00e9e au v\u00e9hicule. Nous installons ce dispositif de support du verre sur le c\u00f4t\u00e9 gauche, le c\u00f4t\u00e9 droit ou les deux c\u00f4t\u00e9s.","breadcrumb":{"@id":"https:\/\/www.alfa-equipments.be\/fr\/amenagement-du-fourgon\/porte-verre-interne\/#breadcrumb"},"inLanguage":"fr-FR","potentialAction":[{"@type":"ReadAction","target":["https:\/\/www.alfa-equipments.be\/fr\/amenagement-du-fourgon\/porte-verre-interne\/"]}]},{"@type":"ImageObject","inLanguage":"fr-FR","@id":"https:\/\/www.alfa-equipments.be\/fr\/amenagement-du-fourgon\/porte-verre-interne\/#primaryimage","url":"https:\/\/alfa-bvba.be\/wp-content\/uploads\/2021\/12\/5-scaled.jpg","contentUrl":"https:\/\/alfa-bvba.be\/wp-content\/uploads\/2021\/12\/5-scaled.jpg"},{"@type":"BreadcrumbList","@id":"https:\/\/www.alfa-equipments.be\/fr\/amenagement-du-fourgon\/porte-verre-interne\/#breadcrumb","itemListElement":[{"@type":"ListItem","position":1,"name":"Home","item":"https:\/\/www.alfa-equipments.be\/"},{"@type":"ListItem","position":2,"name":"Am\u00e9nagement du fourgon","item":"https:\/\/www.alfa-equipments.be\/fr\/amenagement-du-fourgon\/"},{"@type":"ListItem","position":3,"name":"Porte-verre interne"}]},{"@type":"WebSite","@id":"https:\/\/www.alfa-equipments.be\/#website","url":"https:\/\/www.alfa-equipments.be\/","name":"Alfa Equipments","description":"Wij maken je bestelwagen volledig werkbaar!","potentialAction":[{"@type":"SearchAction","target":{"@type":"EntryPoint","urlTemplate":"https:\/\/www.alfa-equipments.be\/?s={search_term_string}"},"query-input":{"@type":"PropertyValueSpecification","valueRequired":true,"valueName":"search_term_string"}}],"inLanguage":"fr-FR"}]}},"_links":{"self":[{"href":"https:\/\/www.alfa-equipments.be\/fr\/wp-json\/wp\/v2\/pages\/4147","targetHints":{"allow":["GET"]}}],"collection":[{"href":"https:\/\/www.alfa-equipments.be\/fr\/wp-json\/wp\/v2\/pages"}],"about":[{"href":"https:\/\/www.alfa-equipments.be\/fr\/wp-json\/wp\/v2\/types\/page"}],"author":[{"embeddable":true,"href":"https:\/\/www.alfa-equipments.be\/fr\/wp-json\/wp\/v2\/users\/1"}],"replies":[{"embeddable":true,"href":"https:\/\/www.alfa-equipments.be\/fr\/wp-json\/wp\/v2\/comments?post=4147"}],"version-history":[{"count":3,"href":"https:\/\/www.alfa-equipments.be\/fr\/wp-json\/wp\/v2\/pages\/4147\/revisions"}],"predecessor-version":[{"id":4238,"href":"https:\/\/www.alfa-equipments.be\/fr\/wp-json\/wp\/v2\/pages\/4147\/revisions\/4238"}],"up":[{"embeddable":true,"href":"https:\/\/www.alfa-equipments.be\/fr\/wp-json\/wp\/v2\/pages\/4095"}],"wp:attachment":[{"href":"https:\/\/www.alfa-equipments.be\/fr\/wp-json\/wp\/v2\/media?parent=4147"}],"curies":[{"name":"wp","href":"https:\/\/api.w.org\/{rel}","templated":true}]}}