{"id":4146,"date":"2021-12-21T13:26:49","date_gmt":"2021-12-21T12:26:49","guid":{"rendered":"https:\/\/alfa-bvba.be\/test-page-1\/test12\/"},"modified":"2021-12-21T17:10:07","modified_gmt":"2021-12-21T16:10:07","slug":"grues-de-chargement","status":"publish","type":"page","link":"https:\/\/www.alfa-equipments.be\/fr\/amenagement-du-fourgon\/grues-de-chargement\/","title":{"rendered":"Grues de chargement"},"content":{"rendered":"<p><section   class=\"fw-main-row-custom fw-main-row-top fw-section-no-padding  auto  fw-section-position-back tf-sh-05d047573308ec816ae7a699ff52015c\"    >\n\t\t\t<div class=\"fw-container\" >\n\t\t<div class=\"fw-row\">\n\t<div id=\"column-6a09695b2400b\" class=\"fw-col-sm-12 tf-sh-1d9873ea1b725f8415197a22481f61c9 breadcrumbs-section\" >\n\t<div class=\"fw-wrap-col-inner clearfix  \"   >\n\t\t\t\t<div class=\"fw-col-inner\">\n\t\t\t<div class=\"shortcode-widget-area col-sm-12 fw-sidebar \" >\n\t<div class=\"fw-col-inner\">\n\t\t<aside id=\"bcn_widget-2\" class=\"widget widget_breadcrumb_navxt\"><div class=\"breadcrumbs\" vocab=\"https:\/\/schema.org\/\" typeof=\"BreadcrumbList\"><!-- Breadcrumb NavXT 7.4.1 -->\n<span property=\"itemListElement\" typeof=\"ListItem\"><a property=\"item\" typeof=\"WebPage\" title=\"Go to Alfa Equipments.\" href=\"https:\/\/www.alfa-equipments.be\/fr\/\" class=\"home\" aria-current=\"page\"><span property=\"name\">Home<\/span><\/a><meta property=\"position\" content=\"1\"><\/span><\/div><\/aside>\t<\/div>\n<\/div>\t\t<\/div>\n\t<\/div>\n<\/div><\/div>\n\n\t<\/div>\n\t<\/section><section   class=\"fw-main-row-custom fw-section-no-padding  auto  fw-section-position-back tf-sh-e91c88399f0e0daaa4d1da0736a10651\"    >\n\t\t\t<div class=\"fw-container\" >\n\t\t<div class=\"fw-row\">\n\t<div id=\"column-6a09695b248ab\" class=\"fw-col-sm-12 tf-sh-90cdbdc5add2b62f87601a73d0d44ea3\" >\n\t<div class=\"fw-wrap-col-inner clearfix  \"   >\n\t\t\t\t<div class=\"fw-col-inner\">\n\t\t\t<div class=\"fw-heading fw-heading-left  fw-heading-with-subtitle tf-sh-8ddae26207a75d7aa1ae77cad593fae4\" >\n\t\t\t<h1 class=\"fw-special-title\">Grues et plates-formes de chargement<\/h1>\n\t\n\t\n\t\t\t<div class=\"fw-special-subtitle\">Une grue ou une plate-forme de chargement pour votre fourgon ?<\/div>\n\t<\/div><div class=\"fw-divider-space space-sm  clearfix\"  ><\/div><div class=\"fw-text-box tf-sh-a819b96d2e78b8b1628ce45cfce60745 \" >\n\t<div class=\"fw-text-inner\">\n\t\t<p>Alfa Equipments installe une grue ou une plate-forme de chargement sur votre fourgon pour vous permettre de charger et de d\u00e9charger des charges lourdes ou difficilement maniables.<\/p>\n\t<\/div>\n<\/div>\t\t<\/div>\n\t<\/div>\n<\/div><\/div>\n\n<div class=\"fw-row\">\n\t<div id=\"column-6a09695b24b77\" class=\"fw-col-md-12 fw-col-lg-8 tf-sh-6d184b9e523216fad30e20b8aa787929\" >\n\t<div class=\"fw-wrap-col-inner clearfix  \"   >\n\t\t\t\t<div class=\"fw-col-inner\">\n\t\t\t<div class=\"fw-heading fw-heading-left  tf-sh-6ce09d177fc4c64cfff9d47570d0adf6\" >\n\t\t\t<h2 class=\"fw-special-title\">Grues de chargement<\/h2>\n\t\n\t\n\t<\/div><div class=\"fw-text-box tf-sh-7c575fdf9a2bc54ad6d7e472c9a5dc0c \" >\n\t<div class=\"fw-text-inner\">\n\t\t<p>Notre gamme de grues Swing Lift pour fourgons comprend des mod\u00e8les d'une capacit\u00e9 de base de 100 kg avec des longueurs de bras de grue personnalis\u00e9es pour les petits chariots, ainsi que des mod\u00e8les poss\u00e9dant une port\u00e9e de plus de quatre m\u00e8tres et des capacit\u00e9s de levage de plus de 2 000 kg.<\/p>\n<p>M\u00eame si ces grues sont d\u00e9j\u00e0 tr\u00e8s bien \u00e9quip\u00e9es, vous pouvez les personnaliser gr\u00e2ce \u00e0 notre vaste liste d'options :<\/p>\n<ul>\n<li>Orientation manuelle ou hydraulique<\/li>\n<li>T\u00e9l\u00e9commande sans fil<\/li>\n<li>C\u00e2bles plus longs pour les piliers ou d'autres longueurs<\/li>\n<li>Treuils hydrauliques ou \u00e9lectriques<\/li>\n<\/ul>\n<p>Nos grues Swing Lift sont particuli\u00e8rement adapt\u00e9es aux camionnettes, aux v\u00e9hicules \u00e0 carrosserie ouverte, aux remorques \u00e0 plateau ou aux fourgonnettes. Elles constituent un outil fiable \u00e0 la durabilit\u00e9 \u00e9prouv\u00e9e.<\/p>\n<p>Le nouveau Grid Lift con\u00e7u pour le levage de plaques d'\u00e9gout est particuli\u00e8rement adapt\u00e9 pour nettoyer de mani\u00e8re s\u00fbre et efficace les plaques d'\u00e9gout et les caniveaux le long des routes.<\/p>\n\t<\/div>\n<\/div>\t\t<\/div>\n\t<\/div>\n<\/div><div id=\"column-6a09695b24cc8\" class=\"fw-col-sm-4 tf-sh-3dc730f7f99ed22574940dbaea720d17\" >\n\t<div class=\"fw-wrap-col-inner clearfix  \"   >\n\t\t\t\t<div class=\"fw-col-inner\">\n\t\t\t    <!-- Radius Image -->\n                            <div class=\"fw-block-image-parent fw-overlay-1 fw-block-image-icon   \"              style=\"width: 100%; \">\n                        <a class=\"fw-block-image-child fw-ratio-3-2 fw-ratio-container\"\n               href=\"\/\/alfa-bvba.be\/wp-content\/uploads\/2021\/11\/ML250-Van-Swinglift-Crane-1000x0-c-default.jpg\"\n               data-rel=\"prettyPhoto\"\n               style=\"border-radius: 0px; overflow: hidden;\">\n                <noscript itemscope itemtype=\"https:\/\/schema.org\/ImageObject\" itemprop=\"image\"><img decoding=\"async\" src=\"https:\/\/www.alfa-equipments.be\/wp-content\/uploads\/2021\/11\/ML250-Van-Swinglift-Crane-1000x0-c-default.jpg\"  alt=\"ML250-Van-Swinglift-Crane-1000&#215;0-c-default\" data-maxdpr=\"1.7\" class=\"lazyload\" \/><meta itemprop=\"url\" content=\"https:\/\/www.alfa-equipments.be\/wp-content\/uploads\/2021\/11\/ML250-Van-Swinglift-Crane-1000x0-c-default.jpg\"><meta itemprop=\"width\" content=\"1000\"><meta itemprop=\"height\" content=\"667\"><\/noscript><img decoding=\"async\" src=\"data:image\/gif;base64,R0lGODlhAQABAIAAAAAAAP\/\/\/yH5BAEAAAAALAAAAAABAAEAAAIBRAA7\" data-sizes=\"auto\" data-srcset=\"https:\/\/www.alfa-equipments.be\/wp-content\/uploads\/2021\/11\/ML250-Van-Swinglift-Crane-1000x0-c-default-300x200.jpg 300w, https:\/\/www.alfa-equipments.be\/wp-content\/uploads\/2021\/11\/ML250-Van-Swinglift-Crane-1000x0-c-default-768x512.jpg 768w, https:\/\/www.alfa-equipments.be\/wp-content\/uploads\/2021\/11\/ML250-Van-Swinglift-Crane-1000x0-c-default-18x12.jpg 18w, https:\/\/www.alfa-equipments.be\/wp-content\/uploads\/2021\/11\/ML250-Van-Swinglift-Crane-1000x0-c-default-600x400.jpg 600w, https:\/\/www.alfa-equipments.be\/wp-content\/uploads\/2021\/11\/ML250-Van-Swinglift-Crane-1000x0-c-default-600x400.jpg 600w, https:\/\/www.alfa-equipments.be\/wp-content\/uploads\/2021\/11\/ML250-Van-Swinglift-Crane-1000x0-c-default-270x180.jpg 270w, https:\/\/www.alfa-equipments.be\/wp-content\/uploads\/2021\/11\/ML250-Van-Swinglift-Crane-1000x0-c-default-600x400.jpg 600w, https:\/\/www.alfa-equipments.be\/wp-content\/uploads\/2021\/11\/ML250-Van-Swinglift-Crane-1000x0-c-default-270x180.jpg 270w, https:\/\/www.alfa-equipments.be\/wp-content\/uploads\/2021\/11\/ML250-Van-Swinglift-Crane-1000x0-c-default.jpg 1000w\"   alt=\"ML250-Van-Swinglift-Crane-1000&#215;0-c-default\" data-maxdpr=\"1.7\" class=\"lazyload\" \/>                                                                    <div class=\"fw-block-image-overlay\">\n                        <div class=\"fw-itable\">\n                            <div class=\"fw-icell\">\n                                <i class=\"fw-icon-zoom\"><\/i>\n                            <\/div>\n                        <\/div>\n                    <\/div>\n                            <\/a>\n                    <\/div>\n    <div class=\"fw-divider-space space-sm  clearfix\"  ><\/div>    <!-- Radius Image -->\n                            <div class=\"fw-block-image-parent fw-overlay-1 fw-block-image-icon   \"              style=\"width: 100%; \">\n                        <a class=\"fw-block-image-child fw-ratio-4-3 fw-ratio-container\"\n               href=\"\/\/alfa-bvba.be\/wp-content\/uploads\/2021\/11\/ML250-1-1000x0-c-default.jpg\"\n               data-rel=\"prettyPhoto\"\n               style=\"border-radius: 0px; overflow: hidden;\">\n                <noscript itemscope itemtype=\"https:\/\/schema.org\/ImageObject\" itemprop=\"image\"><img decoding=\"async\" src=\"https:\/\/www.alfa-equipments.be\/wp-content\/uploads\/2021\/11\/ML250-1-1000x0-c-default.jpg\"  alt=\"ML250-1-1000&#215;0-c-default\" data-maxdpr=\"1.7\" class=\"lazyload\" \/><meta itemprop=\"url\" content=\"https:\/\/www.alfa-equipments.be\/wp-content\/uploads\/2021\/11\/ML250-1-1000x0-c-default.jpg\"><meta itemprop=\"width\" content=\"1000\"><meta itemprop=\"height\" content=\"750\"><\/noscript><img decoding=\"async\" src=\"data:image\/gif;base64,R0lGODlhAQABAIAAAAAAAP\/\/\/yH5BAEAAAAALAAAAAABAAEAAAIBRAA7\" data-sizes=\"auto\" data-srcset=\"https:\/\/www.alfa-equipments.be\/wp-content\/uploads\/2021\/11\/ML250-1-1000x0-c-default-300x225.jpg 300w, https:\/\/www.alfa-equipments.be\/wp-content\/uploads\/2021\/11\/ML250-1-1000x0-c-default-768x576.jpg 768w, https:\/\/www.alfa-equipments.be\/wp-content\/uploads\/2021\/11\/ML250-1-1000x0-c-default-16x12.jpg 16w, https:\/\/www.alfa-equipments.be\/wp-content\/uploads\/2021\/11\/ML250-1-1000x0-c-default-393x295.jpg 393w, https:\/\/www.alfa-equipments.be\/wp-content\/uploads\/2021\/11\/ML250-1-1000x0-c-default-786x590.jpg 786w, https:\/\/www.alfa-equipments.be\/wp-content\/uploads\/2021\/11\/ML250-1-1000x0-c-default-600x450.jpg 600w, https:\/\/www.alfa-equipments.be\/wp-content\/uploads\/2021\/11\/ML250-1-1000x0-c-default-270x203.jpg 270w, https:\/\/www.alfa-equipments.be\/wp-content\/uploads\/2021\/11\/ML250-1-1000x0-c-default-600x450.jpg 600w, https:\/\/www.alfa-equipments.be\/wp-content\/uploads\/2021\/11\/ML250-1-1000x0-c-default-270x203.jpg 270w, https:\/\/www.alfa-equipments.be\/wp-content\/uploads\/2021\/11\/ML250-1-1000x0-c-default.jpg 1000w\"   alt=\"ML250-1-1000&#215;0-c-default\" data-maxdpr=\"1.7\" class=\"lazyload\" \/>                                                                    <div class=\"fw-block-image-overlay\">\n                        <div class=\"fw-itable\">\n                            <div class=\"fw-icell\">\n                                <i class=\"fw-icon-zoom\"><\/i>\n                            <\/div>\n                        <\/div>\n                    <\/div>\n                            <\/a>\n                    <\/div>\n    \t\t<\/div>\n\t<\/div>\n<\/div><\/div>\n\n<div class=\"fw-row\">\n\t<div id=\"column-6a09695b256a8\" class=\"fw-col-sm-12 tf-sh-8367d3712dcc02a9c70c5bd661eb022c\" >\n\t<div class=\"fw-wrap-col-inner clearfix  \"   >\n\t\t\t\t<div class=\"fw-col-inner\">\n\t\t\t<div class=\"fw-divider-space space-sm  clearfix\"  ><\/div>\t\t<\/div>\n\t<\/div>\n<\/div><\/div>\n\n<div class=\"fw-row\">\n\t<div id=\"column-6a09695b25831\" class=\"fw-col-sm-4 tf-sh-5b8c2fe4540fbf84c21366705dc50fe3\" >\n\t<div class=\"fw-wrap-col-inner clearfix  \"   >\n\t\t\t\t<div class=\"fw-col-inner\">\n\t\t\t    <!-- Radius Image -->\n                            <div class=\"fw-block-image-parent fw-overlay-1 fw-block-image-icon   \"              style=\"width: 100%; \">\n                        <a class=\"fw-block-image-child fw-noratio fw-ratio-container\"\n               href=\"\/\/alfa-bvba.be\/wp-content\/uploads\/2021\/11\/Plateau1.jpg\"\n               data-rel=\"prettyPhoto\"\n               style=\"border-radius: 0px; overflow: hidden;\">\n                <noscript itemscope itemtype=\"https:\/\/schema.org\/ImageObject\" itemprop=\"image\"><img decoding=\"async\" src=\"https:\/\/www.alfa-equipments.be\/wp-content\/uploads\/2021\/11\/Plateau1.jpg\"  alt=\"Plateau1\" data-maxdpr=\"1.7\" class=\"lazyload\" \/><meta itemprop=\"url\" content=\"https:\/\/www.alfa-equipments.be\/wp-content\/uploads\/2021\/11\/Plateau1.jpg\"><meta itemprop=\"width\" content=\"400\"><meta itemprop=\"height\" content=\"484\"><\/noscript><img decoding=\"async\" src=\"data:image\/gif;base64,R0lGODlhAQABAIAAAAAAAP\/\/\/yH5BAEAAAAALAAAAAABAAEAAAIBRAA7\" data-sizes=\"auto\" data-srcset=\"https:\/\/www.alfa-equipments.be\/wp-content\/uploads\/2021\/11\/Plateau1.jpg\"   alt=\"Plateau1\" data-maxdpr=\"1.7\" class=\"lazyload\" \/><span class=\"fw-after-no-ratio\" style=\"padding-bottom: 121%\"><\/span>                                                                    <div class=\"fw-block-image-overlay\">\n                        <div class=\"fw-itable\">\n                            <div class=\"fw-icell\">\n                                <i class=\"fw-icon-zoom\"><\/i>\n                            <\/div>\n                        <\/div>\n                    <\/div>\n                            <\/a>\n                    <\/div>\n    \t\t<\/div>\n\t<\/div>\n<\/div><div id=\"column-6a09695b25b27\" class=\"fw-col-md-12 fw-col-lg-8 tf-sh-79b00d31f7548aabde6f3b406c55ef87\" >\n\t<div class=\"fw-wrap-col-inner clearfix  \"   >\n\t\t\t\t<div class=\"fw-col-inner\">\n\t\t\t<div class=\"fw-heading fw-heading-left  tf-sh-16f8f313d8cd504d513509b4bb09e981\" >\n\t\t\t<h2 class=\"fw-special-title\">Plates-formes de chargement<\/h2>\n\t\n\t\n\t<\/div><div class=\"fw-text-box tf-sh-3b963fd9607d6bde95f64c9832520ff1 \" >\n\t<div class=\"fw-text-inner\">\n\t\t<p>Cette vaste s\u00e9rie de plates-formes de charge garantit des capacit\u00e9s allant de 250 kg \u00e0 500 kg. Nous installons souvent le Load Lift sp\u00e9cialement adapt\u00e9 au chargement et au d\u00e9chargement des conteneurs \u00e0 courrier.<\/p>\n<p>Le Side Lift est utilis\u00e9 par les autorit\u00e9s locales et, par exemple, par les fabricants de pneus pour effectuer des livraisons en bord de route.<\/p>\n<p>L'\u00e9l\u00e9vateur \u00e0 marches simples et multiples remplace le marchepied \u00e0 l'entr\u00e9e arri\u00e8re et s'adapte \u00e0 la plupart des fourgons. Le hayon \u00e9l\u00e9vateur Easyloader est adapt\u00e9 aux pick-ups et garantit une capacit\u00e9 de levage de pas moins de 500 kg.<\/p>\n\t<\/div>\n<\/div>\t\t<\/div>\n\t<\/div>\n<\/div><\/div>\n\n<div class=\"fw-row\">\n\t<div id=\"column-6a09695b25d01\" class=\"fw-col-sm-12 tf-sh-8367d3712dcc02a9c70c5bd661eb022c\" >\n\t<div class=\"fw-wrap-col-inner clearfix  \"   >\n\t\t\t\t<div class=\"fw-col-inner\">\n\t\t\t<div class=\"fw-divider-space space-sm  clearfix\"  ><\/div>\t\t<\/div>\n\t<\/div>\n<\/div><\/div>\n\n\t<\/div>\n\t<\/section><\/p>\n","protected":false},"excerpt":{"rendered":"<p>Home Grues et plates-formes de chargement Une grue ou une plate-forme de chargement pour votre fourgon ? Alfa Equipments installe une grue ou une plate-forme de chargement sur votre fourgon pour vous permettre de charger et de d\u00e9charger des charges lourdes ou difficilement maniables. Grues de chargement Notre gamme de grues Swing Lift pour fourgons [&hellip;]<\/p>\n","protected":false},"author":1,"featured_media":0,"parent":4095,"menu_order":0,"comment_status":"closed","ping_status":"closed","template":"visual-builder-template.php","meta":{"_acf_changed":false,"ngg_post_thumbnail":0,"footnotes":""},"class_list":["post-4146","page","type-page","status-publish","hentry"],"acf":[],"yoast_head":"<!-- This site is optimized with the Yoast SEO plugin v25.3.1 - https:\/\/yoast.com\/wordpress\/plugins\/seo\/ -->\n<title>Grues de chargement - Alfa Equipments<\/title>\n<meta name=\"description\" content=\"Alfa Equipments installe une grue ou une plate-forme de chargement sur votre fourgon pour vous permettre de charger et de d\u00e9charger des charges lourdes ou difficilement maniables.\" \/>\n<meta name=\"robots\" content=\"index, follow, max-snippet:-1, max-image-preview:large, max-video-preview:-1\" \/>\n<link rel=\"canonical\" href=\"https:\/\/www.alfa-equipments.be\/fr\/amenagement-du-fourgon\/grues-de-chargement\/\" \/>\n<meta property=\"og:locale\" content=\"fr_FR\" \/>\n<meta property=\"og:type\" content=\"article\" \/>\n<meta property=\"og:title\" content=\"Grues de chargement - Alfa Equipments\" \/>\n<meta property=\"og:description\" content=\"Alfa Equipments installe une grue ou une plate-forme de chargement sur votre fourgon pour vous permettre de charger et de d\u00e9charger des charges lourdes ou difficilement maniables.\" \/>\n<meta property=\"og:url\" content=\"https:\/\/www.alfa-equipments.be\/fr\/amenagement-du-fourgon\/grues-de-chargement\/\" \/>\n<meta property=\"og:site_name\" content=\"Alfa Equipments\" \/>\n<meta property=\"article:modified_time\" content=\"2021-12-21T16:10:07+00:00\" \/>\n<meta property=\"og:image\" content=\"https:\/\/alfa-bvba.be\/wp-content\/uploads\/2021\/11\/ML250-Van-Swinglift-Crane-1000x0-c-default.jpg\" \/>\n<meta name=\"twitter:card\" content=\"summary_large_image\" \/>\n<meta name=\"twitter:label1\" content=\"Dur\u00e9e de lecture estim\u00e9e\" \/>\n\t<meta name=\"twitter:data1\" content=\"2 minutes\" \/>\n<script type=\"application\/ld+json\" class=\"yoast-schema-graph\">{\"@context\":\"https:\/\/schema.org\",\"@graph\":[{\"@type\":\"WebPage\",\"@id\":\"https:\/\/www.alfa-equipments.be\/fr\/amenagement-du-fourgon\/grues-de-chargement\/\",\"url\":\"https:\/\/www.alfa-equipments.be\/fr\/amenagement-du-fourgon\/grues-de-chargement\/\",\"name\":\"Grues de chargement - Alfa Equipments\",\"isPartOf\":{\"@id\":\"https:\/\/www.alfa-equipments.be\/#website\"},\"primaryImageOfPage\":{\"@id\":\"https:\/\/www.alfa-equipments.be\/fr\/amenagement-du-fourgon\/grues-de-chargement\/#primaryimage\"},\"image\":{\"@id\":\"https:\/\/www.alfa-equipments.be\/fr\/amenagement-du-fourgon\/grues-de-chargement\/#primaryimage\"},\"thumbnailUrl\":\"https:\/\/alfa-bvba.be\/wp-content\/uploads\/2021\/11\/ML250-Van-Swinglift-Crane-1000x0-c-default.jpg\",\"datePublished\":\"2021-12-21T12:26:49+00:00\",\"dateModified\":\"2021-12-21T16:10:07+00:00\",\"description\":\"Alfa Equipments installe une grue ou une plate-forme de chargement sur votre fourgon pour vous permettre de charger et de d\u00e9charger des charges lourdes ou difficilement maniables.\",\"breadcrumb\":{\"@id\":\"https:\/\/www.alfa-equipments.be\/fr\/amenagement-du-fourgon\/grues-de-chargement\/#breadcrumb\"},\"inLanguage\":\"fr-FR\",\"potentialAction\":[{\"@type\":\"ReadAction\",\"target\":[\"https:\/\/www.alfa-equipments.be\/fr\/amenagement-du-fourgon\/grues-de-chargement\/\"]}]},{\"@type\":\"ImageObject\",\"inLanguage\":\"fr-FR\",\"@id\":\"https:\/\/www.alfa-equipments.be\/fr\/amenagement-du-fourgon\/grues-de-chargement\/#primaryimage\",\"url\":\"https:\/\/alfa-bvba.be\/wp-content\/uploads\/2021\/11\/ML250-Van-Swinglift-Crane-1000x0-c-default.jpg\",\"contentUrl\":\"https:\/\/alfa-bvba.be\/wp-content\/uploads\/2021\/11\/ML250-Van-Swinglift-Crane-1000x0-c-default.jpg\"},{\"@type\":\"BreadcrumbList\",\"@id\":\"https:\/\/www.alfa-equipments.be\/fr\/amenagement-du-fourgon\/grues-de-chargement\/#breadcrumb\",\"itemListElement\":[{\"@type\":\"ListItem\",\"position\":1,\"name\":\"Home\",\"item\":\"https:\/\/www.alfa-equipments.be\/\"},{\"@type\":\"ListItem\",\"position\":2,\"name\":\"Am\u00e9nagement du fourgon\",\"item\":\"https:\/\/www.alfa-equipments.be\/fr\/amenagement-du-fourgon\/\"},{\"@type\":\"ListItem\",\"position\":3,\"name\":\"Grues de chargement\"}]},{\"@type\":\"WebSite\",\"@id\":\"https:\/\/www.alfa-equipments.be\/#website\",\"url\":\"https:\/\/www.alfa-equipments.be\/\",\"name\":\"Alfa Equipments\",\"description\":\"Wij maken je bestelwagen volledig werkbaar!\",\"potentialAction\":[{\"@type\":\"SearchAction\",\"target\":{\"@type\":\"EntryPoint\",\"urlTemplate\":\"https:\/\/www.alfa-equipments.be\/?s={search_term_string}\"},\"query-input\":{\"@type\":\"PropertyValueSpecification\",\"valueRequired\":true,\"valueName\":\"search_term_string\"}}],\"inLanguage\":\"fr-FR\"}]}<\/script>\n<!-- \/ Yoast SEO plugin. -->","yoast_head_json":{"title":"Grues de chargement - Alfa Equipments","description":"Alfa Equipments installe une grue ou une plate-forme de chargement sur votre fourgon pour vous permettre de charger et de d\u00e9charger des charges lourdes ou difficilement maniables.","robots":{"index":"index","follow":"follow","max-snippet":"max-snippet:-1","max-image-preview":"max-image-preview:large","max-video-preview":"max-video-preview:-1"},"canonical":"https:\/\/www.alfa-equipments.be\/fr\/amenagement-du-fourgon\/grues-de-chargement\/","og_locale":"fr_FR","og_type":"article","og_title":"Grues de chargement - Alfa Equipments","og_description":"Alfa Equipments installe une grue ou une plate-forme de chargement sur votre fourgon pour vous permettre de charger et de d\u00e9charger des charges lourdes ou difficilement maniables.","og_url":"https:\/\/www.alfa-equipments.be\/fr\/amenagement-du-fourgon\/grues-de-chargement\/","og_site_name":"Alfa Equipments","article_modified_time":"2021-12-21T16:10:07+00:00","og_image":[{"url":"https:\/\/alfa-bvba.be\/wp-content\/uploads\/2021\/11\/ML250-Van-Swinglift-Crane-1000x0-c-default.jpg","type":"","width":"","height":""}],"twitter_card":"summary_large_image","twitter_misc":{"Dur\u00e9e de lecture estim\u00e9e":"2 minutes"},"schema":{"@context":"https:\/\/schema.org","@graph":[{"@type":"WebPage","@id":"https:\/\/www.alfa-equipments.be\/fr\/amenagement-du-fourgon\/grues-de-chargement\/","url":"https:\/\/www.alfa-equipments.be\/fr\/amenagement-du-fourgon\/grues-de-chargement\/","name":"Grues de chargement - Alfa Equipments","isPartOf":{"@id":"https:\/\/www.alfa-equipments.be\/#website"},"primaryImageOfPage":{"@id":"https:\/\/www.alfa-equipments.be\/fr\/amenagement-du-fourgon\/grues-de-chargement\/#primaryimage"},"image":{"@id":"https:\/\/www.alfa-equipments.be\/fr\/amenagement-du-fourgon\/grues-de-chargement\/#primaryimage"},"thumbnailUrl":"https:\/\/alfa-bvba.be\/wp-content\/uploads\/2021\/11\/ML250-Van-Swinglift-Crane-1000x0-c-default.jpg","datePublished":"2021-12-21T12:26:49+00:00","dateModified":"2021-12-21T16:10:07+00:00","description":"Alfa Equipments installe une grue ou une plate-forme de chargement sur votre fourgon pour vous permettre de charger et de d\u00e9charger des charges lourdes ou difficilement maniables.","breadcrumb":{"@id":"https:\/\/www.alfa-equipments.be\/fr\/amenagement-du-fourgon\/grues-de-chargement\/#breadcrumb"},"inLanguage":"fr-FR","potentialAction":[{"@type":"ReadAction","target":["https:\/\/www.alfa-equipments.be\/fr\/amenagement-du-fourgon\/grues-de-chargement\/"]}]},{"@type":"ImageObject","inLanguage":"fr-FR","@id":"https:\/\/www.alfa-equipments.be\/fr\/amenagement-du-fourgon\/grues-de-chargement\/#primaryimage","url":"https:\/\/alfa-bvba.be\/wp-content\/uploads\/2021\/11\/ML250-Van-Swinglift-Crane-1000x0-c-default.jpg","contentUrl":"https:\/\/alfa-bvba.be\/wp-content\/uploads\/2021\/11\/ML250-Van-Swinglift-Crane-1000x0-c-default.jpg"},{"@type":"BreadcrumbList","@id":"https:\/\/www.alfa-equipments.be\/fr\/amenagement-du-fourgon\/grues-de-chargement\/#breadcrumb","itemListElement":[{"@type":"ListItem","position":1,"name":"Home","item":"https:\/\/www.alfa-equipments.be\/"},{"@type":"ListItem","position":2,"name":"Am\u00e9nagement du fourgon","item":"https:\/\/www.alfa-equipments.be\/fr\/amenagement-du-fourgon\/"},{"@type":"ListItem","position":3,"name":"Grues de chargement"}]},{"@type":"WebSite","@id":"https:\/\/www.alfa-equipments.be\/#website","url":"https:\/\/www.alfa-equipments.be\/","name":"Alfa Equipments","description":"Wij maken je bestelwagen volledig werkbaar!","potentialAction":[{"@type":"SearchAction","target":{"@type":"EntryPoint","urlTemplate":"https:\/\/www.alfa-equipments.be\/?s={search_term_string}"},"query-input":{"@type":"PropertyValueSpecification","valueRequired":true,"valueName":"search_term_string"}}],"inLanguage":"fr-FR"}]}},"_links":{"self":[{"href":"https:\/\/www.alfa-equipments.be\/fr\/wp-json\/wp\/v2\/pages\/4146","targetHints":{"allow":["GET"]}}],"collection":[{"href":"https:\/\/www.alfa-equipments.be\/fr\/wp-json\/wp\/v2\/pages"}],"about":[{"href":"https:\/\/www.alfa-equipments.be\/fr\/wp-json\/wp\/v2\/types\/page"}],"author":[{"embeddable":true,"href":"https:\/\/www.alfa-equipments.be\/fr\/wp-json\/wp\/v2\/users\/1"}],"replies":[{"embeddable":true,"href":"https:\/\/www.alfa-equipments.be\/fr\/wp-json\/wp\/v2\/comments?post=4146"}],"version-history":[{"count":5,"href":"https:\/\/www.alfa-equipments.be\/fr\/wp-json\/wp\/v2\/pages\/4146\/revisions"}],"predecessor-version":[{"id":4332,"href":"https:\/\/www.alfa-equipments.be\/fr\/wp-json\/wp\/v2\/pages\/4146\/revisions\/4332"}],"up":[{"embeddable":true,"href":"https:\/\/www.alfa-equipments.be\/fr\/wp-json\/wp\/v2\/pages\/4095"}],"wp:attachment":[{"href":"https:\/\/www.alfa-equipments.be\/fr\/wp-json\/wp\/v2\/media?parent=4146"}],"curies":[{"name":"wp","href":"https:\/\/api.w.org\/{rel}","templated":true}]}}