{"id":4143,"date":"2021-12-21T13:27:28","date_gmt":"2021-12-21T12:27:28","guid":{"rendered":"https:\/\/alfa-bvba.be\/test-page-1\/test15\/"},"modified":"2025-02-19T12:21:22","modified_gmt":"2025-02-19T11:21:22","slug":"etageres-pliantes","status":"publish","type":"page","link":"https:\/\/www.alfa-equipments.be\/fr\/amenagement-du-fourgon\/etageres-pliantes\/","title":{"rendered":"\u00c9tag\u00e8res pliantes"},"content":{"rendered":"<p><section   class=\"fw-main-row-custom fw-main-row-top fw-section-no-padding  auto  fw-section-position-back tf-sh-05d047573308ec816ae7a699ff52015c\"    >\n\t\t\t<div class=\"fw-container\" >\n\t\t<div class=\"fw-row\">\n\t<div id=\"column-6a0969f980c33\" class=\"fw-col-sm-12 tf-sh-1d9873ea1b725f8415197a22481f61c9 breadcrumbs-section\" >\n\t<div class=\"fw-wrap-col-inner clearfix  \"   >\n\t\t\t\t<div class=\"fw-col-inner\">\n\t\t\t<div class=\"shortcode-widget-area col-sm-12 fw-sidebar \" >\n\t<div class=\"fw-col-inner\">\n\t\t<aside id=\"bcn_widget-2\" class=\"widget widget_breadcrumb_navxt\"><div class=\"breadcrumbs\" vocab=\"https:\/\/schema.org\/\" typeof=\"BreadcrumbList\"><!-- Breadcrumb NavXT 7.4.1 -->\n<span property=\"itemListElement\" typeof=\"ListItem\"><a property=\"item\" typeof=\"WebPage\" title=\"Go to Alfa Equipments.\" href=\"https:\/\/www.alfa-equipments.be\/fr\/\" class=\"home\" aria-current=\"page\"><span property=\"name\">Home<\/span><\/a><meta property=\"position\" content=\"1\"><\/span><\/div><\/aside>\t<\/div>\n<\/div>\t\t<\/div>\n\t<\/div>\n<\/div><\/div>\n\n\t<\/div>\n\t<\/section><section   class=\"fw-main-row-custom fw-section-no-padding  auto  fw-section-position-back tf-sh-e91c88399f0e0daaa4d1da0736a10651\"    >\n\t\t\t<div class=\"fw-container\" >\n\t\t<div class=\"fw-row\">\n\t<div id=\"column-6a0969f981391\" class=\"fw-col-sm-12 tf-sh-90cdbdc5add2b62f87601a73d0d44ea3\" >\n\t<div class=\"fw-wrap-col-inner clearfix  \"   >\n\t\t\t\t<div class=\"fw-col-inner\">\n\t\t\t<div class=\"fw-heading fw-heading-left  fw-heading-with-subtitle tf-sh-8ddae26207a75d7aa1ae77cad593fae4\" >\n\t\t\t<h1 class=\"fw-special-title\">\u00c9tag\u00e8res rabattables<\/h1>\n\t\n\t\n\t\t\t<div class=\"fw-special-subtitle\">Optimisez votre espace<\/div>\n\t<\/div><div class=\"fw-divider-space  fw-custom-space  clearfix\" style=\"height:15px;\" ><\/div><div class=\"fw-text-box tf-sh-32842a97876a2fb1514916775caac693 \" >\n\t<div class=\"fw-text-inner\">\n\t\t<p>Ces nouvelles \u00e9tag\u00e8res rabattables r\u00e9volutionnent le travail de tous ceux qui utilisent leur fourgon pour collecter et distribuer du courrier, des colis et des bo\u00eetes de porte \u00e0 porte, et de tous ceux qui recherchent un espace de chargement flexible!<\/p>\n\t<\/div>\n<\/div>\t\t<\/div>\n\t<\/div>\n<\/div><\/div>\n\n\t<\/div>\n\t<\/section><section   class=\"fw-main-row-custom  auto  fw-section-position-back tf-sh-e525d92febfed026f2b21456561cfc04\"    >\n\t\t\t<div class=\"fw-container\" >\n\t\t<div class=\"fw-row\">\n\t<div id=\"column-6a0969f9816e5\" class=\"fw-col-sm-6 tf-sh-b331e3943a5817c65e5bb0c706dcd61f\" >\n\t<div class=\"fw-wrap-col-inner clearfix  \"   >\n\t\t\t\t<div class=\"fw-col-inner\">\n\t\t\t<div class=\"fw-text-box tf-sh-797085b29a739d0e497b88314139d7b3 \" >\n\t<div class=\"fw-text-inner\">\n\t\t<p><strong>Flexibilit\u00e9<\/strong><\/p>\n<p>Les \u00e9tag\u00e8res sont l\u00e9g\u00e8rement inclin\u00e9es vers le mur, ce qui augmente la stabilit\u00e9 des objets qui y sont entrepos\u00e9s. Cependant, les paquets peuvent \u00e9galement \u00eatre s\u00e9curis\u00e9s lors du trajet \u00e0 l\u2019aide de sangles de fixation attach\u00e9es \u00e0 des rails m\u00e9talliques au bas des \u00e9tag\u00e8res et entre les montants.<\/p>\n<p>La construction montant + \u00e9tag\u00e8re est particuli\u00e8rement l\u00e9g\u00e8re gr\u00e2ce \u00e0 une conception intelligente et \u00e0 l'utilisation de mat\u00e9riaux soigneusement s\u00e9lectionn\u00e9s.<\/p>\n<p>L\u2019\u00e9tag\u00e8re se plie en un tournemain! Il suffit de la tourner vers l'ext\u00e9rieur et vers le bas. L'\u00e9tag\u00e8re se verrouille en place \u00e0 un angle inf\u00e9rieur \u00e0 90\u00b0 par rapport au mur. Pour replier l'\u00e9tag\u00e8re, vous devez effectuer le mouvement inverse: tourner l'\u00e9tag\u00e8re vers le haut et vers l'int\u00e9rieur jusqu'\u00e0 ce qu'elle se verrouille fermement en place. Un dernier clic montre que l'\u00e9tag\u00e8re est correctement ferm\u00e9e.<\/p>\n<p>Chaque \u00e9tag\u00e8re est pr\u00e9vu de deux ressorts \u00e0 gaz et a une capacit\u00e9 de 90kg.&nbsp;<\/p>\n\t<\/div>\n<\/div>\t\t<\/div>\n\t<\/div>\n<\/div><div id=\"column-6a0969f9817e1\" class=\"fw-col-sm-6 tf-sh-2c74e5311ca75d5cde61c6cf4ba27332\" >\n\t<div class=\"fw-wrap-col-inner clearfix  \"   >\n\t\t\t\t<div class=\"fw-col-inner\">\n\t\t\t\t<div class=\"fw-slider hide-elements tf-sh-26e87fd1a490a333064a13bb426b8a0c \" >\n\t\t<div class=\"fw-slider-container clearfix\" id=\"slider-26e87fd1a490a333064a13bb426b8a0c\" data-play=\"true\" data-timeoutDuration=\"5000\" data-pause=\"false\" data-animation=\"crossfade\" data-duration=\"300\">\n\t\t\t\t\t\t\t\t\t\t\t\t\t\t\t\t\t<div class=\"fw-ratio-container fw-ratio-1\">\n\t\t\t\t\t\t<div class=\"fw-slider-item\">\n\t\t\t\t\t\t\t<noscript itemscope itemtype=\"https:\/\/schema.org\/ImageObject\" itemprop=\"image\"><img decoding=\"async\" src=\"https:\/\/www.alfa-equipments.be\/wp-content\/uploads\/2025\/02\/HR-opklapbare-rekken-nieuw-1-Vierkant-scaled.jpg\"  alt=\"HR &#8211; opklapbare rekken nieuw (1) &#8211; Vierkant\" data-maxdpr=\"1.7\" class=\"attachment-post-thumbnail lazyload\" \/><meta itemprop=\"url\" content=\"https:\/\/www.alfa-equipments.be\/wp-content\/uploads\/2025\/02\/HR-opklapbare-rekken-nieuw-1-Vierkant-scaled.jpg\"><meta itemprop=\"width\" content=\"2560\"><meta itemprop=\"height\" content=\"2560\"><\/noscript><img decoding=\"async\" src=\"data:image\/gif;base64,R0lGODlhAQABAIAAAAAAAP\/\/\/yH5BAEAAAAALAAAAAABAAEAAAIBRAA7\" data-sizes=\"auto\" data-srcset=\"https:\/\/www.alfa-equipments.be\/wp-content\/uploads\/2025\/02\/HR-opklapbare-rekken-nieuw-1-Vierkant-300x300.jpg 300w, https:\/\/www.alfa-equipments.be\/wp-content\/uploads\/2025\/02\/HR-opklapbare-rekken-nieuw-1-Vierkant-1024x1024.jpg 1024w, https:\/\/www.alfa-equipments.be\/wp-content\/uploads\/2025\/02\/HR-opklapbare-rekken-nieuw-1-Vierkant-150x150.jpg 150w, https:\/\/www.alfa-equipments.be\/wp-content\/uploads\/2025\/02\/HR-opklapbare-rekken-nieuw-1-Vierkant-768x768.jpg 768w, https:\/\/www.alfa-equipments.be\/wp-content\/uploads\/2025\/02\/HR-opklapbare-rekken-nieuw-1-Vierkant-1536x1536.jpg 1536w, https:\/\/www.alfa-equipments.be\/wp-content\/uploads\/2025\/02\/HR-opklapbare-rekken-nieuw-1-Vierkant-2048x2048.jpg 2048w, https:\/\/www.alfa-equipments.be\/wp-content\/uploads\/2025\/02\/HR-opklapbare-rekken-nieuw-1-Vierkant-800x800.jpg 800w, https:\/\/www.alfa-equipments.be\/wp-content\/uploads\/2025\/02\/HR-opklapbare-rekken-nieuw-1-Vierkant-300x300.jpg 300w, https:\/\/www.alfa-equipments.be\/wp-content\/uploads\/2025\/02\/HR-opklapbare-rekken-nieuw-1-Vierkant-300x300.jpg 300w, https:\/\/www.alfa-equipments.be\/wp-content\/uploads\/2025\/02\/HR-opklapbare-rekken-nieuw-1-Vierkant-600x600.jpg 600w, https:\/\/www.alfa-equipments.be\/wp-content\/uploads\/2025\/02\/HR-opklapbare-rekken-nieuw-1-Vierkant-270x270.jpg 270w, https:\/\/www.alfa-equipments.be\/wp-content\/uploads\/2025\/02\/HR-opklapbare-rekken-nieuw-1-Vierkant-scaled.jpg 2560w\"   alt=\"HR &#8211; opklapbare rekken nieuw (1) &#8211; Vierkant\" data-maxdpr=\"1.7\" class=\"attachment-post-thumbnail lazyload\" \/>\t\t\t\t\t\t\t\t\t\t\t\t\t<\/div>\n\t\t\t\t\t<\/div>\n\t\t\t\t\t\t\t\t\t\t\t\t\t\t\t\t\t\t\t\t\t<div class=\"fw-ratio-container fw-ratio-1\">\n\t\t\t\t\t\t<div class=\"fw-slider-item\">\n\t\t\t\t\t\t\t<noscript itemscope itemtype=\"https:\/\/schema.org\/ImageObject\" itemprop=\"image\"><img decoding=\"async\" src=\"https:\/\/www.alfa-equipments.be\/wp-content\/uploads\/2025\/02\/HR-opklapbare-rekken-nieuw-3-Vierkant-scaled.jpg\"  alt=\"HR &#8211; opklapbare rekken nieuw (3) &#8211; Vierkant\" data-maxdpr=\"1.7\" class=\"attachment-post-thumbnail lazyload\" \/><meta itemprop=\"url\" content=\"https:\/\/www.alfa-equipments.be\/wp-content\/uploads\/2025\/02\/HR-opklapbare-rekken-nieuw-3-Vierkant-scaled.jpg\"><meta itemprop=\"width\" content=\"2560\"><meta itemprop=\"height\" content=\"2560\"><\/noscript><img decoding=\"async\" src=\"data:image\/gif;base64,R0lGODlhAQABAIAAAAAAAP\/\/\/yH5BAEAAAAALAAAAAABAAEAAAIBRAA7\" data-sizes=\"auto\" data-srcset=\"https:\/\/www.alfa-equipments.be\/wp-content\/uploads\/2025\/02\/HR-opklapbare-rekken-nieuw-3-Vierkant-300x300.jpg 300w, https:\/\/www.alfa-equipments.be\/wp-content\/uploads\/2025\/02\/HR-opklapbare-rekken-nieuw-3-Vierkant-1024x1024.jpg 1024w, https:\/\/www.alfa-equipments.be\/wp-content\/uploads\/2025\/02\/HR-opklapbare-rekken-nieuw-3-Vierkant-150x150.jpg 150w, https:\/\/www.alfa-equipments.be\/wp-content\/uploads\/2025\/02\/HR-opklapbare-rekken-nieuw-3-Vierkant-768x768.jpg 768w, https:\/\/www.alfa-equipments.be\/wp-content\/uploads\/2025\/02\/HR-opklapbare-rekken-nieuw-3-Vierkant-1536x1536.jpg 1536w, https:\/\/www.alfa-equipments.be\/wp-content\/uploads\/2025\/02\/HR-opklapbare-rekken-nieuw-3-Vierkant-2048x2048.jpg 2048w, https:\/\/www.alfa-equipments.be\/wp-content\/uploads\/2025\/02\/HR-opklapbare-rekken-nieuw-3-Vierkant-800x800.jpg 800w, https:\/\/www.alfa-equipments.be\/wp-content\/uploads\/2025\/02\/HR-opklapbare-rekken-nieuw-3-Vierkant-300x300.jpg 300w, https:\/\/www.alfa-equipments.be\/wp-content\/uploads\/2025\/02\/HR-opklapbare-rekken-nieuw-3-Vierkant-300x300.jpg 300w, https:\/\/www.alfa-equipments.be\/wp-content\/uploads\/2025\/02\/HR-opklapbare-rekken-nieuw-3-Vierkant-600x600.jpg 600w, https:\/\/www.alfa-equipments.be\/wp-content\/uploads\/2025\/02\/HR-opklapbare-rekken-nieuw-3-Vierkant-270x270.jpg 270w, https:\/\/www.alfa-equipments.be\/wp-content\/uploads\/2025\/02\/HR-opklapbare-rekken-nieuw-3-Vierkant-scaled.jpg 2560w\"   alt=\"HR &#8211; opklapbare rekken nieuw (3) &#8211; Vierkant\" data-maxdpr=\"1.7\" class=\"attachment-post-thumbnail lazyload\" \/>\t\t\t\t\t\t\t\t\t\t\t\t\t<\/div>\n\t\t\t\t\t<\/div>\n\t\t\t\t\t\t\t\t\t\t\t\t\t\t\t\t\t\t\t\t\t<div class=\"fw-ratio-container fw-ratio-1\">\n\t\t\t\t\t\t<div class=\"fw-slider-item\">\n\t\t\t\t\t\t\t<noscript itemscope itemtype=\"https:\/\/schema.org\/ImageObject\" itemprop=\"image\"><img decoding=\"async\" src=\"https:\/\/www.alfa-equipments.be\/wp-content\/uploads\/2025\/02\/HR-opklapbare-rekken-nieuw-4-scaled.jpg\"  alt=\"HR &#8211; opklapbare rekken nieuw (4)\" data-maxdpr=\"1.7\" class=\"attachment-post-thumbnail lazyload\" \/><meta itemprop=\"url\" content=\"https:\/\/www.alfa-equipments.be\/wp-content\/uploads\/2025\/02\/HR-opklapbare-rekken-nieuw-4-scaled.jpg\"><meta itemprop=\"width\" content=\"2560\"><meta itemprop=\"height\" content=\"2560\"><\/noscript><img decoding=\"async\" src=\"data:image\/gif;base64,R0lGODlhAQABAIAAAAAAAP\/\/\/yH5BAEAAAAALAAAAAABAAEAAAIBRAA7\" data-sizes=\"auto\" data-srcset=\"https:\/\/www.alfa-equipments.be\/wp-content\/uploads\/2025\/02\/HR-opklapbare-rekken-nieuw-4-300x300.jpg 300w, https:\/\/www.alfa-equipments.be\/wp-content\/uploads\/2025\/02\/HR-opklapbare-rekken-nieuw-4-1024x1024.jpg 1024w, https:\/\/www.alfa-equipments.be\/wp-content\/uploads\/2025\/02\/HR-opklapbare-rekken-nieuw-4-150x150.jpg 150w, https:\/\/www.alfa-equipments.be\/wp-content\/uploads\/2025\/02\/HR-opklapbare-rekken-nieuw-4-768x768.jpg 768w, https:\/\/www.alfa-equipments.be\/wp-content\/uploads\/2025\/02\/HR-opklapbare-rekken-nieuw-4-1536x1536.jpg 1536w, https:\/\/www.alfa-equipments.be\/wp-content\/uploads\/2025\/02\/HR-opklapbare-rekken-nieuw-4-2048x2048.jpg 2048w, https:\/\/www.alfa-equipments.be\/wp-content\/uploads\/2025\/02\/HR-opklapbare-rekken-nieuw-4-800x800.jpg 800w, https:\/\/www.alfa-equipments.be\/wp-content\/uploads\/2025\/02\/HR-opklapbare-rekken-nieuw-4-300x300.jpg 300w, https:\/\/www.alfa-equipments.be\/wp-content\/uploads\/2025\/02\/HR-opklapbare-rekken-nieuw-4-300x300.jpg 300w, https:\/\/www.alfa-equipments.be\/wp-content\/uploads\/2025\/02\/HR-opklapbare-rekken-nieuw-4-600x600.jpg 600w, https:\/\/www.alfa-equipments.be\/wp-content\/uploads\/2025\/02\/HR-opklapbare-rekken-nieuw-4-270x270.jpg 270w, https:\/\/www.alfa-equipments.be\/wp-content\/uploads\/2025\/02\/HR-opklapbare-rekken-nieuw-4-scaled.jpg 2560w\"   alt=\"HR &#8211; opklapbare rekken nieuw (4)\" data-maxdpr=\"1.7\" class=\"attachment-post-thumbnail lazyload\" \/>\t\t\t\t\t\t\t\t\t\t\t\t\t<\/div>\n\t\t\t\t\t<\/div>\n\t\t\t\t\t\t\t\t\t\t\t\t\t\t\t\t\t\t\t\t\t<div class=\"fw-ratio-container fw-ratio-1\">\n\t\t\t\t\t\t<div class=\"fw-slider-item\">\n\t\t\t\t\t\t\t<noscript itemscope itemtype=\"https:\/\/schema.org\/ImageObject\" itemprop=\"image\"><img decoding=\"async\" src=\"https:\/\/www.alfa-equipments.be\/wp-content\/uploads\/2025\/02\/HR-opklapbare-rekken-nieuw-6-Vierkant-scaled.jpg\"  alt=\"HR &#8211; opklapbare rekken nieuw (6) &#8211; Vierkant\" data-maxdpr=\"1.7\" class=\"attachment-post-thumbnail lazyload\" \/><meta itemprop=\"url\" content=\"https:\/\/www.alfa-equipments.be\/wp-content\/uploads\/2025\/02\/HR-opklapbare-rekken-nieuw-6-Vierkant-scaled.jpg\"><meta itemprop=\"width\" content=\"2560\"><meta itemprop=\"height\" content=\"2560\"><\/noscript><img decoding=\"async\" src=\"data:image\/gif;base64,R0lGODlhAQABAIAAAAAAAP\/\/\/yH5BAEAAAAALAAAAAABAAEAAAIBRAA7\" data-sizes=\"auto\" data-srcset=\"https:\/\/www.alfa-equipments.be\/wp-content\/uploads\/2025\/02\/HR-opklapbare-rekken-nieuw-6-Vierkant-300x300.jpg 300w, https:\/\/www.alfa-equipments.be\/wp-content\/uploads\/2025\/02\/HR-opklapbare-rekken-nieuw-6-Vierkant-1024x1024.jpg 1024w, https:\/\/www.alfa-equipments.be\/wp-content\/uploads\/2025\/02\/HR-opklapbare-rekken-nieuw-6-Vierkant-150x150.jpg 150w, https:\/\/www.alfa-equipments.be\/wp-content\/uploads\/2025\/02\/HR-opklapbare-rekken-nieuw-6-Vierkant-768x768.jpg 768w, https:\/\/www.alfa-equipments.be\/wp-content\/uploads\/2025\/02\/HR-opklapbare-rekken-nieuw-6-Vierkant-1536x1536.jpg 1536w, https:\/\/www.alfa-equipments.be\/wp-content\/uploads\/2025\/02\/HR-opklapbare-rekken-nieuw-6-Vierkant-2048x2048.jpg 2048w, https:\/\/www.alfa-equipments.be\/wp-content\/uploads\/2025\/02\/HR-opklapbare-rekken-nieuw-6-Vierkant-800x800.jpg 800w, https:\/\/www.alfa-equipments.be\/wp-content\/uploads\/2025\/02\/HR-opklapbare-rekken-nieuw-6-Vierkant-300x300.jpg 300w, https:\/\/www.alfa-equipments.be\/wp-content\/uploads\/2025\/02\/HR-opklapbare-rekken-nieuw-6-Vierkant-300x300.jpg 300w, https:\/\/www.alfa-equipments.be\/wp-content\/uploads\/2025\/02\/HR-opklapbare-rekken-nieuw-6-Vierkant-600x600.jpg 600w, https:\/\/www.alfa-equipments.be\/wp-content\/uploads\/2025\/02\/HR-opklapbare-rekken-nieuw-6-Vierkant-270x270.jpg 270w, https:\/\/www.alfa-equipments.be\/wp-content\/uploads\/2025\/02\/HR-opklapbare-rekken-nieuw-6-Vierkant-scaled.jpg 2560w\"   alt=\"HR &#8211; opklapbare rekken nieuw (6) &#8211; Vierkant\" data-maxdpr=\"1.7\" class=\"attachment-post-thumbnail lazyload\" \/>\t\t\t\t\t\t\t\t\t\t\t\t\t<\/div>\n\t\t\t\t\t<\/div>\n\t\t\t\t\t\t\t\t\t<\/div>\n\t\t<a class=\"fw-slider-prev\" href=\"#\"><span><\/span><\/a>\n\t\t<a class=\"fw-slider-next\" href=\"#\"><span><\/span><\/a>\n\t\t<div class=\"fw-slider-pagination\"><\/div>\n\t<\/div>\n\t\t<\/div>\n\t<\/div>\n<\/div><\/div>\n\n\t<\/div>\n\t<\/section><section   class=\"fw-main-row  auto  fw-section-position-back\"    >\n\t\t\t<div class=\"fw-container\" >\n\t\t<div class=\"fw-row\">\n\t<div id=\"column-6a0969f9820f7\" class=\"fw-col-sm-12 tf-sh-84cd8085f45289b966c36dde9c2e96d3\" >\n\t<div class=\"fw-wrap-col-inner clearfix  \"   >\n\t\t\t\t<div class=\"fw-col-inner\">\n\t\t\t<div class=\"fw-divider-space space-sm  clearfix\"  ><\/div>\t\t<\/div>\n\t<\/div>\n<\/div><\/div>\n\n\t<\/div>\n\t<\/section><\/p>\n","protected":false},"excerpt":{"rendered":"<p>Home \u00c9tag\u00e8res rabattables Optimisez votre espace Ces nouvelles \u00e9tag\u00e8res rabattables r\u00e9volutionnent le travail de tous ceux qui utilisent leur fourgon pour collecter et distribuer du courrier, des colis et des bo\u00eetes de porte \u00e0 porte, et de tous ceux qui recherchent un espace de chargement flexible! Flexibilit\u00e9 Les \u00e9tag\u00e8res sont l\u00e9g\u00e8rement inclin\u00e9es vers le mur, [&hellip;]<\/p>\n","protected":false},"author":1,"featured_media":0,"parent":4095,"menu_order":0,"comment_status":"closed","ping_status":"closed","template":"visual-builder-template.php","meta":{"_acf_changed":false,"ngg_post_thumbnail":0,"footnotes":""},"class_list":["post-4143","page","type-page","status-publish","hentry"],"acf":[],"yoast_head":"<!-- This site is optimized with the Yoast SEO plugin v25.3.1 - https:\/\/yoast.com\/wordpress\/plugins\/seo\/ -->\n<title>\u00c9tag\u00e8res pliantes - Alfa Equipments<\/title>\n<meta name=\"description\" content=\"Ces nouvelles \u00e9tag\u00e8res pliantes r\u00e9volutionnent le travail de tous ceux qui utilisent leur fourgon pour collecter et distribuer du courrier, des colis et des bo\u00eetes de porte \u00e0 porte, et de tous ceux qui recherchent un espace de chargement flexible !\" \/>\n<meta name=\"robots\" content=\"index, follow, max-snippet:-1, max-image-preview:large, max-video-preview:-1\" \/>\n<link rel=\"canonical\" href=\"https:\/\/www.alfa-equipments.be\/fr\/amenagement-du-fourgon\/etageres-pliantes\/\" \/>\n<meta property=\"og:locale\" content=\"fr_FR\" \/>\n<meta property=\"og:type\" content=\"article\" \/>\n<meta property=\"og:title\" content=\"\u00c9tag\u00e8res pliantes - Alfa Equipments\" \/>\n<meta property=\"og:description\" content=\"Ces nouvelles \u00e9tag\u00e8res pliantes r\u00e9volutionnent le travail de tous ceux qui utilisent leur fourgon pour collecter et distribuer du courrier, des colis et des bo\u00eetes de porte \u00e0 porte, et de tous ceux qui recherchent un espace de chargement flexible !\" \/>\n<meta property=\"og:url\" content=\"https:\/\/www.alfa-equipments.be\/fr\/amenagement-du-fourgon\/etageres-pliantes\/\" \/>\n<meta property=\"og:site_name\" content=\"Alfa Equipments\" \/>\n<meta property=\"article:modified_time\" content=\"2025-02-19T11:21:22+00:00\" \/>\n<meta property=\"og:image\" content=\"https:\/\/www.alfa-equipments.be\/wp-content\/uploads\/2025\/02\/HR-opklapbare-rekken-nieuw-1-Vierkant-scaled.jpg\" \/>\n<meta name=\"twitter:card\" content=\"summary_large_image\" \/>\n<meta name=\"twitter:label1\" content=\"Dur\u00e9e de lecture estim\u00e9e\" \/>\n\t<meta name=\"twitter:data1\" content=\"2 minutes\" \/>\n<script type=\"application\/ld+json\" class=\"yoast-schema-graph\">{\"@context\":\"https:\/\/schema.org\",\"@graph\":[{\"@type\":\"WebPage\",\"@id\":\"https:\/\/www.alfa-equipments.be\/fr\/amenagement-du-fourgon\/etageres-pliantes\/\",\"url\":\"https:\/\/www.alfa-equipments.be\/fr\/amenagement-du-fourgon\/etageres-pliantes\/\",\"name\":\"\u00c9tag\u00e8res pliantes - Alfa Equipments\",\"isPartOf\":{\"@id\":\"https:\/\/www.alfa-equipments.be\/#website\"},\"primaryImageOfPage\":{\"@id\":\"https:\/\/www.alfa-equipments.be\/fr\/amenagement-du-fourgon\/etageres-pliantes\/#primaryimage\"},\"image\":{\"@id\":\"https:\/\/www.alfa-equipments.be\/fr\/amenagement-du-fourgon\/etageres-pliantes\/#primaryimage\"},\"thumbnailUrl\":\"https:\/\/www.alfa-equipments.be\/wp-content\/uploads\/2025\/02\/HR-opklapbare-rekken-nieuw-1-Vierkant-scaled.jpg\",\"datePublished\":\"2021-12-21T12:27:28+00:00\",\"dateModified\":\"2025-02-19T11:21:22+00:00\",\"description\":\"Ces nouvelles \u00e9tag\u00e8res pliantes r\u00e9volutionnent le travail de tous ceux qui utilisent leur fourgon pour collecter et distribuer du courrier, des colis et des bo\u00eetes de porte \u00e0 porte, et de tous ceux qui recherchent un espace de chargement flexible !\",\"breadcrumb\":{\"@id\":\"https:\/\/www.alfa-equipments.be\/fr\/amenagement-du-fourgon\/etageres-pliantes\/#breadcrumb\"},\"inLanguage\":\"fr-FR\",\"potentialAction\":[{\"@type\":\"ReadAction\",\"target\":[\"https:\/\/www.alfa-equipments.be\/fr\/amenagement-du-fourgon\/etageres-pliantes\/\"]}]},{\"@type\":\"ImageObject\",\"inLanguage\":\"fr-FR\",\"@id\":\"https:\/\/www.alfa-equipments.be\/fr\/amenagement-du-fourgon\/etageres-pliantes\/#primaryimage\",\"url\":\"https:\/\/www.alfa-equipments.be\/wp-content\/uploads\/2025\/02\/HR-opklapbare-rekken-nieuw-1-Vierkant-scaled.jpg\",\"contentUrl\":\"https:\/\/www.alfa-equipments.be\/wp-content\/uploads\/2025\/02\/HR-opklapbare-rekken-nieuw-1-Vierkant-scaled.jpg\"},{\"@type\":\"BreadcrumbList\",\"@id\":\"https:\/\/www.alfa-equipments.be\/fr\/amenagement-du-fourgon\/etageres-pliantes\/#breadcrumb\",\"itemListElement\":[{\"@type\":\"ListItem\",\"position\":1,\"name\":\"Home\",\"item\":\"https:\/\/www.alfa-equipments.be\/\"},{\"@type\":\"ListItem\",\"position\":2,\"name\":\"Am\u00e9nagement du fourgon\",\"item\":\"https:\/\/www.alfa-equipments.be\/fr\/amenagement-du-fourgon\/\"},{\"@type\":\"ListItem\",\"position\":3,\"name\":\"\u00c9tag\u00e8res pliantes\"}]},{\"@type\":\"WebSite\",\"@id\":\"https:\/\/www.alfa-equipments.be\/#website\",\"url\":\"https:\/\/www.alfa-equipments.be\/\",\"name\":\"Alfa Equipments\",\"description\":\"Wij maken je bestelwagen volledig werkbaar!\",\"potentialAction\":[{\"@type\":\"SearchAction\",\"target\":{\"@type\":\"EntryPoint\",\"urlTemplate\":\"https:\/\/www.alfa-equipments.be\/?s={search_term_string}\"},\"query-input\":{\"@type\":\"PropertyValueSpecification\",\"valueRequired\":true,\"valueName\":\"search_term_string\"}}],\"inLanguage\":\"fr-FR\"}]}<\/script>\n<!-- \/ Yoast SEO plugin. -->","yoast_head_json":{"title":"\u00c9tag\u00e8res pliantes - Alfa Equipments","description":"Ces nouvelles \u00e9tag\u00e8res pliantes r\u00e9volutionnent le travail de tous ceux qui utilisent leur fourgon pour collecter et distribuer du courrier, des colis et des bo\u00eetes de porte \u00e0 porte, et de tous ceux qui recherchent un espace de chargement flexible !","robots":{"index":"index","follow":"follow","max-snippet":"max-snippet:-1","max-image-preview":"max-image-preview:large","max-video-preview":"max-video-preview:-1"},"canonical":"https:\/\/www.alfa-equipments.be\/fr\/amenagement-du-fourgon\/etageres-pliantes\/","og_locale":"fr_FR","og_type":"article","og_title":"\u00c9tag\u00e8res pliantes - Alfa Equipments","og_description":"Ces nouvelles \u00e9tag\u00e8res pliantes r\u00e9volutionnent le travail de tous ceux qui utilisent leur fourgon pour collecter et distribuer du courrier, des colis et des bo\u00eetes de porte \u00e0 porte, et de tous ceux qui recherchent un espace de chargement flexible !","og_url":"https:\/\/www.alfa-equipments.be\/fr\/amenagement-du-fourgon\/etageres-pliantes\/","og_site_name":"Alfa Equipments","article_modified_time":"2025-02-19T11:21:22+00:00","og_image":[{"url":"https:\/\/www.alfa-equipments.be\/wp-content\/uploads\/2025\/02\/HR-opklapbare-rekken-nieuw-1-Vierkant-scaled.jpg","type":"","width":"","height":""}],"twitter_card":"summary_large_image","twitter_misc":{"Dur\u00e9e de lecture estim\u00e9e":"2 minutes"},"schema":{"@context":"https:\/\/schema.org","@graph":[{"@type":"WebPage","@id":"https:\/\/www.alfa-equipments.be\/fr\/amenagement-du-fourgon\/etageres-pliantes\/","url":"https:\/\/www.alfa-equipments.be\/fr\/amenagement-du-fourgon\/etageres-pliantes\/","name":"\u00c9tag\u00e8res pliantes - Alfa Equipments","isPartOf":{"@id":"https:\/\/www.alfa-equipments.be\/#website"},"primaryImageOfPage":{"@id":"https:\/\/www.alfa-equipments.be\/fr\/amenagement-du-fourgon\/etageres-pliantes\/#primaryimage"},"image":{"@id":"https:\/\/www.alfa-equipments.be\/fr\/amenagement-du-fourgon\/etageres-pliantes\/#primaryimage"},"thumbnailUrl":"https:\/\/www.alfa-equipments.be\/wp-content\/uploads\/2025\/02\/HR-opklapbare-rekken-nieuw-1-Vierkant-scaled.jpg","datePublished":"2021-12-21T12:27:28+00:00","dateModified":"2025-02-19T11:21:22+00:00","description":"Ces nouvelles \u00e9tag\u00e8res pliantes r\u00e9volutionnent le travail de tous ceux qui utilisent leur fourgon pour collecter et distribuer du courrier, des colis et des bo\u00eetes de porte \u00e0 porte, et de tous ceux qui recherchent un espace de chargement flexible !","breadcrumb":{"@id":"https:\/\/www.alfa-equipments.be\/fr\/amenagement-du-fourgon\/etageres-pliantes\/#breadcrumb"},"inLanguage":"fr-FR","potentialAction":[{"@type":"ReadAction","target":["https:\/\/www.alfa-equipments.be\/fr\/amenagement-du-fourgon\/etageres-pliantes\/"]}]},{"@type":"ImageObject","inLanguage":"fr-FR","@id":"https:\/\/www.alfa-equipments.be\/fr\/amenagement-du-fourgon\/etageres-pliantes\/#primaryimage","url":"https:\/\/www.alfa-equipments.be\/wp-content\/uploads\/2025\/02\/HR-opklapbare-rekken-nieuw-1-Vierkant-scaled.jpg","contentUrl":"https:\/\/www.alfa-equipments.be\/wp-content\/uploads\/2025\/02\/HR-opklapbare-rekken-nieuw-1-Vierkant-scaled.jpg"},{"@type":"BreadcrumbList","@id":"https:\/\/www.alfa-equipments.be\/fr\/amenagement-du-fourgon\/etageres-pliantes\/#breadcrumb","itemListElement":[{"@type":"ListItem","position":1,"name":"Home","item":"https:\/\/www.alfa-equipments.be\/"},{"@type":"ListItem","position":2,"name":"Am\u00e9nagement du fourgon","item":"https:\/\/www.alfa-equipments.be\/fr\/amenagement-du-fourgon\/"},{"@type":"ListItem","position":3,"name":"\u00c9tag\u00e8res pliantes"}]},{"@type":"WebSite","@id":"https:\/\/www.alfa-equipments.be\/#website","url":"https:\/\/www.alfa-equipments.be\/","name":"Alfa Equipments","description":"Wij maken je bestelwagen volledig werkbaar!","potentialAction":[{"@type":"SearchAction","target":{"@type":"EntryPoint","urlTemplate":"https:\/\/www.alfa-equipments.be\/?s={search_term_string}"},"query-input":{"@type":"PropertyValueSpecification","valueRequired":true,"valueName":"search_term_string"}}],"inLanguage":"fr-FR"}]}},"_links":{"self":[{"href":"https:\/\/www.alfa-equipments.be\/fr\/wp-json\/wp\/v2\/pages\/4143","targetHints":{"allow":["GET"]}}],"collection":[{"href":"https:\/\/www.alfa-equipments.be\/fr\/wp-json\/wp\/v2\/pages"}],"about":[{"href":"https:\/\/www.alfa-equipments.be\/fr\/wp-json\/wp\/v2\/types\/page"}],"author":[{"embeddable":true,"href":"https:\/\/www.alfa-equipments.be\/fr\/wp-json\/wp\/v2\/users\/1"}],"replies":[{"embeddable":true,"href":"https:\/\/www.alfa-equipments.be\/fr\/wp-json\/wp\/v2\/comments?post=4143"}],"version-history":[{"count":7,"href":"https:\/\/www.alfa-equipments.be\/fr\/wp-json\/wp\/v2\/pages\/4143\/revisions"}],"predecessor-version":[{"id":5429,"href":"https:\/\/www.alfa-equipments.be\/fr\/wp-json\/wp\/v2\/pages\/4143\/revisions\/5429"}],"up":[{"embeddable":true,"href":"https:\/\/www.alfa-equipments.be\/fr\/wp-json\/wp\/v2\/pages\/4095"}],"wp:attachment":[{"href":"https:\/\/www.alfa-equipments.be\/fr\/wp-json\/wp\/v2\/media?parent=4143"}],"curies":[{"name":"wp","href":"https:\/\/api.w.org\/{rel}","templated":true}]}}