{"id":3740,"date":"2018-05-29T11:20:30","date_gmt":"2018-05-29T11:20:30","guid":{"rendered":"https:\/\/alfa-bvba.be\/algemene-voorwaarden\/"},"modified":"2021-12-20T15:18:17","modified_gmt":"2021-12-20T14:18:17","slug":"conditions-generales","status":"publish","type":"page","link":"https:\/\/www.alfa-equipments.be\/fr\/conditions-generales\/","title":{"rendered":"Conditions g\u00e9n\u00e9rales"},"content":{"rendered":"<section   class=\"fw-main-row-custom fw-main-row-top  auto  fw-section-position-back tf-sh-5d9a384de96e229d02ce0e30ec3c35c4\"    >\n\t\t\t<div class=\"fw-container\" >\n\t\t<div class=\"fw-row\">\n\t<div id=\"column-6a095be093448\" class=\"fw-col-sm-12 tf-sh-e8a6077813ff5ddf0081b4d15434971d\" >\n\t<div class=\"fw-wrap-col-inner clearfix  \"   >\n\t\t\t\t<div class=\"fw-col-inner\">\n\t\t\t<div class=\"fw-heading fw-heading-left  tf-sh-5206262ff2bab36c9bfe673896a36862\" >\n\t\t\t<h2 class=\"fw-special-title\">Conditions g\u00e9n\u00e9rales<\/h2>\n\t\n\t\n\t<\/div><div class=\"fw-text-box tf-sh-40ee56a394749d2ec8d47b16271ffac6 \" >\n\t<div class=\"fw-text-inner\">\n\t\t<p><strong>Conditions g\u00e9n\u00e9rales de vente<\/strong><\/p>\n<ol>\n<li><strong> Application<\/strong><br \/>Les pr\u00e9sentes conditions g\u00e9n\u00e9rales de vente s'appliquent \u00e0 tout ce que nous vendons, sauf d\u00e9rogations sign\u00e9es par nos soins.<\/li>\n<li><strong> \u00c9tablissement du contrat.<\/strong><br \/>Toutes nos offres sont sans engagement, \u00e0 moins que nous n'ayons sp\u00e9cifi\u00e9 une p\u00e9riode de validit\u00e9 par le biais d'une offre \u00e9crite. Nous nous r\u00e9servons le droit de modifier sans pr\u00e9avis nos conditions de vente et nos tarifs \u00e0 tout moment.<\/li>\n<li><strong> Livraison<br \/><\/strong>\u00c0 partir d'un montant de 250 \u20ac net, les commandes FRANCO seront livr\u00e9es \u00e0 destination. Les commandes plus petites sont exp\u00e9di\u00e9es au tarif DPD.<\/li>\n<li><strong> Paiement<\/strong><br \/>Le montant de toutes nos factures doit \u00eatre vers\u00e9 sur notre compte n\u00b0 001-5751517-75 ou 000-3257920-78 au plus tard 30 jours apr\u00e8s la date de facturation. En cas de paiement en esp\u00e8ces (dans les 8 jours) : -5% de r\u00e9duction. Le non-paiement d'une facture nous autorise \u00e0 d\u00e9clarer les contrats en cours nuls et non avenus, sans aucune formalit\u00e9 et sans pr\u00e9judice de toute indemnisation. Tout montant impay\u00e9 \u00e0 l'\u00e9ch\u00e9ance portera un int\u00e9r\u00eat moratoire de 11,5 % avec un minimum de 25 \u20ac, de plein droit et sans pr\u00e9avis.<\/li>\n<li><strong> D\u00e9lai de livraison<\/strong><br \/>La d\u00e9termination du d\u00e9lai de livraison est purement informative ; toutefois, le d\u00e9passement de ce d\u00e9lai ne donne pas le droit \u00e0 l'acheteur d'annuler la commande ou de r\u00e9clamer des dommages et int\u00e9r\u00eats. Nous nous r\u00e9servons le droit d'effectuer des livraisons partielles.<\/li>\n<li><strong> Transport<\/strong><br \/>Nous d\u00e9clinons toute responsabilit\u00e9 en cas de d\u00e9g\u00e2ts sur les marchandises lors du transport, m\u00eame si les frais de transport sont \u00e0 notre charge.<\/li>\n<li><strong> Litiges<\/strong><br \/>Les tribunaux de HASSELT seront seuls comp\u00e9tents pour r\u00e9gler tout litige concernant l'ex\u00e9cution et\/ou l'interpr\u00e9tation de la pr\u00e9sente convention.<\/li>\n<li><strong> Propri\u00e9t\u00e9 des biens<\/strong><br \/>Les marchandises restent la propri\u00e9t\u00e9 du vendeur jusqu'au moment du paiement int\u00e9gral.<\/li>\n<\/ol>\n\t<\/div>\n<\/div>\t\t<\/div>\n\t<\/div>\n<\/div><\/div>\n\n\t<\/div>\n\t<\/section>\n","protected":false},"excerpt":{"rendered":"<p>Conditions g\u00e9n\u00e9rales Conditions g\u00e9n\u00e9rales de vente ApplicationLes pr\u00e9sentes conditions g\u00e9n\u00e9rales de vente s&rsquo;appliquent \u00e0 tout ce que nous vendons, sauf d\u00e9rogations sign\u00e9es par nos soins. \u00c9tablissement du contrat.Toutes nos offres sont sans engagement, \u00e0 moins que nous n&rsquo;ayons sp\u00e9cifi\u00e9 une p\u00e9riode de validit\u00e9 par le biais d&rsquo;une offre \u00e9crite. Nous nous r\u00e9servons le droit de [&hellip;]<\/p>\n","protected":false},"author":1,"featured_media":0,"parent":0,"menu_order":0,"comment_status":"closed","ping_status":"closed","template":"visual-builder-template.php","meta":{"_acf_changed":false,"ngg_post_thumbnail":0,"footnotes":""},"class_list":["post-3740","page","type-page","status-publish","hentry"],"acf":[],"yoast_head":"<!-- This site is optimized with the Yoast SEO plugin v25.3.1 - https:\/\/yoast.com\/wordpress\/plugins\/seo\/ -->\n<title>Conditions g\u00e9n\u00e9rales - Alfa Equipments<\/title>\n<meta name=\"robots\" content=\"index, follow, max-snippet:-1, max-image-preview:large, max-video-preview:-1\" \/>\n<link rel=\"canonical\" href=\"https:\/\/www.alfa-equipments.be\/fr\/conditions-generales\/\" \/>\n<meta property=\"og:locale\" content=\"fr_FR\" \/>\n<meta property=\"og:type\" content=\"article\" \/>\n<meta property=\"og:title\" content=\"Conditions g\u00e9n\u00e9rales - Alfa Equipments\" \/>\n<meta property=\"og:description\" content=\"Conditions g\u00e9n\u00e9rales Conditions g\u00e9n\u00e9rales de vente ApplicationLes pr\u00e9sentes conditions g\u00e9n\u00e9rales de vente s&#039;appliquent \u00e0 tout ce que nous vendons, sauf d\u00e9rogations sign\u00e9es par nos soins. \u00c9tablissement du contrat.Toutes nos offres sont sans engagement, \u00e0 moins que nous n&#039;ayons sp\u00e9cifi\u00e9 une p\u00e9riode de validit\u00e9 par le biais d&#039;une offre \u00e9crite. Nous nous r\u00e9servons le droit de [&hellip;]\" \/>\n<meta property=\"og:url\" content=\"https:\/\/www.alfa-equipments.be\/fr\/conditions-generales\/\" \/>\n<meta property=\"og:site_name\" content=\"Alfa Equipments\" \/>\n<meta property=\"article:modified_time\" content=\"2021-12-20T14:18:17+00:00\" \/>\n<meta name=\"twitter:card\" content=\"summary_large_image\" \/>\n<meta name=\"twitter:label1\" content=\"Dur\u00e9e de lecture estim\u00e9e\" \/>\n\t<meta name=\"twitter:data1\" content=\"2 minutes\" \/>\n<script type=\"application\/ld+json\" class=\"yoast-schema-graph\">{\"@context\":\"https:\/\/schema.org\",\"@graph\":[{\"@type\":\"WebPage\",\"@id\":\"https:\/\/www.alfa-equipments.be\/fr\/conditions-generales\/\",\"url\":\"https:\/\/www.alfa-equipments.be\/fr\/conditions-generales\/\",\"name\":\"Conditions g\u00e9n\u00e9rales - Alfa Equipments\",\"isPartOf\":{\"@id\":\"https:\/\/www.alfa-equipments.be\/#website\"},\"datePublished\":\"2018-05-29T11:20:30+00:00\",\"dateModified\":\"2021-12-20T14:18:17+00:00\",\"breadcrumb\":{\"@id\":\"https:\/\/www.alfa-equipments.be\/fr\/conditions-generales\/#breadcrumb\"},\"inLanguage\":\"fr-FR\",\"potentialAction\":[{\"@type\":\"ReadAction\",\"target\":[\"https:\/\/www.alfa-equipments.be\/fr\/conditions-generales\/\"]}]},{\"@type\":\"BreadcrumbList\",\"@id\":\"https:\/\/www.alfa-equipments.be\/fr\/conditions-generales\/#breadcrumb\",\"itemListElement\":[{\"@type\":\"ListItem\",\"position\":1,\"name\":\"Home\",\"item\":\"https:\/\/www.alfa-equipments.be\/\"},{\"@type\":\"ListItem\",\"position\":2,\"name\":\"Conditions g\u00e9n\u00e9rales\"}]},{\"@type\":\"WebSite\",\"@id\":\"https:\/\/www.alfa-equipments.be\/#website\",\"url\":\"https:\/\/www.alfa-equipments.be\/\",\"name\":\"Alfa Equipments\",\"description\":\"Wij maken je bestelwagen volledig werkbaar!\",\"potentialAction\":[{\"@type\":\"SearchAction\",\"target\":{\"@type\":\"EntryPoint\",\"urlTemplate\":\"https:\/\/www.alfa-equipments.be\/?s={search_term_string}\"},\"query-input\":{\"@type\":\"PropertyValueSpecification\",\"valueRequired\":true,\"valueName\":\"search_term_string\"}}],\"inLanguage\":\"fr-FR\"}]}<\/script>\n<!-- \/ Yoast SEO plugin. -->","yoast_head_json":{"title":"Conditions g\u00e9n\u00e9rales - Alfa Equipments","robots":{"index":"index","follow":"follow","max-snippet":"max-snippet:-1","max-image-preview":"max-image-preview:large","max-video-preview":"max-video-preview:-1"},"canonical":"https:\/\/www.alfa-equipments.be\/fr\/conditions-generales\/","og_locale":"fr_FR","og_type":"article","og_title":"Conditions g\u00e9n\u00e9rales - Alfa Equipments","og_description":"Conditions g\u00e9n\u00e9rales Conditions g\u00e9n\u00e9rales de vente ApplicationLes pr\u00e9sentes conditions g\u00e9n\u00e9rales de vente s'appliquent \u00e0 tout ce que nous vendons, sauf d\u00e9rogations sign\u00e9es par nos soins. \u00c9tablissement du contrat.Toutes nos offres sont sans engagement, \u00e0 moins que nous n'ayons sp\u00e9cifi\u00e9 une p\u00e9riode de validit\u00e9 par le biais d'une offre \u00e9crite. Nous nous r\u00e9servons le droit de [&hellip;]","og_url":"https:\/\/www.alfa-equipments.be\/fr\/conditions-generales\/","og_site_name":"Alfa Equipments","article_modified_time":"2021-12-20T14:18:17+00:00","twitter_card":"summary_large_image","twitter_misc":{"Dur\u00e9e de lecture estim\u00e9e":"2 minutes"},"schema":{"@context":"https:\/\/schema.org","@graph":[{"@type":"WebPage","@id":"https:\/\/www.alfa-equipments.be\/fr\/conditions-generales\/","url":"https:\/\/www.alfa-equipments.be\/fr\/conditions-generales\/","name":"Conditions g\u00e9n\u00e9rales - Alfa Equipments","isPartOf":{"@id":"https:\/\/www.alfa-equipments.be\/#website"},"datePublished":"2018-05-29T11:20:30+00:00","dateModified":"2021-12-20T14:18:17+00:00","breadcrumb":{"@id":"https:\/\/www.alfa-equipments.be\/fr\/conditions-generales\/#breadcrumb"},"inLanguage":"fr-FR","potentialAction":[{"@type":"ReadAction","target":["https:\/\/www.alfa-equipments.be\/fr\/conditions-generales\/"]}]},{"@type":"BreadcrumbList","@id":"https:\/\/www.alfa-equipments.be\/fr\/conditions-generales\/#breadcrumb","itemListElement":[{"@type":"ListItem","position":1,"name":"Home","item":"https:\/\/www.alfa-equipments.be\/"},{"@type":"ListItem","position":2,"name":"Conditions g\u00e9n\u00e9rales"}]},{"@type":"WebSite","@id":"https:\/\/www.alfa-equipments.be\/#website","url":"https:\/\/www.alfa-equipments.be\/","name":"Alfa Equipments","description":"Wij maken je bestelwagen volledig werkbaar!","potentialAction":[{"@type":"SearchAction","target":{"@type":"EntryPoint","urlTemplate":"https:\/\/www.alfa-equipments.be\/?s={search_term_string}"},"query-input":{"@type":"PropertyValueSpecification","valueRequired":true,"valueName":"search_term_string"}}],"inLanguage":"fr-FR"}]}},"_links":{"self":[{"href":"https:\/\/www.alfa-equipments.be\/fr\/wp-json\/wp\/v2\/pages\/3740","targetHints":{"allow":["GET"]}}],"collection":[{"href":"https:\/\/www.alfa-equipments.be\/fr\/wp-json\/wp\/v2\/pages"}],"about":[{"href":"https:\/\/www.alfa-equipments.be\/fr\/wp-json\/wp\/v2\/types\/page"}],"author":[{"embeddable":true,"href":"https:\/\/www.alfa-equipments.be\/fr\/wp-json\/wp\/v2\/users\/1"}],"replies":[{"embeddable":true,"href":"https:\/\/www.alfa-equipments.be\/fr\/wp-json\/wp\/v2\/comments?post=3740"}],"version-history":[{"count":3,"href":"https:\/\/www.alfa-equipments.be\/fr\/wp-json\/wp\/v2\/pages\/3740\/revisions"}],"predecessor-version":[{"id":4021,"href":"https:\/\/www.alfa-equipments.be\/fr\/wp-json\/wp\/v2\/pages\/3740\/revisions\/4021"}],"wp:attachment":[{"href":"https:\/\/www.alfa-equipments.be\/fr\/wp-json\/wp\/v2\/media?parent=3740"}],"curies":[{"name":"wp","href":"https:\/\/api.w.org\/{rel}","templated":true}]}}