{"id":3739,"date":"2018-07-09T10:49:39","date_gmt":"2018-07-09T10:49:39","guid":{"rendered":"https:\/\/alfa-bvba.be\/privacy-policy\/"},"modified":"2021-12-20T15:16:17","modified_gmt":"2021-12-20T14:16:17","slug":"privacy-policy","status":"publish","type":"page","link":"https:\/\/www.alfa-equipments.be\/fr\/privacy-policy\/","title":{"rendered":"Privacy Policy"},"content":{"rendered":"<section   class=\"fw-main-row-custom fw-main-row-top  auto  fw-section-position-back tf-sh-5d9a384de96e229d02ce0e30ec3c35c4\"    >\n\t\t\t<div class=\"fw-container\" >\n\t\t<div class=\"fw-row\">\n\t<div id=\"column-6a095bf180d01\" class=\"fw-col-sm-12 tf-sh-e8a6077813ff5ddf0081b4d15434971d\" >\n\t<div class=\"fw-wrap-col-inner clearfix  \"   >\n\t\t\t\t<div class=\"fw-col-inner\">\n\t\t\t<div class=\"fw-heading fw-heading-left  tf-sh-5206262ff2bab36c9bfe673896a36862\" >\n\t\t\t<h2 class=\"fw-special-title\">Politique de confidentialit\u00e9<\/h2>\n\t\n\t\n\t<\/div><div class=\"fw-divider-space space-sm  clearfix\"  ><\/div><div class=\"fw-text-box tf-sh-40ee56a394749d2ec8d47b16271ffac6 \" >\n\t<div class=\"fw-text-inner\">\n\t\t<p><strong>1) Protection de la vie priv\u00e9e<\/strong><\/p>\n<p>La protection de la vie priv\u00e9e des visiteurs de alfa-bvba.be nous tient beaucoup \u00e0 c\u0153ur. C'est pourquoi nous d\u00e9crivons dans notre politique de confidentialit\u00e9 les informations que nous recueillons et la mani\u00e8re dont nous les utilisons.<\/p>\n<p><strong>2) Consentement<\/strong><\/p>\n<p>En utilisant les informations et les services de alfa-bvba.be, vous acceptez notre politique de confidentialit\u00e9 et les conditions que nous y avons incluses.<\/p>\n<p><strong>3) Questions<\/strong><\/p>\n<p>Si vous souhaitez recevoir plus d'informations ou si vous avez des questions concernant la politique de confidentialit\u00e9 d'Alfa Equipment et plus particuli\u00e8rement de alfa-bvba.be, vous pouvez nous contacter par e-mail. Notre adresse \u00e9lectronique est info@alfa-bvba.be.<\/p>\n<p><strong>4) Surveillance du comportement des visiteurs<\/strong><\/p>\n<p>alfa-bvba.be utilise diff\u00e9rentes techniques pour savoir qui visite le site web, comment ce visiteur se comporte sur le site et quelles pages sont visit\u00e9es. Il s'agit d'une pratique courante pour les sites web, car elle fournit des informations qui contribuent \u00e0 la qualit\u00e9 de l'exp\u00e9rience utilisateur. Les informations que nous enregistrons via les cookies comprennent les adresses IP, le type de navigateur et les pages visit\u00e9es.<\/p>\n<p>Nous surveillons \u00e9galement l'endroit o\u00f9 les visiteurs se rendent pour la premi\u00e8re fois sur le site web et la page qu'ils quittent. Ces informations restent anonymes et ne sont pas li\u00e9es \u00e0 d'autres informations personnelles.<\/p>\n<p><strong>5) Utilisation des cookies<\/strong><\/p>\n<p>alfa-bvba.be utilise des cookies sur les visiteurs. Nous le faisons dans le but de recueillir des informations sur les pages que les utilisateurs visitent sur notre site web, pour savoir combien de fois les visiteurs reviennent et pour voir quelles pages sont les plus performantes sur le site. Nous gardons \u00e9galement la trace des informations que le navigateur partage.<\/p>\n<p><strong>6) D\u00e9sactivation des cookies<\/strong><\/p>\n<p>Vous pouvez choisir de d\u00e9sactiver les cookies \u00e0 l\u2019aide des options de votre navigateur. Vous trouverez de plus amples informations sur ces possibilit\u00e9s sur le site web du fournisseur de votre navigateur.<\/p>\n<p><strong>7) Cookies de tiers<\/strong><\/p>\n<p>Il est possible que des tiers, tels que Google, fassent de la publicit\u00e9 sur notre site web ou que nous utilisions un autre service. \u00c0 cette fin, ces tiers placent parfois des cookies. Alfa-bvba.be ne peut exercer aucune influence sur ces cookies.<\/p>\n<p><strong>8)<\/strong>&nbsp;<strong>Nos annonceurs<\/strong><\/p>\n<p>Plusieurs parties font de la publicit\u00e9 sur alfa-bvba.be et placent toutes leurs propres cookies.<\/p>\n<p>Ces annonceurs utilisent une technologie pour leurs annonces et les liens dans leurs annonces qui sont directement reconnus par votre navigateur. Ils utilisent la reconnaissance automatique des adresses IP qui sont envoy\u00e9es directement \u00e0 l'annonceur.<\/p>\n<p>En outre, des cookies, JavaScript et \u00e9ventuellement des balises web sont utilis\u00e9s pour contr\u00f4ler l'efficacit\u00e9 des campagnes de ces parties. Alfa-bvba.be n'a aucune influence ou contr\u00f4le sur les cookies, JavaScript et balises web utilis\u00e9s par nos annonceurs.<\/p>\n<p><strong>9) Politique de confidentialit\u00e9 des annonceurs\/tiers<\/strong><\/p>\n<p>Pour plus d'informations sur la politique de confidentialit\u00e9 de nos annonceurs et des tiers li\u00e9s \u00e0 ce site web, veuillez visiter les sites web de ces parties respectives. Alfa-bvba.be n\u2019est pas en mesure d\u2019influencer ces cookies et la politique de confidentialit\u00e9 des cookies plac\u00e9s par des tiers. Ces cookies ne rel\u00e8vent pas de la politique de confidentialit\u00e9 de alfa-bvba.be.<\/p>\n<p><strong>10) Cookie DART de Google<\/strong><\/p>\n<p>L'utilisation d'un cookie DART par Google permet de diffuser des annonces sur notre site Web. En outre, ce cookie est utilis\u00e9 pour afficher des publicit\u00e9s sur d'autres sites web. Vous pouvez choisir de ne plus utiliser le cookie DART. Pour ce faire, rendez-vous sur le site web suivant :&nbsp;<a href=\"https:\/\/support.google.com\/adsense\/answer\/2839090?hl=nl\">DART<\/a><\/p>\n<p><a href=\"https:\/\/support.google.com\/adsense\/answer\/2839090?hl=nl\" target=\"_blank\" rel=\"noopener noreferrer\">DART<\/a><\/p>\n\t<\/div>\n<\/div>\t\t<\/div>\n\t<\/div>\n<\/div><\/div>\n\n\t<\/div>\n\t<\/section>\n","protected":false},"excerpt":{"rendered":"<p>Politique de confidentialit\u00e9 1) Protection de la vie priv\u00e9e La protection de la vie priv\u00e9e des visiteurs de alfa-bvba.be nous tient beaucoup \u00e0 c\u0153ur. C&rsquo;est pourquoi nous d\u00e9crivons dans notre politique de confidentialit\u00e9 les informations que nous recueillons et la mani\u00e8re dont nous les utilisons. 2) Consentement En utilisant les informations et les services de [&hellip;]<\/p>\n","protected":false},"author":1,"featured_media":0,"parent":0,"menu_order":0,"comment_status":"closed","ping_status":"closed","template":"visual-builder-template.php","meta":{"_acf_changed":false,"ngg_post_thumbnail":0,"footnotes":""},"class_list":["post-3739","page","type-page","status-publish","hentry"],"acf":[],"yoast_head":"<!-- This site is optimized with the Yoast SEO plugin v25.3.1 - https:\/\/yoast.com\/wordpress\/plugins\/seo\/ -->\n<title>Privacy Policy - Alfa Equipments<\/title>\n<meta name=\"description\" content=\"La protection de la vie priv\u00e9e des visiteurs de alfa-bvba.be nous tient beaucoup \u00e0 c\u0153ur. C&#039;est pourquoi nous d\u00e9crivons dans notre politique de confidentialit\u00e9 les informations que nous recueillons et la mani\u00e8re dont nous les utilisons.\" \/>\n<meta name=\"robots\" content=\"index, follow, max-snippet:-1, max-image-preview:large, max-video-preview:-1\" \/>\n<link rel=\"canonical\" href=\"https:\/\/www.alfa-equipments.be\/privacy-policy\/\" \/>\n<meta property=\"og:locale\" content=\"fr_FR\" \/>\n<meta property=\"og:type\" content=\"article\" \/>\n<meta property=\"og:title\" content=\"Privacy Policy - Alfa Equipments\" \/>\n<meta property=\"og:description\" content=\"La protection de la vie priv\u00e9e des visiteurs de alfa-bvba.be nous tient beaucoup \u00e0 c\u0153ur. C&#039;est pourquoi nous d\u00e9crivons dans notre politique de confidentialit\u00e9 les informations que nous recueillons et la mani\u00e8re dont nous les utilisons.\" \/>\n<meta property=\"og:url\" content=\"https:\/\/www.alfa-equipments.be\/privacy-policy\/\" \/>\n<meta property=\"og:site_name\" content=\"Alfa Equipments\" \/>\n<meta property=\"article:modified_time\" content=\"2021-12-20T14:16:17+00:00\" \/>\n<meta name=\"twitter:card\" content=\"summary_large_image\" \/>\n<meta name=\"twitter:label1\" content=\"Dur\u00e9e de lecture estim\u00e9e\" \/>\n\t<meta name=\"twitter:data1\" content=\"3 minutes\" \/>\n<script type=\"application\/ld+json\" class=\"yoast-schema-graph\">{\"@context\":\"https:\/\/schema.org\",\"@graph\":[{\"@type\":\"WebPage\",\"@id\":\"https:\/\/www.alfa-equipments.be\/privacy-policy\/\",\"url\":\"https:\/\/www.alfa-equipments.be\/privacy-policy\/\",\"name\":\"Privacy Policy - Alfa Equipments\",\"isPartOf\":{\"@id\":\"https:\/\/www.alfa-equipments.be\/#website\"},\"datePublished\":\"2018-07-09T10:49:39+00:00\",\"dateModified\":\"2021-12-20T14:16:17+00:00\",\"description\":\"La protection de la vie priv\u00e9e des visiteurs de alfa-bvba.be nous tient beaucoup \u00e0 c\u0153ur. C'est pourquoi nous d\u00e9crivons dans notre politique de confidentialit\u00e9 les informations que nous recueillons et la mani\u00e8re dont nous les utilisons.\",\"breadcrumb\":{\"@id\":\"https:\/\/www.alfa-equipments.be\/privacy-policy\/#breadcrumb\"},\"inLanguage\":\"fr-FR\",\"potentialAction\":[{\"@type\":\"ReadAction\",\"target\":[\"https:\/\/www.alfa-equipments.be\/privacy-policy\/\"]}]},{\"@type\":\"BreadcrumbList\",\"@id\":\"https:\/\/www.alfa-equipments.be\/privacy-policy\/#breadcrumb\",\"itemListElement\":[{\"@type\":\"ListItem\",\"position\":1,\"name\":\"Home\",\"item\":\"https:\/\/www.alfa-equipments.be\/\"},{\"@type\":\"ListItem\",\"position\":2,\"name\":\"Privacy Policy\"}]},{\"@type\":\"WebSite\",\"@id\":\"https:\/\/www.alfa-equipments.be\/#website\",\"url\":\"https:\/\/www.alfa-equipments.be\/\",\"name\":\"Alfa Equipments\",\"description\":\"Wij maken je bestelwagen volledig werkbaar!\",\"potentialAction\":[{\"@type\":\"SearchAction\",\"target\":{\"@type\":\"EntryPoint\",\"urlTemplate\":\"https:\/\/www.alfa-equipments.be\/?s={search_term_string}\"},\"query-input\":{\"@type\":\"PropertyValueSpecification\",\"valueRequired\":true,\"valueName\":\"search_term_string\"}}],\"inLanguage\":\"fr-FR\"}]}<\/script>\n<!-- \/ Yoast SEO plugin. -->","yoast_head_json":{"title":"Privacy Policy - Alfa Equipments","description":"La protection de la vie priv\u00e9e des visiteurs de alfa-bvba.be nous tient beaucoup \u00e0 c\u0153ur. C'est pourquoi nous d\u00e9crivons dans notre politique de confidentialit\u00e9 les informations que nous recueillons et la mani\u00e8re dont nous les utilisons.","robots":{"index":"index","follow":"follow","max-snippet":"max-snippet:-1","max-image-preview":"max-image-preview:large","max-video-preview":"max-video-preview:-1"},"canonical":"https:\/\/www.alfa-equipments.be\/privacy-policy\/","og_locale":"fr_FR","og_type":"article","og_title":"Privacy Policy - Alfa Equipments","og_description":"La protection de la vie priv\u00e9e des visiteurs de alfa-bvba.be nous tient beaucoup \u00e0 c\u0153ur. C'est pourquoi nous d\u00e9crivons dans notre politique de confidentialit\u00e9 les informations que nous recueillons et la mani\u00e8re dont nous les utilisons.","og_url":"https:\/\/www.alfa-equipments.be\/privacy-policy\/","og_site_name":"Alfa Equipments","article_modified_time":"2021-12-20T14:16:17+00:00","twitter_card":"summary_large_image","twitter_misc":{"Dur\u00e9e de lecture estim\u00e9e":"3 minutes"},"schema":{"@context":"https:\/\/schema.org","@graph":[{"@type":"WebPage","@id":"https:\/\/www.alfa-equipments.be\/privacy-policy\/","url":"https:\/\/www.alfa-equipments.be\/privacy-policy\/","name":"Privacy Policy - Alfa Equipments","isPartOf":{"@id":"https:\/\/www.alfa-equipments.be\/#website"},"datePublished":"2018-07-09T10:49:39+00:00","dateModified":"2021-12-20T14:16:17+00:00","description":"La protection de la vie priv\u00e9e des visiteurs de alfa-bvba.be nous tient beaucoup \u00e0 c\u0153ur. C'est pourquoi nous d\u00e9crivons dans notre politique de confidentialit\u00e9 les informations que nous recueillons et la mani\u00e8re dont nous les utilisons.","breadcrumb":{"@id":"https:\/\/www.alfa-equipments.be\/privacy-policy\/#breadcrumb"},"inLanguage":"fr-FR","potentialAction":[{"@type":"ReadAction","target":["https:\/\/www.alfa-equipments.be\/privacy-policy\/"]}]},{"@type":"BreadcrumbList","@id":"https:\/\/www.alfa-equipments.be\/privacy-policy\/#breadcrumb","itemListElement":[{"@type":"ListItem","position":1,"name":"Home","item":"https:\/\/www.alfa-equipments.be\/"},{"@type":"ListItem","position":2,"name":"Privacy Policy"}]},{"@type":"WebSite","@id":"https:\/\/www.alfa-equipments.be\/#website","url":"https:\/\/www.alfa-equipments.be\/","name":"Alfa Equipments","description":"Wij maken je bestelwagen volledig werkbaar!","potentialAction":[{"@type":"SearchAction","target":{"@type":"EntryPoint","urlTemplate":"https:\/\/www.alfa-equipments.be\/?s={search_term_string}"},"query-input":{"@type":"PropertyValueSpecification","valueRequired":true,"valueName":"search_term_string"}}],"inLanguage":"fr-FR"}]}},"_links":{"self":[{"href":"https:\/\/www.alfa-equipments.be\/fr\/wp-json\/wp\/v2\/pages\/3739","targetHints":{"allow":["GET"]}}],"collection":[{"href":"https:\/\/www.alfa-equipments.be\/fr\/wp-json\/wp\/v2\/pages"}],"about":[{"href":"https:\/\/www.alfa-equipments.be\/fr\/wp-json\/wp\/v2\/types\/page"}],"author":[{"embeddable":true,"href":"https:\/\/www.alfa-equipments.be\/fr\/wp-json\/wp\/v2\/users\/1"}],"replies":[{"embeddable":true,"href":"https:\/\/www.alfa-equipments.be\/fr\/wp-json\/wp\/v2\/comments?post=3739"}],"version-history":[{"count":2,"href":"https:\/\/www.alfa-equipments.be\/fr\/wp-json\/wp\/v2\/pages\/3739\/revisions"}],"predecessor-version":[{"id":4020,"href":"https:\/\/www.alfa-equipments.be\/fr\/wp-json\/wp\/v2\/pages\/3739\/revisions\/4020"}],"wp:attachment":[{"href":"https:\/\/www.alfa-equipments.be\/fr\/wp-json\/wp\/v2\/media?parent=3739"}],"curies":[{"name":"wp","href":"https:\/\/api.w.org\/{rel}","templated":true}]}}