{"id":3737,"date":"2019-06-13T13:04:30","date_gmt":"2019-06-13T13:04:30","guid":{"rendered":"https:\/\/alfa-bvba.be\/waarom-je-bestelwagen-professioneel-inrichten\/"},"modified":"2021-12-20T14:01:10","modified_gmt":"2021-12-20T13:01:10","slug":"amenager-votre-fourgon-de-maniere-professionnelle","status":"publish","type":"page","link":"https:\/\/www.alfa-equipments.be\/fr\/amenager-votre-fourgon-de-maniere-professionnelle\/","title":{"rendered":"Pourquoi am\u00e9nager votre fourgon?"},"content":{"rendered":"<p><section   class=\"fw-main-row-custom fw-main-row-top fw-section-no-padding  auto  fw-section-position-back tf-sh-05d047573308ec816ae7a699ff52015c\"    >\n\t\t\t<div class=\"fw-container\" >\n\t\t<div class=\"fw-row\">\n\t<div id=\"column-6a095bddedeb7\" class=\"fw-col-sm-12 tf-sh-1d9873ea1b725f8415197a22481f61c9 breadcrumbs-section\" >\n\t<div class=\"fw-wrap-col-inner clearfix  \"   >\n\t\t\t\t<div class=\"fw-col-inner\">\n\t\t\t<div class=\"shortcode-widget-area col-sm-12 fw-sidebar \" >\n\t<div class=\"fw-col-inner\">\n\t\t<aside id=\"bcn_widget-2\" class=\"widget widget_breadcrumb_navxt\"><div class=\"breadcrumbs\" vocab=\"https:\/\/schema.org\/\" typeof=\"BreadcrumbList\"><!-- Breadcrumb NavXT 7.4.1 -->\n<span property=\"itemListElement\" typeof=\"ListItem\"><a property=\"item\" typeof=\"WebPage\" title=\"Go to Alfa Equipments.\" href=\"https:\/\/www.alfa-equipments.be\/fr\/\" class=\"home\" aria-current=\"page\"><span property=\"name\">Home<\/span><\/a><meta property=\"position\" content=\"1\"><\/span><\/div><\/aside>\t<\/div>\n<\/div>\t\t<\/div>\n\t<\/div>\n<\/div><\/div>\n\n\t<\/div>\n\t<\/section><section   class=\"fw-main-row-custom fw-section-no-padding  auto  fw-section-position-back tf-sh-e91c88399f0e0daaa4d1da0736a10651\"    >\n\t\t\t<div class=\"fw-container\" >\n\t\t<div class=\"fw-row\">\n\t<div id=\"column-6a095bddeebd4\" class=\"fw-col-sm-12 tf-sh-90cdbdc5add2b62f87601a73d0d44ea3\" >\n\t<div class=\"fw-wrap-col-inner clearfix  \"   >\n\t\t\t\t<div class=\"fw-col-inner\">\n\t\t\t<div class=\"fw-heading fw-heading-left  tf-sh-8ddae26207a75d7aa1ae77cad593fae4\" >\n\t\t\t<h2 class=\"fw-special-title\">Pourquoi choisir un int\u00e9rieur professionnel pour votre fourgon ?<\/h2>\n\t\n\t\n\t<\/div><div class=\"fw-divider-space  fw-custom-space  clearfix\" style=\"height:15px;\" ><\/div><div class=\"fw-text-box tf-sh-32842a97876a2fb1514916775caac693 \" >\n\t<div class=\"fw-text-inner\">\n\t\t<p>Pourquoi est-il important d'investir dans des am\u00e9nagements et \u00e9quipements professionnels pour votre fourgon&nbsp;?<br \/>Nous vous donnons six bonnes raisons de ne pas consid\u00e9rer cette transformation de votre v\u00e9hicule comme une simple d\u00e9pense, mais plut\u00f4t comme un investissement vite rentabilis\u00e9.<\/p>\n\t<\/div>\n<\/div>\t\t<\/div>\n\t<\/div>\n<\/div><\/div>\n\n<div class=\"fw-row\">\n\t<div id=\"column-6a095bddeeeb5\" class=\"fw-col-sm-6 tf-sh-58b17cc2db0d100fee06f6157cc3177f\" >\n\t<div class=\"fw-wrap-col-inner clearfix  \"   >\n\t\t\t\t<div class=\"fw-col-inner\">\n\t\t\t<div class=\"fw-heading fw-heading-left  tf-sh-14a0705506e17f418f840bf7da46b606\" >\n\t\t\t<h2 class=\"fw-special-title\">Efficacit\u00e9 d\u00e9cupl\u00e9e et gain de temps<\/h2>\n\t\n\t\n\t<\/div><div class=\"fw-text-box tf-sh-401a726434b238ab155622003e4a2c1b \" >\n\t<div class=\"fw-text-inner\">\n\t\t<p><strong>Avec un \u00e9quipement personnalis\u00e9, chaque outil et composant a sa place. Vous ne devez donc plus passer des heures \u00e0 chercher vos affaires et vous gagnez beaucoup de temps.&nbsp;<\/strong><\/p>\n<p><strong>En adaptant enti\u00e8rement le compartiment de charge de votre v\u00e9hicule \u00e0 vos besoins professionnels, vous pouvez facilement gagner une heure de temps par semaine.&nbsp;<\/strong><\/p>\n<p><strong>Cette dur\u00e9e repr\u00e9sente une \u00e9conomie annuelle en heures de travail de pas moins de 2&nbsp;000 euros. Le co\u00fbt de l\u2019am\u00e9nagement professionnel de votre v\u00e9hicule est donc tr\u00e8s vite amorti. &nbsp; <\/strong><\/p>\n\t<\/div>\n<\/div>\t\t<\/div>\n\t<\/div>\n<\/div><div id=\"column-6a095bddef033\" class=\"fw-col-sm-6 tf-sh-895c8741c5006b633c8d289a8032e6fe\" >\n\t<div class=\"fw-wrap-col-inner clearfix  \"   >\n\t\t\t\t<div class=\"fw-col-inner\">\n\t\t\t<div class=\"fw-heading fw-heading-left  tf-sh-78e2f8b57121609469e96feb162aa151\" >\n\t\t\t<h2 class=\"fw-special-title\">Une carte de visite pour votre entreprise<\/h2>\n\t\n\t\n\t<\/div><div class=\"fw-text-box tf-sh-1ded879fc94ac98b6e292d108a6bb7d9 \" >\n\t<div class=\"fw-text-inner\">\n\t\t<p><strong>Un fourgon \u00e9quip\u00e9 professionnellement donne une image de professionnalisme \u00e0 vos clients. Ces derniers appr\u00e9cieront l\u2019ordre et la propret\u00e9 de votre v\u00e9hicule. Ils se sentiront ainsi encore plus en confiance \u00e0 l\u2019\u00e9gard de vos services. \u00c0 l\u2019inverse, une camionnette d\u00e9sordonn\u00e9e contenant des mat\u00e9riaux qui tra\u00eenent partout suscitera une certaine m\u00e9fiance.<\/strong><\/p>\n\t<\/div>\n<\/div>\t\t<\/div>\n\t<\/div>\n<\/div><\/div>\n\n<div class=\"fw-row\">\n\t<div id=\"column-6a095bddef249\" class=\"fw-col-sm-12 tf-sh-bf0634cac7dc8a3079fd31eaca4808f0\" >\n\t<div class=\"fw-wrap-col-inner clearfix  \"   >\n\t\t\t\t<div class=\"fw-col-inner\">\n\t\t\t<div class=\"fw-divider-space space-md  clearfix\"  ><\/div>\t\t<\/div>\n\t<\/div>\n<\/div><\/div>\n\n<div class=\"fw-row\">\n\t<div id=\"column-6a095bddef351\" class=\"fw-col-sm-6 tf-sh-c7de308689927ecffcc28aaf1f85cb70\" >\n\t<div class=\"fw-wrap-col-inner clearfix  \"   >\n\t\t\t\t<div class=\"fw-col-inner\">\n\t\t\t<div class=\"fw-heading fw-heading-left  tf-sh-9a50b6f84940215882d9d552a46ec5af\" >\n\t\t\t<h2 class=\"fw-special-title\">Espace de chargement et capacit\u00e9 de charge augment\u00e9s<\/h2>\n\t\n\t\n\t<\/div><div class=\"fw-text-box tf-sh-b271f117b669b3b15bec87c91ff069c9 \" >\n\t<div class=\"fw-text-inner\">\n\t\t<p><strong>Avec un int\u00e9rieur professionnel et des \u00e9quipements suppl\u00e9mentaires pour le chargement sur le toit, par exemple, vous pouvez augmenter l'espace de chargement et la capacit\u00e9 de chargement (pas le poids) de votre fourgon.&nbsp;<\/strong><\/p>\n<p><strong>Vous am\u00e9liorez ainsi l\u2019efficacit\u00e9 de votre fourgon et \u00e9vitez de faire des voyages inutiles pour transporter des mat\u00e9riaux.<\/strong><\/p>\n\t<\/div>\n<\/div>\t\t<\/div>\n\t<\/div>\n<\/div><div id=\"column-6a095bddef477\" class=\"fw-col-sm-6 tf-sh-b76fa269039a8e2fece8368885082ef3\" >\n\t<div class=\"fw-wrap-col-inner clearfix  \"   >\n\t\t\t\t<div class=\"fw-col-inner\">\n\t\t\t<div class=\"fw-heading fw-heading-left  tf-sh-8e22f740fe3f74fd5fc79354c9ea257e\" >\n\t\t\t<h2 class=\"fw-special-title\">S\u00e9curit\u00e9 de votre v\u00e9hicule et des mat\u00e9riaux<\/h2>\n\t\n\t\n\t<\/div><div class=\"fw-text-box tf-sh-e9b6d111f2a307f07d5f82ce7f95b1f3 \" >\n\t<div class=\"fw-text-inner\">\n\t\t<p><strong>Nos am\u00e9nagements et \u00e9quipements professionnels comprennent \u00e9galement les mesures appropri\u00e9es contre le vol. En utilisant les dispositifs de s\u00e9curit\u00e9 appropri\u00e9s, vous prot\u00e9gez votre v\u00e9hicule d'entreprise de toute tentative d\u2019effraction et de vol de mat\u00e9riel pr\u00e9cieux.<\/strong><\/p>\n\t<\/div>\n<\/div>\t\t<\/div>\n\t<\/div>\n<\/div><\/div>\n\n<div class=\"fw-row\">\n\t<div id=\"column-6a095bddef5cb\" class=\"fw-col-sm-12 tf-sh-bf0634cac7dc8a3079fd31eaca4808f0\" >\n\t<div class=\"fw-wrap-col-inner clearfix  \"   >\n\t\t\t\t<div class=\"fw-col-inner\">\n\t\t\t<div class=\"fw-divider-space space-md  clearfix\"  ><\/div>\t\t<\/div>\n\t<\/div>\n<\/div><\/div>\n\n<div class=\"fw-row\">\n\t<div id=\"column-6a095bddef6b1\" class=\"fw-col-sm-6 tf-sh-dfbb37eee40555caa6631541a892c511\" >\n\t<div class=\"fw-wrap-col-inner clearfix  \"   >\n\t\t\t\t<div class=\"fw-col-inner\">\n\t\t\t<div class=\"fw-heading fw-heading-left  tf-sh-0bcebbd7282ddebac1d4be73369995f0\" >\n\t\t\t<h2 class=\"fw-special-title\">Une meilleure visibilit\u00e9 sur votre stock et vos pi\u00e8ces<\/h2>\n\t\n\t\n\t<\/div><div class=\"fw-text-box tf-sh-3f863b1499de3cd88762bb8938aae450 \" >\n\t<div class=\"fw-text-inner\">\n\t\t<p><strong>Gr\u00e2ce \u00e0 nos nombreuses infrastructures de stockage de mat\u00e9riel, vous gardez \u00e0 tout moment un aper\u00e7u de votre stock. Vous \u00e9vitez ainsi les p\u00e9nuries et les surplus de produits.<\/strong><\/p>\n\t<\/div>\n<\/div>\t\t<\/div>\n\t<\/div>\n<\/div><div id=\"column-6a095bddef7ba\" class=\"fw-col-sm-6 tf-sh-7cbb33d2fbd5b8f05933d526302496c3\" >\n\t<div class=\"fw-wrap-col-inner clearfix  \"   >\n\t\t\t\t<div class=\"fw-col-inner\">\n\t\t\t<div class=\"fw-heading fw-heading-left  tf-sh-7d31e2a4cef5f8f79171aff0bf92ebe5\" >\n\t\t\t<h2 class=\"fw-special-title\">Ergonomie et sant\u00e9 de vos employ\u00e9s<\/h2>\n\t\n\t\n\t<\/div><div class=\"fw-text-box tf-sh-68d795d55e575859dc681b73d66a127e \" >\n\t<div class=\"fw-text-inner\">\n\t\t<p><strong>Lors de l'am\u00e9nagement des fourgons, l\u2019ergonomie entre bien s\u00fbr en ligne de compte. Nous permettons ainsi \u00e0 vos employ\u00e9s de tirer chaque jour le meilleur parti d'un fourgon bien con\u00e7u et \u00e9quip\u00e9. N\u2019oublions pas que la sant\u00e9 et la satisfaction de vos employ\u00e9s exercent une influence consid\u00e9rable sur leur motivation, leur engagement et leurs performances.<\/strong><\/p>\n\t<\/div>\n<\/div>\t\t<\/div>\n\t<\/div>\n<\/div><\/div>\n\n<div class=\"fw-row\">\n\t<div id=\"column-6a095bddef8f5\" class=\"fw-col-sm-12 tf-sh-bf0634cac7dc8a3079fd31eaca4808f0\" >\n\t<div class=\"fw-wrap-col-inner clearfix  \"   >\n\t\t\t\t<div class=\"fw-col-inner\">\n\t\t\t<div class=\"fw-divider-space space-md  clearfix\"  ><\/div>\t\t<\/div>\n\t<\/div>\n<\/div><\/div>\n\n\t<\/div>\n\t<\/section><\/p>\n","protected":false},"excerpt":{"rendered":"<p>Home Pourquoi choisir un int\u00e9rieur professionnel pour votre fourgon ? Pourquoi est-il important d&rsquo;investir dans des am\u00e9nagements et \u00e9quipements professionnels pour votre fourgon&nbsp;?Nous vous donnons six bonnes raisons de ne pas consid\u00e9rer cette transformation de votre v\u00e9hicule comme une simple d\u00e9pense, mais plut\u00f4t comme un investissement vite rentabilis\u00e9. Efficacit\u00e9 d\u00e9cupl\u00e9e et gain de temps Avec [&hellip;]<\/p>\n","protected":false},"author":1,"featured_media":0,"parent":0,"menu_order":0,"comment_status":"closed","ping_status":"closed","template":"visual-builder-template.php","meta":{"_acf_changed":false,"ngg_post_thumbnail":0,"footnotes":""},"class_list":["post-3737","page","type-page","status-publish","hentry"],"acf":[],"yoast_head":"<!-- This site is optimized with the Yoast SEO plugin v25.3.1 - https:\/\/yoast.com\/wordpress\/plugins\/seo\/ -->\n<title>Pourquoi am\u00e9nager votre fourgon de mani\u00e8re professionnelle ?<\/title>\n<meta name=\"description\" content=\"Pourquoi est-il important d&#039;investir dans un am\u00e9nagement et un \u00e9quipement professionnels pour votre fourgon ? Alfa Equipments vous donne six raisons.\" \/>\n<meta name=\"robots\" content=\"index, follow, max-snippet:-1, max-image-preview:large, max-video-preview:-1\" \/>\n<link rel=\"canonical\" href=\"https:\/\/www.alfa-equipments.be\/fr\/amenager-votre-fourgon-de-maniere-professionnelle\/\" \/>\n<meta property=\"og:locale\" content=\"fr_FR\" \/>\n<meta property=\"og:type\" content=\"article\" \/>\n<meta property=\"og:title\" content=\"Pourquoi am\u00e9nager votre fourgon de mani\u00e8re professionnelle ?\" \/>\n<meta property=\"og:description\" content=\"Pourquoi est-il important d&#039;investir dans un am\u00e9nagement et un \u00e9quipement professionnels pour votre fourgon ? Alfa Equipments vous donne six raisons.\" \/>\n<meta property=\"og:url\" content=\"https:\/\/www.alfa-equipments.be\/fr\/amenager-votre-fourgon-de-maniere-professionnelle\/\" \/>\n<meta property=\"og:site_name\" content=\"Alfa Equipments\" \/>\n<meta property=\"article:modified_time\" content=\"2021-12-20T13:01:10+00:00\" \/>\n<meta name=\"twitter:card\" content=\"summary_large_image\" \/>\n<meta name=\"twitter:label1\" content=\"Dur\u00e9e de lecture estim\u00e9e\" \/>\n\t<meta name=\"twitter:data1\" content=\"2 minutes\" \/>\n<script type=\"application\/ld+json\" class=\"yoast-schema-graph\">{\"@context\":\"https:\/\/schema.org\",\"@graph\":[{\"@type\":\"WebPage\",\"@id\":\"https:\/\/www.alfa-equipments.be\/fr\/amenager-votre-fourgon-de-maniere-professionnelle\/\",\"url\":\"https:\/\/www.alfa-equipments.be\/fr\/amenager-votre-fourgon-de-maniere-professionnelle\/\",\"name\":\"Pourquoi am\u00e9nager votre fourgon de mani\u00e8re professionnelle ?\",\"isPartOf\":{\"@id\":\"https:\/\/www.alfa-equipments.be\/#website\"},\"datePublished\":\"2019-06-13T13:04:30+00:00\",\"dateModified\":\"2021-12-20T13:01:10+00:00\",\"description\":\"Pourquoi est-il important d'investir dans un am\u00e9nagement et un \u00e9quipement professionnels pour votre fourgon ? Alfa Equipments vous donne six raisons.\",\"breadcrumb\":{\"@id\":\"https:\/\/www.alfa-equipments.be\/fr\/amenager-votre-fourgon-de-maniere-professionnelle\/#breadcrumb\"},\"inLanguage\":\"fr-FR\",\"potentialAction\":[{\"@type\":\"ReadAction\",\"target\":[\"https:\/\/www.alfa-equipments.be\/fr\/amenager-votre-fourgon-de-maniere-professionnelle\/\"]}]},{\"@type\":\"BreadcrumbList\",\"@id\":\"https:\/\/www.alfa-equipments.be\/fr\/amenager-votre-fourgon-de-maniere-professionnelle\/#breadcrumb\",\"itemListElement\":[{\"@type\":\"ListItem\",\"position\":1,\"name\":\"Home\",\"item\":\"https:\/\/www.alfa-equipments.be\/\"},{\"@type\":\"ListItem\",\"position\":2,\"name\":\"Pourquoi am\u00e9nager votre fourgon?\"}]},{\"@type\":\"WebSite\",\"@id\":\"https:\/\/www.alfa-equipments.be\/#website\",\"url\":\"https:\/\/www.alfa-equipments.be\/\",\"name\":\"Alfa Equipments\",\"description\":\"Wij maken je bestelwagen volledig werkbaar!\",\"potentialAction\":[{\"@type\":\"SearchAction\",\"target\":{\"@type\":\"EntryPoint\",\"urlTemplate\":\"https:\/\/www.alfa-equipments.be\/?s={search_term_string}\"},\"query-input\":{\"@type\":\"PropertyValueSpecification\",\"valueRequired\":true,\"valueName\":\"search_term_string\"}}],\"inLanguage\":\"fr-FR\"}]}<\/script>\n<!-- \/ Yoast SEO plugin. -->","yoast_head_json":{"title":"Pourquoi am\u00e9nager votre fourgon de mani\u00e8re professionnelle ?","description":"Pourquoi est-il important d'investir dans un am\u00e9nagement et un \u00e9quipement professionnels pour votre fourgon ? Alfa Equipments vous donne six raisons.","robots":{"index":"index","follow":"follow","max-snippet":"max-snippet:-1","max-image-preview":"max-image-preview:large","max-video-preview":"max-video-preview:-1"},"canonical":"https:\/\/www.alfa-equipments.be\/fr\/amenager-votre-fourgon-de-maniere-professionnelle\/","og_locale":"fr_FR","og_type":"article","og_title":"Pourquoi am\u00e9nager votre fourgon de mani\u00e8re professionnelle ?","og_description":"Pourquoi est-il important d'investir dans un am\u00e9nagement et un \u00e9quipement professionnels pour votre fourgon ? Alfa Equipments vous donne six raisons.","og_url":"https:\/\/www.alfa-equipments.be\/fr\/amenager-votre-fourgon-de-maniere-professionnelle\/","og_site_name":"Alfa Equipments","article_modified_time":"2021-12-20T13:01:10+00:00","twitter_card":"summary_large_image","twitter_misc":{"Dur\u00e9e de lecture estim\u00e9e":"2 minutes"},"schema":{"@context":"https:\/\/schema.org","@graph":[{"@type":"WebPage","@id":"https:\/\/www.alfa-equipments.be\/fr\/amenager-votre-fourgon-de-maniere-professionnelle\/","url":"https:\/\/www.alfa-equipments.be\/fr\/amenager-votre-fourgon-de-maniere-professionnelle\/","name":"Pourquoi am\u00e9nager votre fourgon de mani\u00e8re professionnelle ?","isPartOf":{"@id":"https:\/\/www.alfa-equipments.be\/#website"},"datePublished":"2019-06-13T13:04:30+00:00","dateModified":"2021-12-20T13:01:10+00:00","description":"Pourquoi est-il important d'investir dans un am\u00e9nagement et un \u00e9quipement professionnels pour votre fourgon ? Alfa Equipments vous donne six raisons.","breadcrumb":{"@id":"https:\/\/www.alfa-equipments.be\/fr\/amenager-votre-fourgon-de-maniere-professionnelle\/#breadcrumb"},"inLanguage":"fr-FR","potentialAction":[{"@type":"ReadAction","target":["https:\/\/www.alfa-equipments.be\/fr\/amenager-votre-fourgon-de-maniere-professionnelle\/"]}]},{"@type":"BreadcrumbList","@id":"https:\/\/www.alfa-equipments.be\/fr\/amenager-votre-fourgon-de-maniere-professionnelle\/#breadcrumb","itemListElement":[{"@type":"ListItem","position":1,"name":"Home","item":"https:\/\/www.alfa-equipments.be\/"},{"@type":"ListItem","position":2,"name":"Pourquoi am\u00e9nager votre fourgon?"}]},{"@type":"WebSite","@id":"https:\/\/www.alfa-equipments.be\/#website","url":"https:\/\/www.alfa-equipments.be\/","name":"Alfa Equipments","description":"Wij maken je bestelwagen volledig werkbaar!","potentialAction":[{"@type":"SearchAction","target":{"@type":"EntryPoint","urlTemplate":"https:\/\/www.alfa-equipments.be\/?s={search_term_string}"},"query-input":{"@type":"PropertyValueSpecification","valueRequired":true,"valueName":"search_term_string"}}],"inLanguage":"fr-FR"}]}},"_links":{"self":[{"href":"https:\/\/www.alfa-equipments.be\/fr\/wp-json\/wp\/v2\/pages\/3737","targetHints":{"allow":["GET"]}}],"collection":[{"href":"https:\/\/www.alfa-equipments.be\/fr\/wp-json\/wp\/v2\/pages"}],"about":[{"href":"https:\/\/www.alfa-equipments.be\/fr\/wp-json\/wp\/v2\/types\/page"}],"author":[{"embeddable":true,"href":"https:\/\/www.alfa-equipments.be\/fr\/wp-json\/wp\/v2\/users\/1"}],"replies":[{"embeddable":true,"href":"https:\/\/www.alfa-equipments.be\/fr\/wp-json\/wp\/v2\/comments?post=3737"}],"version-history":[{"count":3,"href":"https:\/\/www.alfa-equipments.be\/fr\/wp-json\/wp\/v2\/pages\/3737\/revisions"}],"predecessor-version":[{"id":3996,"href":"https:\/\/www.alfa-equipments.be\/fr\/wp-json\/wp\/v2\/pages\/3737\/revisions\/3996"}],"wp:attachment":[{"href":"https:\/\/www.alfa-equipments.be\/fr\/wp-json\/wp\/v2\/media?parent=3737"}],"curies":[{"name":"wp","href":"https:\/\/api.w.org\/{rel}","templated":true}]}}