{"id":3736,"date":"2019-06-13T13:05:28","date_gmt":"2019-06-13T13:05:28","guid":{"rendered":"https:\/\/alfa-bvba.be\/extra-uitrusting\/"},"modified":"2025-02-19T10:47:43","modified_gmt":"2025-02-19T09:47:43","slug":"equipements-supplementaire","status":"publish","type":"page","link":"https:\/\/www.alfa-equipments.be\/fr\/equipements-supplementaire\/","title":{"rendered":"\u00c9quipement suppl\u00e9mentaire"},"content":{"rendered":"<section   class=\"fw-main-row-custom fw-main-row-top fw-section-no-padding  auto  fw-section-position-back tf-sh-16e70a451d07da937cb067eaf9a41cdf\"    >\n\t\t\t<div class=\"fw-container\" >\n\t\t<div class=\"fw-row\">\n\t<div id=\"column-6a095bdcd848d\" class=\"fw-col-sm-12 tf-sh-248ce5ae6ac6b47a86359430a783cb0a  fw-col-no-padding\" >\n\t<div class=\"fw-wrap-col-inner clearfix  \"   >\n\t\t\t\t<div class=\"fw-col-inner\">\n\t\t\t<div class=\"fw-heading fw-heading-left  fw-heading-with-subtitle tf-sh-fe04f59b86838785d17905e420479741\" >\n\t\t\t<h1 class=\"fw-special-title\">\u00c9quipements suppl\u00e9mentaires pour votre fourgon<\/h1>\n\t\n\t\n\t\t\t<div class=\"fw-special-subtitle\">Un guichet unique pour pr\u00e9parer vos v\u00e9hicules \u00e0 l'utilisation<\/div>\n\t<\/div><div class=\"fw-divider-space space-md  clearfix\"  ><\/div>\t\t<\/div>\n\t<\/div>\n<\/div><\/div>\n\n<div class=\"fw-row\">\n\t<div id=\"column-6a095bdcd86a6\" class=\"fw-col-md-6 fw-col-lg-4 tf-sh-34c227c3690bad7182945d44724fc38d custom-box-cat\" >\n\t<div class=\"fw-wrap-col-inner clearfix  \"   >\n\t\t\t\t<div class=\"fw-col-inner\">\n\t\t\t\t<div class=\"fw-imagebox clearfix fw-imagebox-1 tf-sh-f520b28a8b499671f70c04d97fb497cf text-center   \"  style=\"\">\r\n\t\t\t\t\t\t\t\t\t\t<div class=\"fw-block-image-parent  \" style=\"width: 100%;\">\r\n\t\t\t\t\t\t\t\t\t<div class=\"fw-block-image-child fw-ratio-1 fw-ratio-container\">\r\n\t\t\t\t\t\t\t\t\t\t\t\t<div class=\"bgImage\" style=\"background-image: url( https:\/\/www.alfa-equipments.be\/wp-content\/uploads\/2021\/11\/Imperiaal.jpg );\"><\/div>\r\n\t\t\t\t\t<\/div>\r\n\t\t\t\t\t\t\t<\/div>\r\n\t\t\r\n\t<div class=\"fw-imagebox-aside\" style=\"\">\r\n\t\t\r\n\t\t\r\n\t\t<div class=\"fw-imagebox-btn text-left\">\r\n\t\t<a href=\"\/fr\/equipements-supplementaire\/porte-bagages-et-barres-de-toit\/\" target=\"_self\" class=\"fw-btn fw-btn-full fw-btn-sm fw-btn-1 \" style=\"\" >\r\n\t\t\t<span>\r\n\t\t\t\t\t\t\t\t\tPorte-Bagages et barres de toit\t\t\t\t\t\t\t<\/span>\r\n\t\t<\/a>\r\n\t<\/div>\r\n\t\t<\/div>\r\n\t<\/div>\r\n\t\t<\/div>\n\t<\/div>\n<\/div><div id=\"column-6a095bdcd8b60\" class=\"fw-col-md-6 fw-col-lg-4 tf-sh-a86928e19ded8f2fea3fcaa863af30f7 custom-box-cat\" >\n\t<div class=\"fw-wrap-col-inner clearfix  \"   >\n\t\t\t\t<div class=\"fw-col-inner\">\n\t\t\t\t<div class=\"fw-imagebox clearfix fw-imagebox-1 tf-sh-db954e284a3fd6507f10ce733bc5b6e1 text-center   \"  style=\"\">\r\n\t\t\t\t\t\t\t\t\t\t<div class=\"fw-block-image-parent  \" style=\"width: 100%;\">\r\n\t\t\t\t\t\t\t\t\t<div class=\"fw-block-image-child fw-ratio-1 fw-ratio-container\">\r\n\t\t\t\t\t\t\t\t\t\t\t\t<div class=\"bgImage\" style=\"background-image: url( https:\/\/www.alfa-equipments.be\/wp-content\/uploads\/2021\/11\/Glasresteel-Extern.jpg );\"><\/div>\r\n\t\t\t\t\t<\/div>\r\n\t\t\t\t\t\t\t<\/div>\r\n\t\t\r\n\t<div class=\"fw-imagebox-aside\" style=\"\">\r\n\t\t\r\n\t\t\r\n\t\t<div class=\"fw-imagebox-btn text-left\">\r\n\t\t<a href=\"\/fr\/equipements-supplementaire\/porte-verres\/\" target=\"_self\" class=\"fw-btn fw-btn-full fw-btn-sm fw-btn-1 \" style=\"\" >\r\n\t\t\t<span>\r\n\t\t\t\t\t\t\t\t\tPorte-verres\t\t\t\t\t\t\t<\/span>\r\n\t\t<\/a>\r\n\t<\/div>\r\n\t\t<\/div>\r\n\t<\/div>\r\n\t\t<\/div>\n\t<\/div>\n<\/div><div id=\"column-6a095bdcd8ead\" class=\"fw-col-md-6 fw-col-lg-4 tf-sh-2dfdaeb08bfe2a8e9f5f9896df94936e custom-box-cat\" >\n\t<div class=\"fw-wrap-col-inner clearfix  \"   >\n\t\t\t\t<div class=\"fw-col-inner\">\n\t\t\t\t<div class=\"fw-imagebox clearfix fw-imagebox-1 tf-sh-02cdb2c49c5be8b218ee2206c653e51b text-center   \"  style=\"\">\r\n\t\t\t\t\t\t\t\t\t\t<div class=\"fw-block-image-parent  \" style=\"width: 100%;\">\r\n\t\t\t\t\t\t\t\t\t<div class=\"fw-block-image-child fw-ratio-1 fw-ratio-container\">\r\n\t\t\t\t\t\t\t\t\t\t\t\t<div class=\"bgImage\" style=\"background-image: url( https:\/\/www.alfa-equipments.be\/wp-content\/uploads\/2021\/12\/Ladderdragers.jpg );\"><\/div>\r\n\t\t\t\t\t<\/div>\r\n\t\t\t\t\t\t\t<\/div>\r\n\t\t\r\n\t<div class=\"fw-imagebox-aside\" style=\"\">\r\n\t\t\r\n\t\t\r\n\t\t<div class=\"fw-imagebox-btn text-left\">\r\n\t\t<a href=\"\/fr\/equipements-supplementaire\/porte-echelles-et-elevateurs\/\" target=\"_self\" class=\"fw-btn fw-btn-full fw-btn-sm fw-btn-1 \" style=\"\" >\r\n\t\t\t<span>\r\n\t\t\t\t\t\t\t\t\tPorte echelles et elevateurs\t\t\t\t\t\t\t<\/span>\r\n\t\t<\/a>\r\n\t<\/div>\r\n\t\t<\/div>\r\n\t<\/div>\r\n\t\t<\/div>\n\t<\/div>\n<\/div><\/div>\n\n<div class=\"fw-row\">\n\t<div id=\"column-6a095bdcd9224\" class=\"fw-col-sm-12 tf-sh-a609465fb603667541d90ec3a67db573\" >\n\t<div class=\"fw-wrap-col-inner clearfix  \"   >\n\t\t\t\t<div class=\"fw-col-inner\">\n\t\t\t<div class=\"fw-divider-space space-sm  clearfix\"  ><\/div>\t\t<\/div>\n\t<\/div>\n<\/div><\/div>\n\n<div class=\"fw-row\">\n\t<div id=\"column-6a095bdcd933a\" class=\"fw-col-md-6 fw-col-lg-4 tf-sh-5c38b7e10479cb68ab8b6997d8fab14a custom-box-cat\" >\n\t<div class=\"fw-wrap-col-inner clearfix  \"   >\n\t\t\t\t<div class=\"fw-col-inner\">\n\t\t\t\t<div class=\"fw-imagebox clearfix fw-imagebox-1 tf-sh-d7414c32fb6c285246788de6ca1abbd5 text-center   \"  style=\"\">\r\n\t\t\t\t\t\t\t\t\t\t<div class=\"fw-block-image-parent  \" style=\"width: 100%;\">\r\n\t\t\t\t\t\t\t\t\t<div class=\"fw-block-image-child fw-noratio fw-ratio-container\">\r\n\t\t\t\t\t\t\t\t\t\t\t\t<div class=\"bgImage\" style=\"background-image: url( https:\/\/www.alfa-equipments.be\/wp-content\/uploads\/2025\/02\/Daken-Gog-2.jpg );\"><\/div>\r\n\t\t\t\t\t<\/div>\r\n\t\t\t\t\t\t\t<\/div>\r\n\t\t\r\n\t<div class=\"fw-imagebox-aside\" style=\"\">\r\n\t\t\r\n\t\t\r\n\t\t<div class=\"fw-imagebox-btn text-left\">\r\n\t\t<a href=\"\/fr\/equipements-supplementaire\/antivol\/\" target=\"_self\" class=\"fw-btn fw-btn-full fw-btn-sm fw-btn-1 \" style=\"\" >\r\n\t\t\t<span>\r\n\t\t\t\t\t\t\t\t\tAntivol\t\t\t\t\t\t\t<\/span>\r\n\t\t<\/a>\r\n\t<\/div>\r\n\t\t<\/div>\r\n\t<\/div>\r\n\t\t<\/div>\n\t<\/div>\n<\/div><div id=\"column-6a095bdcd963d\" class=\"fw-col-md-6 fw-col-lg-4 tf-sh-adefcf27a221feb05c20be983f47c24a custom-box-cat\" >\n\t<div class=\"fw-wrap-col-inner clearfix  \"   >\n\t\t\t\t<div class=\"fw-col-inner\">\n\t\t\t\t<div class=\"fw-imagebox clearfix fw-imagebox-1 tf-sh-91854b75fdd71e2c94a8c6e07f2baf7b text-center   \"  style=\"\">\r\n\t\t\t\t\t\t\t\t\t\t<div class=\"fw-block-image-parent  \" style=\"width: 100%;\">\r\n\t\t\t\t\t\t\t\t\t<div class=\"fw-block-image-child fw-noratio fw-ratio-container\">\r\n\t\t\t\t\t\t\t\t\t\t\t\t<div class=\"bgImage\" style=\"background-image: url( https:\/\/www.alfa-equipments.be\/wp-content\/uploads\/2022\/07\/Ramp-RRD-Kenny.png );\"><\/div>\r\n\t\t\t\t\t<\/div>\r\n\t\t\t\t\t\t\t<\/div>\r\n\t\t\r\n\t<div class=\"fw-imagebox-aside\" style=\"\">\r\n\t\t\r\n\t\t\r\n\t\t<div class=\"fw-imagebox-btn text-left\">\r\n\t\t<a href=\"\/fr\/equipements-supplementaire\/rampes-de-chargement\/\" target=\"_self\" class=\"fw-btn fw-btn-full fw-btn-sm fw-btn-1 \" style=\"\" >\r\n\t\t\t<span>\r\n\t\t\t\t\t\t\t\t\tRampes de chargement et fixes\t\t\t\t\t\t\t<\/span>\r\n\t\t<\/a>\r\n\t<\/div>\r\n\t\t<\/div>\r\n\t<\/div>\r\n\t\t<\/div>\n\t<\/div>\n<\/div><div id=\"column-6a095bdcd99ed\" class=\"fw-col-md-6 fw-col-lg-4 tf-sh-05b05c1b76086541d8f6877bd3f9a740 custom-box-cat\" >\n\t<div class=\"fw-wrap-col-inner clearfix  \"   >\n\t\t\t\t<div class=\"fw-col-inner\">\n\t\t\t\t<div class=\"fw-imagebox clearfix fw-imagebox-1 tf-sh-112bb2196922f7da2234522e7dee228c text-center   \"  style=\"\">\r\n\t\t\t\t\t\t\t\t\t\t<div class=\"fw-block-image-parent  \" style=\"width: 100%;\">\r\n\t\t\t\t\t\t\t\t\t<div class=\"fw-block-image-child fw-ratio-1 fw-ratio-container\">\r\n\t\t\t\t\t\t\t\t\t\t\t\t<div class=\"bgImage\" style=\"background-image: url( https:\/\/www.alfa-equipments.be\/wp-content\/uploads\/2021\/11\/Sidebar-1.jpg );\"><\/div>\r\n\t\t\t\t\t<\/div>\r\n\t\t\t\t\t\t\t<\/div>\r\n\t\t\r\n\t<div class=\"fw-imagebox-aside\" style=\"\">\r\n\t\t\r\n\t\t\r\n\t\t<div class=\"fw-imagebox-btn text-left\">\r\n\t\t<a href=\"\/fr\/equipements-supplementaire\/barres-laterales-et-pare-buffles\/\" target=\"_self\" class=\"fw-btn fw-btn-full fw-btn-sm fw-btn-1 \" style=\"\" >\r\n\t\t\t<span>\r\n\t\t\t\t\t\t\t\t\tBarres lat\u00e9rales & pare-buffles \t\t\t\t\t\t\t<\/span>\r\n\t\t<\/a>\r\n\t<\/div>\r\n\t\t<\/div>\r\n\t<\/div>\r\n\t\t<\/div>\n\t<\/div>\n<\/div><\/div>\n\n<div class=\"fw-row\">\n\t<div id=\"column-6a095bdcd9d01\" class=\"fw-col-sm-12 tf-sh-a609465fb603667541d90ec3a67db573\" >\n\t<div class=\"fw-wrap-col-inner clearfix  \"   >\n\t\t\t\t<div class=\"fw-col-inner\">\n\t\t\t<div class=\"fw-divider-space space-sm  clearfix\"  ><\/div>\t\t<\/div>\n\t<\/div>\n<\/div><\/div>\n\n<div class=\"fw-row\">\n\t<div id=\"column-6a095bdcd9e5e\" class=\"fw-col-md-6 fw-col-lg-4 tf-sh-f53e437b7169a1c36a41013e2ccd13e2 custom-box-cat\" >\n\t<div class=\"fw-wrap-col-inner clearfix  \"   >\n\t\t\t\t<div class=\"fw-col-inner\">\n\t\t\t\t<div class=\"fw-imagebox clearfix fw-imagebox-1 tf-sh-54760c209cef1f1a3b87ef960aba696e text-center   \"  style=\"\">\r\n\t\t\t\t\t\t\t\t\t\t<div class=\"fw-block-image-parent  \" style=\"width: 100%;\">\r\n\t\t\t\t\t\t\t\t\t<div class=\"fw-block-image-child fw-ratio-1 fw-ratio-container\">\r\n\t\t\t\t\t\t\t\t\t\t\t\t<div class=\"bgImage\" style=\"background-image: url( https:\/\/www.alfa-equipments.be\/wp-content\/uploads\/2021\/11\/Signalisatie-categorie.jpg );\"><\/div>\r\n\t\t\t\t\t<\/div>\r\n\t\t\t\t\t\t\t<\/div>\r\n\t\t\r\n\t<div class=\"fw-imagebox-aside\" style=\"\">\r\n\t\t\r\n\t\t\r\n\t\t<div class=\"fw-imagebox-btn text-left\">\r\n\t\t<a href=\"\/fr\/equipements-supplementaire\/signalisation-et-eclairage-de-travail\/\" target=\"_self\" class=\"fw-btn fw-btn-full fw-btn-sm fw-btn-1 \" style=\"\" >\r\n\t\t\t<span>\r\n\t\t\t\t\t\t\t\t\tSignalisation et \u00e9clairage de travail \t\t\t\t\t\t\t<\/span>\r\n\t\t<\/a>\r\n\t<\/div>\r\n\t\t<\/div>\r\n\t<\/div>\r\n\t\t<\/div>\n\t<\/div>\n<\/div><div id=\"column-6a095bdcda139\" class=\"fw-col-md-6 fw-col-lg-4 tf-sh-98572a51107338905f0c94c80d355673 custom-box-cat\" >\n\t<div class=\"fw-wrap-col-inner clearfix  \"   >\n\t\t\t\t<div class=\"fw-col-inner\">\n\t\t\t\t<div class=\"fw-imagebox clearfix fw-imagebox-1 tf-sh-6462634ccdecfa124571ad2509c0a3bc text-center   \"  style=\"\">\r\n\t\t\t\t\t\t\t\t\t\t<div class=\"fw-block-image-parent  \" style=\"width: 100%;\">\r\n\t\t\t\t\t\t\t\t\t<div class=\"fw-block-image-child fw-ratio-1 fw-ratio-container\">\r\n\t\t\t\t\t\t\t\t\t\t\t\t<div class=\"bgImage\" style=\"background-image: url( https:\/\/www.alfa-equipments.be\/wp-content\/uploads\/2021\/12\/Ford-Transit-Custom-TowStep-Duo-Black-Trailer-2.jpg );\"><\/div>\r\n\t\t\t\t\t<\/div>\r\n\t\t\t\t\t\t\t<\/div>\r\n\t\t\r\n\t<div class=\"fw-imagebox-aside\" style=\"\">\r\n\t\t\r\n\t\t\r\n\t\t<div class=\"fw-imagebox-btn text-left\">\r\n\t\t<a href=\"\/fr\/equipements-supplementaire\/crochets-dattelage-et-marchepieds\/\" target=\"_self\" class=\"fw-btn fw-btn-full fw-btn-sm fw-btn-1 \" style=\"\" >\r\n\t\t\t<span>\r\n\t\t\t\t\t\t\t\t\tCrochets d\u2019attelage et marchepieds \t\t\t\t\t\t\t<\/span>\r\n\t\t<\/a>\r\n\t<\/div>\r\n\t\t<\/div>\r\n\t<\/div>\r\n\t\t<\/div>\n\t<\/div>\n<\/div><div id=\"column-6a095bdcda418\" class=\"fw-col-md-6 fw-col-lg-4 tf-sh-73d19d869b3bfbf1f3b3148f3351e575 custom-box-cat\" >\n\t<div class=\"fw-wrap-col-inner clearfix  \"   >\n\t\t\t\t<div class=\"fw-col-inner\">\n\t\t\t\t<div class=\"fw-imagebox clearfix fw-imagebox-1 tf-sh-3e326b105028a84104417b4a60408ea5 text-center   \"  style=\"\">\r\n\t\t\t\t\t\t\t\t\t\t<div class=\"fw-block-image-parent  \" style=\"width: 100%;\">\r\n\t\t\t\t\t\t\t\t\t<div class=\"fw-block-image-child fw-ratio-16-9 fw-ratio-container\">\r\n\t\t\t\t\t\t\t\t\t\t\t\t<div class=\"bgImage\" style=\"background-image: url( https:\/\/www.alfa-equipments.be\/wp-content\/uploads\/2020\/11\/easy-aero-1.jpg );\"><\/div>\r\n\t\t\t\t\t<\/div>\r\n\t\t\t\t\t\t\t<\/div>\r\n\t\t\r\n\t<div class=\"fw-imagebox-aside\" style=\"\">\r\n\t\t\r\n\t\t\r\n\t\t<div class=\"fw-imagebox-btn text-left\">\r\n\t\t<a href=\"\/fr\/equipements-supplementaire\/aeration\/\" target=\"_self\" class=\"fw-btn fw-btn-full fw-btn-sm fw-btn-1 \" style=\"\" >\r\n\t\t\t<span>\r\n\t\t\t\t\t\t\t\t\tA\u00e9ration\t\t\t\t\t\t\t<\/span>\r\n\t\t<\/a>\r\n\t<\/div>\r\n\t\t<\/div>\r\n\t<\/div>\r\n\t\t<\/div>\n\t<\/div>\n<\/div><\/div>\n\n<div class=\"fw-row\">\n\t<div id=\"column-6a095bdcda7c1\" class=\"fw-col-sm-12 tf-sh-a609465fb603667541d90ec3a67db573\" >\n\t<div class=\"fw-wrap-col-inner clearfix  \"   >\n\t\t\t\t<div class=\"fw-col-inner\">\n\t\t\t<div class=\"fw-divider-space space-sm  clearfix\"  ><\/div>\t\t<\/div>\n\t<\/div>\n<\/div><\/div>\n\n<div class=\"fw-row\">\n\t<div id=\"column-6a095bdcda93b\" class=\"fw-col-md-6 fw-col-lg-4 tf-sh-092787b378cbda7e06c9fdf457979bae custom-box-cat\" >\n\t<div class=\"fw-wrap-col-inner clearfix  \"   >\n\t\t\t\t<div class=\"fw-col-inner\">\n\t\t\t\t<div class=\"fw-imagebox clearfix fw-imagebox-1 tf-sh-574eb5d776cc23afd5d6841066bd9a9f text-center   \"  style=\"\">\r\n\t\t\t\t\t\t\t\t\t\t<div class=\"fw-block-image-parent  \" style=\"width: 100%;\">\r\n\t\t\t\t\t\t\t\t\t<div class=\"fw-block-image-child fw-noratio fw-ratio-container\">\r\n\t\t\t\t\t\t\t\t\t\t\t\t<div class=\"bgImage\" style=\"background-image: url( https:\/\/www.alfa-equipments.be\/wp-content\/uploads\/2022\/02\/metal_rack_LogicLine-8.jpg );\"><\/div>\r\n\t\t\t\t\t<\/div>\r\n\t\t\t\t\t\t\t<\/div>\r\n\t\t\r\n\t<div class=\"fw-imagebox-aside\" style=\"\">\r\n\t\t\r\n\t\t\r\n\t\t<div class=\"fw-imagebox-btn text-left\">\r\n\t\t<a href=\"\/fr\/equipements-supplementaire\/logicline\/\" target=\"_self\" class=\"fw-btn fw-btn-full fw-btn-sm fw-btn-1 \" style=\"\" >\r\n\t\t\t<span>\r\n\t\t\t\t\t\t\t\t\tLogicLine\t\t\t\t\t\t\t<\/span>\r\n\t\t<\/a>\r\n\t<\/div>\r\n\t\t<\/div>\r\n\t<\/div>\r\n\t\t<\/div>\n\t<\/div>\n<\/div><div id=\"column-6a095bdcdaf97\" class=\"fw-col-md-6 fw-col-lg-4 tf-sh-1d857324ede0e84f3277e7c9dff70ae6 custom-box-cat\" >\n\t<div class=\"fw-wrap-col-inner clearfix  \"   >\n\t\t\t\t<div class=\"fw-col-inner\">\n\t\t\t\t<div class=\"fw-imagebox clearfix fw-imagebox-1 tf-sh-303a6adf0ebbc3078f09da500a4d51f0 text-center   \"  style=\"\">\r\n\t\t\t\t\t\t\t\t\t\t<div class=\"fw-block-image-parent  \" style=\"width: 100%;\">\r\n\t\t\t\t\t\t\t\t\t<div class=\"fw-block-image-child fw-ratio-3-4 fw-ratio-container\">\r\n\t\t\t\t\t\t\t\t\t\t\t\t<div class=\"bgImage\" style=\"background-image: url( https:\/\/www.alfa-equipments.be\/wp-content\/uploads\/2022\/02\/Vanloda-MK2-in-van-3-1-e1646051456233.jpg );\"><\/div>\r\n\t\t\t\t\t<\/div>\r\n\t\t\t\t\t\t\t<\/div>\r\n\t\t\r\n\t<div class=\"fw-imagebox-aside\" style=\"\">\r\n\t\t\r\n\t\t\r\n\t\t<div class=\"fw-imagebox-btn text-left\">\r\n\t\t<a href=\"\/fr\/equipements-supplementaire\/vanloda\/\" target=\"_self\" class=\"fw-btn fw-btn-full fw-btn-sm fw-btn-1 \" style=\"\" >\r\n\t\t\t<span>\r\n\t\t\t\t\t\t\t\t\tVanloda\t\t\t\t\t\t\t<\/span>\r\n\t\t<\/a>\r\n\t<\/div>\r\n\t\t<\/div>\r\n\t<\/div>\r\n\t\t<\/div>\n\t<\/div>\n<\/div><\/div>\n\n\t<\/div>\n\t<\/section>\n","protected":false},"excerpt":{"rendered":"<p>\u00c9quipements suppl\u00e9mentaires pour votre fourgon Un guichet unique pour pr\u00e9parer vos v\u00e9hicules \u00e0 l&rsquo;utilisation Porte-Bagages et barres de toit Porte-verres Porte echelles et elevateurs Antivol Rampes de chargement et fixes Barres lat\u00e9rales &#038; pare-buffles Signalisation et \u00e9clairage de travail Crochets d\u2019attelage et marchepieds A\u00e9ration LogicLine Vanloda<\/p>\n","protected":false},"author":1,"featured_media":0,"parent":0,"menu_order":0,"comment_status":"closed","ping_status":"closed","template":"","meta":{"_acf_changed":false,"ngg_post_thumbnail":0,"footnotes":""},"class_list":["post-3736","page","type-page","status-publish","hentry"],"acf":[],"yoast_head":"<!-- This site is optimized with the Yoast SEO plugin v25.3.1 - https:\/\/yoast.com\/wordpress\/plugins\/seo\/ -->\n<title>\u00c9quipement suppl\u00e9mentaire - Alfa Equipments<\/title>\n<meta name=\"description\" content=\"Pour des \u00e9quipements suppl\u00e9mentaires pour votre fourgon, Alfa Equipments est le partenaire id\u00e9al.\" \/>\n<meta name=\"robots\" content=\"index, follow, max-snippet:-1, max-image-preview:large, max-video-preview:-1\" \/>\n<link rel=\"canonical\" href=\"https:\/\/www.alfa-equipments.be\/fr\/equipements-supplementaire\/\" \/>\n<meta property=\"og:locale\" content=\"fr_FR\" \/>\n<meta property=\"og:type\" content=\"article\" \/>\n<meta property=\"og:title\" content=\"\u00c9quipement suppl\u00e9mentaire - Alfa Equipments\" \/>\n<meta property=\"og:description\" content=\"Pour des \u00e9quipements suppl\u00e9mentaires pour votre fourgon, Alfa Equipments est le partenaire id\u00e9al.\" \/>\n<meta property=\"og:url\" content=\"https:\/\/www.alfa-equipments.be\/fr\/equipements-supplementaire\/\" \/>\n<meta property=\"og:site_name\" content=\"Alfa Equipments\" \/>\n<meta property=\"article:modified_time\" content=\"2025-02-19T09:47:43+00:00\" \/>\n<meta name=\"twitter:card\" content=\"summary_large_image\" \/>\n<meta name=\"twitter:label1\" content=\"Dur\u00e9e de lecture estim\u00e9e\" \/>\n\t<meta name=\"twitter:data1\" content=\"1 minute\" \/>\n<script type=\"application\/ld+json\" class=\"yoast-schema-graph\">{\"@context\":\"https:\/\/schema.org\",\"@graph\":[{\"@type\":\"WebPage\",\"@id\":\"https:\/\/www.alfa-equipments.be\/fr\/equipements-supplementaire\/\",\"url\":\"https:\/\/www.alfa-equipments.be\/fr\/equipements-supplementaire\/\",\"name\":\"\u00c9quipement suppl\u00e9mentaire - Alfa Equipments\",\"isPartOf\":{\"@id\":\"https:\/\/www.alfa-equipments.be\/#website\"},\"datePublished\":\"2019-06-13T13:05:28+00:00\",\"dateModified\":\"2025-02-19T09:47:43+00:00\",\"description\":\"Pour des \u00e9quipements suppl\u00e9mentaires pour votre fourgon, Alfa Equipments est le partenaire id\u00e9al.\",\"breadcrumb\":{\"@id\":\"https:\/\/www.alfa-equipments.be\/fr\/equipements-supplementaire\/#breadcrumb\"},\"inLanguage\":\"fr-FR\",\"potentialAction\":[{\"@type\":\"ReadAction\",\"target\":[\"https:\/\/www.alfa-equipments.be\/fr\/equipements-supplementaire\/\"]}]},{\"@type\":\"BreadcrumbList\",\"@id\":\"https:\/\/www.alfa-equipments.be\/fr\/equipements-supplementaire\/#breadcrumb\",\"itemListElement\":[{\"@type\":\"ListItem\",\"position\":1,\"name\":\"Home\",\"item\":\"https:\/\/www.alfa-equipments.be\/\"},{\"@type\":\"ListItem\",\"position\":2,\"name\":\"\u00c9quipement suppl\u00e9mentaire\"}]},{\"@type\":\"WebSite\",\"@id\":\"https:\/\/www.alfa-equipments.be\/#website\",\"url\":\"https:\/\/www.alfa-equipments.be\/\",\"name\":\"Alfa Equipments\",\"description\":\"Wij maken je bestelwagen volledig werkbaar!\",\"potentialAction\":[{\"@type\":\"SearchAction\",\"target\":{\"@type\":\"EntryPoint\",\"urlTemplate\":\"https:\/\/www.alfa-equipments.be\/?s={search_term_string}\"},\"query-input\":{\"@type\":\"PropertyValueSpecification\",\"valueRequired\":true,\"valueName\":\"search_term_string\"}}],\"inLanguage\":\"fr-FR\"}]}<\/script>\n<!-- \/ Yoast SEO plugin. -->","yoast_head_json":{"title":"\u00c9quipement suppl\u00e9mentaire - Alfa Equipments","description":"Pour des \u00e9quipements suppl\u00e9mentaires pour votre fourgon, Alfa Equipments est le partenaire id\u00e9al.","robots":{"index":"index","follow":"follow","max-snippet":"max-snippet:-1","max-image-preview":"max-image-preview:large","max-video-preview":"max-video-preview:-1"},"canonical":"https:\/\/www.alfa-equipments.be\/fr\/equipements-supplementaire\/","og_locale":"fr_FR","og_type":"article","og_title":"\u00c9quipement suppl\u00e9mentaire - Alfa Equipments","og_description":"Pour des \u00e9quipements suppl\u00e9mentaires pour votre fourgon, Alfa Equipments est le partenaire id\u00e9al.","og_url":"https:\/\/www.alfa-equipments.be\/fr\/equipements-supplementaire\/","og_site_name":"Alfa Equipments","article_modified_time":"2025-02-19T09:47:43+00:00","twitter_card":"summary_large_image","twitter_misc":{"Dur\u00e9e de lecture estim\u00e9e":"1 minute"},"schema":{"@context":"https:\/\/schema.org","@graph":[{"@type":"WebPage","@id":"https:\/\/www.alfa-equipments.be\/fr\/equipements-supplementaire\/","url":"https:\/\/www.alfa-equipments.be\/fr\/equipements-supplementaire\/","name":"\u00c9quipement suppl\u00e9mentaire - Alfa Equipments","isPartOf":{"@id":"https:\/\/www.alfa-equipments.be\/#website"},"datePublished":"2019-06-13T13:05:28+00:00","dateModified":"2025-02-19T09:47:43+00:00","description":"Pour des \u00e9quipements suppl\u00e9mentaires pour votre fourgon, Alfa Equipments est le partenaire id\u00e9al.","breadcrumb":{"@id":"https:\/\/www.alfa-equipments.be\/fr\/equipements-supplementaire\/#breadcrumb"},"inLanguage":"fr-FR","potentialAction":[{"@type":"ReadAction","target":["https:\/\/www.alfa-equipments.be\/fr\/equipements-supplementaire\/"]}]},{"@type":"BreadcrumbList","@id":"https:\/\/www.alfa-equipments.be\/fr\/equipements-supplementaire\/#breadcrumb","itemListElement":[{"@type":"ListItem","position":1,"name":"Home","item":"https:\/\/www.alfa-equipments.be\/"},{"@type":"ListItem","position":2,"name":"\u00c9quipement suppl\u00e9mentaire"}]},{"@type":"WebSite","@id":"https:\/\/www.alfa-equipments.be\/#website","url":"https:\/\/www.alfa-equipments.be\/","name":"Alfa Equipments","description":"Wij maken je bestelwagen volledig werkbaar!","potentialAction":[{"@type":"SearchAction","target":{"@type":"EntryPoint","urlTemplate":"https:\/\/www.alfa-equipments.be\/?s={search_term_string}"},"query-input":{"@type":"PropertyValueSpecification","valueRequired":true,"valueName":"search_term_string"}}],"inLanguage":"fr-FR"}]}},"_links":{"self":[{"href":"https:\/\/www.alfa-equipments.be\/fr\/wp-json\/wp\/v2\/pages\/3736","targetHints":{"allow":["GET"]}}],"collection":[{"href":"https:\/\/www.alfa-equipments.be\/fr\/wp-json\/wp\/v2\/pages"}],"about":[{"href":"https:\/\/www.alfa-equipments.be\/fr\/wp-json\/wp\/v2\/types\/page"}],"author":[{"embeddable":true,"href":"https:\/\/www.alfa-equipments.be\/fr\/wp-json\/wp\/v2\/users\/1"}],"replies":[{"embeddable":true,"href":"https:\/\/www.alfa-equipments.be\/fr\/wp-json\/wp\/v2\/comments?post=3736"}],"version-history":[{"count":6,"href":"https:\/\/www.alfa-equipments.be\/fr\/wp-json\/wp\/v2\/pages\/3736\/revisions"}],"predecessor-version":[{"id":5401,"href":"https:\/\/www.alfa-equipments.be\/fr\/wp-json\/wp\/v2\/pages\/3736\/revisions\/5401"}],"wp:attachment":[{"href":"https:\/\/www.alfa-equipments.be\/fr\/wp-json\/wp\/v2\/media?parent=3736"}],"curies":[{"name":"wp","href":"https:\/\/api.w.org\/{rel}","templated":true}]}}