{"id":3732,"date":"2020-11-03T14:25:27","date_gmt":"2020-11-03T14:25:27","guid":{"rendered":"https:\/\/alfa-bvba.be\/antidiefstal\/"},"modified":"2025-02-19T10:54:25","modified_gmt":"2025-02-19T09:54:25","slug":"antivol","status":"publish","type":"page","link":"https:\/\/www.alfa-equipments.be\/fr\/equipements-supplementaire\/antivol\/","title":{"rendered":"Antivol"},"content":{"rendered":"<p><section   class=\"fw-main-row-custom fw-main-row-top fw-section-no-padding  auto  fw-section-position-back tf-sh-05d047573308ec816ae7a699ff52015c\"    >\n\t\t\t<div class=\"fw-container\" >\n\t\t<div class=\"fw-row\">\n\t<div id=\"column-6a0969366fad7\" class=\"fw-col-sm-12 tf-sh-1d9873ea1b725f8415197a22481f61c9 breadcrumbs-section\" >\n\t<div class=\"fw-wrap-col-inner clearfix  \"   >\n\t\t\t\t<div class=\"fw-col-inner\">\n\t\t\t<div class=\"shortcode-widget-area col-sm-12 fw-sidebar \" >\n\t<div class=\"fw-col-inner\">\n\t\t<aside id=\"bcn_widget-2\" class=\"widget widget_breadcrumb_navxt\"><div class=\"breadcrumbs\" vocab=\"https:\/\/schema.org\/\" typeof=\"BreadcrumbList\"><!-- Breadcrumb NavXT 7.4.1 -->\n<span property=\"itemListElement\" typeof=\"ListItem\"><a property=\"item\" typeof=\"WebPage\" title=\"Go to Alfa Equipments.\" href=\"https:\/\/www.alfa-equipments.be\/fr\/\" class=\"home\" aria-current=\"page\"><span property=\"name\">Home<\/span><\/a><meta property=\"position\" content=\"1\"><\/span><\/div><\/aside>\t<\/div>\n<\/div>\t\t<\/div>\n\t<\/div>\n<\/div><\/div>\n\n\t<\/div>\n\t<\/section><section   class=\"fw-main-row-custom fw-section-no-padding  auto  fw-section-position-back tf-sh-e91c88399f0e0daaa4d1da0736a10651\"    >\n\t\t\t<div class=\"fw-container\" >\n\t\t<div class=\"fw-row\">\n\t<div id=\"column-6a09693670280\" class=\"fw-col-sm-12 tf-sh-90cdbdc5add2b62f87601a73d0d44ea3\" >\n\t<div class=\"fw-wrap-col-inner clearfix  \"   >\n\t\t\t\t<div class=\"fw-col-inner\">\n\t\t\t<div class=\"fw-heading fw-heading-left  fw-heading-with-subtitle tf-sh-8ddae26207a75d7aa1ae77cad593fae4\" >\n\t\t\t<h1 class=\"fw-special-title\">Antivol<\/h1>\n\t\n\t\n\t\t\t<div class=\"fw-special-subtitle\">S\u00e9curiser votre fourgon contre le cambriolage<\/div>\n\t<\/div><div class=\"fw-divider-space space-sm  clearfix\"  ><\/div><div class=\"fw-text-box tf-sh-32842a97876a2fb1514916775caac693 \" >\n\t<div class=\"fw-text-inner\">\n\t\t<p><strong>Nous proposons diff\u00e9rentes solutions pour prot\u00e9ger votre fourgon contre le vol&nbsp;: serrures anti-effraction, grilles de fen\u00eatres, armoires verrouillables, etc.<\/strong><\/p>\n<p>Avec une serrure standard, il suffit de quelques secondes pour s'introduire dans un fourgon. Ne prenez pas le risque de perdre vos pr\u00e9cieux outils et s\u00e9curisez votre fourgon d\u00e8s maintenant. Nous vous donnons des conseils sur mesure sur les mesures de s\u00e9curit\u00e9 les plus efficaces.<\/p>\n\t<\/div>\n<\/div>\t\t<\/div>\n\t<\/div>\n<\/div><\/div>\n\n<div class=\"fw-row\">\n\t<div id=\"column-6a09693670469\" class=\"fw-col-sm-12 tf-sh-0ce5803b99dce8394284e1f51475d29c\" >\n\t<div class=\"fw-wrap-col-inner clearfix  \"   >\n\t\t\t\t<div class=\"fw-col-inner\">\n\t\t\t<div class=\"fw-heading fw-heading-left  tf-sh-9909fa551110445f974136adc9327dd0\" >\n\t\t\t<h2 class=\"fw-special-title\">Serrures de s\u00e9curit\u00e9<\/h2>\n\t\n\t\n\t<\/div><div class=\"fw-text-box tf-sh-6e79f332987b55d525fb0ed942a0f447 \" >\n\t<div class=\"fw-text-inner\">\n\t\t<p>Avec nos serrures, les cambrioleurs n'ont aucune chance de s'introduire dans votre fourgon. Ces serrures de s\u00e9curit\u00e9 sont un moyen de dissuasion extr\u00eamement efficace. Nous proposons diff\u00e9rentes serrures de s\u00e9curit\u00e9 pour votre fourgon.<\/p>\n<p>&nbsp;<\/p>\n<p>&nbsp;<\/p>\n\t<\/div>\n<\/div><div class=\"fw-divider-space  fw-custom-space  clearfix\" style=\"height:15px;\" ><\/div>\t\t<\/div>\n\t<\/div>\n<\/div><\/div>\n\n\t<\/div>\n\t<\/section><section   class=\"fw-main-row-custom  auto  fw-section-position-back tf-sh-af3f63dc83774cbf21fcadfe35ccd3d0\"    >\n\t\t\t<div class=\"fw-container\" >\n\t\t<div class=\"fw-row\">\n\t<div id=\"column-6a096936707c4\" class=\"fw-col-sm-6 tf-sh-1c5ee3bef600b2b74b354a621540f947\" >\n\t<div class=\"fw-wrap-col-inner clearfix  \"   >\n\t\t\t\t<div class=\"fw-col-inner\">\n\t\t\t\t<div class=\"fw-imagebox clearfix fw-imagebox-1 tf-sh-986b40cd36dc0dfb6b0e90a731c25d05 text-left bg-on  \"  style=\"\">\n\t\t<div class=\"fw-main-row-overlay fw_theme_bg_color_1\" style=\"opacity: 1;\"><\/div>\t\t\t\t\t\t\t\t<div class=\"fw-block-image-parent  fw-imagebox-overlay-yes fw-overlay-1\" style=\"width: 100%;\">\n\t\t\t\t\t\t\t\t\t<a class=\"fw-imagebox-image fw-block-image-child fw-ratio-16-9 fw-ratio-container\" href=\"\/\/www.alfa-equipments.be\/wp-content\/uploads\/2025\/02\/20241115_115326-scaled.jpg\" data-rel=\"prettyPhoto\" title=\"\" rel=\"prettyPhoto\">\n\t\t\t\t\t\t<noscript itemscope itemtype=\"https:\/\/schema.org\/ImageObject\" itemprop=\"image\"><img decoding=\"async\" src=\"https:\/\/www.alfa-equipments.be\/wp-content\/uploads\/2025\/02\/20241115_115326-scaled.jpg\"  alt=\"Antivol &#8211; noir\" data-maxdpr=\"1.7\" class=\"lazyload\" \/><meta itemprop=\"url\" content=\"https:\/\/www.alfa-equipments.be\/wp-content\/uploads\/2025\/02\/20241115_115326-scaled.jpg\"><meta itemprop=\"width\" content=\"2560\"><meta itemprop=\"height\" content=\"1182\"><\/noscript><img decoding=\"async\" src=\"data:image\/gif;base64,R0lGODlhAQABAIAAAAAAAP\/\/\/yH5BAEAAAAALAAAAAABAAEAAAIBRAA7\" data-sizes=\"auto\" data-srcset=\"https:\/\/www.alfa-equipments.be\/wp-content\/uploads\/2025\/02\/20241115_115326-1920x1080.jpg 1920w, https:\/\/www.alfa-equipments.be\/wp-content\/uploads\/2025\/02\/20241115_115326-1228x691.jpg 1228w, https:\/\/www.alfa-equipments.be\/wp-content\/uploads\/2025\/02\/20241115_115326-614x346.jpg 614w, https:\/\/www.alfa-equipments.be\/wp-content\/uploads\/2025\/02\/20241115_115326-295x166.jpg 295w, https:\/\/www.alfa-equipments.be\/wp-content\/uploads\/2025\/02\/20241115_115326-590x332.jpg 590w\"   alt=\"Antivol &#8211; noir\" data-maxdpr=\"1.7\" class=\"lazyload\" \/>\t\t\t\t\t\t<div class=\"fw-block-image-overlay\">\n\t\t\t\t\t\t\t<div class=\"fw-itable\">\n\t\t\t\t\t\t\t\t<div class=\"fw-icell\">\n\t\t\t\t\t\t\t\t\t<i class=\"fw-icon-zoom\"><\/i>\n\t\t\t\t\t\t\t\t<\/div>\n\t\t\t\t\t\t\t<\/div>\n\t\t\t\t\t\t<\/div>\n\t\t\t\t\t<\/a>\n\t\t\t\t\t\t\t<\/div>\n\t\t\n\t<div class=\"fw-imagebox-aside\" style=\"\">\n\t\t\t\t\t<div class=\"fw-imagebox-title-wrap\">\n\t\t\t\t\t\t\t\t\t<h3 class=\"fw-imagebox-title\">GOG<\/h3>\n\t\t\t\t\n\t\t\t\t\t\t\t<\/div>\n\t\t\n\t\t\t\t\t<div class=\"fw-imagebox-text\">\n\t\t\t\t<p>Ce verrou de s\u00e9curit\u00e9 est parfaitement adapt\u00e9 aux fourgons commerciaux. Les supports restent fix\u00e9s \u00e0 la carrosserie du fourgon. Vous pouvez ainsi facilement fermer la serrure en cas de besoin. Ce syst\u00e8me convient \u00e0 toutes les situations \u00e0 risque : parcage des zones non surveill\u00e9es, sur des parkings la nuit, etc. Un antivol id\u00e9al.<\/p>\t\t\t<\/div>\n\t\t\n\t\t\t<\/div>\n\t<\/div>\n\t\t<\/div>\n\t<\/div>\n<\/div><div id=\"column-6a09693670cb9\" class=\"fw-col-sm-6 tf-sh-3953d6e24a013507eb874a72deee91d5\" >\n\t<div class=\"fw-wrap-col-inner clearfix  \"   >\n\t\t\t\t<div class=\"fw-col-inner\">\n\t\t\t\t<div class=\"fw-imagebox clearfix fw-imagebox-1 tf-sh-78375b7f6d2f89a79b5d15d71db37bf7 text-left bg-on  \"  style=\"\">\n\t\t<div class=\"fw-main-row-overlay fw_theme_bg_color_1\" style=\"opacity: 1;\"><\/div>\t\t\t\t\t\t\t\t<div class=\"fw-block-image-parent  fw-imagebox-overlay-yes fw-overlay-1\" style=\"width: 100%;\">\n\t\t\t\t\t\t\t\t\t<a class=\"fw-imagebox-image fw-block-image-child fw-ratio-16-9 fw-ratio-container\" href=\"\/\/alfa-bvba.be\/wp-content\/uploads\/2022\/04\/Blackstone-1.jpg\" data-rel=\"prettyPhoto\" title=\"\" rel=\"prettyPhoto\">\n\t\t\t\t\t\t<noscript itemscope itemtype=\"https:\/\/schema.org\/ImageObject\" itemprop=\"image\"><img decoding=\"async\" src=\"https:\/\/www.alfa-equipments.be\/wp-content\/uploads\/2022\/04\/Blackstone-1.jpg\"  alt=\"Blackstone\" data-maxdpr=\"1.7\" class=\"lazyload\" \/><meta itemprop=\"url\" content=\"https:\/\/www.alfa-equipments.be\/wp-content\/uploads\/2022\/04\/Blackstone-1.jpg\"><meta itemprop=\"width\" content=\"535\"><meta itemprop=\"height\" content=\"300\"><\/noscript><img decoding=\"async\" src=\"data:image\/gif;base64,R0lGODlhAQABAIAAAAAAAP\/\/\/yH5BAEAAAAALAAAAAABAAEAAAIBRAA7\" data-sizes=\"auto\" data-srcset=\"https:\/\/www.alfa-equipments.be\/wp-content\/uploads\/2022\/04\/Blackstone-1-300x168.jpg 300w, https:\/\/www.alfa-equipments.be\/wp-content\/uploads\/2022\/04\/Blackstone-1-295x166.jpg 295w, https:\/\/www.alfa-equipments.be\/wp-content\/uploads\/2022\/04\/Blackstone-1-270x151.jpg 270w, https:\/\/www.alfa-equipments.be\/wp-content\/uploads\/2022\/04\/Blackstone-1-270x151.jpg 270w, https:\/\/www.alfa-equipments.be\/wp-content\/uploads\/2022\/04\/Blackstone-1.jpg 535w\"   alt=\"Blackstone\" data-maxdpr=\"1.7\" class=\"lazyload\" \/>\t\t\t\t\t\t<div class=\"fw-block-image-overlay\">\n\t\t\t\t\t\t\t<div class=\"fw-itable\">\n\t\t\t\t\t\t\t\t<div class=\"fw-icell\">\n\t\t\t\t\t\t\t\t\t<i class=\"fw-icon-zoom\"><\/i>\n\t\t\t\t\t\t\t\t<\/div>\n\t\t\t\t\t\t\t<\/div>\n\t\t\t\t\t\t<\/div>\n\t\t\t\t\t<\/a>\n\t\t\t\t\t\t\t<\/div>\n\t\t\n\t<div class=\"fw-imagebox-aside\" style=\"\">\n\t\t\t\t\t<div class=\"fw-imagebox-title-wrap\">\n\t\t\t\t\t\t\t\t\t<h3 class=\"fw-imagebox-title\">Blackstone Combo<\/h3>\n\t\t\t\t\n\t\t\t\t\t\t\t<\/div>\n\t\t\n\t\t\t\t\t<div class=\"fw-imagebox-text\">\n\t\t\t\t<p>Le nouvel antivol Blackstone est un v\u00e9ritable champion poids lourd. D\u00e8s que la porte se ferme, la serrure se verrouille automatiquement. Ainsi, personne ne peut entrer sans y \u00eatre invit\u00e9. Pratique pour ceux qui ont les mains pleines lors du chargement et du d\u00e9chargement. Vous pouvez \u00e9galement d\u00e9sactiver le verrouillage automatique. Blackstone est facile \u00e0 ouvrir de l'int\u00e9rieur, le verrouillage est donc impossible. Ce mod\u00e8le est \u00e9galement disponible en noir.<\/p>\t\t\t<\/div>\n\t\t\n\t\t\t<\/div>\n\t<\/div>\n\t\t<\/div>\n\t<\/div>\n<\/div><\/div>\n\n<div class=\"fw-row\">\n\t<div id=\"column-6a096936710c2\" class=\"fw-col-sm-12 tf-sh-79616d749e0b5c7ede52c4e4746e10a1\" >\n\t<div class=\"fw-wrap-col-inner clearfix  \"   >\n\t\t\t\t<div class=\"fw-col-inner\">\n\t\t\t<div class=\"fw-divider-space space-sm  clearfix\"  ><\/div>\t\t<\/div>\n\t<\/div>\n<\/div><\/div>\n\n<div class=\"fw-row\">\n\t<div id=\"column-6a096936711d5\" class=\"fw-col-sm-6 tf-sh-3301b6b0da67d3d0c60d35df8597af93\" >\n\t<div class=\"fw-wrap-col-inner clearfix   fw-column-height-custom\" style=\"height: 557px;\"  >\n\t\t\t\t<div class=\"fw-col-inner\">\n\t\t\t\t<div class=\"fw-imagebox clearfix fw-imagebox-1 tf-sh-0c20b730f4614b29a4a61b1a6c3d146c text-left bg-on  \"  style=\"\">\n\t\t<div class=\"fw-main-row-overlay fw_theme_bg_color_1\" style=\"opacity: 1;\"><\/div>\t\t\t\t\t\t\t\t<div class=\"fw-block-image-parent  fw-imagebox-overlay-yes fw-overlay-1\" style=\"width: 100%;\">\n\t\t\t\t\t\t\t\t\t<a class=\"fw-imagebox-image fw-block-image-child fw-ratio-16-9 fw-ratio-container\" href=\"\/\/alfa-bvba.be\/wp-content\/uploads\/2021\/11\/Raamroosters-zwart-wit.jpg\" data-rel=\"prettyPhoto\" title=\"\" rel=\"prettyPhoto\">\n\t\t\t\t\t\t<noscript itemscope itemtype=\"https:\/\/schema.org\/ImageObject\" itemprop=\"image\"><img decoding=\"async\" src=\"https:\/\/www.alfa-equipments.be\/wp-content\/uploads\/2021\/11\/Raamroosters-zwart-wit.jpg\"  alt=\"Raamroosters zwart-wit\" data-maxdpr=\"1.7\" class=\"lazyload\" \/><meta itemprop=\"url\" content=\"https:\/\/www.alfa-equipments.be\/wp-content\/uploads\/2021\/11\/Raamroosters-zwart-wit.jpg\"><meta itemprop=\"width\" content=\"640\"><meta itemprop=\"height\" content=\"480\"><\/noscript><img decoding=\"async\" src=\"data:image\/gif;base64,R0lGODlhAQABAIAAAAAAAP\/\/\/yH5BAEAAAAALAAAAAABAAEAAAIBRAA7\" data-sizes=\"auto\" data-srcset=\"https:\/\/www.alfa-equipments.be\/wp-content\/uploads\/2021\/11\/Raamroosters-zwart-wit-614x346.jpg 614w, https:\/\/www.alfa-equipments.be\/wp-content\/uploads\/2021\/11\/Raamroosters-zwart-wit-295x166.jpg 295w, https:\/\/www.alfa-equipments.be\/wp-content\/uploads\/2021\/11\/Raamroosters-zwart-wit-590x332.jpg 590w\"   alt=\"Raamroosters zwart-wit\" data-maxdpr=\"1.7\" class=\"lazyload\" \/>\t\t\t\t\t\t<div class=\"fw-block-image-overlay\">\n\t\t\t\t\t\t\t<div class=\"fw-itable\">\n\t\t\t\t\t\t\t\t<div class=\"fw-icell\">\n\t\t\t\t\t\t\t\t\t<i class=\"fw-icon-zoom\"><\/i>\n\t\t\t\t\t\t\t\t<\/div>\n\t\t\t\t\t\t\t<\/div>\n\t\t\t\t\t\t<\/div>\n\t\t\t\t\t<\/a>\n\t\t\t\t\t\t\t<\/div>\n\t\t\n\t<div class=\"fw-imagebox-aside\" style=\"\">\n\t\t\t\t\t<div class=\"fw-imagebox-title-wrap\">\n\t\t\t\t\t\t\t\t\t<h3 class=\"fw-imagebox-title\">Grilles antivol<\/h3>\n\t\t\t\t\n\t\t\t\t\t\t\t<\/div>\n\t\t\n\t\t\t\t\t<div class=\"fw-imagebox-text\">\n\t\t\t\t<p>Ces grilles de fen\u00eatre prot\u00e8gent efficacement votre fourgon contre le vol. Elles s\u2019adaptent parfaitement \u00e0 la forme des fen\u00eatres. Nous disposons de grilles de fen\u00eatre adapt\u00e9es aux portes arri\u00e8re, aux hayons ou aux portes lat\u00e9rales. Vous pouvez ainsi toujours bien visualiser l'arri\u00e8re du v\u00e9hicule.<\/p>\t\t\t<\/div>\n\t\t\n\t\t\t<\/div>\n\t<\/div>\n\t\t<\/div>\n\t<\/div>\n<\/div><div id=\"column-6a09693671600\" class=\"fw-col-sm-6 tf-sh-89b2ae1719069b9d27c4bd5b756f9b90\" >\n\t<div class=\"fw-wrap-col-inner clearfix   fw-column-height-custom\" style=\"height: 548px;\"  >\n\t\t\t\t<div class=\"fw-col-inner\">\n\t\t\t\t<div class=\"fw-imagebox clearfix fw-imagebox-1 tf-sh-113fc12e2eb90f4e70c8790e3f69d38a text-left bg-on  \"  style=\"\">\n\t\t<div class=\"fw-main-row-overlay fw_theme_bg_color_1\" style=\"opacity: 1;\"><\/div>\t\t\t\t\t\t\t\t<div class=\"fw-block-image-parent  fw-imagebox-overlay-yes fw-overlay-1\" style=\"width: 100%;\">\n\t\t\t\t\t\t\t\t\t<a class=\"fw-imagebox-image fw-block-image-child fw-ratio-16-9 fw-ratio-container\" href=\"\/\/alfa-bvba.be\/wp-content\/uploads\/2021\/11\/MWPB700-foto-1.jpg\" data-rel=\"prettyPhoto\" title=\"\" rel=\"prettyPhoto\">\n\t\t\t\t\t\t<noscript itemscope itemtype=\"https:\/\/schema.org\/ImageObject\" itemprop=\"image\"><img decoding=\"async\" src=\"https:\/\/www.alfa-equipments.be\/wp-content\/uploads\/2021\/11\/MWPB700-foto-1.jpg\"  alt=\"MWPB700 foto 1\" data-maxdpr=\"1.7\" class=\"lazyload\" \/><meta itemprop=\"url\" content=\"https:\/\/www.alfa-equipments.be\/wp-content\/uploads\/2021\/11\/MWPB700-foto-1.jpg\"><meta itemprop=\"width\" content=\"1772\"><meta itemprop=\"height\" content=\"1181\"><\/noscript><img decoding=\"async\" src=\"data:image\/gif;base64,R0lGODlhAQABAIAAAAAAAP\/\/\/yH5BAEAAAAALAAAAAABAAEAAAIBRAA7\" data-sizes=\"auto\" data-srcset=\"https:\/\/www.alfa-equipments.be\/wp-content\/uploads\/2021\/11\/MWPB700-foto-1-1228x691.jpg 1228w, https:\/\/www.alfa-equipments.be\/wp-content\/uploads\/2021\/11\/MWPB700-foto-1-614x346.jpg 614w, https:\/\/www.alfa-equipments.be\/wp-content\/uploads\/2021\/11\/MWPB700-foto-1-295x166.jpg 295w, https:\/\/www.alfa-equipments.be\/wp-content\/uploads\/2021\/11\/MWPB700-foto-1-590x332.jpg 590w\"   alt=\"MWPB700 foto 1\" data-maxdpr=\"1.7\" class=\"lazyload\" \/>\t\t\t\t\t\t<div class=\"fw-block-image-overlay\">\n\t\t\t\t\t\t\t<div class=\"fw-itable\">\n\t\t\t\t\t\t\t\t<div class=\"fw-icell\">\n\t\t\t\t\t\t\t\t\t<i class=\"fw-icon-zoom\"><\/i>\n\t\t\t\t\t\t\t\t<\/div>\n\t\t\t\t\t\t\t<\/div>\n\t\t\t\t\t\t<\/div>\n\t\t\t\t\t<\/a>\n\t\t\t\t\t\t\t<\/div>\n\t\t\n\t<div class=\"fw-imagebox-aside\" style=\"\">\n\t\t\t\t\t<div class=\"fw-imagebox-title-wrap\">\n\t\t\t\t\t\t\t\t\t<h3 class=\"fw-imagebox-title\">Armoires de rangement verrouillables<\/h3>\n\t\t\t\t\n\t\t\t\t\t\t\t<\/div>\n\t\t\n\t\t\t\t\t<div class=\"fw-imagebox-text\">\n\t\t\t\t<p>Nos armoires de rangement verrouillables pour l'espace de chargement de votre fourgon sont disponibles en plusieurs versions. Nous proposons des armoires de rangement pour l'int\u00e9rieur ainsi que pour les fourgons \u00e9quip\u00e9s d\u2019une plate-forme de chargement. Les armoires de rangement sont con\u00e7ues pour r\u00e9sister aux effractions.<\/p>\t\t\t<\/div>\n\t\t\n\t\t\t<\/div>\n\t<\/div>\n\t\t<\/div>\n\t<\/div>\n<\/div><\/div>\n\n<div class=\"fw-row\">\n\t<div id=\"column-6a09693671a3b\" class=\"fw-col-sm-12 tf-sh-79616d749e0b5c7ede52c4e4746e10a1\" >\n\t<div class=\"fw-wrap-col-inner clearfix  \"   >\n\t\t\t\t<div class=\"fw-col-inner\">\n\t\t\t<div class=\"fw-divider-space space-sm  clearfix\"  ><\/div>\t\t<\/div>\n\t<\/div>\n<\/div><\/div>\n\n\t<\/div>\n\t<\/section><section   class=\"fw-main-row  auto  fw-section-position-back\"    >\n\t\t\t<div class=\"fw-container\" >\n\t\t<div class=\"fw-row\">\n\t<div id=\"column-6a09693671c88\" class=\"fw-col-sm-12 tf-sh-79616d749e0b5c7ede52c4e4746e10a1\" >\n\t<div class=\"fw-wrap-col-inner clearfix  \"   >\n\t\t\t\t<div class=\"fw-col-inner\">\n\t\t\t<div class=\"fw-divider-space space-sm  clearfix\"  ><\/div>\t\t<\/div>\n\t<\/div>\n<\/div><\/div>\n\n\t<\/div>\n\t<\/section><\/p>\n","protected":false},"excerpt":{"rendered":"<p>Home Antivol S\u00e9curiser votre fourgon contre le cambriolage Nous proposons diff\u00e9rentes solutions pour prot\u00e9ger votre fourgon contre le vol&nbsp;: serrures anti-effraction, grilles de fen\u00eatres, armoires verrouillables, etc. Avec une serrure standard, il suffit de quelques secondes pour s&rsquo;introduire dans un fourgon. Ne prenez pas le risque de perdre vos pr\u00e9cieux outils et s\u00e9curisez votre fourgon [&hellip;]<\/p>\n","protected":false},"author":1,"featured_media":5400,"parent":3736,"menu_order":0,"comment_status":"closed","ping_status":"closed","template":"visual-builder-template.php","meta":{"_acf_changed":false,"ngg_post_thumbnail":0,"footnotes":""},"class_list":["post-3732","page","type-page","status-publish","has-post-thumbnail","hentry"],"acf":[],"yoast_head":"<!-- This site is optimized with the Yoast SEO plugin v25.3.1 - https:\/\/yoast.com\/wordpress\/plugins\/seo\/ -->\n<title>Antivol pour fourgons | Alfa Equipments | Sint-Truiden<\/title>\n<meta name=\"description\" content=\"Nous proposons diff\u00e9rentes solutions pour prot\u00e9ger votre fourgon contre le vol : serrures anti-effraction, grilles de fen\u00eatres, armoires verrouillables, etc.\" \/>\n<meta name=\"robots\" content=\"index, follow, max-snippet:-1, max-image-preview:large, max-video-preview:-1\" \/>\n<link rel=\"canonical\" href=\"https:\/\/www.alfa-equipments.be\/fr\/equipements-supplementaire\/antivol\/\" \/>\n<meta property=\"og:locale\" content=\"fr_FR\" \/>\n<meta property=\"og:type\" content=\"article\" \/>\n<meta property=\"og:title\" content=\"Antivol pour fourgons | Alfa Equipments | Sint-Truiden\" \/>\n<meta property=\"og:description\" content=\"Nous proposons diff\u00e9rentes solutions pour prot\u00e9ger votre fourgon contre le vol : serrures anti-effraction, grilles de fen\u00eatres, armoires verrouillables, etc.\" \/>\n<meta property=\"og:url\" content=\"https:\/\/www.alfa-equipments.be\/fr\/equipements-supplementaire\/antivol\/\" \/>\n<meta property=\"og:site_name\" content=\"Alfa Equipments\" \/>\n<meta property=\"article:modified_time\" content=\"2025-02-19T09:54:25+00:00\" \/>\n<meta property=\"og:image\" content=\"https:\/\/www.alfa-equipments.be\/wp-content\/uploads\/2025\/02\/Daken-Gog-2.jpg\" \/>\n\t<meta property=\"og:image:width\" content=\"1272\" \/>\n\t<meta property=\"og:image:height\" content=\"1224\" \/>\n\t<meta property=\"og:image:type\" content=\"image\/jpeg\" \/>\n<meta name=\"twitter:card\" content=\"summary_large_image\" \/>\n<meta name=\"twitter:label1\" content=\"Dur\u00e9e de lecture estim\u00e9e\" \/>\n\t<meta name=\"twitter:data1\" content=\"4 minutes\" \/>\n<script type=\"application\/ld+json\" class=\"yoast-schema-graph\">{\"@context\":\"https:\/\/schema.org\",\"@graph\":[{\"@type\":\"WebPage\",\"@id\":\"https:\/\/www.alfa-equipments.be\/fr\/equipements-supplementaire\/antivol\/\",\"url\":\"https:\/\/www.alfa-equipments.be\/fr\/equipements-supplementaire\/antivol\/\",\"name\":\"Antivol pour fourgons | Alfa Equipments | Sint-Truiden\",\"isPartOf\":{\"@id\":\"https:\/\/www.alfa-equipments.be\/#website\"},\"primaryImageOfPage\":{\"@id\":\"https:\/\/www.alfa-equipments.be\/fr\/equipements-supplementaire\/antivol\/#primaryimage\"},\"image\":{\"@id\":\"https:\/\/www.alfa-equipments.be\/fr\/equipements-supplementaire\/antivol\/#primaryimage\"},\"thumbnailUrl\":\"https:\/\/www.alfa-equipments.be\/wp-content\/uploads\/2025\/02\/Daken-Gog-2.jpg\",\"datePublished\":\"2020-11-03T14:25:27+00:00\",\"dateModified\":\"2025-02-19T09:54:25+00:00\",\"description\":\"Nous proposons diff\u00e9rentes solutions pour prot\u00e9ger votre fourgon contre le vol : serrures anti-effraction, grilles de fen\u00eatres, armoires verrouillables, etc.\",\"breadcrumb\":{\"@id\":\"https:\/\/www.alfa-equipments.be\/fr\/equipements-supplementaire\/antivol\/#breadcrumb\"},\"inLanguage\":\"fr-FR\",\"potentialAction\":[{\"@type\":\"ReadAction\",\"target\":[\"https:\/\/www.alfa-equipments.be\/fr\/equipements-supplementaire\/antivol\/\"]}]},{\"@type\":\"ImageObject\",\"inLanguage\":\"fr-FR\",\"@id\":\"https:\/\/www.alfa-equipments.be\/fr\/equipements-supplementaire\/antivol\/#primaryimage\",\"url\":\"https:\/\/www.alfa-equipments.be\/wp-content\/uploads\/2025\/02\/Daken-Gog-2.jpg\",\"contentUrl\":\"https:\/\/www.alfa-equipments.be\/wp-content\/uploads\/2025\/02\/Daken-Gog-2.jpg\",\"width\":1272,\"height\":1224,\"caption\":\"Antivol - gris\"},{\"@type\":\"BreadcrumbList\",\"@id\":\"https:\/\/www.alfa-equipments.be\/fr\/equipements-supplementaire\/antivol\/#breadcrumb\",\"itemListElement\":[{\"@type\":\"ListItem\",\"position\":1,\"name\":\"Home\",\"item\":\"https:\/\/www.alfa-equipments.be\/\"},{\"@type\":\"ListItem\",\"position\":2,\"name\":\"\u00c9quipement suppl\u00e9mentaire\",\"item\":\"https:\/\/www.alfa-equipments.be\/fr\/equipements-supplementaire\/\"},{\"@type\":\"ListItem\",\"position\":3,\"name\":\"Antivol\"}]},{\"@type\":\"WebSite\",\"@id\":\"https:\/\/www.alfa-equipments.be\/#website\",\"url\":\"https:\/\/www.alfa-equipments.be\/\",\"name\":\"Alfa Equipments\",\"description\":\"Wij maken je bestelwagen volledig werkbaar!\",\"potentialAction\":[{\"@type\":\"SearchAction\",\"target\":{\"@type\":\"EntryPoint\",\"urlTemplate\":\"https:\/\/www.alfa-equipments.be\/?s={search_term_string}\"},\"query-input\":{\"@type\":\"PropertyValueSpecification\",\"valueRequired\":true,\"valueName\":\"search_term_string\"}}],\"inLanguage\":\"fr-FR\"}]}<\/script>\n<!-- \/ Yoast SEO plugin. -->","yoast_head_json":{"title":"Antivol pour fourgons | Alfa Equipments | Sint-Truiden","description":"Nous proposons diff\u00e9rentes solutions pour prot\u00e9ger votre fourgon contre le vol : serrures anti-effraction, grilles de fen\u00eatres, armoires verrouillables, etc.","robots":{"index":"index","follow":"follow","max-snippet":"max-snippet:-1","max-image-preview":"max-image-preview:large","max-video-preview":"max-video-preview:-1"},"canonical":"https:\/\/www.alfa-equipments.be\/fr\/equipements-supplementaire\/antivol\/","og_locale":"fr_FR","og_type":"article","og_title":"Antivol pour fourgons | Alfa Equipments | Sint-Truiden","og_description":"Nous proposons diff\u00e9rentes solutions pour prot\u00e9ger votre fourgon contre le vol : serrures anti-effraction, grilles de fen\u00eatres, armoires verrouillables, etc.","og_url":"https:\/\/www.alfa-equipments.be\/fr\/equipements-supplementaire\/antivol\/","og_site_name":"Alfa Equipments","article_modified_time":"2025-02-19T09:54:25+00:00","og_image":[{"width":1272,"height":1224,"url":"https:\/\/www.alfa-equipments.be\/wp-content\/uploads\/2025\/02\/Daken-Gog-2.jpg","type":"image\/jpeg"}],"twitter_card":"summary_large_image","twitter_misc":{"Dur\u00e9e de lecture estim\u00e9e":"4 minutes"},"schema":{"@context":"https:\/\/schema.org","@graph":[{"@type":"WebPage","@id":"https:\/\/www.alfa-equipments.be\/fr\/equipements-supplementaire\/antivol\/","url":"https:\/\/www.alfa-equipments.be\/fr\/equipements-supplementaire\/antivol\/","name":"Antivol pour fourgons | Alfa Equipments | Sint-Truiden","isPartOf":{"@id":"https:\/\/www.alfa-equipments.be\/#website"},"primaryImageOfPage":{"@id":"https:\/\/www.alfa-equipments.be\/fr\/equipements-supplementaire\/antivol\/#primaryimage"},"image":{"@id":"https:\/\/www.alfa-equipments.be\/fr\/equipements-supplementaire\/antivol\/#primaryimage"},"thumbnailUrl":"https:\/\/www.alfa-equipments.be\/wp-content\/uploads\/2025\/02\/Daken-Gog-2.jpg","datePublished":"2020-11-03T14:25:27+00:00","dateModified":"2025-02-19T09:54:25+00:00","description":"Nous proposons diff\u00e9rentes solutions pour prot\u00e9ger votre fourgon contre le vol : serrures anti-effraction, grilles de fen\u00eatres, armoires verrouillables, etc.","breadcrumb":{"@id":"https:\/\/www.alfa-equipments.be\/fr\/equipements-supplementaire\/antivol\/#breadcrumb"},"inLanguage":"fr-FR","potentialAction":[{"@type":"ReadAction","target":["https:\/\/www.alfa-equipments.be\/fr\/equipements-supplementaire\/antivol\/"]}]},{"@type":"ImageObject","inLanguage":"fr-FR","@id":"https:\/\/www.alfa-equipments.be\/fr\/equipements-supplementaire\/antivol\/#primaryimage","url":"https:\/\/www.alfa-equipments.be\/wp-content\/uploads\/2025\/02\/Daken-Gog-2.jpg","contentUrl":"https:\/\/www.alfa-equipments.be\/wp-content\/uploads\/2025\/02\/Daken-Gog-2.jpg","width":1272,"height":1224,"caption":"Antivol - gris"},{"@type":"BreadcrumbList","@id":"https:\/\/www.alfa-equipments.be\/fr\/equipements-supplementaire\/antivol\/#breadcrumb","itemListElement":[{"@type":"ListItem","position":1,"name":"Home","item":"https:\/\/www.alfa-equipments.be\/"},{"@type":"ListItem","position":2,"name":"\u00c9quipement suppl\u00e9mentaire","item":"https:\/\/www.alfa-equipments.be\/fr\/equipements-supplementaire\/"},{"@type":"ListItem","position":3,"name":"Antivol"}]},{"@type":"WebSite","@id":"https:\/\/www.alfa-equipments.be\/#website","url":"https:\/\/www.alfa-equipments.be\/","name":"Alfa Equipments","description":"Wij maken je bestelwagen volledig werkbaar!","potentialAction":[{"@type":"SearchAction","target":{"@type":"EntryPoint","urlTemplate":"https:\/\/www.alfa-equipments.be\/?s={search_term_string}"},"query-input":{"@type":"PropertyValueSpecification","valueRequired":true,"valueName":"search_term_string"}}],"inLanguage":"fr-FR"}]}},"_links":{"self":[{"href":"https:\/\/www.alfa-equipments.be\/fr\/wp-json\/wp\/v2\/pages\/3732","targetHints":{"allow":["GET"]}}],"collection":[{"href":"https:\/\/www.alfa-equipments.be\/fr\/wp-json\/wp\/v2\/pages"}],"about":[{"href":"https:\/\/www.alfa-equipments.be\/fr\/wp-json\/wp\/v2\/types\/page"}],"author":[{"embeddable":true,"href":"https:\/\/www.alfa-equipments.be\/fr\/wp-json\/wp\/v2\/users\/1"}],"replies":[{"embeddable":true,"href":"https:\/\/www.alfa-equipments.be\/fr\/wp-json\/wp\/v2\/comments?post=3732"}],"version-history":[{"count":6,"href":"https:\/\/www.alfa-equipments.be\/fr\/wp-json\/wp\/v2\/pages\/3732\/revisions"}],"predecessor-version":[{"id":5404,"href":"https:\/\/www.alfa-equipments.be\/fr\/wp-json\/wp\/v2\/pages\/3732\/revisions\/5404"}],"up":[{"embeddable":true,"href":"https:\/\/www.alfa-equipments.be\/fr\/wp-json\/wp\/v2\/pages\/3736"}],"wp:featuredmedia":[{"embeddable":true,"href":"https:\/\/www.alfa-equipments.be\/fr\/wp-json\/wp\/v2\/media\/5400"}],"wp:attachment":[{"href":"https:\/\/www.alfa-equipments.be\/fr\/wp-json\/wp\/v2\/media?parent=3732"}],"curies":[{"name":"wp","href":"https:\/\/api.w.org\/{rel}","templated":true}]}}