{"id":3730,"date":"2020-11-19T15:31:41","date_gmt":"2020-11-19T15:31:41","guid":{"rendered":"https:\/\/alfa-bvba.be\/side-en-bullbars\/"},"modified":"2021-12-21T11:28:51","modified_gmt":"2021-12-21T10:28:51","slug":"barres-laterales-et-pare-buffles","status":"publish","type":"page","link":"https:\/\/www.alfa-equipments.be\/fr\/equipements-supplementaire\/barres-laterales-et-pare-buffles\/","title":{"rendered":"Barres lat\u00e9rales &#038; pare-buffles"},"content":{"rendered":"<p><section   class=\"fw-main-row-custom fw-main-row-top fw-section-no-padding  auto  fw-section-position-back tf-sh-05d047573308ec816ae7a699ff52015c\"    >\n\t\t\t<div class=\"fw-container\" >\n\t\t<div class=\"fw-row\">\n\t<div id=\"column-6a0969846fde3\" class=\"fw-col-sm-12 tf-sh-1d9873ea1b725f8415197a22481f61c9 breadcrumbs-section\" >\n\t<div class=\"fw-wrap-col-inner clearfix  \"   >\n\t\t\t\t<div class=\"fw-col-inner\">\n\t\t\t<div class=\"shortcode-widget-area col-sm-12 fw-sidebar \" >\n\t<div class=\"fw-col-inner\">\n\t\t<aside id=\"bcn_widget-2\" class=\"widget widget_breadcrumb_navxt\"><div class=\"breadcrumbs\" vocab=\"https:\/\/schema.org\/\" typeof=\"BreadcrumbList\"><!-- Breadcrumb NavXT 7.4.1 -->\n<span property=\"itemListElement\" typeof=\"ListItem\"><a property=\"item\" typeof=\"WebPage\" title=\"Go to Alfa Equipments.\" href=\"https:\/\/www.alfa-equipments.be\/fr\/\" class=\"home\" aria-current=\"page\"><span property=\"name\">Home<\/span><\/a><meta property=\"position\" content=\"1\"><\/span><\/div><\/aside>\t<\/div>\n<\/div>\t\t<\/div>\n\t<\/div>\n<\/div><\/div>\n\n\t<\/div>\n\t<\/section><section   class=\"fw-main-row-custom fw-section-no-padding  auto  fw-section-position-back tf-sh-e91c88399f0e0daaa4d1da0736a10651\"    >\n\t\t\t<div class=\"fw-container\" >\n\t\t<div class=\"fw-row\">\n\t<div id=\"column-6a096984705a4\" class=\"fw-col-sm-12 tf-sh-90cdbdc5add2b62f87601a73d0d44ea3\" >\n\t<div class=\"fw-wrap-col-inner clearfix  \"   >\n\t\t\t\t<div class=\"fw-col-inner\">\n\t\t\t<div class=\"fw-heading fw-heading-left  fw-heading-with-subtitle tf-sh-8ddae26207a75d7aa1ae77cad593fae4\" >\n\t\t\t<h1 class=\"fw-special-title\">Barres lat\u00e9rales & pare-buffles <\/h1>\n\t\n\t\n\t\t\t<div class=\"fw-special-subtitle\">Prot\u00e9gez votre v\u00e9hicule avec nos barres lat\u00e9rales et nos pare-buffles.<\/div>\n\t<\/div><div class=\"fw-divider-space  fw-custom-space  clearfix\" style=\"height:15px;\" ><\/div><div class=\"fw-text-box tf-sh-32842a97876a2fb1514916775caac693 \" >\n\t<div class=\"fw-text-inner\">\n\t\t<p>Alfa Equipments installe les barres lat\u00e9rales et les pare-buffles souhait\u00e9s sur votre fourgon, votre camionnette ou votre camion pour une protection optimale. Nous proposons des barres lat\u00e9rales, des barres arri\u00e8re et des barres de pouss\u00e9e.<\/p>\n\t<\/div>\n<\/div>\t\t<\/div>\n\t<\/div>\n<\/div><\/div>\n\n\t<\/div>\n\t<\/section><section   class=\"fw-main-row-custom  auto  fw-section-position-back tf-sh-45c81bfd3920d99a784c6526714e1b9b\"    >\n\t\t\t<div class=\"fw-container\" >\n\t\t<div class=\"fw-row\">\n\t<div id=\"column-6a09698470958\" class=\"fw-col-sm-6 tf-sh-5c0b89dee70ba06eb41acdc2b8c0cca6\" >\n\t<div class=\"fw-wrap-col-inner clearfix  \"   >\n\t\t\t\t<div class=\"fw-col-inner\">\n\t\t\t<div class=\"fw-heading fw-heading-left  tf-sh-5e9f3390ad874c762fb8920fc64134bb\" >\n\t\t\t<h2 class=\"fw-special-title\">Barres lat\u00e9rales<\/h2>\n\t\n\t\n\t<\/div><div class=\"fw-text-box tf-sh-303df16e97cbdf61a873a59f45938b84 \" >\n\t<div class=\"fw-text-inner\">\n\t\t<p>Nos barres lat\u00e9rales en acier inoxydable sont in\u00e9gal\u00e9es en termes de r\u00e9sistance aux chocs et d'esth\u00e9tique. Elles sont con\u00e7ues pour les environnements difficiles.<\/p>\n<p>Elles garantissent une protection in\u00e9gal\u00e9e contre les dommages caus\u00e9s par les collisions et les charges. Leur suspension robuste sous la forme d\u2019un sous-ch\u00e2ssis sous le fourgon est unique en son genre : elle offre une r\u00e9sistance maximale aux chocs.<\/p>\n<p>Nous cr\u00e9ons des solutions personnalis\u00e9es pour chaque marque et chaque type de v\u00e9hicule commercial. Nos produits se raccordent parfaitement \u00e0 la ligne de seuil. Afin de cr\u00e9er un design attrayant, nous les montons \u00e0 la m\u00eame hauteur que les barres arri\u00e8re et d'angle.<\/p>\n<p>Nos barres lat\u00e9rales en acier inoxydable r\u00e9sistent \u00e0 la rouille, ainsi qu\u2019aux rayures ou autres dommages sur la carrosserie.<\/p>\n<p>Nos barres sont disponibles en version mate ou brillante. Disponible \u00e9galement avec une marche.<\/p>\n\t<\/div>\n<\/div>\t\t<\/div>\n\t<\/div>\n<\/div><div id=\"column-6a09698470acc\" class=\"fw-col-sm-6 tf-sh-f7dc31e48d544be07d9ba7198d1ccd38\" >\n\t<div class=\"fw-wrap-col-inner clearfix  \"   >\n\t\t\t\t<div class=\"fw-col-inner\">\n\t\t\t<div class=\"fw-heading fw-heading-left  tf-sh-9c38abbdcdcfe7ef726dc1bab623f64b\" >\n\t\t\t<h2 class=\"fw-special-title\">Barres arri\u00e8re<\/h2>\n\t\n\t\n\t<\/div><div class=\"fw-text-box tf-sh-79481d0463e8baf44f7c13dd7073120f \" >\n\t<div class=\"fw-text-inner\">\n\t\t<p>Les barres arri\u00e8re en acier inoxydable offrent \u00e0 votre camionnette ou \u00e0 votre pick-up une protection ultime et un magnifique fini. Nous proposons des barres arri\u00e8re sur mesure pour chaque marque et chaque type de fourgon. Vous avez le choix entre trois mod\u00e8les :<\/p>\n<ul>\n<li>De la largeur du pare-chocs<\/li>\n<li>Coudes continus<\/li>\n<li>Barre d'angle<\/li>\n<\/ul>\n<p>Nos barres arri\u00e8re s'int\u00e8grent parfaitement au pare-chocs et \u00e0 la ligne des ailes arri\u00e8re. Pour obtenir un fini plus attrayant, nous les montons \u00e0 la m\u00eame hauteur que les barres lat\u00e9rales.<\/p>\n\t<\/div>\n<\/div>\t\t<\/div>\n\t<\/div>\n<\/div><\/div>\n\n\t<\/div>\n\t<\/section><section   class=\"fw-main-row-custom  auto  fw-section-position-back tf-sh-a1616891f0deb557aaa4d6894a2740e1\"    >\n\t\t\t<div class=\"fw-container\" >\n\t\t<div class=\"fw-row\">\n\t<div id=\"column-6a09698470dc3\" class=\"fw-col-sm-8 tf-sh-94dcae8470575868ddd7e17e9c548071\" >\n\t<div class=\"fw-wrap-col-inner clearfix  \"   >\n\t\t\t\t<div class=\"fw-col-inner\">\n\t\t\t\t<div class=\"fw-slider hide-elements tf-sh-7e37df7a4a0697ee239f59b342a4e65b \" >\n\t\t<div class=\"fw-slider-container clearfix\" id=\"slider-7e37df7a4a0697ee239f59b342a4e65b\" data-play=\"true\" data-timeoutDuration=\"5000\" data-pause=\"false\" data-animation=\"none\" data-duration=\"300\">\n\t\t\t\t\t\t\t\t\t\t\t\t\t\t\t\t\t<div class=\"fw-ratio-container fw-ratio-16-9\">\n\t\t\t\t\t\t<div class=\"fw-slider-item\">\n\t\t\t\t\t\t\t<noscript itemscope itemtype=\"https:\/\/schema.org\/ImageObject\" itemprop=\"image\"><img decoding=\"async\" src=\"https:\/\/www.alfa-equipments.be\/wp-content\/uploads\/2021\/11\/Side-bar-2-scaled.jpg\"  alt=\"Side bar 2\" data-maxdpr=\"1.7\" class=\"attachment-post-thumbnail lazyload\" \/><meta itemprop=\"url\" content=\"https:\/\/www.alfa-equipments.be\/wp-content\/uploads\/2021\/11\/Side-bar-2-scaled.jpg\"><meta itemprop=\"width\" content=\"2560\"><meta itemprop=\"height\" content=\"1440\"><\/noscript><img decoding=\"async\" src=\"data:image\/gif;base64,R0lGODlhAQABAIAAAAAAAP\/\/\/yH5BAEAAAAALAAAAAABAAEAAAIBRAA7\" data-sizes=\"auto\" data-srcset=\"https:\/\/www.alfa-equipments.be\/wp-content\/uploads\/2021\/11\/Side-bar-2-300x169.jpg 300w, https:\/\/www.alfa-equipments.be\/wp-content\/uploads\/2021\/11\/Side-bar-2-1024x576.jpg 1024w, https:\/\/www.alfa-equipments.be\/wp-content\/uploads\/2021\/11\/Side-bar-2-768x432.jpg 768w, https:\/\/www.alfa-equipments.be\/wp-content\/uploads\/2021\/11\/Side-bar-2-1536x864.jpg 1536w, https:\/\/www.alfa-equipments.be\/wp-content\/uploads\/2021\/11\/Side-bar-2-2048x1152.jpg 2048w, https:\/\/www.alfa-equipments.be\/wp-content\/uploads\/2021\/11\/Side-bar-2-1920x1080.jpg 1920w, https:\/\/www.alfa-equipments.be\/wp-content\/uploads\/2021\/11\/Side-bar-2-1228x691.jpg 1228w, https:\/\/www.alfa-equipments.be\/wp-content\/uploads\/2021\/11\/Side-bar-2-614x346.jpg 614w, https:\/\/www.alfa-equipments.be\/wp-content\/uploads\/2021\/11\/Side-bar-2-295x166.jpg 295w, https:\/\/www.alfa-equipments.be\/wp-content\/uploads\/2021\/11\/Side-bar-2-590x332.jpg 590w, https:\/\/www.alfa-equipments.be\/wp-content\/uploads\/2021\/11\/Side-bar-2-600x338.jpg 600w, https:\/\/www.alfa-equipments.be\/wp-content\/uploads\/2021\/11\/Side-bar-2-270x152.jpg 270w, https:\/\/www.alfa-equipments.be\/wp-content\/uploads\/2021\/11\/Side-bar-2-600x338.jpg 600w, https:\/\/www.alfa-equipments.be\/wp-content\/uploads\/2021\/11\/Side-bar-2-270x152.jpg 270w, https:\/\/www.alfa-equipments.be\/wp-content\/uploads\/2021\/11\/Side-bar-2-scaled.jpg 2560w\"   alt=\"Side bar 2\" data-maxdpr=\"1.7\" class=\"attachment-post-thumbnail lazyload\" \/>\t\t\t\t\t\t\t\t\t\t\t\t\t<\/div>\n\t\t\t\t\t<\/div>\n\t\t\t\t\t\t\t\t\t\t\t\t\t\t\t\t\t\t\t\t\t<div class=\"fw-ratio-container fw-ratio-16-9\">\n\t\t\t\t\t\t<div class=\"fw-slider-item\">\n\t\t\t\t\t\t\t<noscript itemscope itemtype=\"https:\/\/schema.org\/ImageObject\" itemprop=\"image\"><img decoding=\"async\" src=\"https:\/\/www.alfa-equipments.be\/wp-content\/uploads\/2021\/11\/Side-bars-zwart-scaled.jpg\"  alt=\"Side bars zwart\" data-maxdpr=\"1.7\" class=\"attachment-post-thumbnail lazyload\" \/><meta itemprop=\"url\" content=\"https:\/\/www.alfa-equipments.be\/wp-content\/uploads\/2021\/11\/Side-bars-zwart-scaled.jpg\"><meta itemprop=\"width\" content=\"2560\"><meta itemprop=\"height\" content=\"1920\"><\/noscript><img decoding=\"async\" src=\"data:image\/gif;base64,R0lGODlhAQABAIAAAAAAAP\/\/\/yH5BAEAAAAALAAAAAABAAEAAAIBRAA7\" data-sizes=\"auto\" data-srcset=\"https:\/\/www.alfa-equipments.be\/wp-content\/uploads\/2021\/11\/Side-bars-zwart-1920x1080.jpg 1920w, https:\/\/www.alfa-equipments.be\/wp-content\/uploads\/2021\/11\/Side-bars-zwart-1228x691.jpg 1228w, https:\/\/www.alfa-equipments.be\/wp-content\/uploads\/2021\/11\/Side-bars-zwart-614x346.jpg 614w, https:\/\/www.alfa-equipments.be\/wp-content\/uploads\/2021\/11\/Side-bars-zwart-295x166.jpg 295w, https:\/\/www.alfa-equipments.be\/wp-content\/uploads\/2021\/11\/Side-bars-zwart-590x332.jpg 590w\"   alt=\"Side bars zwart\" data-maxdpr=\"1.7\" class=\"attachment-post-thumbnail lazyload\" \/>\t\t\t\t\t\t\t\t\t\t\t\t\t<\/div>\n\t\t\t\t\t<\/div>\n\t\t\t\t\t\t\t\t\t\t\t\t\t\t\t\t\t\t\t\t\t<div class=\"fw-ratio-container fw-ratio-16-9\">\n\t\t\t\t\t\t<div class=\"fw-slider-item\">\n\t\t\t\t\t\t\t<noscript itemscope itemtype=\"https:\/\/schema.org\/ImageObject\" itemprop=\"image\"><img decoding=\"async\" src=\"https:\/\/www.alfa-equipments.be\/wp-content\/uploads\/2021\/11\/Rear-bar-scaled.jpg\"  alt=\"Rear bar\" data-maxdpr=\"1.7\" class=\"attachment-post-thumbnail lazyload\" \/><meta itemprop=\"url\" content=\"https:\/\/www.alfa-equipments.be\/wp-content\/uploads\/2021\/11\/Rear-bar-scaled.jpg\"><meta itemprop=\"width\" content=\"2560\"><meta itemprop=\"height\" content=\"1440\"><\/noscript><img decoding=\"async\" src=\"data:image\/gif;base64,R0lGODlhAQABAIAAAAAAAP\/\/\/yH5BAEAAAAALAAAAAABAAEAAAIBRAA7\" data-sizes=\"auto\" data-srcset=\"https:\/\/www.alfa-equipments.be\/wp-content\/uploads\/2021\/11\/Rear-bar-300x169.jpg 300w, https:\/\/www.alfa-equipments.be\/wp-content\/uploads\/2021\/11\/Rear-bar-1024x576.jpg 1024w, https:\/\/www.alfa-equipments.be\/wp-content\/uploads\/2021\/11\/Rear-bar-768x432.jpg 768w, https:\/\/www.alfa-equipments.be\/wp-content\/uploads\/2021\/11\/Rear-bar-1536x864.jpg 1536w, https:\/\/www.alfa-equipments.be\/wp-content\/uploads\/2021\/11\/Rear-bar-2048x1152.jpg 2048w, https:\/\/www.alfa-equipments.be\/wp-content\/uploads\/2021\/11\/Rear-bar-1920x1080.jpg 1920w, https:\/\/www.alfa-equipments.be\/wp-content\/uploads\/2021\/11\/Rear-bar-1228x691.jpg 1228w, https:\/\/www.alfa-equipments.be\/wp-content\/uploads\/2021\/11\/Rear-bar-614x346.jpg 614w, https:\/\/www.alfa-equipments.be\/wp-content\/uploads\/2021\/11\/Rear-bar-295x166.jpg 295w, https:\/\/www.alfa-equipments.be\/wp-content\/uploads\/2021\/11\/Rear-bar-590x332.jpg 590w, https:\/\/www.alfa-equipments.be\/wp-content\/uploads\/2021\/11\/Rear-bar-600x338.jpg 600w, https:\/\/www.alfa-equipments.be\/wp-content\/uploads\/2021\/11\/Rear-bar-270x152.jpg 270w, https:\/\/www.alfa-equipments.be\/wp-content\/uploads\/2021\/11\/Rear-bar-600x338.jpg 600w, https:\/\/www.alfa-equipments.be\/wp-content\/uploads\/2021\/11\/Rear-bar-270x152.jpg 270w, https:\/\/www.alfa-equipments.be\/wp-content\/uploads\/2021\/11\/Rear-bar-scaled.jpg 2560w\"   alt=\"Rear bar\" data-maxdpr=\"1.7\" class=\"attachment-post-thumbnail lazyload\" \/>\t\t\t\t\t\t\t\t\t\t\t\t\t<\/div>\n\t\t\t\t\t<\/div>\n\t\t\t\t\t\t\t\t\t\t\t\t\t\t\t\t\t\t\t\t\t<div class=\"fw-ratio-container fw-ratio-16-9\">\n\t\t\t\t\t\t<div class=\"fw-slider-item\">\n\t\t\t\t\t\t\t<noscript itemscope itemtype=\"https:\/\/schema.org\/ImageObject\" itemprop=\"image\"><img decoding=\"async\" src=\"https:\/\/www.alfa-equipments.be\/wp-content\/uploads\/2021\/11\/IMG_0383-scaled.jpg\"  alt=\"IMG_0383\" data-maxdpr=\"1.7\" class=\"attachment-post-thumbnail lazyload\" \/><meta itemprop=\"url\" content=\"https:\/\/www.alfa-equipments.be\/wp-content\/uploads\/2021\/11\/IMG_0383-scaled.jpg\"><meta itemprop=\"width\" content=\"2560\"><meta itemprop=\"height\" content=\"1920\"><\/noscript><img decoding=\"async\" src=\"data:image\/gif;base64,R0lGODlhAQABAIAAAAAAAP\/\/\/yH5BAEAAAAALAAAAAABAAEAAAIBRAA7\" data-sizes=\"auto\" data-srcset=\"https:\/\/www.alfa-equipments.be\/wp-content\/uploads\/2021\/11\/IMG_0383-1920x1080.jpg 1920w, https:\/\/www.alfa-equipments.be\/wp-content\/uploads\/2021\/11\/IMG_0383-1228x691.jpg 1228w, https:\/\/www.alfa-equipments.be\/wp-content\/uploads\/2021\/11\/IMG_0383-614x346.jpg 614w, https:\/\/www.alfa-equipments.be\/wp-content\/uploads\/2021\/11\/IMG_0383-295x166.jpg 295w, https:\/\/www.alfa-equipments.be\/wp-content\/uploads\/2021\/11\/IMG_0383-590x332.jpg 590w\"   alt=\"IMG_0383\" data-maxdpr=\"1.7\" class=\"attachment-post-thumbnail lazyload\" \/>\t\t\t\t\t\t\t\t\t\t\t\t\t<\/div>\n\t\t\t\t\t<\/div>\n\t\t\t\t\t\t\t\t\t<\/div>\n\t\t<a class=\"fw-slider-prev\" href=\"#\"><span><\/span><\/a>\n\t\t<a class=\"fw-slider-next\" href=\"#\"><span><\/span><\/a>\n\t\t<div class=\"fw-slider-pagination\"><\/div>\n\t<\/div>\n\t\t<\/div>\n\t<\/div>\n<\/div><div id=\"column-6a09698471531\" class=\"fw-col-sm-4 tf-sh-f54a848ff7e21da72499dec1d54e7225\" >\n\t<div class=\"fw-wrap-col-inner clearfix  \"   >\n\t\t\t\t<div class=\"fw-col-inner\">\n\t\t\t<div class=\"fw-heading fw-heading-left  tf-sh-20ede7ed1849d264c7367c6aee626848\" >\n\t\t\t<h2 class=\"fw-special-title\">Barres de pouss\u00e9e<\/h2>\n\t\n\t\n\t<\/div><div class=\"fw-text-box tf-sh-ce5ad412a433a7da9205d10448c0b881 \" >\n\t<div class=\"fw-text-inner\">\n\t\t<p>La barre de pouss\u00e9e donne \u00e0 votre van une allure robuste. Les barres de pouss\u00e9e sont sp\u00e9cialement con\u00e7ues pour chaque marque et type de v\u00e9hicule commercial. Nous les fournissons en mat\u00e9riaux brillants ou mats.<\/p>\n\t<\/div>\n<\/div>\t\t<\/div>\n\t<\/div>\n<\/div><\/div>\n\n\t<\/div>\n\t<\/section><section   class=\"fw-main-row  auto  fw-section-position-back\"    >\n\t\t\t<div class=\"fw-container\" >\n\t\t<div class=\"fw-row\">\n\t<div id=\"column-6a09698471848\" class=\"fw-col-sm-12 tf-sh-2dc21e14c4e30f141ff1b8c64c54cc89\" >\n\t<div class=\"fw-wrap-col-inner clearfix  \"   >\n\t\t\t\t<div class=\"fw-col-inner\">\n\t\t\t<div class=\"fw-divider-space space-sm  clearfix\"  ><\/div>\t\t<\/div>\n\t<\/div>\n<\/div><\/div>\n\n\t<\/div>\n\t<\/section><\/p>\n","protected":false},"excerpt":{"rendered":"<p>Home Barres lat\u00e9rales &#038; pare-buffles Prot\u00e9gez votre v\u00e9hicule avec nos barres lat\u00e9rales et nos pare-buffles. Alfa Equipments installe les barres lat\u00e9rales et les pare-buffles souhait\u00e9s sur votre fourgon, votre camionnette ou votre camion pour une protection optimale. Nous proposons des barres lat\u00e9rales, des barres arri\u00e8re et des barres de pouss\u00e9e. Barres lat\u00e9rales Nos barres lat\u00e9rales [&hellip;]<\/p>\n","protected":false},"author":1,"featured_media":2556,"parent":3736,"menu_order":0,"comment_status":"closed","ping_status":"closed","template":"visual-builder-template.php","meta":{"_acf_changed":false,"ngg_post_thumbnail":0,"footnotes":""},"class_list":["post-3730","page","type-page","status-publish","has-post-thumbnail","hentry"],"acf":[],"yoast_head":"<!-- This site is optimized with the Yoast SEO plugin v25.3.1 - https:\/\/yoast.com\/wordpress\/plugins\/seo\/ -->\n<title>Barres lat\u00e9rales &amp; pare-buffles | Alfa Equipments | Sint-Truiden<\/title>\n<meta name=\"description\" content=\"Alfa Equipments installe les barres lat\u00e9rales et les pare-buffles souhait\u00e9s sur votre fourgon, votre camionnette ou votre camion pour une protection optimale.\" \/>\n<meta name=\"robots\" content=\"index, follow, max-snippet:-1, max-image-preview:large, max-video-preview:-1\" \/>\n<link rel=\"canonical\" href=\"https:\/\/www.alfa-equipments.be\/fr\/equipements-supplementaire\/barres-laterales-et-pare-buffles\/\" \/>\n<meta property=\"og:locale\" content=\"fr_FR\" \/>\n<meta property=\"og:type\" content=\"article\" \/>\n<meta property=\"og:title\" content=\"Barres lat\u00e9rales &amp; pare-buffles | Alfa Equipments | Sint-Truiden\" \/>\n<meta property=\"og:description\" content=\"Alfa Equipments installe les barres lat\u00e9rales et les pare-buffles souhait\u00e9s sur votre fourgon, votre camionnette ou votre camion pour une protection optimale.\" \/>\n<meta property=\"og:url\" content=\"https:\/\/www.alfa-equipments.be\/fr\/equipements-supplementaire\/barres-laterales-et-pare-buffles\/\" \/>\n<meta property=\"og:site_name\" content=\"Alfa Equipments\" \/>\n<meta property=\"article:modified_time\" content=\"2021-12-21T10:28:51+00:00\" \/>\n<meta property=\"og:image\" content=\"https:\/\/www.alfa-equipments.be\/wp-content\/uploads\/2021\/11\/Side-bars-zwart-scaled.jpg\" \/>\n\t<meta property=\"og:image:width\" content=\"2560\" \/>\n\t<meta property=\"og:image:height\" content=\"1920\" \/>\n\t<meta property=\"og:image:type\" content=\"image\/jpeg\" \/>\n<meta name=\"twitter:card\" content=\"summary_large_image\" \/>\n<meta name=\"twitter:label1\" content=\"Dur\u00e9e de lecture estim\u00e9e\" \/>\n\t<meta name=\"twitter:data1\" content=\"2 minutes\" \/>\n<script type=\"application\/ld+json\" class=\"yoast-schema-graph\">{\"@context\":\"https:\/\/schema.org\",\"@graph\":[{\"@type\":\"WebPage\",\"@id\":\"https:\/\/www.alfa-equipments.be\/fr\/equipements-supplementaire\/barres-laterales-et-pare-buffles\/\",\"url\":\"https:\/\/www.alfa-equipments.be\/fr\/equipements-supplementaire\/barres-laterales-et-pare-buffles\/\",\"name\":\"Barres lat\u00e9rales & pare-buffles | Alfa Equipments | Sint-Truiden\",\"isPartOf\":{\"@id\":\"https:\/\/www.alfa-equipments.be\/#website\"},\"primaryImageOfPage\":{\"@id\":\"https:\/\/www.alfa-equipments.be\/fr\/equipements-supplementaire\/barres-laterales-et-pare-buffles\/#primaryimage\"},\"image\":{\"@id\":\"https:\/\/www.alfa-equipments.be\/fr\/equipements-supplementaire\/barres-laterales-et-pare-buffles\/#primaryimage\"},\"thumbnailUrl\":\"https:\/\/www.alfa-equipments.be\/wp-content\/uploads\/2021\/11\/Side-bars-zwart-scaled.jpg\",\"datePublished\":\"2020-11-19T15:31:41+00:00\",\"dateModified\":\"2021-12-21T10:28:51+00:00\",\"description\":\"Alfa Equipments installe les barres lat\u00e9rales et les pare-buffles souhait\u00e9s sur votre fourgon, votre camionnette ou votre camion pour une protection optimale.\",\"breadcrumb\":{\"@id\":\"https:\/\/www.alfa-equipments.be\/fr\/equipements-supplementaire\/barres-laterales-et-pare-buffles\/#breadcrumb\"},\"inLanguage\":\"fr-FR\",\"potentialAction\":[{\"@type\":\"ReadAction\",\"target\":[\"https:\/\/www.alfa-equipments.be\/fr\/equipements-supplementaire\/barres-laterales-et-pare-buffles\/\"]}]},{\"@type\":\"ImageObject\",\"inLanguage\":\"fr-FR\",\"@id\":\"https:\/\/www.alfa-equipments.be\/fr\/equipements-supplementaire\/barres-laterales-et-pare-buffles\/#primaryimage\",\"url\":\"https:\/\/www.alfa-equipments.be\/wp-content\/uploads\/2021\/11\/Side-bars-zwart-scaled.jpg\",\"contentUrl\":\"https:\/\/www.alfa-equipments.be\/wp-content\/uploads\/2021\/11\/Side-bars-zwart-scaled.jpg\",\"width\":2560,\"height\":1920},{\"@type\":\"BreadcrumbList\",\"@id\":\"https:\/\/www.alfa-equipments.be\/fr\/equipements-supplementaire\/barres-laterales-et-pare-buffles\/#breadcrumb\",\"itemListElement\":[{\"@type\":\"ListItem\",\"position\":1,\"name\":\"Home\",\"item\":\"https:\/\/www.alfa-equipments.be\/\"},{\"@type\":\"ListItem\",\"position\":2,\"name\":\"\u00c9quipement suppl\u00e9mentaire\",\"item\":\"https:\/\/www.alfa-equipments.be\/fr\/equipements-supplementaire\/\"},{\"@type\":\"ListItem\",\"position\":3,\"name\":\"Barres lat\u00e9rales &#038; pare-buffles\"}]},{\"@type\":\"WebSite\",\"@id\":\"https:\/\/www.alfa-equipments.be\/#website\",\"url\":\"https:\/\/www.alfa-equipments.be\/\",\"name\":\"Alfa Equipments\",\"description\":\"Wij maken je bestelwagen volledig werkbaar!\",\"potentialAction\":[{\"@type\":\"SearchAction\",\"target\":{\"@type\":\"EntryPoint\",\"urlTemplate\":\"https:\/\/www.alfa-equipments.be\/?s={search_term_string}\"},\"query-input\":{\"@type\":\"PropertyValueSpecification\",\"valueRequired\":true,\"valueName\":\"search_term_string\"}}],\"inLanguage\":\"fr-FR\"}]}<\/script>\n<!-- \/ Yoast SEO plugin. -->","yoast_head_json":{"title":"Barres lat\u00e9rales & pare-buffles | Alfa Equipments | Sint-Truiden","description":"Alfa Equipments installe les barres lat\u00e9rales et les pare-buffles souhait\u00e9s sur votre fourgon, votre camionnette ou votre camion pour une protection optimale.","robots":{"index":"index","follow":"follow","max-snippet":"max-snippet:-1","max-image-preview":"max-image-preview:large","max-video-preview":"max-video-preview:-1"},"canonical":"https:\/\/www.alfa-equipments.be\/fr\/equipements-supplementaire\/barres-laterales-et-pare-buffles\/","og_locale":"fr_FR","og_type":"article","og_title":"Barres lat\u00e9rales & pare-buffles | Alfa Equipments | Sint-Truiden","og_description":"Alfa Equipments installe les barres lat\u00e9rales et les pare-buffles souhait\u00e9s sur votre fourgon, votre camionnette ou votre camion pour une protection optimale.","og_url":"https:\/\/www.alfa-equipments.be\/fr\/equipements-supplementaire\/barres-laterales-et-pare-buffles\/","og_site_name":"Alfa Equipments","article_modified_time":"2021-12-21T10:28:51+00:00","og_image":[{"width":2560,"height":1920,"url":"https:\/\/www.alfa-equipments.be\/wp-content\/uploads\/2021\/11\/Side-bars-zwart-scaled.jpg","type":"image\/jpeg"}],"twitter_card":"summary_large_image","twitter_misc":{"Dur\u00e9e de lecture estim\u00e9e":"2 minutes"},"schema":{"@context":"https:\/\/schema.org","@graph":[{"@type":"WebPage","@id":"https:\/\/www.alfa-equipments.be\/fr\/equipements-supplementaire\/barres-laterales-et-pare-buffles\/","url":"https:\/\/www.alfa-equipments.be\/fr\/equipements-supplementaire\/barres-laterales-et-pare-buffles\/","name":"Barres lat\u00e9rales & pare-buffles | Alfa Equipments | Sint-Truiden","isPartOf":{"@id":"https:\/\/www.alfa-equipments.be\/#website"},"primaryImageOfPage":{"@id":"https:\/\/www.alfa-equipments.be\/fr\/equipements-supplementaire\/barres-laterales-et-pare-buffles\/#primaryimage"},"image":{"@id":"https:\/\/www.alfa-equipments.be\/fr\/equipements-supplementaire\/barres-laterales-et-pare-buffles\/#primaryimage"},"thumbnailUrl":"https:\/\/www.alfa-equipments.be\/wp-content\/uploads\/2021\/11\/Side-bars-zwart-scaled.jpg","datePublished":"2020-11-19T15:31:41+00:00","dateModified":"2021-12-21T10:28:51+00:00","description":"Alfa Equipments installe les barres lat\u00e9rales et les pare-buffles souhait\u00e9s sur votre fourgon, votre camionnette ou votre camion pour une protection optimale.","breadcrumb":{"@id":"https:\/\/www.alfa-equipments.be\/fr\/equipements-supplementaire\/barres-laterales-et-pare-buffles\/#breadcrumb"},"inLanguage":"fr-FR","potentialAction":[{"@type":"ReadAction","target":["https:\/\/www.alfa-equipments.be\/fr\/equipements-supplementaire\/barres-laterales-et-pare-buffles\/"]}]},{"@type":"ImageObject","inLanguage":"fr-FR","@id":"https:\/\/www.alfa-equipments.be\/fr\/equipements-supplementaire\/barres-laterales-et-pare-buffles\/#primaryimage","url":"https:\/\/www.alfa-equipments.be\/wp-content\/uploads\/2021\/11\/Side-bars-zwart-scaled.jpg","contentUrl":"https:\/\/www.alfa-equipments.be\/wp-content\/uploads\/2021\/11\/Side-bars-zwart-scaled.jpg","width":2560,"height":1920},{"@type":"BreadcrumbList","@id":"https:\/\/www.alfa-equipments.be\/fr\/equipements-supplementaire\/barres-laterales-et-pare-buffles\/#breadcrumb","itemListElement":[{"@type":"ListItem","position":1,"name":"Home","item":"https:\/\/www.alfa-equipments.be\/"},{"@type":"ListItem","position":2,"name":"\u00c9quipement suppl\u00e9mentaire","item":"https:\/\/www.alfa-equipments.be\/fr\/equipements-supplementaire\/"},{"@type":"ListItem","position":3,"name":"Barres lat\u00e9rales &#038; pare-buffles"}]},{"@type":"WebSite","@id":"https:\/\/www.alfa-equipments.be\/#website","url":"https:\/\/www.alfa-equipments.be\/","name":"Alfa Equipments","description":"Wij maken je bestelwagen volledig werkbaar!","potentialAction":[{"@type":"SearchAction","target":{"@type":"EntryPoint","urlTemplate":"https:\/\/www.alfa-equipments.be\/?s={search_term_string}"},"query-input":{"@type":"PropertyValueSpecification","valueRequired":true,"valueName":"search_term_string"}}],"inLanguage":"fr-FR"}]}},"_links":{"self":[{"href":"https:\/\/www.alfa-equipments.be\/fr\/wp-json\/wp\/v2\/pages\/3730","targetHints":{"allow":["GET"]}}],"collection":[{"href":"https:\/\/www.alfa-equipments.be\/fr\/wp-json\/wp\/v2\/pages"}],"about":[{"href":"https:\/\/www.alfa-equipments.be\/fr\/wp-json\/wp\/v2\/types\/page"}],"author":[{"embeddable":true,"href":"https:\/\/www.alfa-equipments.be\/fr\/wp-json\/wp\/v2\/users\/1"}],"replies":[{"embeddable":true,"href":"https:\/\/www.alfa-equipments.be\/fr\/wp-json\/wp\/v2\/comments?post=3730"}],"version-history":[{"count":3,"href":"https:\/\/www.alfa-equipments.be\/fr\/wp-json\/wp\/v2\/pages\/3730\/revisions"}],"predecessor-version":[{"id":4069,"href":"https:\/\/www.alfa-equipments.be\/fr\/wp-json\/wp\/v2\/pages\/3730\/revisions\/4069"}],"up":[{"embeddable":true,"href":"https:\/\/www.alfa-equipments.be\/fr\/wp-json\/wp\/v2\/pages\/3736"}],"wp:featuredmedia":[{"embeddable":true,"href":"https:\/\/www.alfa-equipments.be\/fr\/wp-json\/wp\/v2\/media\/2556"}],"wp:attachment":[{"href":"https:\/\/www.alfa-equipments.be\/fr\/wp-json\/wp\/v2\/media?parent=3730"}],"curies":[{"name":"wp","href":"https:\/\/api.w.org\/{rel}","templated":true}]}}