{"id":3729,"date":"2020-11-19T15:31:41","date_gmt":"2020-11-19T15:31:41","guid":{"rendered":"https:\/\/alfa-bvba.be\/signalisatie-en-werkverlichting\/"},"modified":"2021-12-21T12:02:40","modified_gmt":"2021-12-21T11:02:40","slug":"signalisation-et-eclairage-de-travail","status":"publish","type":"page","link":"https:\/\/www.alfa-equipments.be\/fr\/equipements-supplementaire\/signalisation-et-eclairage-de-travail\/","title":{"rendered":"Signalisation et \u00e9clairage de travail"},"content":{"rendered":"<p><section   class=\"fw-main-row-custom fw-main-row-top fw-section-no-padding  auto  fw-section-position-back tf-sh-05d047573308ec816ae7a699ff52015c\"    >\n\t\t\t<div class=\"fw-container\" >\n\t\t<div class=\"fw-row\">\n\t<div id=\"column-6a0969366f343\" class=\"fw-col-sm-12 tf-sh-1d9873ea1b725f8415197a22481f61c9 breadcrumbs-section\" >\n\t<div class=\"fw-wrap-col-inner clearfix  \"   >\n\t\t\t\t<div class=\"fw-col-inner\">\n\t\t\t<div class=\"shortcode-widget-area col-sm-12 fw-sidebar \" >\n\t<div class=\"fw-col-inner\">\n\t\t<aside id=\"bcn_widget-2\" class=\"widget widget_breadcrumb_navxt\"><div class=\"breadcrumbs\" vocab=\"https:\/\/schema.org\/\" typeof=\"BreadcrumbList\"><!-- Breadcrumb NavXT 7.4.1 -->\n<span property=\"itemListElement\" typeof=\"ListItem\"><a property=\"item\" typeof=\"WebPage\" title=\"Go to Alfa Equipments.\" href=\"https:\/\/www.alfa-equipments.be\/fr\/\" class=\"home\" aria-current=\"page\"><span property=\"name\">Home<\/span><\/a><meta property=\"position\" content=\"1\"><\/span><\/div><\/aside>\t<\/div>\n<\/div>\t\t<\/div>\n\t<\/div>\n<\/div><\/div>\n\n\t<\/div>\n\t<\/section><section   class=\"fw-main-row-custom fw-section-no-padding  auto  fw-section-position-back tf-sh-e91c88399f0e0daaa4d1da0736a10651\"    >\n\t\t\t<div class=\"fw-container\" >\n\t\t<div class=\"fw-row\">\n\t<div id=\"column-6a0969366fbef\" class=\"fw-col-sm-12 tf-sh-90cdbdc5add2b62f87601a73d0d44ea3\" >\n\t<div class=\"fw-wrap-col-inner clearfix  \"   >\n\t\t\t\t<div class=\"fw-col-inner\">\n\t\t\t<div class=\"fw-heading fw-heading-left  fw-heading-with-subtitle tf-sh-8ddae26207a75d7aa1ae77cad593fae4\" >\n\t\t\t<h1 class=\"fw-special-title\">Signalisation et \u00e9clairage de travail <\/h1>\n\t\n\t\n\t\t\t<div class=\"fw-special-subtitle\">Nous fournissons \u00e0 votre fourgon les panneaux et les lampes de travail n\u00e9cessaires<\/div>\n\t<\/div>\t\t<\/div>\n\t<\/div>\n<\/div><\/div>\n\n<div class=\"fw-row\">\n\t<div id=\"column-6a0969366fd84\" class=\"fw-col-sm-6 tf-sh-8fb7343d9f165708bd6ef81b92d7fc14\" >\n\t<div class=\"fw-wrap-col-inner clearfix  \"   >\n\t\t\t\t<div class=\"fw-col-inner\">\n\t\t\t<div class=\"fw-text-box tf-sh-32842a97876a2fb1514916775caac693 \" >\n\t<div class=\"fw-text-inner\">\n\t\t<p><strong>Faites en sorte que votre fourgon soit clairement visible et d\u00e9couvrez notre \u00e9clairage de signalisation. Nous disposons d'une large gamme de feux de signalisation :<\/strong><\/p>\n<ul>\n<li>Gyrophares<\/li>\n<li>Lampes-torches<\/li>\n<li>Fl\u00e8ches directionnelles<\/li>\n<li>Projecteurs<\/li>\n<li>Torches<\/li>\n<li>Flashs<\/li>\n<\/ul>\n\t<\/div>\n<\/div>\t\t<\/div>\n\t<\/div>\n<\/div><div id=\"column-6a0969366fe87\" class=\"fw-col-sm-6 tf-sh-825b4eb1763517cc6567263e74007ba1\" >\n\t<div class=\"fw-wrap-col-inner clearfix  \"   >\n\t\t\t\t<div class=\"fw-col-inner\">\n\t\t\t\t<div class=\"fw-slider hide-elements tf-sh-a2db580b34a781f58445b674af31aad7 \" >\n\t\t<div class=\"fw-slider-container clearfix\" id=\"slider-a2db580b34a781f58445b674af31aad7\" data-play=\"true\" data-timeoutDuration=\"5000\" data-pause=\"false\" data-animation=\"none\" data-duration=\"300\">\n\t\t\t\t\t\t\t\t\t\t\t\t\t\t\t\t\t<div class=\"fw-ratio-container fw-ratio-16-9\">\n\t\t\t\t\t\t<div class=\"fw-slider-item\">\n\t\t\t\t\t\t\t<noscript itemscope itemtype=\"https:\/\/schema.org\/ImageObject\" itemprop=\"image\"><img decoding=\"async\" src=\"https:\/\/www.alfa-equipments.be\/wp-content\/uploads\/2021\/11\/IMG_0399-scaled.jpg\"  alt=\"IMG_0399\" data-maxdpr=\"1.7\" class=\"attachment-post-thumbnail lazyload\" \/><meta itemprop=\"url\" content=\"https:\/\/www.alfa-equipments.be\/wp-content\/uploads\/2021\/11\/IMG_0399-scaled.jpg\"><meta itemprop=\"width\" content=\"2560\"><meta itemprop=\"height\" content=\"1920\"><\/noscript><img decoding=\"async\" src=\"data:image\/gif;base64,R0lGODlhAQABAIAAAAAAAP\/\/\/yH5BAEAAAAALAAAAAABAAEAAAIBRAA7\" data-sizes=\"auto\" data-srcset=\"https:\/\/www.alfa-equipments.be\/wp-content\/uploads\/2021\/11\/IMG_0399-1920x1080.jpg 1920w, https:\/\/www.alfa-equipments.be\/wp-content\/uploads\/2021\/11\/IMG_0399-1228x691.jpg 1228w, https:\/\/www.alfa-equipments.be\/wp-content\/uploads\/2021\/11\/IMG_0399-614x346.jpg 614w, https:\/\/www.alfa-equipments.be\/wp-content\/uploads\/2021\/11\/IMG_0399-295x166.jpg 295w, https:\/\/www.alfa-equipments.be\/wp-content\/uploads\/2021\/11\/IMG_0399-590x332.jpg 590w\"   alt=\"IMG_0399\" data-maxdpr=\"1.7\" class=\"attachment-post-thumbnail lazyload\" \/>\t\t\t\t\t\t\t\t\t\t\t\t\t<\/div>\n\t\t\t\t\t<\/div>\n\t\t\t\t\t\t\t\t\t\t\t\t\t\t\t\t\t\t\t\t\t<div class=\"fw-ratio-container fw-ratio-16-9\">\n\t\t\t\t\t\t<div class=\"fw-slider-item\">\n\t\t\t\t\t\t\t<noscript itemscope itemtype=\"https:\/\/schema.org\/ImageObject\" itemprop=\"image\"><img decoding=\"async\" src=\"https:\/\/www.alfa-equipments.be\/wp-content\/uploads\/2021\/11\/IMG_0404-scaled.jpg\"  alt=\"IMG_0404\" data-maxdpr=\"1.7\" class=\"attachment-post-thumbnail lazyload\" \/><meta itemprop=\"url\" content=\"https:\/\/www.alfa-equipments.be\/wp-content\/uploads\/2021\/11\/IMG_0404-scaled.jpg\"><meta itemprop=\"width\" content=\"2560\"><meta itemprop=\"height\" content=\"1920\"><\/noscript><img decoding=\"async\" src=\"data:image\/gif;base64,R0lGODlhAQABAIAAAAAAAP\/\/\/yH5BAEAAAAALAAAAAABAAEAAAIBRAA7\" data-sizes=\"auto\" data-srcset=\"https:\/\/www.alfa-equipments.be\/wp-content\/uploads\/2021\/11\/IMG_0404-1920x1080.jpg 1920w, https:\/\/www.alfa-equipments.be\/wp-content\/uploads\/2021\/11\/IMG_0404-1228x691.jpg 1228w, https:\/\/www.alfa-equipments.be\/wp-content\/uploads\/2021\/11\/IMG_0404-614x346.jpg 614w, https:\/\/www.alfa-equipments.be\/wp-content\/uploads\/2021\/11\/IMG_0404-295x166.jpg 295w, https:\/\/www.alfa-equipments.be\/wp-content\/uploads\/2021\/11\/IMG_0404-590x332.jpg 590w\"   alt=\"IMG_0404\" data-maxdpr=\"1.7\" class=\"attachment-post-thumbnail lazyload\" \/>\t\t\t\t\t\t\t\t\t\t\t\t\t<\/div>\n\t\t\t\t\t<\/div>\n\t\t\t\t\t\t\t\t\t\t\t\t\t\t\t\t\t\t\t\t\t<div class=\"fw-ratio-container fw-ratio-16-9\">\n\t\t\t\t\t\t<div class=\"fw-slider-item\">\n\t\t\t\t\t\t\t<noscript itemscope itemtype=\"https:\/\/schema.org\/ImageObject\" itemprop=\"image\"><img decoding=\"async\" src=\"https:\/\/www.alfa-equipments.be\/wp-content\/uploads\/2021\/11\/Stad-Sint-Truiden-2-Groot.jpg\"  alt=\"Stad Sint-Truiden (2) (Groot)\" data-maxdpr=\"1.7\" class=\"attachment-post-thumbnail lazyload\" \/><meta itemprop=\"url\" content=\"https:\/\/www.alfa-equipments.be\/wp-content\/uploads\/2021\/11\/Stad-Sint-Truiden-2-Groot.jpg\"><meta itemprop=\"width\" content=\"1440\"><meta itemprop=\"height\" content=\"1080\"><\/noscript><img decoding=\"async\" src=\"data:image\/gif;base64,R0lGODlhAQABAIAAAAAAAP\/\/\/yH5BAEAAAAALAAAAAABAAEAAAIBRAA7\" data-sizes=\"auto\" data-srcset=\"https:\/\/www.alfa-equipments.be\/wp-content\/uploads\/2021\/11\/Stad-Sint-Truiden-2-Groot-1228x691.jpg 1228w, https:\/\/www.alfa-equipments.be\/wp-content\/uploads\/2021\/11\/Stad-Sint-Truiden-2-Groot-614x346.jpg 614w, https:\/\/www.alfa-equipments.be\/wp-content\/uploads\/2021\/11\/Stad-Sint-Truiden-2-Groot-295x166.jpg 295w, https:\/\/www.alfa-equipments.be\/wp-content\/uploads\/2021\/11\/Stad-Sint-Truiden-2-Groot-590x332.jpg 590w\"   alt=\"Stad Sint-Truiden (2) (Groot)\" data-maxdpr=\"1.7\" class=\"attachment-post-thumbnail lazyload\" \/>\t\t\t\t\t\t\t\t\t\t\t\t\t<\/div>\n\t\t\t\t\t<\/div>\n\t\t\t\t\t\t\t\t\t\t\t\t\t\t\t\t\t\t\t\t\t<div class=\"fw-ratio-container fw-ratio-16-9\">\n\t\t\t\t\t\t<div class=\"fw-slider-item\">\n\t\t\t\t\t\t\t<noscript itemscope itemtype=\"https:\/\/schema.org\/ImageObject\" itemprop=\"image\"><img decoding=\"async\" src=\"https:\/\/www.alfa-equipments.be\/wp-content\/uploads\/2021\/11\/IMG_0819-scaled.jpg\"  alt=\"IMG_0819\" data-maxdpr=\"1.7\" class=\"attachment-post-thumbnail lazyload\" \/><meta itemprop=\"url\" content=\"https:\/\/www.alfa-equipments.be\/wp-content\/uploads\/2021\/11\/IMG_0819-scaled.jpg\"><meta itemprop=\"width\" content=\"2560\"><meta itemprop=\"height\" content=\"1920\"><\/noscript><img decoding=\"async\" src=\"data:image\/gif;base64,R0lGODlhAQABAIAAAAAAAP\/\/\/yH5BAEAAAAALAAAAAABAAEAAAIBRAA7\" data-sizes=\"auto\" data-srcset=\"https:\/\/www.alfa-equipments.be\/wp-content\/uploads\/2021\/11\/IMG_0819-1920x1080.jpg 1920w, https:\/\/www.alfa-equipments.be\/wp-content\/uploads\/2021\/11\/IMG_0819-1228x691.jpg 1228w, https:\/\/www.alfa-equipments.be\/wp-content\/uploads\/2021\/11\/IMG_0819-614x346.jpg 614w, https:\/\/www.alfa-equipments.be\/wp-content\/uploads\/2021\/11\/IMG_0819-295x166.jpg 295w, https:\/\/www.alfa-equipments.be\/wp-content\/uploads\/2021\/11\/IMG_0819-590x332.jpg 590w\"   alt=\"IMG_0819\" data-maxdpr=\"1.7\" class=\"attachment-post-thumbnail lazyload\" \/>\t\t\t\t\t\t\t\t\t\t\t\t\t<\/div>\n\t\t\t\t\t<\/div>\n\t\t\t\t\t\t\t\t\t<\/div>\n\t\t<a class=\"fw-slider-prev\" href=\"#\"><span><\/span><\/a>\n\t\t<a class=\"fw-slider-next\" href=\"#\"><span><\/span><\/a>\n\t\t<div class=\"fw-slider-pagination\"><\/div>\n\t<\/div>\n\t\t<\/div>\n\t<\/div>\n<\/div><\/div>\n\n\t<\/div>\n\t<\/section><section   class=\"fw-main-row-custom  auto  fw-section-position-back tf-sh-49ca36fbe4e9552cfd72539b0cd7fa8c\"    >\n\t\t\t<div class=\"fw-container\" >\n\t\t<div class=\"fw-row\">\n\t<div id=\"column-6a09693670cfd\" class=\"fw-col-sm-12 tf-sh-da83d42f62f79c8129659384adf00698\" >\n\t<div class=\"fw-wrap-col-inner clearfix  \"   >\n\t\t\t\t<div class=\"fw-col-inner\">\n\t\t\t<div class=\"fw-list list-icon  tf-sh-afcb0897c0b85882c8f12abab9ae712a \" >\n\t<ul>\n\t\t\n\t\t\t\n\t\t\t\t<li><i class=\"fa fa-plug\" style=\"font-size:12px;\"><\/i>\n\t\t\t\t\t<a  href=\"#\" target=\"_self\">1.\tNos fl\u00e8ches directionnelles sont disponibles avec six ou huit modules de trois LED.<\/a>\n\t\t\t\t\t\t\t\t\t<\/li>\n\n\t\t\t\n\t\t\t\t<li><i class=\"fa fa-plug\" style=\"font-size:12px;\"><\/i>\n\t\t\t\t\t<a  href=\"#\" target=\"_self\">2.\tEn plus des fl\u00e8ches directionnelles, nous proposons \u00e9galement des barres lumineuses \u00e9quip\u00e9es de gyrophares ou de flashs \u00e0 LED. Vous disposez d\u2019un large choix parmi les gyrophares orange et les flashs. Nous les montons de fa\u00e7on permanente sur votre v\u00e9hicule ou vous les utilisez avec une prise 12 volts.<\/a>\n\t\t\t\t\t\t\t\t\t<\/li>\n\n\t\t\t\n\t\t\t\t<li><i class=\"fa fa-plug\" style=\"font-size:12px;\"><\/i>\n\t\t\t\t\t<a  href=\"#\" target=\"_self\">3.\tDes feux clignotants orange ou blancs pour la calandre de la camionnette.<\/a>\n\t\t\t\t\t\t\t\t\t<\/li>\n\n\t\t\t\n\t\t\t\t<li><i class=\"fa fa-plug\" style=\"font-size:12px;\"><\/i>\n\t\t\t\t\t<a  href=\"#\" target=\"_self\">4.\tOutre les dispositifs de signalisation, nous montons \u00e9galement des lampes de travail halog\u00e8nes ou LED sur votre fourgon. Ces derni\u00e8res fournissent un \u00e9clairage suppl\u00e9mentaire lorsque vous travaillez \u00e0 l'ext\u00e9rieur. Vous pouvez opter pour un montage fixe sur le v\u00e9hicule ou une utilisation des lampes de travail avec une prise 12 volts.<\/a>\n\t\t\t\t\t\t\t\t\t<\/li>\n\n\t\t\t\t\t\t<\/ul>\n<\/div>\t\t<\/div>\n\t<\/div>\n<\/div><\/div>\n\n\t<\/div>\n\t<\/section><section   class=\"fw-main-row-custom  auto  fw-section-position-back tf-sh-37405c53611304823d794d2319e01af1\"    >\n\t\t\t<div class=\"fw-container\" >\n\t\t<div class=\"fw-row\">\n\t<div id=\"column-6a096936710d2\" class=\"fw-col-sm-12 tf-sh-d87e6bfbef638d08f27ca71d9c579511\" >\n\t<div class=\"fw-wrap-col-inner clearfix  \"   >\n\t\t\t\t<div class=\"fw-col-inner\">\n\t\t\t\t<div class=\"fw-video tf-sh-9564be7fcb64a9f89d0d2f82491479a2  fw-animated-element\"  data-animation-type=\"fadeInUp\" data-animation-delay=\"200\">\n\t\t<div class=\"fw-wrap-boxed-media fw-wp-video-shortcode\"><div style=\"width: 1920px;\" class=\"wp-video\"><!--[if lt IE 9]><script>document.createElement('video');<\/script><![endif]-->\n<video class=\"wp-video-shortcode\" id=\"video-3729-1\" width=\"1920\" height=\"1080\" preload=\"metadata\" controls=\"controls\"><source type=\"video\/mp4\" src=\"https:\/\/alfa-bvba.be\/wp-content\/uploads\/2021\/11\/20201027_084525.mp4?_=1\" \/><a href=\"https:\/\/alfa-bvba.be\/wp-content\/uploads\/2021\/11\/20201027_084525.mp4\">https:\/\/alfa-bvba.be\/wp-content\/uploads\/2021\/11\/20201027_084525.mp4<\/a><\/video><\/div><\/div>\t<\/div>\n\t\t<\/div>\n\t<\/div>\n<\/div><\/div>\n\n\t<\/div>\n\t<\/section><section   class=\"fw-main-row  auto  fw-section-position-back\"    >\n\t\t\t<div class=\"fw-container\" >\n\t\t<div class=\"fw-row\">\n\t<div id=\"column-6a096936714f7\" class=\"fw-col-sm-12 tf-sh-27ff29b686ed4bb44e6c67d77d3b7150\" >\n\t<div class=\"fw-wrap-col-inner clearfix  \"   >\n\t\t\t\t<div class=\"fw-col-inner\">\n\t\t\t<div class=\"fw-divider-space space-sm  clearfix\"  ><\/div>\t\t<\/div>\n\t<\/div>\n<\/div><\/div>\n\n\t<\/div>\n\t<\/section><\/p>\n","protected":false},"excerpt":{"rendered":"<p>Home Signalisation et \u00e9clairage de travail Nous fournissons \u00e0 votre fourgon les panneaux et les lampes de travail n\u00e9cessaires Faites en sorte que votre fourgon soit clairement visible et d\u00e9couvrez notre \u00e9clairage de signalisation. Nous disposons d&rsquo;une large gamme de feux de signalisation : Gyrophares Lampes-torches Fl\u00e8ches directionnelles Projecteurs Torches Flashs 1. Nos fl\u00e8ches directionnelles [&hellip;]<\/p>\n","protected":false},"author":1,"featured_media":2553,"parent":3736,"menu_order":0,"comment_status":"closed","ping_status":"closed","template":"visual-builder-template.php","meta":{"_acf_changed":false,"ngg_post_thumbnail":0,"footnotes":""},"class_list":["post-3729","page","type-page","status-publish","has-post-thumbnail","hentry"],"acf":[],"yoast_head":"<!-- This site is optimized with the Yoast SEO plugin v25.3.1 - https:\/\/yoast.com\/wordpress\/plugins\/seo\/ -->\n<title>Signalisation et \u00e9clairage de travail<\/title>\n<meta name=\"description\" content=\"Alfa Equipments | Nous fournissons \u00e0 votre fourgon les panneaux et les lampes de travail n\u00e9cessaires\" \/>\n<meta name=\"robots\" content=\"index, follow, max-snippet:-1, max-image-preview:large, max-video-preview:-1\" \/>\n<link rel=\"canonical\" href=\"https:\/\/www.alfa-equipments.be\/fr\/equipements-supplementaire\/signalisation-et-eclairage-de-travail\/\" \/>\n<meta property=\"og:locale\" content=\"fr_FR\" \/>\n<meta property=\"og:type\" content=\"article\" \/>\n<meta property=\"og:title\" content=\"Signalisation et \u00e9clairage de travail\" \/>\n<meta property=\"og:description\" content=\"Alfa Equipments | Nous fournissons \u00e0 votre fourgon les panneaux et les lampes de travail n\u00e9cessaires\" \/>\n<meta property=\"og:url\" content=\"https:\/\/www.alfa-equipments.be\/fr\/equipements-supplementaire\/signalisation-et-eclairage-de-travail\/\" \/>\n<meta property=\"og:site_name\" content=\"Alfa Equipments\" \/>\n<meta property=\"article:modified_time\" content=\"2021-12-21T11:02:40+00:00\" \/>\n<meta property=\"og:image\" content=\"https:\/\/www.alfa-equipments.be\/wp-content\/uploads\/2021\/11\/Signalisatie-categorie.jpg\" \/>\n\t<meta property=\"og:image:width\" content=\"360\" \/>\n\t<meta property=\"og:image:height\" content=\"360\" \/>\n\t<meta property=\"og:image:type\" content=\"image\/jpeg\" \/>\n<meta name=\"twitter:card\" content=\"summary_large_image\" \/>\n<meta name=\"twitter:label1\" content=\"Dur\u00e9e de lecture estim\u00e9e\" \/>\n\t<meta name=\"twitter:data1\" content=\"1 minute\" \/>\n<script type=\"application\/ld+json\" class=\"yoast-schema-graph\">{\"@context\":\"https:\/\/schema.org\",\"@graph\":[{\"@type\":\"WebPage\",\"@id\":\"https:\/\/www.alfa-equipments.be\/fr\/equipements-supplementaire\/signalisation-et-eclairage-de-travail\/\",\"url\":\"https:\/\/www.alfa-equipments.be\/fr\/equipements-supplementaire\/signalisation-et-eclairage-de-travail\/\",\"name\":\"Signalisation et \u00e9clairage de travail\",\"isPartOf\":{\"@id\":\"https:\/\/www.alfa-equipments.be\/#website\"},\"primaryImageOfPage\":{\"@id\":\"https:\/\/www.alfa-equipments.be\/fr\/equipements-supplementaire\/signalisation-et-eclairage-de-travail\/#primaryimage\"},\"image\":{\"@id\":\"https:\/\/www.alfa-equipments.be\/fr\/equipements-supplementaire\/signalisation-et-eclairage-de-travail\/#primaryimage\"},\"thumbnailUrl\":\"https:\/\/www.alfa-equipments.be\/wp-content\/uploads\/2021\/11\/Signalisatie-categorie.jpg\",\"datePublished\":\"2020-11-19T15:31:41+00:00\",\"dateModified\":\"2021-12-21T11:02:40+00:00\",\"description\":\"Alfa Equipments | Nous fournissons \u00e0 votre fourgon les panneaux et les lampes de travail n\u00e9cessaires\",\"breadcrumb\":{\"@id\":\"https:\/\/www.alfa-equipments.be\/fr\/equipements-supplementaire\/signalisation-et-eclairage-de-travail\/#breadcrumb\"},\"inLanguage\":\"fr-FR\",\"potentialAction\":[{\"@type\":\"ReadAction\",\"target\":[\"https:\/\/www.alfa-equipments.be\/fr\/equipements-supplementaire\/signalisation-et-eclairage-de-travail\/\"]}]},{\"@type\":\"ImageObject\",\"inLanguage\":\"fr-FR\",\"@id\":\"https:\/\/www.alfa-equipments.be\/fr\/equipements-supplementaire\/signalisation-et-eclairage-de-travail\/#primaryimage\",\"url\":\"https:\/\/www.alfa-equipments.be\/wp-content\/uploads\/2021\/11\/Signalisatie-categorie.jpg\",\"contentUrl\":\"https:\/\/www.alfa-equipments.be\/wp-content\/uploads\/2021\/11\/Signalisatie-categorie.jpg\",\"width\":360,\"height\":360},{\"@type\":\"BreadcrumbList\",\"@id\":\"https:\/\/www.alfa-equipments.be\/fr\/equipements-supplementaire\/signalisation-et-eclairage-de-travail\/#breadcrumb\",\"itemListElement\":[{\"@type\":\"ListItem\",\"position\":1,\"name\":\"Home\",\"item\":\"https:\/\/www.alfa-equipments.be\/\"},{\"@type\":\"ListItem\",\"position\":2,\"name\":\"\u00c9quipement suppl\u00e9mentaire\",\"item\":\"https:\/\/www.alfa-equipments.be\/fr\/equipements-supplementaire\/\"},{\"@type\":\"ListItem\",\"position\":3,\"name\":\"Signalisation et \u00e9clairage de travail\"}]},{\"@type\":\"WebSite\",\"@id\":\"https:\/\/www.alfa-equipments.be\/#website\",\"url\":\"https:\/\/www.alfa-equipments.be\/\",\"name\":\"Alfa Equipments\",\"description\":\"Wij maken je bestelwagen volledig werkbaar!\",\"potentialAction\":[{\"@type\":\"SearchAction\",\"target\":{\"@type\":\"EntryPoint\",\"urlTemplate\":\"https:\/\/www.alfa-equipments.be\/?s={search_term_string}\"},\"query-input\":{\"@type\":\"PropertyValueSpecification\",\"valueRequired\":true,\"valueName\":\"search_term_string\"}}],\"inLanguage\":\"fr-FR\"}]}<\/script>\n<!-- \/ Yoast SEO plugin. -->","yoast_head_json":{"title":"Signalisation et \u00e9clairage de travail","description":"Alfa Equipments | Nous fournissons \u00e0 votre fourgon les panneaux et les lampes de travail n\u00e9cessaires","robots":{"index":"index","follow":"follow","max-snippet":"max-snippet:-1","max-image-preview":"max-image-preview:large","max-video-preview":"max-video-preview:-1"},"canonical":"https:\/\/www.alfa-equipments.be\/fr\/equipements-supplementaire\/signalisation-et-eclairage-de-travail\/","og_locale":"fr_FR","og_type":"article","og_title":"Signalisation et \u00e9clairage de travail","og_description":"Alfa Equipments | Nous fournissons \u00e0 votre fourgon les panneaux et les lampes de travail n\u00e9cessaires","og_url":"https:\/\/www.alfa-equipments.be\/fr\/equipements-supplementaire\/signalisation-et-eclairage-de-travail\/","og_site_name":"Alfa Equipments","article_modified_time":"2021-12-21T11:02:40+00:00","og_image":[{"width":360,"height":360,"url":"https:\/\/www.alfa-equipments.be\/wp-content\/uploads\/2021\/11\/Signalisatie-categorie.jpg","type":"image\/jpeg"}],"twitter_card":"summary_large_image","twitter_misc":{"Dur\u00e9e de lecture estim\u00e9e":"1 minute"},"schema":{"@context":"https:\/\/schema.org","@graph":[{"@type":"WebPage","@id":"https:\/\/www.alfa-equipments.be\/fr\/equipements-supplementaire\/signalisation-et-eclairage-de-travail\/","url":"https:\/\/www.alfa-equipments.be\/fr\/equipements-supplementaire\/signalisation-et-eclairage-de-travail\/","name":"Signalisation et \u00e9clairage de travail","isPartOf":{"@id":"https:\/\/www.alfa-equipments.be\/#website"},"primaryImageOfPage":{"@id":"https:\/\/www.alfa-equipments.be\/fr\/equipements-supplementaire\/signalisation-et-eclairage-de-travail\/#primaryimage"},"image":{"@id":"https:\/\/www.alfa-equipments.be\/fr\/equipements-supplementaire\/signalisation-et-eclairage-de-travail\/#primaryimage"},"thumbnailUrl":"https:\/\/www.alfa-equipments.be\/wp-content\/uploads\/2021\/11\/Signalisatie-categorie.jpg","datePublished":"2020-11-19T15:31:41+00:00","dateModified":"2021-12-21T11:02:40+00:00","description":"Alfa Equipments | Nous fournissons \u00e0 votre fourgon les panneaux et les lampes de travail n\u00e9cessaires","breadcrumb":{"@id":"https:\/\/www.alfa-equipments.be\/fr\/equipements-supplementaire\/signalisation-et-eclairage-de-travail\/#breadcrumb"},"inLanguage":"fr-FR","potentialAction":[{"@type":"ReadAction","target":["https:\/\/www.alfa-equipments.be\/fr\/equipements-supplementaire\/signalisation-et-eclairage-de-travail\/"]}]},{"@type":"ImageObject","inLanguage":"fr-FR","@id":"https:\/\/www.alfa-equipments.be\/fr\/equipements-supplementaire\/signalisation-et-eclairage-de-travail\/#primaryimage","url":"https:\/\/www.alfa-equipments.be\/wp-content\/uploads\/2021\/11\/Signalisatie-categorie.jpg","contentUrl":"https:\/\/www.alfa-equipments.be\/wp-content\/uploads\/2021\/11\/Signalisatie-categorie.jpg","width":360,"height":360},{"@type":"BreadcrumbList","@id":"https:\/\/www.alfa-equipments.be\/fr\/equipements-supplementaire\/signalisation-et-eclairage-de-travail\/#breadcrumb","itemListElement":[{"@type":"ListItem","position":1,"name":"Home","item":"https:\/\/www.alfa-equipments.be\/"},{"@type":"ListItem","position":2,"name":"\u00c9quipement suppl\u00e9mentaire","item":"https:\/\/www.alfa-equipments.be\/fr\/equipements-supplementaire\/"},{"@type":"ListItem","position":3,"name":"Signalisation et \u00e9clairage de travail"}]},{"@type":"WebSite","@id":"https:\/\/www.alfa-equipments.be\/#website","url":"https:\/\/www.alfa-equipments.be\/","name":"Alfa Equipments","description":"Wij maken je bestelwagen volledig werkbaar!","potentialAction":[{"@type":"SearchAction","target":{"@type":"EntryPoint","urlTemplate":"https:\/\/www.alfa-equipments.be\/?s={search_term_string}"},"query-input":{"@type":"PropertyValueSpecification","valueRequired":true,"valueName":"search_term_string"}}],"inLanguage":"fr-FR"}]}},"_links":{"self":[{"href":"https:\/\/www.alfa-equipments.be\/fr\/wp-json\/wp\/v2\/pages\/3729","targetHints":{"allow":["GET"]}}],"collection":[{"href":"https:\/\/www.alfa-equipments.be\/fr\/wp-json\/wp\/v2\/pages"}],"about":[{"href":"https:\/\/www.alfa-equipments.be\/fr\/wp-json\/wp\/v2\/types\/page"}],"author":[{"embeddable":true,"href":"https:\/\/www.alfa-equipments.be\/fr\/wp-json\/wp\/v2\/users\/1"}],"replies":[{"embeddable":true,"href":"https:\/\/www.alfa-equipments.be\/fr\/wp-json\/wp\/v2\/comments?post=3729"}],"version-history":[{"count":3,"href":"https:\/\/www.alfa-equipments.be\/fr\/wp-json\/wp\/v2\/pages\/3729\/revisions"}],"predecessor-version":[{"id":4074,"href":"https:\/\/www.alfa-equipments.be\/fr\/wp-json\/wp\/v2\/pages\/3729\/revisions\/4074"}],"up":[{"embeddable":true,"href":"https:\/\/www.alfa-equipments.be\/fr\/wp-json\/wp\/v2\/pages\/3736"}],"wp:featuredmedia":[{"embeddable":true,"href":"https:\/\/www.alfa-equipments.be\/fr\/wp-json\/wp\/v2\/media\/2553"}],"wp:attachment":[{"href":"https:\/\/www.alfa-equipments.be\/fr\/wp-json\/wp\/v2\/media?parent=3729"}],"curies":[{"name":"wp","href":"https:\/\/api.w.org\/{rel}","templated":true}]}}