{"id":3702,"date":"2021-11-10T11:55:21","date_gmt":"2021-11-10T11:55:21","guid":{"rendered":"https:\/\/alfa-bvba.be\/combinaties-specials\/"},"modified":"2021-12-20T12:02:32","modified_gmt":"2021-12-20T11:02:32","slug":"combinaisons-specificites","status":"publish","type":"page","link":"https:\/\/www.alfa-equipments.be\/fr\/combinaisons-specificites\/","title":{"rendered":"Combinaisons &#038; Sp\u00e9cificit\u00e9s"},"content":{"rendered":"<section   class=\"fw-main-row-custom fw-main-row-top  auto  fw-section-position-back tf-sh-6d76bef731f5a4b2b26f8df49e595a81\"    >\n\t\t\t<div class=\"fw-container\" >\n\t\t<div class=\"fw-row\">\n\t<div id=\"column-6a095bd43fa23\" class=\"fw-col-sm-12 tf-sh-b810e7dd64975e013fb24612aa546e80\" >\n\t<div class=\"fw-wrap-col-inner clearfix  \"   >\n\t\t\t\t<div class=\"fw-col-inner\">\n\t\t\t<div class=\"fw-heading fw-heading-left  fw-heading-with-subtitle tf-sh-e2ac53c8bd89f9c4fd701ece45666bcc\" >\n\t\t\t<h2 class=\"fw-special-title\">Combinaisons & sp\u00e9cificit\u00e9s <\/h2>\n\t\n\t\n\t\t\t<div class=\"fw-special-subtitle\">Des possibilit\u00e9s infinies<\/div>\n\t<\/div>\t\t<\/div>\n\t<\/div>\n<\/div><\/div>\n\n<div class=\"fw-row\">\n\t<div id=\"column-6a095bd43fbf4\" class=\"fw-col-sm-12 tf-sh-f023f36b1d7ee1a3380fd063a9d49e30\" >\n\t<div class=\"fw-wrap-col-inner clearfix  \"   >\n\t\t\t\t<div class=\"fw-col-inner\">\n\t\t\t<div class=\"fw-heading fw-heading-left  fw-heading-with-subtitle tf-sh-74b2eea41e99fa17a8f877ef3261f60f\" >\n\t\t\t<h2 class=\"fw-special-title\">Combinaisons pour votre fourgon<\/h2>\n\t\n\t\n\t\t\t<div class=\"fw-special-subtitle\">Pourquoi se contenter d\u2019un \u00e9quipement standard quand on peut tout personnaliser ? <\/div>\n\t<\/div><div class=\"fw-text-box tf-sh-d7a01b7e7a7eed90c520e1cebaf36916 \" >\n\t<div class=\"fw-text-inner\">\n\t\t<p>ngg_shortcode_0_placeholder<\/p>\n\t<\/div>\n<\/div>\t\t<\/div>\n\t<\/div>\n<\/div><\/div>\n\n<div class=\"fw-row\">\n\t<div id=\"column-6a095bd43fe07\" class=\"fw-col-sm-12 tf-sh-5afd7b47242be2276659b8d4f114b416\" >\n\t<div class=\"fw-wrap-col-inner clearfix  \"   >\n\t\t\t\t<div class=\"fw-col-inner\">\n\t\t\t<div class=\"fw-heading fw-heading-left  fw-heading-with-subtitle tf-sh-2d4e0c5918f144653ef66a914b432bc1\" >\n\t\t\t<h2 class=\"fw-special-title\">Camions avec \u00e9quipement personnalis\u00e9<\/h2>\n\t\n\t\n\t\t\t<div class=\"fw-special-subtitle\">Camions avec \u00e9quipement personnalis\u00e9. Nous pouvons \u00e9quiper non seulement les fourgons, mais aussi les camions.<\/div>\n\t<\/div><div class=\"fw-text-box tf-sh-a078456eb62c0612cecf4330da5f26e1 \" >\n\t<div class=\"fw-text-inner\">\n\t\t<p>ngg_shortcode_1_placeholder<\/p>\n\t<\/div>\n<\/div>\t\t<\/div>\n\t<\/div>\n<\/div><\/div>\n\n\t<\/div>\n\t<\/section>\n","protected":false},"excerpt":{"rendered":"<p>Combinaisons &#038; sp\u00e9cificit\u00e9s Des possibilit\u00e9s infinies Combinaisons pour votre fourgon Pourquoi se contenter d\u2019un \u00e9quipement standard quand on peut tout personnaliser ? ngg_shortcode_2_placeholder Camions avec \u00e9quipement personnalis\u00e9 Camions avec \u00e9quipement personnalis\u00e9. Nous pouvons \u00e9quiper non seulement les fourgons, mais aussi les camions. ngg_shortcode_3_placeholder<\/p>\n","protected":false},"author":2,"featured_media":0,"parent":0,"menu_order":0,"comment_status":"closed","ping_status":"closed","template":"visual-builder-template.php","meta":{"_acf_changed":false,"ngg_post_thumbnail":0,"footnotes":""},"class_list":["post-3702","page","type-page","status-publish","hentry"],"acf":[],"yoast_head":"<!-- This site is optimized with the Yoast SEO plugin v25.3.1 - https:\/\/yoast.com\/wordpress\/plugins\/seo\/ -->\n<title>Combinaisons &amp; Sp\u00e9cificit\u00e9s - Alfa Equipments<\/title>\n<meta name=\"description\" content=\"Chez Alfa Equipments, presque tout est possible en termes d&#039;am\u00e9nagement et d&#039;\u00e9quipement. Des combinaisons de diff\u00e9rents mod\u00e8les aux camions.\" \/>\n<meta name=\"robots\" content=\"index, follow, max-snippet:-1, max-image-preview:large, max-video-preview:-1\" \/>\n<link rel=\"canonical\" href=\"https:\/\/www.alfa-equipments.be\/fr\/combinaisons-specificites\/\" \/>\n<meta property=\"og:locale\" content=\"fr_FR\" \/>\n<meta property=\"og:type\" content=\"article\" \/>\n<meta property=\"og:title\" content=\"Combinaisons &amp; Sp\u00e9cificit\u00e9s - Alfa Equipments\" \/>\n<meta property=\"og:description\" content=\"Chez Alfa Equipments, presque tout est possible en termes d&#039;am\u00e9nagement et d&#039;\u00e9quipement. Des combinaisons de diff\u00e9rents mod\u00e8les aux camions.\" \/>\n<meta property=\"og:url\" content=\"https:\/\/www.alfa-equipments.be\/fr\/combinaisons-specificites\/\" \/>\n<meta property=\"og:site_name\" content=\"Alfa Equipments\" \/>\n<meta property=\"article:modified_time\" content=\"2021-12-20T11:02:32+00:00\" \/>\n<meta property=\"og:image\" content=\"https:\/\/alfa-bvba.be\/wp-content\/gallery\/combinaties\/thumbs\/thumbs_20200115_161120.jpg\" \/>\n<meta name=\"twitter:card\" content=\"summary_large_image\" \/>\n<meta name=\"twitter:label1\" content=\"Dur\u00e9e de lecture estim\u00e9e\" \/>\n\t<meta name=\"twitter:data1\" content=\"1 minute\" \/>\n<script type=\"application\/ld+json\" class=\"yoast-schema-graph\">{\"@context\":\"https:\/\/schema.org\",\"@graph\":[{\"@type\":\"WebPage\",\"@id\":\"https:\/\/www.alfa-equipments.be\/fr\/combinaisons-specificites\/\",\"url\":\"https:\/\/www.alfa-equipments.be\/fr\/combinaisons-specificites\/\",\"name\":\"Combinaisons & Sp\u00e9cificit\u00e9s - Alfa Equipments\",\"isPartOf\":{\"@id\":\"https:\/\/www.alfa-equipments.be\/#website\"},\"primaryImageOfPage\":{\"@id\":\"https:\/\/www.alfa-equipments.be\/fr\/combinaisons-specificites\/#primaryimage\"},\"image\":{\"@id\":\"https:\/\/www.alfa-equipments.be\/fr\/combinaisons-specificites\/#primaryimage\"},\"thumbnailUrl\":\"https:\/\/alfa-bvba.be\/wp-content\/gallery\/combinaties\/thumbs\/thumbs_20200115_161120.jpg\",\"datePublished\":\"2021-11-10T11:55:21+00:00\",\"dateModified\":\"2021-12-20T11:02:32+00:00\",\"description\":\"Chez Alfa Equipments, presque tout est possible en termes d'am\u00e9nagement et d'\u00e9quipement. Des combinaisons de diff\u00e9rents mod\u00e8les aux camions.\",\"breadcrumb\":{\"@id\":\"https:\/\/www.alfa-equipments.be\/fr\/combinaisons-specificites\/#breadcrumb\"},\"inLanguage\":\"fr-FR\",\"potentialAction\":[{\"@type\":\"ReadAction\",\"target\":[\"https:\/\/www.alfa-equipments.be\/fr\/combinaisons-specificites\/\"]}]},{\"@type\":\"ImageObject\",\"inLanguage\":\"fr-FR\",\"@id\":\"https:\/\/www.alfa-equipments.be\/fr\/combinaisons-specificites\/#primaryimage\",\"url\":\"https:\/\/alfa-bvba.be\/wp-content\/gallery\/combinaties\/thumbs\/thumbs_20200115_161120.jpg\",\"contentUrl\":\"https:\/\/alfa-bvba.be\/wp-content\/gallery\/combinaties\/thumbs\/thumbs_20200115_161120.jpg\"},{\"@type\":\"BreadcrumbList\",\"@id\":\"https:\/\/www.alfa-equipments.be\/fr\/combinaisons-specificites\/#breadcrumb\",\"itemListElement\":[{\"@type\":\"ListItem\",\"position\":1,\"name\":\"Home\",\"item\":\"https:\/\/www.alfa-equipments.be\/\"},{\"@type\":\"ListItem\",\"position\":2,\"name\":\"Combinaisons &#038; Sp\u00e9cificit\u00e9s\"}]},{\"@type\":\"WebSite\",\"@id\":\"https:\/\/www.alfa-equipments.be\/#website\",\"url\":\"https:\/\/www.alfa-equipments.be\/\",\"name\":\"Alfa Equipments\",\"description\":\"Wij maken je bestelwagen volledig werkbaar!\",\"potentialAction\":[{\"@type\":\"SearchAction\",\"target\":{\"@type\":\"EntryPoint\",\"urlTemplate\":\"https:\/\/www.alfa-equipments.be\/?s={search_term_string}\"},\"query-input\":{\"@type\":\"PropertyValueSpecification\",\"valueRequired\":true,\"valueName\":\"search_term_string\"}}],\"inLanguage\":\"fr-FR\"}]}<\/script>\n<!-- \/ Yoast SEO plugin. -->","yoast_head_json":{"title":"Combinaisons & Sp\u00e9cificit\u00e9s - Alfa Equipments","description":"Chez Alfa Equipments, presque tout est possible en termes d'am\u00e9nagement et d'\u00e9quipement. Des combinaisons de diff\u00e9rents mod\u00e8les aux camions.","robots":{"index":"index","follow":"follow","max-snippet":"max-snippet:-1","max-image-preview":"max-image-preview:large","max-video-preview":"max-video-preview:-1"},"canonical":"https:\/\/www.alfa-equipments.be\/fr\/combinaisons-specificites\/","og_locale":"fr_FR","og_type":"article","og_title":"Combinaisons & Sp\u00e9cificit\u00e9s - Alfa Equipments","og_description":"Chez Alfa Equipments, presque tout est possible en termes d'am\u00e9nagement et d'\u00e9quipement. Des combinaisons de diff\u00e9rents mod\u00e8les aux camions.","og_url":"https:\/\/www.alfa-equipments.be\/fr\/combinaisons-specificites\/","og_site_name":"Alfa Equipments","article_modified_time":"2021-12-20T11:02:32+00:00","og_image":[{"url":"https:\/\/alfa-bvba.be\/wp-content\/gallery\/combinaties\/thumbs\/thumbs_20200115_161120.jpg","type":"","width":"","height":""}],"twitter_card":"summary_large_image","twitter_misc":{"Dur\u00e9e de lecture estim\u00e9e":"1 minute"},"schema":{"@context":"https:\/\/schema.org","@graph":[{"@type":"WebPage","@id":"https:\/\/www.alfa-equipments.be\/fr\/combinaisons-specificites\/","url":"https:\/\/www.alfa-equipments.be\/fr\/combinaisons-specificites\/","name":"Combinaisons & Sp\u00e9cificit\u00e9s - Alfa Equipments","isPartOf":{"@id":"https:\/\/www.alfa-equipments.be\/#website"},"primaryImageOfPage":{"@id":"https:\/\/www.alfa-equipments.be\/fr\/combinaisons-specificites\/#primaryimage"},"image":{"@id":"https:\/\/www.alfa-equipments.be\/fr\/combinaisons-specificites\/#primaryimage"},"thumbnailUrl":"https:\/\/alfa-bvba.be\/wp-content\/gallery\/combinaties\/thumbs\/thumbs_20200115_161120.jpg","datePublished":"2021-11-10T11:55:21+00:00","dateModified":"2021-12-20T11:02:32+00:00","description":"Chez Alfa Equipments, presque tout est possible en termes d'am\u00e9nagement et d'\u00e9quipement. Des combinaisons de diff\u00e9rents mod\u00e8les aux camions.","breadcrumb":{"@id":"https:\/\/www.alfa-equipments.be\/fr\/combinaisons-specificites\/#breadcrumb"},"inLanguage":"fr-FR","potentialAction":[{"@type":"ReadAction","target":["https:\/\/www.alfa-equipments.be\/fr\/combinaisons-specificites\/"]}]},{"@type":"ImageObject","inLanguage":"fr-FR","@id":"https:\/\/www.alfa-equipments.be\/fr\/combinaisons-specificites\/#primaryimage","url":"https:\/\/alfa-bvba.be\/wp-content\/gallery\/combinaties\/thumbs\/thumbs_20200115_161120.jpg","contentUrl":"https:\/\/alfa-bvba.be\/wp-content\/gallery\/combinaties\/thumbs\/thumbs_20200115_161120.jpg"},{"@type":"BreadcrumbList","@id":"https:\/\/www.alfa-equipments.be\/fr\/combinaisons-specificites\/#breadcrumb","itemListElement":[{"@type":"ListItem","position":1,"name":"Home","item":"https:\/\/www.alfa-equipments.be\/"},{"@type":"ListItem","position":2,"name":"Combinaisons &#038; Sp\u00e9cificit\u00e9s"}]},{"@type":"WebSite","@id":"https:\/\/www.alfa-equipments.be\/#website","url":"https:\/\/www.alfa-equipments.be\/","name":"Alfa Equipments","description":"Wij maken je bestelwagen volledig werkbaar!","potentialAction":[{"@type":"SearchAction","target":{"@type":"EntryPoint","urlTemplate":"https:\/\/www.alfa-equipments.be\/?s={search_term_string}"},"query-input":{"@type":"PropertyValueSpecification","valueRequired":true,"valueName":"search_term_string"}}],"inLanguage":"fr-FR"}]}},"_links":{"self":[{"href":"https:\/\/www.alfa-equipments.be\/fr\/wp-json\/wp\/v2\/pages\/3702","targetHints":{"allow":["GET"]}}],"collection":[{"href":"https:\/\/www.alfa-equipments.be\/fr\/wp-json\/wp\/v2\/pages"}],"about":[{"href":"https:\/\/www.alfa-equipments.be\/fr\/wp-json\/wp\/v2\/types\/page"}],"author":[{"embeddable":true,"href":"https:\/\/www.alfa-equipments.be\/fr\/wp-json\/wp\/v2\/users\/2"}],"replies":[{"embeddable":true,"href":"https:\/\/www.alfa-equipments.be\/fr\/wp-json\/wp\/v2\/comments?post=3702"}],"version-history":[{"count":3,"href":"https:\/\/www.alfa-equipments.be\/fr\/wp-json\/wp\/v2\/pages\/3702\/revisions"}],"predecessor-version":[{"id":3959,"href":"https:\/\/www.alfa-equipments.be\/fr\/wp-json\/wp\/v2\/pages\/3702\/revisions\/3959"}],"wp:attachment":[{"href":"https:\/\/www.alfa-equipments.be\/fr\/wp-json\/wp\/v2\/media?parent=3702"}],"curies":[{"name":"wp","href":"https:\/\/api.w.org\/{rel}","templated":true}]}}