{"id":3670,"date":"2017-10-27T18:10:15","date_gmt":"2017-10-27T18:10:15","guid":{"rendered":"https:\/\/alfa-bvba.be\/contact\/"},"modified":"2023-06-19T14:27:42","modified_gmt":"2023-06-19T13:27:42","slug":"contact","status":"publish","type":"page","link":"https:\/\/www.alfa-equipments.be\/fr\/contact\/","title":{"rendered":"Contact"},"content":{"rendered":"<p><section   class=\"fw-main-row-custom fw-main-row-top  fw_theme_bg_fw-custom fw-section-image fw-section-height-custom  fw-section-position-back tf-sh-0113359ef33cfbce6dcadbfbfafdd73d\"  style=\" background-image:url(https:\/\/alfa-bvba.be\/wp-content\/uploads\/2021\/11\/IMG_0351-1-scaled.jpg); background-repeat: no-repeat; background-position: center center; background-size: auto; height: 300px;\"  >\n\t\t<div class=\"fw-main-row-overlay fw_theme_bg_color_1\" style=\"opacity: 0.2;\"><\/div>\t<div class=\"fw-container\" >\n\t\t\t<\/div>\n\t<\/section><section   class=\"fw-main-row-custom  auto  fw-section-position-back tf-sh-7792439a365cecc342db652a759c705b\"    >\n\t\t\t<div class=\"fw-container\" >\n\t\t<div class=\"fw-row\">\n\t<div id=\"column-6a095bdcdd966\" class=\"fw-col-sm-9 tf-sh-776f6059b28db5416bcf50b67b1d2d49 contact-form\" >\n\t<div class=\"fw-wrap-col-inner clearfix  \"   >\n\t\t\t\t<div class=\"fw-col-inner\">\n\t\t\t<div class=\"fw-heading fw-heading-left  tf-sh-74c274e0e3aa5b33588208cae78547cf\" >\n\t\t\t<h2 class=\"fw-special-title\">Contact<\/h2>\n\t\n\t\n\t<\/div><div class=\"fw-text-box tf-sh-e35125deb953bcdf0fe1d3af78034655 \" >\n\t<div class=\"fw-text-inner\">\n\t\t<p>Demandez une offre sans engagement pour am\u00e9nager l\u2019int\u00e9rieur de votre v\u00e9hicule de soci\u00e9t\u00e9 ou \u00e9quiper votre fourgon.&nbsp;<\/p>\n<p>Vous souhaitez avoir une id\u00e9e plus pr\u00e9cise de nos services&nbsp;?<br \/>Nous viendrons vous rendre visite gratuitement avec un fourgon enti\u00e8rement \u00e9quip\u00e9&nbsp;!<\/p>\n\t<\/div>\n<\/div><div class=\"fw-text-box tf-sh-68683fd67608af4937c2a147d50c21c1 \" >\n\t<div class=\"fw-text-inner\">\n\t\t<p><script>\nvar gform;gform||(document.addEventListener(\"gform_main_scripts_loaded\",function(){gform.scriptsLoaded=!0}),document.addEventListener(\"gform\/theme\/scripts_loaded\",function(){gform.themeScriptsLoaded=!0}),window.addEventListener(\"DOMContentLoaded\",function(){gform.domLoaded=!0}),gform={domLoaded:!1,scriptsLoaded:!1,themeScriptsLoaded:!1,isFormEditor:()=>\"function\"==typeof InitializeEditor,callIfLoaded:function(o){return!(!gform.domLoaded||!gform.scriptsLoaded||!gform.themeScriptsLoaded&&!gform.isFormEditor()||(gform.isFormEditor()&&console.warn(\"The use of gform.initializeOnLoaded() is deprecated in the form editor context and will be removed in Gravity Forms 3.1.\"),o(),0))},initializeOnLoaded:function(o){gform.callIfLoaded(o)||(document.addEventListener(\"gform_main_scripts_loaded\",()=>{gform.scriptsLoaded=!0,gform.callIfLoaded(o)}),document.addEventListener(\"gform\/theme\/scripts_loaded\",()=>{gform.themeScriptsLoaded=!0,gform.callIfLoaded(o)}),window.addEventListener(\"DOMContentLoaded\",()=>{gform.domLoaded=!0,gform.callIfLoaded(o)}))},hooks:{action:{},filter:{}},addAction:function(o,r,e,t){gform.addHook(\"action\",o,r,e,t)},addFilter:function(o,r,e,t){gform.addHook(\"filter\",o,r,e,t)},doAction:function(o){gform.doHook(\"action\",o,arguments)},applyFilters:function(o){return gform.doHook(\"filter\",o,arguments)},removeAction:function(o,r){gform.removeHook(\"action\",o,r)},removeFilter:function(o,r,e){gform.removeHook(\"filter\",o,r,e)},addHook:function(o,r,e,t,n){null==gform.hooks[o][r]&&(gform.hooks[o][r]=[]);var d=gform.hooks[o][r];null==n&&(n=r+\"_\"+d.length),gform.hooks[o][r].push({tag:n,callable:e,priority:t=null==t?10:t})},doHook:function(r,o,e){var t;if(e=Array.prototype.slice.call(e,1),null!=gform.hooks[r][o]&&((o=gform.hooks[r][o]).sort(function(o,r){return o.priority-r.priority}),o.forEach(function(o){\"function\"!=typeof(t=o.callable)&&(t=window[t]),\"action\"==r?t.apply(null,e):e[0]=t.apply(null,e)})),\"filter\"==r)return e[0]},removeHook:function(o,r,t,n){var e;null!=gform.hooks[o][r]&&(e=(e=gform.hooks[o][r]).filter(function(o,r,e){return!!(null!=n&&n!=o.tag||null!=t&&t!=o.priority)}),gform.hooks[o][r]=e)}});\n<\/script>\n\n                <div class='gf_browser_gecko gform_wrapper gform_legacy_markup_wrapper gform-theme--no-framework' data-form-theme='legacy' data-form-index='0' id='gform_wrapper_1' ><form method='post' enctype='multipart\/form-data' target='gform_ajax_frame_1' id='gform_1'  action='\/fr\/wp-json\/wp\/v2\/pages\/3670' data-formid='1' novalidate>\n                        <div class='gform-body gform_body'><ul id='gform_fields_1' class='gform_fields top_label form_sublabel_below description_below validation_below'><li id=\"field_1_1\" class=\"gfield gfield--type-text gfield--input-type-text gf_left_third gfield_contains_required field_sublabel_below gfield--no-description field_description_below field_validation_below gfield_visibility_visible\"  ><label class='gfield_label gform-field-label' for='input_1_1'>Naam \/ Nom<span class=\"gfield_required\"><span class=\"gfield_required gfield_required_asterisk\">*<\/span><\/span><\/label><div class='ginput_container ginput_container_text'><input name='input_1' id='input_1_1' type='text' value='' class='large'     aria-required=\"true\" aria-invalid=\"false\"   \/><\/div><\/li><li id=\"field_1_3\" class=\"gfield gfield--type-email gfield--input-type-email gf_middle_third gfield_contains_required field_sublabel_below gfield--no-description field_description_below field_validation_below gfield_visibility_visible\"  ><label class='gfield_label gform-field-label' for='input_1_3'>E-mail<span class=\"gfield_required\"><span class=\"gfield_required gfield_required_asterisk\">*<\/span><\/span><\/label><div class='ginput_container ginput_container_email'>\n                            <input name='input_3' id='input_1_3' type='email' value='' class='large'    aria-required=\"true\" aria-invalid=\"false\"  \/>\n                        <\/div><\/li><li id=\"field_1_2\" class=\"gfield gfield--type-phone gfield--input-type-phone gf_right_third gfield_contains_required field_sublabel_below gfield--no-description field_description_below field_validation_below gfield_visibility_visible\"  ><label class='gfield_label gform-field-label' for='input_1_2'>Telefoon \/ Num\u00e9ro de t\u00e9l\u00e9phone<span class=\"gfield_required\"><span class=\"gfield_required gfield_required_asterisk\">*<\/span><\/span><\/label><div class='ginput_container ginput_container_phone'><input name='input_2' id='input_1_2' type='tel' value='' class='large'   aria-required=\"true\" aria-invalid=\"false\"   \/><\/div><\/li><li id=\"field_1_6\" class=\"gfield gfield--type-text gfield--input-type-text field_sublabel_below gfield--no-description field_description_below field_validation_below gfield_visibility_visible\"  ><label class='gfield_label gform-field-label' for='input_1_6'>Onderwerp \/ Sujet<\/label><div class='ginput_container ginput_container_text'><input name='input_6' id='input_1_6' type='text' value='' class='large'      aria-invalid=\"false\"   \/><\/div><\/li><li id=\"field_1_5\" class=\"gfield gfield--type-textarea gfield--input-type-textarea field_sublabel_below gfield--no-description field_description_below field_validation_below gfield_visibility_visible\"  ><label class='gfield_label gform-field-label' for='input_1_5'>Bericht \/ Message<\/label><div class='ginput_container ginput_container_textarea'><textarea name='input_5' id='input_1_5' class='textarea large'      aria-invalid=\"false\"   rows='10' cols='50'><\/textarea><\/div><\/li><li id=\"field_1_9\" class=\"gfield gfield--type-checkbox gfield--type-choice gfield--input-type-checkbox gfield--width-full gfield_contains_required field_sublabel_below gfield--no-description field_description_below field_validation_below gfield_visibility_visible\"  ><label class='gfield_label gform-field-label gfield_label_before_complex' >Algemene voorwaarden \/ Conditions g\u00e9n\u00e9rales<span class=\"gfield_required\"><span class=\"gfield_required gfield_required_asterisk\">*<\/span><\/span><\/label><div class='ginput_container ginput_container_checkbox'><ul class='gfield_checkbox' id='input_1_9'><li class='gchoice gchoice_1_9_1'>\n\t\t\t\t\t\t\t\t<input class='gfield-choice-input' name='input_9.1' type='checkbox'  value='Ik ga akkoord met de algemene voorwaarden - Je suis d&#039;accord avec les termes et conditions'  id='choice_1_9_1'   \/>\n\t\t\t\t\t\t\t\t<label for='choice_1_9_1' id='label_1_9_1' class='gform-field-label gform-field-label--type-inline'>Ik ga akkoord met de algemene voorwaarden - Je suis d'accord avec les termes et conditions<\/label>\n\t\t\t\t\t\t\t<\/li><\/ul><\/div><\/li><li id=\"field_1_10\" class=\"gfield gfield--type-captcha gfield--input-type-captcha gfield--width-full field_sublabel_below gfield--no-description field_description_below field_validation_below gfield_visibility_visible\"  ><label class='gfield_label gform-field-label' for='input_1_10'>CAPTCHA<\/label><div id='input_1_10' class='ginput_container ginput_recaptcha' data-sitekey='6Leyg3IpAAAAAIvDC2zkGUdGIVRMBopdkCV6MPLb'  data-theme='light' data-tabindex='0'  data-badge=''><\/div><\/li><\/ul><\/div>\n        <div class='gform-footer gform_footer top_label'> <input type='submit' id='gform_submit_button_1' class='gform_button button' onclick='gform.submission.handleButtonClick(this);' data-submission-type='submit' value='Verzenden'  \/> <input type='hidden' name='gform_ajax' value='form_id=1&amp;title=&amp;description=&amp;tabindex=0&amp;theme=legacy&amp;styles=[]&amp;hash=cc3eb415260cb0be666474951b20d037' \/>\n            <input type='hidden' class='gform_hidden' name='gform_submission_method' data-js='gform_submission_method_1' value='iframe' \/>\n            <input type='hidden' class='gform_hidden' name='gform_theme' data-js='gform_theme_1' id='gform_theme_1' value='legacy' \/>\n            <input type='hidden' class='gform_hidden' name='gform_style_settings' data-js='gform_style_settings_1' id='gform_style_settings_1' value='[]' \/>\n            <input type='hidden' class='gform_hidden' name='is_submit_1' value='1' \/>\n            <input type='hidden' class='gform_hidden' name='gform_submit' value='1' \/>\n            \n            <input type='hidden' class='gform_hidden' name='gform_currency' data-currency='EUR' value='Hm8z6lxQ80COPcMlLFy2SAkLus6\/rH7mu+eubMQLhbV7zkR\/\/mtBomk6dhucvcAxGSajT7cLTWQoTbtfvEg9tMVkUa1eerOZQrf8zL\/DGMS+IAo=' \/>\n            <input type='hidden' class='gform_hidden' name='gform_unique_id' value='' \/>\n            <input type='hidden' class='gform_hidden' name='state_1' value='WyJbXSIsImIwMzY0YjhjM2RhOTA0YzkxNTRmNzY1YzJiMGZjNDJjIl0=' \/>\n            <input type='hidden' autocomplete='off' class='gform_hidden' name='gform_target_page_number_1' id='gform_target_page_number_1' value='0' \/>\n            <input type='hidden' autocomplete='off' class='gform_hidden' name='gform_source_page_number_1' id='gform_source_page_number_1' value='1' \/>\n            <input type='hidden' name='gform_field_values' value='' \/>\n            \n        <\/div>\n                        <\/form>\n                        <\/div>\n\t\t                <iframe style='display:none;width:0px;height:0px;' src='about:blank' name='gform_ajax_frame_1' id='gform_ajax_frame_1' title='Cette iframe contient la logique n\u00e9cessaire pour manipuler Gravity Forms avec Ajax.'><\/iframe>\n\t\t                <script>\ngform.initializeOnLoaded( function() {gformInitSpinner( 1, 'https:\/\/www.alfa-equipments.be\/wp-content\/plugins\/gravityforms\/images\/spinner.svg', true );jQuery('#gform_ajax_frame_1').on('load',function(){var contents = jQuery(this).contents().find('*').html();var is_postback = contents.indexOf('GF_AJAX_POSTBACK') >= 0;if(!is_postback){return;}var form_content = jQuery(this).contents().find('#gform_wrapper_1');var is_confirmation = jQuery(this).contents().find('#gform_confirmation_wrapper_1').length > 0;var is_redirect = contents.indexOf('gformRedirect(){') >= 0;var is_form = form_content.length > 0 && ! is_redirect && ! is_confirmation;var mt = parseInt(jQuery('html').css('margin-top'), 10) + parseInt(jQuery('body').css('margin-top'), 10) + 100;if(is_form){jQuery('#gform_wrapper_1').html(form_content.html());if(form_content.hasClass('gform_validation_error')){jQuery('#gform_wrapper_1').addClass('gform_validation_error');} else {jQuery('#gform_wrapper_1').removeClass('gform_validation_error');}setTimeout( function() { \/* delay the scroll by 50 milliseconds to fix a bug in chrome *\/  }, 50 );if(window['gformInitDatepicker']) {gformInitDatepicker();}if(window['gformInitPriceFields']) {gformInitPriceFields();}var current_page = jQuery('#gform_source_page_number_1').val();gformInitSpinner( 1, 'https:\/\/www.alfa-equipments.be\/wp-content\/plugins\/gravityforms\/images\/spinner.svg', true );jQuery(document).trigger('gform_page_loaded', [1, current_page]);window['gf_submitting_1'] = false;}else if(!is_redirect){var confirmation_content = jQuery(this).contents().find('.GF_AJAX_POSTBACK').html();if(!confirmation_content){confirmation_content = contents;}jQuery('#gform_wrapper_1').replaceWith(confirmation_content);jQuery(document).trigger('gform_confirmation_loaded', [1]);window['gf_submitting_1'] = false;wp.a11y.speak(jQuery('#gform_confirmation_message_1').text());}else{jQuery('#gform_1').append(contents);if(window['gformRedirect']) {gformRedirect();}}jQuery(document).trigger(\"gform_pre_post_render\", [{ formId: \"1\", currentPage: \"current_page\", abort: function() { this.preventDefault(); } }]);        if (event && event.defaultPrevented) {                return;        }        const gformWrapperDiv = document.getElementById( \"gform_wrapper_1\" );        if ( gformWrapperDiv ) {            const visibilitySpan = document.createElement( \"span\" );            visibilitySpan.id = \"gform_visibility_test_1\";            gformWrapperDiv.insertAdjacentElement( \"afterend\", visibilitySpan );        }        const visibilityTestDiv = document.getElementById( \"gform_visibility_test_1\" );        let postRenderFired = false;        function triggerPostRender() {            if ( postRenderFired ) {                return;            }            postRenderFired = true;            gform.core.triggerPostRenderEvents( 1, current_page );            if ( visibilityTestDiv ) {                visibilityTestDiv.parentNode.removeChild( visibilityTestDiv );            }        }        function debounce( func, wait, immediate ) {            var timeout;            return function() {                var context = this, args = arguments;                var later = function() {                    timeout = null;                    if ( !immediate ) func.apply( context, args );                };                var callNow = immediate && !timeout;                clearTimeout( timeout );                timeout = setTimeout( later, wait );                if ( callNow ) func.apply( context, args );            };        }        const debouncedTriggerPostRender = debounce( function() {            triggerPostRender();        }, 200 );        if ( visibilityTestDiv && visibilityTestDiv.offsetParent === null ) {            const observer = new MutationObserver( ( mutations ) => {                mutations.forEach( ( mutation ) => {                    if ( mutation.type === 'attributes' && visibilityTestDiv.offsetParent !== null ) {                        debouncedTriggerPostRender();                        observer.disconnect();                    }                });            });            observer.observe( document.body, {                attributes: true,                childList: false,                subtree: true,                attributeFilter: [ 'style', 'class' ],            });        } else {            triggerPostRender();        }    } );} );\n<\/script>\n<\/p>\n\t<\/div>\n<\/div>\t\t<\/div>\n\t<\/div>\n<\/div><div id=\"column-6a095bdcdf229\" class=\"fw-col-sm-3 tf-sh-3d4273c26d4049368d5617f39572c515 map-column\" >\n\t<div class=\"fw-wrap-col-inner clearfix  \"   >\n\t\t\t\t<div class=\"fw-col-inner\">\n\t\t\t<div class=\"fw-heading fw-heading-left contact-heading tf-sh-b132fcea57a644852cb62d3afca9f143\" >\n\t\t\t<h5 class=\"fw-special-title\">Informatie<\/h5>\n\t\n\t\n\t<\/div><div class=\"fw-text-box tf-sh-4594feab94e220cffe359aabce76293e \" >\n\t<div class=\"fw-text-inner\">\n\t\t<p>Alfa Equipments<br \/>Fouga Magisterlaan 2189<br \/>3800 Sint-Truiden<br \/><a href=\"tel:0472252932\">0472 25 29 32<\/a><br \/>info@alfabv.be<\/p>\n\t<\/div>\n<\/div>\t<div  class=\"fw-divider tf-sh-a737dcc81af19e818a9f36a3b393cbf6  fw-divider-align-center fw-divider-full-width fw-line-solid fw-divider-line  \"  style=\"width: auto; padding-top:20px; margin-bottom:20px; border-color:#e9ecef;\" ><\/div>\n<div class=\"fw-heading fw-heading-left contact-heading tf-sh-41c44602847b0914a87904fe54486b35\" >\n\t\t\t<h5 class=\"fw-special-title\">Bezoekadres<\/h5>\n\t\n\t\n\t<\/div><div class=\"fw-divider-space  fw-custom-space  clearfix\" style=\"height:10px;\" ><\/div><div class=\"fw-text-box tf-sh-6efe50b84ae88987e17413c9d208406a \" >\n\t<div class=\"fw-text-inner\">\n\t\t<p><iframe src=\"https:\/\/www.google.com\/maps\/embed?pb=!1m18!1m12!1m3!1d2521.511773461626!2d5.187615515744224!3d50.80315607952554!2m3!1f0!2f0!3f0!3m2!1i1024!2i768!4f13.1!3m3!1m2!1s0x47c110ba09a40dc5%3A0xa4369d058563cd94!2sFouga%20Magisterlaan%202189%2C%203800%20Sint-Truiden%2C%20Belgium!5e0!3m2!1sen!2snl!4v1638882049892!5m2!1sen!2snl\" width=\"600\" height=\"450\" style=\"border:0;\" allowfullscreen=\"\" loading=\"lazy\"><\/iframe><\/p>\n\t<\/div>\n<\/div>\t\t<\/div>\n\t<\/div>\n<\/div><\/div>\n\n\t<\/div>\n\t<\/section><\/p>\n","protected":false},"excerpt":{"rendered":"<p>Contact Demandez une offre sans engagement pour am\u00e9nager l\u2019int\u00e9rieur de votre v\u00e9hicule de soci\u00e9t\u00e9 ou \u00e9quiper votre fourgon.&nbsp; Vous souhaitez avoir une id\u00e9e plus pr\u00e9cise de nos services&nbsp;?Nous viendrons vous rendre visite gratuitement avec un fourgon enti\u00e8rement \u00e9quip\u00e9&nbsp;! Naam \/ Nom*E-mail* Telefoon \/ Num\u00e9ro de t\u00e9l\u00e9phone*Onderwerp \/ SujetBericht \/ MessageAlgemene voorwaarden \/ Conditions g\u00e9n\u00e9rales* Ik [&hellip;]<\/p>\n","protected":false},"author":1,"featured_media":0,"parent":0,"menu_order":0,"comment_status":"closed","ping_status":"closed","template":"visual-builder-template.php","meta":{"_acf_changed":false,"ngg_post_thumbnail":0,"footnotes":""},"class_list":["post-3670","page","type-page","status-publish","hentry"],"acf":[],"yoast_head":"<!-- This site is optimized with the Yoast SEO plugin v25.3.1 - https:\/\/yoast.com\/wordpress\/plugins\/seo\/ -->\n<title>Contact - Alfa Equipments<\/title>\n<meta name=\"description\" content=\"Contacteer ons vrijblijvend voor de inrichtring of uitrusting van jouw bestelwagen.\" \/>\n<meta name=\"robots\" content=\"index, follow, max-snippet:-1, max-image-preview:large, max-video-preview:-1\" \/>\n<link rel=\"canonical\" href=\"https:\/\/www.alfa-equipments.be\/contact\/\" \/>\n<meta property=\"og:locale\" content=\"fr_FR\" \/>\n<meta property=\"og:type\" content=\"article\" \/>\n<meta property=\"og:title\" content=\"Contact - Alfa Equipments\" \/>\n<meta property=\"og:description\" content=\"Contacteer ons vrijblijvend voor de inrichtring of uitrusting van jouw bestelwagen.\" \/>\n<meta property=\"og:url\" content=\"https:\/\/www.alfa-equipments.be\/contact\/\" \/>\n<meta property=\"og:site_name\" content=\"Alfa Equipments\" \/>\n<meta property=\"article:modified_time\" content=\"2023-06-19T13:27:42+00:00\" \/>\n<meta name=\"twitter:card\" content=\"summary_large_image\" \/>\n<meta name=\"twitter:label1\" content=\"Dur\u00e9e de lecture estim\u00e9e\" \/>\n\t<meta name=\"twitter:data1\" content=\"1 minute\" \/>\n<script type=\"application\/ld+json\" class=\"yoast-schema-graph\">{\"@context\":\"https:\/\/schema.org\",\"@graph\":[{\"@type\":\"WebPage\",\"@id\":\"https:\/\/www.alfa-equipments.be\/contact\/\",\"url\":\"https:\/\/www.alfa-equipments.be\/contact\/\",\"name\":\"Contact - Alfa Equipments\",\"isPartOf\":{\"@id\":\"https:\/\/www.alfa-equipments.be\/#website\"},\"datePublished\":\"2017-10-27T18:10:15+00:00\",\"dateModified\":\"2023-06-19T13:27:42+00:00\",\"description\":\"Contacteer ons vrijblijvend voor de inrichtring of uitrusting van jouw bestelwagen.\",\"breadcrumb\":{\"@id\":\"https:\/\/www.alfa-equipments.be\/contact\/#breadcrumb\"},\"inLanguage\":\"fr-FR\",\"potentialAction\":[{\"@type\":\"ReadAction\",\"target\":[\"https:\/\/www.alfa-equipments.be\/contact\/\"]}]},{\"@type\":\"BreadcrumbList\",\"@id\":\"https:\/\/www.alfa-equipments.be\/contact\/#breadcrumb\",\"itemListElement\":[{\"@type\":\"ListItem\",\"position\":1,\"name\":\"Home\",\"item\":\"https:\/\/www.alfa-equipments.be\/\"},{\"@type\":\"ListItem\",\"position\":2,\"name\":\"Contact\"}]},{\"@type\":\"WebSite\",\"@id\":\"https:\/\/www.alfa-equipments.be\/#website\",\"url\":\"https:\/\/www.alfa-equipments.be\/\",\"name\":\"Alfa Equipments\",\"description\":\"Wij maken je bestelwagen volledig werkbaar!\",\"potentialAction\":[{\"@type\":\"SearchAction\",\"target\":{\"@type\":\"EntryPoint\",\"urlTemplate\":\"https:\/\/www.alfa-equipments.be\/?s={search_term_string}\"},\"query-input\":{\"@type\":\"PropertyValueSpecification\",\"valueRequired\":true,\"valueName\":\"search_term_string\"}}],\"inLanguage\":\"fr-FR\"}]}<\/script>\n<!-- \/ Yoast SEO plugin. -->","yoast_head_json":{"title":"Contact - Alfa Equipments","description":"Contacteer ons vrijblijvend voor de inrichtring of uitrusting van jouw bestelwagen.","robots":{"index":"index","follow":"follow","max-snippet":"max-snippet:-1","max-image-preview":"max-image-preview:large","max-video-preview":"max-video-preview:-1"},"canonical":"https:\/\/www.alfa-equipments.be\/contact\/","og_locale":"fr_FR","og_type":"article","og_title":"Contact - Alfa Equipments","og_description":"Contacteer ons vrijblijvend voor de inrichtring of uitrusting van jouw bestelwagen.","og_url":"https:\/\/www.alfa-equipments.be\/contact\/","og_site_name":"Alfa Equipments","article_modified_time":"2023-06-19T13:27:42+00:00","twitter_card":"summary_large_image","twitter_misc":{"Dur\u00e9e de lecture estim\u00e9e":"1 minute"},"schema":{"@context":"https:\/\/schema.org","@graph":[{"@type":"WebPage","@id":"https:\/\/www.alfa-equipments.be\/contact\/","url":"https:\/\/www.alfa-equipments.be\/contact\/","name":"Contact - Alfa Equipments","isPartOf":{"@id":"https:\/\/www.alfa-equipments.be\/#website"},"datePublished":"2017-10-27T18:10:15+00:00","dateModified":"2023-06-19T13:27:42+00:00","description":"Contacteer ons vrijblijvend voor de inrichtring of uitrusting van jouw bestelwagen.","breadcrumb":{"@id":"https:\/\/www.alfa-equipments.be\/contact\/#breadcrumb"},"inLanguage":"fr-FR","potentialAction":[{"@type":"ReadAction","target":["https:\/\/www.alfa-equipments.be\/contact\/"]}]},{"@type":"BreadcrumbList","@id":"https:\/\/www.alfa-equipments.be\/contact\/#breadcrumb","itemListElement":[{"@type":"ListItem","position":1,"name":"Home","item":"https:\/\/www.alfa-equipments.be\/"},{"@type":"ListItem","position":2,"name":"Contact"}]},{"@type":"WebSite","@id":"https:\/\/www.alfa-equipments.be\/#website","url":"https:\/\/www.alfa-equipments.be\/","name":"Alfa Equipments","description":"Wij maken je bestelwagen volledig werkbaar!","potentialAction":[{"@type":"SearchAction","target":{"@type":"EntryPoint","urlTemplate":"https:\/\/www.alfa-equipments.be\/?s={search_term_string}"},"query-input":{"@type":"PropertyValueSpecification","valueRequired":true,"valueName":"search_term_string"}}],"inLanguage":"fr-FR"}]}},"_links":{"self":[{"href":"https:\/\/www.alfa-equipments.be\/fr\/wp-json\/wp\/v2\/pages\/3670","targetHints":{"allow":["GET"]}}],"collection":[{"href":"https:\/\/www.alfa-equipments.be\/fr\/wp-json\/wp\/v2\/pages"}],"about":[{"href":"https:\/\/www.alfa-equipments.be\/fr\/wp-json\/wp\/v2\/types\/page"}],"author":[{"embeddable":true,"href":"https:\/\/www.alfa-equipments.be\/fr\/wp-json\/wp\/v2\/users\/1"}],"replies":[{"embeddable":true,"href":"https:\/\/www.alfa-equipments.be\/fr\/wp-json\/wp\/v2\/comments?post=3670"}],"version-history":[{"count":3,"href":"https:\/\/www.alfa-equipments.be\/fr\/wp-json\/wp\/v2\/pages\/3670\/revisions"}],"predecessor-version":[{"id":5257,"href":"https:\/\/www.alfa-equipments.be\/fr\/wp-json\/wp\/v2\/pages\/3670\/revisions\/5257"}],"wp:attachment":[{"href":"https:\/\/www.alfa-equipments.be\/fr\/wp-json\/wp\/v2\/media?parent=3670"}],"curies":[{"name":"wp","href":"https:\/\/api.w.org\/{rel}","templated":true}]}}