{"id":2860,"date":"2019-06-13T13:04:43","date_gmt":"2019-06-13T13:04:43","guid":{"rendered":"https:\/\/alfa-bvba.be\/over-ons\/"},"modified":"2025-03-26T13:38:08","modified_gmt":"2025-03-26T12:38:08","slug":"a-propos-de-nous","status":"publish","type":"page","link":"https:\/\/www.alfa-equipments.be\/fr\/a-propos-de-nous\/","title":{"rendered":"\u00c0 propos de nous"},"content":{"rendered":"<p><section   class=\"fw-main-row-custom fw-main-row-top fw-section-no-padding  auto  fw-section-position-back tf-sh-05d047573308ec816ae7a699ff52015c\"    >\n\t\t\t<div class=\"fw-container\" >\n\t\t<div class=\"fw-row\">\n\t<div id=\"column-6a095bdef1c70\" class=\"fw-col-sm-12 tf-sh-1d9873ea1b725f8415197a22481f61c9 breadcrumbs-section\" >\n\t<div class=\"fw-wrap-col-inner clearfix  \"   >\n\t\t\t\t<div class=\"fw-col-inner\">\n\t\t\t<div class=\"shortcode-widget-area col-sm-12 fw-sidebar \" >\n\t<div class=\"fw-col-inner\">\n\t\t<aside id=\"bcn_widget-2\" class=\"widget widget_breadcrumb_navxt\"><div class=\"breadcrumbs\" vocab=\"https:\/\/schema.org\/\" typeof=\"BreadcrumbList\"><!-- Breadcrumb NavXT 7.4.1 -->\n<span property=\"itemListElement\" typeof=\"ListItem\"><a property=\"item\" typeof=\"WebPage\" title=\"Go to Alfa Equipments.\" href=\"https:\/\/www.alfa-equipments.be\/fr\/\" class=\"home\" aria-current=\"page\"><span property=\"name\">Home<\/span><\/a><meta property=\"position\" content=\"1\"><\/span><\/div><\/aside>\t<\/div>\n<\/div>\t\t<\/div>\n\t<\/div>\n<\/div><\/div>\n\n\t<\/div>\n\t<\/section><section   class=\"fw-main-row-custom fw-section-no-padding  auto  fw-section-position-back tf-sh-e91c88399f0e0daaa4d1da0736a10651\"    >\n\t\t\t<div class=\"fw-container\" >\n\t\t<div class=\"fw-row\">\n\t<div id=\"column-6a095bdef26e6\" class=\"fw-col-sm-12 tf-sh-90cdbdc5add2b62f87601a73d0d44ea3\" >\n\t<div class=\"fw-wrap-col-inner clearfix  \"   >\n\t\t\t\t<div class=\"fw-col-inner\">\n\t\t\t<div class=\"fw-heading fw-heading-left  tf-sh-8ddae26207a75d7aa1ae77cad593fae4\" >\n\t\t\t<h1 class=\"fw-special-title\">\u00c9quipements de fourgon depuis 1992<\/h1>\n\t\n\t\n\t<\/div><div class=\"fw-divider-space  fw-custom-space  clearfix\" style=\"height:15px;\" ><\/div><div class=\"fw-text-box tf-sh-32842a97876a2fb1514916775caac693 \" >\n\t<div class=\"fw-text-inner\">\n\t\t<p>Alfa Equipments est sp\u00e9cialis\u00e9 dans l'am\u00e9nagement de fourgons depuis 1992. Nous travaillons avec toutes les marques et tous les types de fourgons. Depuis notre port d\u2019attache de Saint-Trond (Limbourg), nous travaillons \u00e0 travers tout le pays gr\u00e2ce \u00e0 notre service d'enl\u00e8vement et de retour. Nous nous rendons chez vous avec notre v\u00e9hicule de d\u00e9monstration pour entamer la conception de votre fourgon. Alfa Equipments est une entreprise familiale flexible et florissante, dirig\u00e9e par la deuxi\u00e8me g\u00e9n\u00e9ration de la famille.<\/p>\n\t<\/div>\n<\/div>\t\t<\/div>\n\t<\/div>\n<\/div><\/div>\n\n<div class=\"fw-row\">\n\t<div id=\"column-6a095bdef292a\" class=\"fw-col-md-12 fw-col-lg-6 tf-sh-6d184b9e523216fad30e20b8aa787929\" >\n\t<div class=\"fw-wrap-col-inner clearfix  \"   >\n\t\t\t\t<div class=\"fw-col-inner\">\n\t\t\t\t<div class=\"fw-imagebox clearfix fw-imagebox-1 tf-sh-867560b5d610f46d2fc2fd2516f92b90 text-left bg-on  extra-text\"  style=\"\">\n\t\t<div class=\"fw-main-row-overlay\" style=\"background-color: #278ad2; opacity: 1;\"><\/div>\t\t\n\t<div class=\"fw-imagebox-aside\" style=\"padding-top:25px;padding-bottom:19px;padding-left:40px;padding-right:40px;\">\n\t\t\t\t\t<div class=\"fw-imagebox-title-wrap\">\n\t\t\t\t\t\t\t\t\t<h2 class=\"fw-imagebox-title\">Am\u00e9nagement int\u00e9rieur du fourgon<\/h2>\n\t\t\t\t\n\t\t\t\t\t\t\t<\/div>\n\t\t\n\t\t\t\t\t<div class=\"fw-imagebox-text\">\n\t\t\t\t<p>Alfa Equipments a \u00e9t\u00e9 fond\u00e9e en 1992 par Jean-Pierre Vansimpsen. \u00c0 l\u2019\u00e9poque, cette jeune entreprise \u00e9tait sp\u00e9cialis\u00e9e dans l'\u00e9quipement int\u00e9rieur de fourgons. Elle fournissait notamment des porte-bagages, des planchers de chargement et des parois de protection.&nbsp;<\/p><p>En 2007, Kenny, le fils de Jean-Pierre, a rejoint l'entreprise \u00e0 temps plein. Depuis l'\u00e2ge de seize ans, il a acquis de nombreuses connaissances en m\u00e9canique et installation. En 2009, Kenny a repris l'entreprise familiale.<\/p>\t\t\t<\/div>\n\t\t\n\t\t\t<\/div>\n\t<\/div>\n\t\t<\/div>\n\t<\/div>\n<\/div><div id=\"column-6a095bdef2b99\" class=\"fw-col-md-12 fw-col-lg-6 tf-sh-d0c7f45f8b949eed489a523364e1ee29\" >\n\t<div class=\"fw-wrap-col-inner clearfix  \"   >\n\t\t\t\t<div class=\"fw-col-inner\">\n\t\t\t\t<div class=\"fw-imagebox clearfix fw-imagebox-1 tf-sh-09a7f801a6b04bf9077b2198502e7556 text-left bg-on  extra-text\"  style=\"\">\n\t\t<div class=\"fw-main-row-overlay\" style=\"background-color: #278ad2; opacity: 1;\"><\/div>\t\t\n\t<div class=\"fw-imagebox-aside\" style=\"padding-top:25px;padding-bottom:19px;padding-left:40px;padding-right:40px;\">\n\t\t\t\t\t<div class=\"fw-imagebox-title-wrap\">\n\t\t\t\t\t\t\t\t\t<h2 class=\"fw-imagebox-title\">Une offre de produits compl\u00e8te pour des fourgons op\u00e9rationnels<\/h2>\n\t\t\t\t\n\t\t\t\t\t\t\t<\/div>\n\t\t\n\t\t\t\t\t<div class=\"fw-imagebox-text\">\n\t\t\t\t<p>En tant que nouveau directeur, Kenny continue de se concentrer sur l'am\u00e9nagement int\u00e9rieur tout en se tournant vers les accessoires et les \u00e9quipements.&nbsp;<\/p><p>Alfa Equipments enrichit ainsi son \u00e9ventail de produits pour toutes les marques et de tous les types de v\u00e9hicules commerciaux.&nbsp;<\/p><p>En 2019, en collaborant avec un partenaire externe, a m\u00eame \u00e9tendu ses services au lettrage.<\/p>\t\t\t<\/div>\n\t\t\n\t\t\t<\/div>\n\t<\/div>\n\t\t<\/div>\n\t<\/div>\n<\/div><\/div>\n\n<div class=\"fw-row\">\n\t<div id=\"column-6a095bdef2dce\" class=\"fw-col-sm-12 tf-sh-cd1881cf2df314fce6ad7dc890736d21\" >\n\t<div class=\"fw-wrap-col-inner clearfix  \"   >\n\t\t\t\t<div class=\"fw-col-inner\">\n\t\t\t<div class=\"fw-divider-space  fw-custom-space  clearfix\" style=\"height:50px;\" ><\/div>\t\t<\/div>\n\t<\/div>\n<\/div><\/div>\n\n<div class=\"fw-row\">\n\t<div id=\"column-6a095bdef2f22\" class=\"fw-col-md-6 fw-col-lg-4 tf-sh-34c227c3690bad7182945d44724fc38d custom-box-cat\" >\n\t<div class=\"fw-wrap-col-inner clearfix  \"   >\n\t\t\t\t<div class=\"fw-col-inner\">\n\t\t\t\t<div class=\"fw-imagebox clearfix fw-imagebox-1 tf-sh-d7414c32fb6c285246788de6ca1abbd5 text-center   \"  style=\"\">\r\n\t\t\t\t\t\t\t\t\t\t<div class=\"fw-block-image-parent  \" style=\"width: 100%;\">\r\n\t\t\t\t\t\t\t\t\t<div class=\"fw-block-image-child fw-ratio-4-3 fw-ratio-container\">\r\n\t\t\t\t\t\t\t\t\t\t\t\t<div class=\"bgImage\" style=\"background-image: url( https:\/\/www.alfa-equipments.be\/wp-content\/uploads\/2021\/11\/Voorzijde-bedrijfshal-scaled.jpg );\"><\/div>\r\n\t\t\t\t\t<\/div>\r\n\t\t\t\t\t\t\t<\/div>\r\n\t\t\r\n\t<div class=\"fw-imagebox-aside\" style=\"\">\r\n\t\t\r\n\t\t\r\n\t\t<div class=\"fw-imagebox-btn text-left\">\r\n\t\t<a href=\"\/contact\/\" target=\"_self\" class=\"fw-btn fw-btn-full fw-btn-sm fw-btn-1 \" style=\"\" >\r\n\t\t\t<span>\r\n\t\t\t\t\t\t\t\t\tContactez-nous.\t\t\t\t\t\t\t<\/span>\r\n\t\t<\/a>\r\n\t<\/div>\r\n\t\t<\/div>\r\n\t<\/div>\r\n\t\t<\/div>\n\t<\/div>\n<\/div><div id=\"column-6a095bdef33fe\" class=\"fw-col-sm-8 tf-sh-58b17cc2db0d100fee06f6157cc3177f\" >\n\t<div class=\"fw-wrap-col-inner clearfix  \"   >\n\t\t\t\t<div class=\"fw-col-inner\">\n\t\t\t<div class=\"fw-heading fw-heading-left  tf-sh-14a0705506e17f418f840bf7da46b606\" >\n\t\t\t<h2 class=\"fw-special-title\">\u00c0 votre service<\/h2>\n\t\n\t\n\t<\/div><div class=\"fw-text-box tf-sh-401a726434b238ab155622003e4a2c1b \" >\n\t<div class=\"fw-text-inner\">\n\t\t<p><strong>Alfa Equipments peut compter sur une \u00e9quipe motiv\u00e9e de quatre employ\u00e9s.&nbsp;<\/strong><\/p>\n<p><strong>Rudolf et Filip se consacrent pleinement au montage et \u00e0 l'installation des am\u00e9nagements int\u00e9rieurs et des \u00e9quipements suppl\u00e9mentaires.&nbsp;<\/strong><\/p>\n<p><strong>Quant \u00e0 Kenny, le directeur, il g\u00e8re tous les contacts commerciaux. Il se d\u00e9place avec le v\u00e9hicule de d\u00e9monstration et dessine la disposition et les \u00e9quipements souhait\u00e9s sur mesure.&nbsp;<\/strong><\/p>\n<p><strong>Enfin, Eline se charge du suivi administratif de chaque commande.&nbsp;<\/strong><\/p>\n\t<\/div>\n<\/div>\t\t<\/div>\n\t<\/div>\n<\/div><\/div>\n\n<div class=\"fw-row\">\n\t<div id=\"column-6a095bdef3599\" class=\"fw-col-sm-12 tf-sh-cd1881cf2df314fce6ad7dc890736d21\" >\n\t<div class=\"fw-wrap-col-inner clearfix  \"   >\n\t\t\t\t<div class=\"fw-col-inner\">\n\t\t\t<div class=\"fw-divider-space  fw-custom-space  clearfix\" style=\"height:60px;\" ><\/div>\t\t<\/div>\n\t<\/div>\n<\/div><\/div>\n\n\t<\/div>\n\t<\/section><\/p>\n","protected":false},"excerpt":{"rendered":"<p>Home \u00c9quipements de fourgon depuis 1992 Alfa Equipments est sp\u00e9cialis\u00e9 dans l&rsquo;am\u00e9nagement de fourgons depuis 1992. Nous travaillons avec toutes les marques et tous les types de fourgons. Depuis notre port d\u2019attache de Saint-Trond (Limbourg), nous travaillons \u00e0 travers tout le pays gr\u00e2ce \u00e0 notre service d&rsquo;enl\u00e8vement et de retour. Nous nous rendons chez vous [&hellip;]<\/p>\n","protected":false},"author":1,"featured_media":0,"parent":0,"menu_order":0,"comment_status":"closed","ping_status":"closed","template":"visual-builder-template.php","meta":{"_acf_changed":false,"ngg_post_thumbnail":0,"footnotes":""},"class_list":["post-2860","page","type-page","status-publish","hentry"],"acf":[],"yoast_head":"<!-- This site is optimized with the Yoast SEO plugin v25.3.1 - https:\/\/yoast.com\/wordpress\/plugins\/seo\/ -->\n<title>\u00c0 propos de nous | Alfa Equipments | Sint-Truiden<\/title>\n<meta name=\"description\" content=\"Alfa Equipments est sp\u00e9cialis\u00e9 dans l&#039;am\u00e9nagement de fourgons depuis 1992. Nous travaillons avec toutes les marques et tous les types de fourgons\" \/>\n<meta name=\"robots\" content=\"index, follow, max-snippet:-1, max-image-preview:large, max-video-preview:-1\" \/>\n<link rel=\"canonical\" href=\"https:\/\/www.alfa-equipments.be\/fr\/a-propos-de-nous\/\" \/>\n<meta property=\"og:locale\" content=\"fr_FR\" \/>\n<meta property=\"og:type\" content=\"article\" \/>\n<meta property=\"og:title\" content=\"\u00c0 propos de nous | Alfa Equipments | Sint-Truiden\" \/>\n<meta property=\"og:description\" content=\"Alfa Equipments est sp\u00e9cialis\u00e9 dans l&#039;am\u00e9nagement de fourgons depuis 1992. Nous travaillons avec toutes les marques et tous les types de fourgons\" \/>\n<meta property=\"og:url\" content=\"https:\/\/www.alfa-equipments.be\/fr\/a-propos-de-nous\/\" \/>\n<meta property=\"og:site_name\" content=\"Alfa Equipments\" \/>\n<meta property=\"article:modified_time\" content=\"2025-03-26T12:38:08+00:00\" \/>\n<meta name=\"twitter:card\" content=\"summary_large_image\" \/>\n<meta name=\"twitter:label1\" content=\"Dur\u00e9e de lecture estim\u00e9e\" \/>\n\t<meta name=\"twitter:data1\" content=\"2 minutes\" \/>\n<script type=\"application\/ld+json\" class=\"yoast-schema-graph\">{\"@context\":\"https:\/\/schema.org\",\"@graph\":[{\"@type\":\"WebPage\",\"@id\":\"https:\/\/www.alfa-equipments.be\/fr\/a-propos-de-nous\/\",\"url\":\"https:\/\/www.alfa-equipments.be\/fr\/a-propos-de-nous\/\",\"name\":\"\u00c0 propos de nous | Alfa Equipments | Sint-Truiden\",\"isPartOf\":{\"@id\":\"https:\/\/www.alfa-equipments.be\/#website\"},\"datePublished\":\"2019-06-13T13:04:43+00:00\",\"dateModified\":\"2025-03-26T12:38:08+00:00\",\"description\":\"Alfa Equipments est sp\u00e9cialis\u00e9 dans l'am\u00e9nagement de fourgons depuis 1992. Nous travaillons avec toutes les marques et tous les types de fourgons\",\"breadcrumb\":{\"@id\":\"https:\/\/www.alfa-equipments.be\/fr\/a-propos-de-nous\/#breadcrumb\"},\"inLanguage\":\"fr-FR\",\"potentialAction\":[{\"@type\":\"ReadAction\",\"target\":[\"https:\/\/www.alfa-equipments.be\/fr\/a-propos-de-nous\/\"]}]},{\"@type\":\"BreadcrumbList\",\"@id\":\"https:\/\/www.alfa-equipments.be\/fr\/a-propos-de-nous\/#breadcrumb\",\"itemListElement\":[{\"@type\":\"ListItem\",\"position\":1,\"name\":\"Home\",\"item\":\"https:\/\/www.alfa-equipments.be\/\"},{\"@type\":\"ListItem\",\"position\":2,\"name\":\"\u00c0 propos de nous\"}]},{\"@type\":\"WebSite\",\"@id\":\"https:\/\/www.alfa-equipments.be\/#website\",\"url\":\"https:\/\/www.alfa-equipments.be\/\",\"name\":\"Alfa Equipments\",\"description\":\"Wij maken je bestelwagen volledig werkbaar!\",\"potentialAction\":[{\"@type\":\"SearchAction\",\"target\":{\"@type\":\"EntryPoint\",\"urlTemplate\":\"https:\/\/www.alfa-equipments.be\/?s={search_term_string}\"},\"query-input\":{\"@type\":\"PropertyValueSpecification\",\"valueRequired\":true,\"valueName\":\"search_term_string\"}}],\"inLanguage\":\"fr-FR\"}]}<\/script>\n<!-- \/ Yoast SEO plugin. -->","yoast_head_json":{"title":"\u00c0 propos de nous | Alfa Equipments | Sint-Truiden","description":"Alfa Equipments est sp\u00e9cialis\u00e9 dans l'am\u00e9nagement de fourgons depuis 1992. Nous travaillons avec toutes les marques et tous les types de fourgons","robots":{"index":"index","follow":"follow","max-snippet":"max-snippet:-1","max-image-preview":"max-image-preview:large","max-video-preview":"max-video-preview:-1"},"canonical":"https:\/\/www.alfa-equipments.be\/fr\/a-propos-de-nous\/","og_locale":"fr_FR","og_type":"article","og_title":"\u00c0 propos de nous | Alfa Equipments | Sint-Truiden","og_description":"Alfa Equipments est sp\u00e9cialis\u00e9 dans l'am\u00e9nagement de fourgons depuis 1992. Nous travaillons avec toutes les marques et tous les types de fourgons","og_url":"https:\/\/www.alfa-equipments.be\/fr\/a-propos-de-nous\/","og_site_name":"Alfa Equipments","article_modified_time":"2025-03-26T12:38:08+00:00","twitter_card":"summary_large_image","twitter_misc":{"Dur\u00e9e de lecture estim\u00e9e":"2 minutes"},"schema":{"@context":"https:\/\/schema.org","@graph":[{"@type":"WebPage","@id":"https:\/\/www.alfa-equipments.be\/fr\/a-propos-de-nous\/","url":"https:\/\/www.alfa-equipments.be\/fr\/a-propos-de-nous\/","name":"\u00c0 propos de nous | Alfa Equipments | Sint-Truiden","isPartOf":{"@id":"https:\/\/www.alfa-equipments.be\/#website"},"datePublished":"2019-06-13T13:04:43+00:00","dateModified":"2025-03-26T12:38:08+00:00","description":"Alfa Equipments est sp\u00e9cialis\u00e9 dans l'am\u00e9nagement de fourgons depuis 1992. Nous travaillons avec toutes les marques et tous les types de fourgons","breadcrumb":{"@id":"https:\/\/www.alfa-equipments.be\/fr\/a-propos-de-nous\/#breadcrumb"},"inLanguage":"fr-FR","potentialAction":[{"@type":"ReadAction","target":["https:\/\/www.alfa-equipments.be\/fr\/a-propos-de-nous\/"]}]},{"@type":"BreadcrumbList","@id":"https:\/\/www.alfa-equipments.be\/fr\/a-propos-de-nous\/#breadcrumb","itemListElement":[{"@type":"ListItem","position":1,"name":"Home","item":"https:\/\/www.alfa-equipments.be\/"},{"@type":"ListItem","position":2,"name":"\u00c0 propos de nous"}]},{"@type":"WebSite","@id":"https:\/\/www.alfa-equipments.be\/#website","url":"https:\/\/www.alfa-equipments.be\/","name":"Alfa Equipments","description":"Wij maken je bestelwagen volledig werkbaar!","potentialAction":[{"@type":"SearchAction","target":{"@type":"EntryPoint","urlTemplate":"https:\/\/www.alfa-equipments.be\/?s={search_term_string}"},"query-input":{"@type":"PropertyValueSpecification","valueRequired":true,"valueName":"search_term_string"}}],"inLanguage":"fr-FR"}]}},"_links":{"self":[{"href":"https:\/\/www.alfa-equipments.be\/fr\/wp-json\/wp\/v2\/pages\/2860","targetHints":{"allow":["GET"]}}],"collection":[{"href":"https:\/\/www.alfa-equipments.be\/fr\/wp-json\/wp\/v2\/pages"}],"about":[{"href":"https:\/\/www.alfa-equipments.be\/fr\/wp-json\/wp\/v2\/types\/page"}],"author":[{"embeddable":true,"href":"https:\/\/www.alfa-equipments.be\/fr\/wp-json\/wp\/v2\/users\/1"}],"replies":[{"embeddable":true,"href":"https:\/\/www.alfa-equipments.be\/fr\/wp-json\/wp\/v2\/comments?post=2860"}],"version-history":[{"count":5,"href":"https:\/\/www.alfa-equipments.be\/fr\/wp-json\/wp\/v2\/pages\/2860\/revisions"}],"predecessor-version":[{"id":5438,"href":"https:\/\/www.alfa-equipments.be\/fr\/wp-json\/wp\/v2\/pages\/2860\/revisions\/5438"}],"wp:attachment":[{"href":"https:\/\/www.alfa-equipments.be\/fr\/wp-json\/wp\/v2\/media?parent=2860"}],"curies":[{"name":"wp","href":"https:\/\/api.w.org\/{rel}","templated":true}]}}