{"id":2559,"date":"2020-11-03T15:14:16","date_gmt":"2020-11-03T15:14:16","guid":{"rendered":"https:\/\/alfa-bvba.be\/oprijplaten-en-vaste-oprijrampen\/"},"modified":"2022-07-04T15:37:24","modified_gmt":"2022-07-04T14:37:24","slug":"rampes-de-chargement","status":"publish","type":"page","link":"https:\/\/www.alfa-equipments.be\/fr\/equipements-supplementaire\/rampes-de-chargement\/","title":{"rendered":"Rampes de chargement"},"content":{"rendered":"<section   class=\"fw-main-row-custom fw-main-row-top  auto  fw-section-position-back tf-sh-e53703c87245f7b0f27720dbca55dbaa\"    >\n\t\t\t<div class=\"fw-container\" >\n\t\t<div class=\"fw-row\">\n\t<div id=\"column-6a0969faa5329\" class=\"fw-col-sm-12 tf-sh-863551ca8f3eeef6c10ce7c5554397ba\" >\n\t<div class=\"fw-wrap-col-inner clearfix  \"   >\n\t\t\t\t<div class=\"fw-col-inner\">\n\t\t\t<div class=\"fw-heading fw-heading-left  fw-heading-with-subtitle tf-sh-5ad49268b1c58b95fcd9afe956f43f5e\" >\n\t\t\t<h2 class=\"fw-special-title\">Rampes de chargement et rampes fixes<\/h2>\n\t\n\t\n\t\t\t<div class=\"fw-special-subtitle\">Rampes de chargement et rampes fixes pour chaque fourgon<\/div>\n\t<\/div>\t\t<\/div>\n\t<\/div>\n<\/div><\/div>\n\n<div class=\"fw-row\">\n\t<div id=\"column-6a0969faa553b\" class=\"fw-col-sm-6 tf-sh-3438176cfcea8bf2b03da198216aa429\" >\n\t<div class=\"fw-wrap-col-inner clearfix  \"   >\n\t\t\t\t<div class=\"fw-col-inner\">\n\t\t\t<div class=\"fw-heading fw-heading-left  tf-sh-1144674f61784ff4660106c85ce5e9cc\" >\n\t\t\t<h2 class=\"fw-special-title\">Rampes fixes<\/h2>\n\t\n\t\n\t<\/div><div class=\"fw-text-box tf-sh-a4543387757a3ffabdcb4f5248542b1b \" >\n\t<div class=\"fw-text-inner\">\n\t\t<p>Nos rampes fixes sont mont\u00e9es dans le plancher du v\u00e9hicule. Nous les fournissons avec un ressort \u00e0 gaz, afin que vous puissiez les ouvrir et les fermer facilement.  Vous pouvez obtenir chaque rampe fixe dans la longueur et la largeur souhait\u00e9es.<br \/>Toutes les rampes poss\u00e8dent deux bords. Les rampes peuvent \u00e9galement \u00eatre utilis\u00e9es comme pont entre deux fourgons.<br \/>Nous proposons un kit de rotation en option permettant de faire pivoter la rampe. Vous conservez ainsi votre acc\u00e8s au fourgon sans avoir \u00e0 d\u00e9plier la rampe.<\/p>\n\t<\/div>\n<\/div>\t\t<\/div>\n\t<\/div>\n<\/div><div id=\"column-6a0969faa574c\" class=\"fw-col-sm-6 tf-sh-2859e543dbcfc4bbf56f6effa03696a7\" >\n\t<div class=\"fw-wrap-col-inner clearfix   fw-column-height-custom\" style=\"height: 320px;\"  >\n\t\t\t\t<div class=\"fw-col-inner\">\n\t\t\t<div class=\"fw-heading fw-heading-left  tf-sh-7a700ac8927253eb696a376d89431bb7\" >\n\t\t\t<h2 class=\"fw-special-title\">Rampes de chargement<\/h2>\n\t\n\t\n\t<\/div><div class=\"fw-text-box tf-sh-64f64ca51339c47e47e2f0826263d64d \" >\n\t<div class=\"fw-text-inner\">\n\t\t<p>Toutes nos rampes sont fabriqu\u00e9es en aluminium de haute qualit\u00e9. Elles sont disponibles en diff\u00e9rentes longueurs et largeurs.<br \/>Nos rampes portables sont adapt\u00e9es aux applications l\u00e9g\u00e8res et lourdes telles que le chargement d'une moto, d'un fauteuil roulant, d'une excavatrice, d'un tracteur, etc.<\/p>\n\t<\/div>\n<\/div>\t\t<\/div>\n\t<\/div>\n<\/div><\/div>\n\n<div class=\"fw-row\">\n\t<div id=\"column-6a0969faa58b9\" class=\"fw-col-sm-12 tf-sh-aeb57e18c823a9974f6274ae8d316539\" >\n\t<div class=\"fw-wrap-col-inner clearfix  \"   >\n\t\t\t\t<div class=\"fw-col-inner\">\n\t\t\t<div class=\"fw-divider-space space-sm  clearfix\"  ><\/div>\t\t<\/div>\n\t<\/div>\n<\/div><\/div>\n\n<div class=\"fw-row\">\n\t<div id=\"column-6a0969faa59f7\" class=\"fw-col-sm-6 tf-sh-411011cec3001ea7a970aa63f4eb6371\" >\n\t<div class=\"fw-wrap-col-inner clearfix  \"   >\n\t\t\t\t<div class=\"fw-col-inner\">\n\t\t\t    <!-- Radius Image -->\n            <div class=\"fw-block-image-parent  \"              style=\"width: 100%; \">\n            <div class=\"fw-block-image-child fw-noratio fw-ratio-container\">\n                <noscript itemscope itemtype=\"https:\/\/schema.org\/ImageObject\" itemprop=\"image\"><img decoding=\"async\" src=\"https:\/\/www.alfa-equipments.be\/wp-content\/uploads\/2022\/07\/Ramp-RRD-Kenny-1.png\"  alt=\"Ramp RRD Kenny\" data-maxdpr=\"1.7\" class=\"lazyload\" \/><meta itemprop=\"url\" content=\"https:\/\/www.alfa-equipments.be\/wp-content\/uploads\/2022\/07\/Ramp-RRD-Kenny-1.png\"><meta itemprop=\"width\" content=\"3024\"><meta itemprop=\"height\" content=\"2781\"><\/noscript><img decoding=\"async\" src=\"data:image\/gif;base64,R0lGODlhAQABAIAAAAAAAP\/\/\/yH5BAEAAAAALAAAAAABAAEAAAIBRAA7\" data-sizes=\"auto\" data-srcset=\"https:\/\/www.alfa-equipments.be\/wp-content\/uploads\/2022\/07\/Ramp-RRD-Kenny-1.png\"   alt=\"Ramp RRD Kenny\" data-maxdpr=\"1.7\" class=\"lazyload\" \/><span class=\"fw-after-no-ratio\" style=\"padding-bottom: 91.964285714286%\"><\/span>                                            <\/div>\n        <\/div>\n    \t\t<\/div>\n\t<\/div>\n<\/div><div id=\"column-6a0969faa5e70\" class=\"fw-col-sm-6 tf-sh-2b88049550f4aa8c81307a197b2790e6\" >\n\t<div class=\"fw-wrap-col-inner clearfix  \"   >\n\t\t\t\t<div class=\"fw-col-inner\">\n\t\t\t\t<div class=\"fw-slider hide-elements tf-sh-53d5c07317059f28175283848151976d \" >\n\t\t<div class=\"fw-slider-container clearfix\" id=\"slider-53d5c07317059f28175283848151976d\" data-play=\"true\" data-timeoutDuration=\"5000\" data-pause=\"false\" data-animation=\"crossfade\" data-duration=\"300\">\n\t\t\t\t\t\t\t\t\t\t\t\t\t\t\t\t\t<div class=\"fw-ratio-container fw-ratio-1\">\n\t\t\t\t\t\t<div class=\"fw-slider-item\">\n\t\t\t\t\t\t\t<noscript itemscope itemtype=\"https:\/\/schema.org\/ImageObject\" itemprop=\"image\"><img decoding=\"async\" src=\"https:\/\/www.alfa-equipments.be\/wp-content\/uploads\/2022\/07\/RRD-gesloten-toe.png\"  alt=\"RRD gesloten toe\" data-maxdpr=\"1.7\" class=\"attachment-post-thumbnail lazyload\" \/><meta itemprop=\"url\" content=\"https:\/\/www.alfa-equipments.be\/wp-content\/uploads\/2022\/07\/RRD-gesloten-toe.png\"><meta itemprop=\"width\" content=\"2736\"><meta itemprop=\"height\" content=\"3024\"><\/noscript><img decoding=\"async\" src=\"data:image\/gif;base64,R0lGODlhAQABAIAAAAAAAP\/\/\/yH5BAEAAAAALAAAAAABAAEAAAIBRAA7\" data-sizes=\"auto\" data-srcset=\"https:\/\/www.alfa-equipments.be\/wp-content\/uploads\/2022\/07\/RRD-gesloten-toe-150x150.png 150w, https:\/\/www.alfa-equipments.be\/wp-content\/uploads\/2022\/07\/RRD-gesloten-toe-800x800.png 800w, https:\/\/www.alfa-equipments.be\/wp-content\/uploads\/2022\/07\/RRD-gesloten-toe-300x300.png 300w, https:\/\/www.alfa-equipments.be\/wp-content\/uploads\/2022\/07\/RRD-gesloten-toe-300x300.png 300w, https:\/\/www.alfa-equipments.be\/wp-content\/uploads\/2022\/07\/RRD-gesloten-toe-300x300.png 300w\"   alt=\"RRD gesloten toe\" data-maxdpr=\"1.7\" class=\"attachment-post-thumbnail lazyload\" \/>\t\t\t\t\t\t\t\t\t\t\t\t\t<\/div>\n\t\t\t\t\t<\/div>\n\t\t\t\t\t\t\t\t\t\t\t\t\t\t\t\t\t\t\t\t\t<div class=\"fw-ratio-container fw-ratio-1\">\n\t\t\t\t\t\t<div class=\"fw-slider-item\">\n\t\t\t\t\t\t\t<noscript itemscope itemtype=\"https:\/\/schema.org\/ImageObject\" itemprop=\"image\"><img decoding=\"async\" src=\"https:\/\/www.alfa-equipments.be\/wp-content\/uploads\/2022\/07\/RRD-gesloten.png\"  alt=\"RRD gesloten\" data-maxdpr=\"1.7\" class=\"attachment-post-thumbnail lazyload\" \/><meta itemprop=\"url\" content=\"https:\/\/www.alfa-equipments.be\/wp-content\/uploads\/2022\/07\/RRD-gesloten.png\"><meta itemprop=\"width\" content=\"2796\"><meta itemprop=\"height\" content=\"3648\"><\/noscript><img decoding=\"async\" src=\"data:image\/gif;base64,R0lGODlhAQABAIAAAAAAAP\/\/\/yH5BAEAAAAALAAAAAABAAEAAAIBRAA7\" data-sizes=\"auto\" data-srcset=\"https:\/\/www.alfa-equipments.be\/wp-content\/uploads\/2022\/07\/RRD-gesloten-150x150.png 150w, https:\/\/www.alfa-equipments.be\/wp-content\/uploads\/2022\/07\/RRD-gesloten-800x800.png 800w, https:\/\/www.alfa-equipments.be\/wp-content\/uploads\/2022\/07\/RRD-gesloten-300x300.png 300w, https:\/\/www.alfa-equipments.be\/wp-content\/uploads\/2022\/07\/RRD-gesloten-300x300.png 300w, https:\/\/www.alfa-equipments.be\/wp-content\/uploads\/2022\/07\/RRD-gesloten-300x300.png 300w\"   alt=\"RRD gesloten\" data-maxdpr=\"1.7\" class=\"attachment-post-thumbnail lazyload\" \/>\t\t\t\t\t\t\t\t\t\t\t\t\t<\/div>\n\t\t\t\t\t<\/div>\n\t\t\t\t\t\t\t\t\t\t\t\t\t\t\t\t\t\t\t\t\t<div class=\"fw-ratio-container fw-ratio-1\">\n\t\t\t\t\t\t<div class=\"fw-slider-item\">\n\t\t\t\t\t\t\t<noscript itemscope itemtype=\"https:\/\/schema.org\/ImageObject\" itemprop=\"image\"><img decoding=\"async\" src=\"https:\/\/www.alfa-equipments.be\/wp-content\/uploads\/2022\/07\/Ramp-RRD-vouwen.png\"  alt=\"Ramp RRD vouwen\" data-maxdpr=\"1.7\" class=\"attachment-post-thumbnail lazyload\" \/><meta itemprop=\"url\" content=\"https:\/\/www.alfa-equipments.be\/wp-content\/uploads\/2022\/07\/Ramp-RRD-vouwen.png\"><meta itemprop=\"width\" content=\"2059\"><meta itemprop=\"height\" content=\"2712\"><\/noscript><img decoding=\"async\" src=\"data:image\/gif;base64,R0lGODlhAQABAIAAAAAAAP\/\/\/yH5BAEAAAAALAAAAAABAAEAAAIBRAA7\" data-sizes=\"auto\" data-srcset=\"https:\/\/www.alfa-equipments.be\/wp-content\/uploads\/2022\/07\/Ramp-RRD-vouwen-150x150.png 150w, https:\/\/www.alfa-equipments.be\/wp-content\/uploads\/2022\/07\/Ramp-RRD-vouwen-800x800.png 800w, https:\/\/www.alfa-equipments.be\/wp-content\/uploads\/2022\/07\/Ramp-RRD-vouwen-300x300.png 300w, https:\/\/www.alfa-equipments.be\/wp-content\/uploads\/2022\/07\/Ramp-RRD-vouwen-300x300.png 300w, https:\/\/www.alfa-equipments.be\/wp-content\/uploads\/2022\/07\/Ramp-RRD-vouwen-300x300.png 300w\"   alt=\"Ramp RRD vouwen\" data-maxdpr=\"1.7\" class=\"attachment-post-thumbnail lazyload\" \/>\t\t\t\t\t\t\t\t\t\t\t\t\t<\/div>\n\t\t\t\t\t<\/div>\n\t\t\t\t\t\t\t\t\t\t\t\t\t\t\t\t\t\t\t\t\t<div class=\"fw-ratio-container fw-ratio-1\">\n\t\t\t\t\t\t<div class=\"fw-slider-item\">\n\t\t\t\t\t\t\t<noscript itemscope itemtype=\"https:\/\/schema.org\/ImageObject\" itemprop=\"image\"><img decoding=\"async\" src=\"https:\/\/www.alfa-equipments.be\/wp-content\/uploads\/2022\/07\/RRD-open.png\"  alt=\"RRD open\" data-maxdpr=\"1.7\" class=\"attachment-post-thumbnail lazyload\" \/><meta itemprop=\"url\" content=\"https:\/\/www.alfa-equipments.be\/wp-content\/uploads\/2022\/07\/RRD-open.png\"><meta itemprop=\"width\" content=\"1956\"><meta itemprop=\"height\" content=\"2736\"><\/noscript><img decoding=\"async\" src=\"data:image\/gif;base64,R0lGODlhAQABAIAAAAAAAP\/\/\/yH5BAEAAAAALAAAAAABAAEAAAIBRAA7\" data-sizes=\"auto\" data-srcset=\"https:\/\/www.alfa-equipments.be\/wp-content\/uploads\/2022\/07\/RRD-open-150x150.png 150w, https:\/\/www.alfa-equipments.be\/wp-content\/uploads\/2022\/07\/RRD-open-800x800.png 800w, https:\/\/www.alfa-equipments.be\/wp-content\/uploads\/2022\/07\/RRD-open-300x300.png 300w, https:\/\/www.alfa-equipments.be\/wp-content\/uploads\/2022\/07\/RRD-open-300x300.png 300w, https:\/\/www.alfa-equipments.be\/wp-content\/uploads\/2022\/07\/RRD-open-300x300.png 300w\"   alt=\"RRD open\" data-maxdpr=\"1.7\" class=\"attachment-post-thumbnail lazyload\" \/>\t\t\t\t\t\t\t\t\t\t\t\t\t<\/div>\n\t\t\t\t\t<\/div>\n\t\t\t\t\t\t\t\t\t<\/div>\n\t\t<a class=\"fw-slider-prev\" href=\"#\"><span><\/span><\/a>\n\t\t<a class=\"fw-slider-next\" href=\"#\"><span><\/span><\/a>\n\t\t<div class=\"fw-slider-pagination\"><\/div>\n\t<\/div>\n\t\t<\/div>\n\t<\/div>\n<\/div><\/div>\n\n<div class=\"fw-row\">\n\t<div id=\"column-6a0969faa68ba\" class=\"fw-col-sm-12 tf-sh-aeb57e18c823a9974f6274ae8d316539\" >\n\t<div class=\"fw-wrap-col-inner clearfix  \"   >\n\t\t\t\t<div class=\"fw-col-inner\">\n\t\t\t<div class=\"fw-divider-space space-sm  clearfix\"  ><\/div>\t\t<\/div>\n\t<\/div>\n<\/div><\/div>\n\n\t<\/div>\n\t<\/section>\n","protected":false},"excerpt":{"rendered":"<p>Rampes de chargement et rampes fixes Rampes de chargement et rampes fixes pour chaque fourgon Rampes fixes Nos rampes fixes sont mont\u00e9es dans le plancher du v\u00e9hicule. Nous les fournissons avec un ressort \u00e0 gaz, afin que vous puissiez les ouvrir et les fermer facilement. Vous pouvez obtenir chaque rampe fixe dans la longueur et [&hellip;]<\/p>\n","protected":false},"author":1,"featured_media":2560,"parent":3736,"menu_order":0,"comment_status":"closed","ping_status":"closed","template":"visual-builder-template.php","meta":{"_acf_changed":false,"ngg_post_thumbnail":0,"footnotes":""},"class_list":["post-2559","page","type-page","status-publish","has-post-thumbnail","hentry"],"acf":[],"yoast_head":"<!-- This site is optimized with the Yoast SEO plugin v25.3.1 - https:\/\/yoast.com\/wordpress\/plugins\/seo\/ -->\n<title>Rampes de chargement et rampes fixes | Alfa Equipments | Sint-Truiden<\/title>\n<meta name=\"description\" content=\"Alfa Equipments propose une gamme compl\u00e8te de rampes et de rampes fixes pour fourgons.\" \/>\n<meta name=\"robots\" content=\"index, follow, max-snippet:-1, max-image-preview:large, max-video-preview:-1\" \/>\n<link rel=\"canonical\" href=\"https:\/\/www.alfa-equipments.be\/fr\/equipements-supplementaire\/rampes-de-chargement\/\" \/>\n<meta property=\"og:locale\" content=\"fr_FR\" \/>\n<meta property=\"og:type\" content=\"article\" \/>\n<meta property=\"og:title\" content=\"Rampes de chargement et rampes fixes | Alfa Equipments | Sint-Truiden\" \/>\n<meta property=\"og:description\" content=\"Alfa Equipments propose une gamme compl\u00e8te de rampes et de rampes fixes pour fourgons.\" \/>\n<meta property=\"og:url\" content=\"https:\/\/www.alfa-equipments.be\/fr\/equipements-supplementaire\/rampes-de-chargement\/\" \/>\n<meta property=\"og:site_name\" content=\"Alfa Equipments\" \/>\n<meta property=\"article:modified_time\" content=\"2022-07-04T14:37:24+00:00\" \/>\n<meta property=\"og:image\" content=\"https:\/\/www.alfa-equipments.be\/wp-content\/uploads\/2021\/11\/20201223_144142-scaled.jpg\" \/>\n\t<meta property=\"og:image:width\" content=\"1920\" \/>\n\t<meta property=\"og:image:height\" content=\"2560\" \/>\n\t<meta property=\"og:image:type\" content=\"image\/jpeg\" \/>\n<meta name=\"twitter:card\" content=\"summary_large_image\" \/>\n<meta name=\"twitter:label1\" content=\"Dur\u00e9e de lecture estim\u00e9e\" \/>\n\t<meta name=\"twitter:data1\" content=\"1 minute\" \/>\n<script type=\"application\/ld+json\" class=\"yoast-schema-graph\">{\"@context\":\"https:\/\/schema.org\",\"@graph\":[{\"@type\":\"WebPage\",\"@id\":\"https:\/\/www.alfa-equipments.be\/fr\/equipements-supplementaire\/rampes-de-chargement\/\",\"url\":\"https:\/\/www.alfa-equipments.be\/fr\/equipements-supplementaire\/rampes-de-chargement\/\",\"name\":\"Rampes de chargement et rampes fixes | Alfa Equipments | Sint-Truiden\",\"isPartOf\":{\"@id\":\"https:\/\/www.alfa-equipments.be\/#website\"},\"primaryImageOfPage\":{\"@id\":\"https:\/\/www.alfa-equipments.be\/fr\/equipements-supplementaire\/rampes-de-chargement\/#primaryimage\"},\"image\":{\"@id\":\"https:\/\/www.alfa-equipments.be\/fr\/equipements-supplementaire\/rampes-de-chargement\/#primaryimage\"},\"thumbnailUrl\":\"https:\/\/www.alfa-equipments.be\/wp-content\/uploads\/2021\/11\/20201223_144142-scaled.jpg\",\"datePublished\":\"2020-11-03T15:14:16+00:00\",\"dateModified\":\"2022-07-04T14:37:24+00:00\",\"description\":\"Alfa Equipments propose une gamme compl\u00e8te de rampes et de rampes fixes pour fourgons.\",\"breadcrumb\":{\"@id\":\"https:\/\/www.alfa-equipments.be\/fr\/equipements-supplementaire\/rampes-de-chargement\/#breadcrumb\"},\"inLanguage\":\"fr-FR\",\"potentialAction\":[{\"@type\":\"ReadAction\",\"target\":[\"https:\/\/www.alfa-equipments.be\/fr\/equipements-supplementaire\/rampes-de-chargement\/\"]}]},{\"@type\":\"ImageObject\",\"inLanguage\":\"fr-FR\",\"@id\":\"https:\/\/www.alfa-equipments.be\/fr\/equipements-supplementaire\/rampes-de-chargement\/#primaryimage\",\"url\":\"https:\/\/www.alfa-equipments.be\/wp-content\/uploads\/2021\/11\/20201223_144142-scaled.jpg\",\"contentUrl\":\"https:\/\/www.alfa-equipments.be\/wp-content\/uploads\/2021\/11\/20201223_144142-scaled.jpg\",\"width\":1920,\"height\":2560},{\"@type\":\"BreadcrumbList\",\"@id\":\"https:\/\/www.alfa-equipments.be\/fr\/equipements-supplementaire\/rampes-de-chargement\/#breadcrumb\",\"itemListElement\":[{\"@type\":\"ListItem\",\"position\":1,\"name\":\"Home\",\"item\":\"https:\/\/www.alfa-equipments.be\/\"},{\"@type\":\"ListItem\",\"position\":2,\"name\":\"\u00c9quipement suppl\u00e9mentaire\",\"item\":\"https:\/\/www.alfa-equipments.be\/fr\/equipements-supplementaire\/\"},{\"@type\":\"ListItem\",\"position\":3,\"name\":\"Rampes de chargement\"}]},{\"@type\":\"WebSite\",\"@id\":\"https:\/\/www.alfa-equipments.be\/#website\",\"url\":\"https:\/\/www.alfa-equipments.be\/\",\"name\":\"Alfa Equipments\",\"description\":\"Wij maken je bestelwagen volledig werkbaar!\",\"potentialAction\":[{\"@type\":\"SearchAction\",\"target\":{\"@type\":\"EntryPoint\",\"urlTemplate\":\"https:\/\/www.alfa-equipments.be\/?s={search_term_string}\"},\"query-input\":{\"@type\":\"PropertyValueSpecification\",\"valueRequired\":true,\"valueName\":\"search_term_string\"}}],\"inLanguage\":\"fr-FR\"}]}<\/script>\n<!-- \/ Yoast SEO plugin. -->","yoast_head_json":{"title":"Rampes de chargement et rampes fixes | Alfa Equipments | Sint-Truiden","description":"Alfa Equipments propose une gamme compl\u00e8te de rampes et de rampes fixes pour fourgons.","robots":{"index":"index","follow":"follow","max-snippet":"max-snippet:-1","max-image-preview":"max-image-preview:large","max-video-preview":"max-video-preview:-1"},"canonical":"https:\/\/www.alfa-equipments.be\/fr\/equipements-supplementaire\/rampes-de-chargement\/","og_locale":"fr_FR","og_type":"article","og_title":"Rampes de chargement et rampes fixes | Alfa Equipments | Sint-Truiden","og_description":"Alfa Equipments propose une gamme compl\u00e8te de rampes et de rampes fixes pour fourgons.","og_url":"https:\/\/www.alfa-equipments.be\/fr\/equipements-supplementaire\/rampes-de-chargement\/","og_site_name":"Alfa Equipments","article_modified_time":"2022-07-04T14:37:24+00:00","og_image":[{"width":1920,"height":2560,"url":"https:\/\/www.alfa-equipments.be\/wp-content\/uploads\/2021\/11\/20201223_144142-scaled.jpg","type":"image\/jpeg"}],"twitter_card":"summary_large_image","twitter_misc":{"Dur\u00e9e de lecture estim\u00e9e":"1 minute"},"schema":{"@context":"https:\/\/schema.org","@graph":[{"@type":"WebPage","@id":"https:\/\/www.alfa-equipments.be\/fr\/equipements-supplementaire\/rampes-de-chargement\/","url":"https:\/\/www.alfa-equipments.be\/fr\/equipements-supplementaire\/rampes-de-chargement\/","name":"Rampes de chargement et rampes fixes | Alfa Equipments | Sint-Truiden","isPartOf":{"@id":"https:\/\/www.alfa-equipments.be\/#website"},"primaryImageOfPage":{"@id":"https:\/\/www.alfa-equipments.be\/fr\/equipements-supplementaire\/rampes-de-chargement\/#primaryimage"},"image":{"@id":"https:\/\/www.alfa-equipments.be\/fr\/equipements-supplementaire\/rampes-de-chargement\/#primaryimage"},"thumbnailUrl":"https:\/\/www.alfa-equipments.be\/wp-content\/uploads\/2021\/11\/20201223_144142-scaled.jpg","datePublished":"2020-11-03T15:14:16+00:00","dateModified":"2022-07-04T14:37:24+00:00","description":"Alfa Equipments propose une gamme compl\u00e8te de rampes et de rampes fixes pour fourgons.","breadcrumb":{"@id":"https:\/\/www.alfa-equipments.be\/fr\/equipements-supplementaire\/rampes-de-chargement\/#breadcrumb"},"inLanguage":"fr-FR","potentialAction":[{"@type":"ReadAction","target":["https:\/\/www.alfa-equipments.be\/fr\/equipements-supplementaire\/rampes-de-chargement\/"]}]},{"@type":"ImageObject","inLanguage":"fr-FR","@id":"https:\/\/www.alfa-equipments.be\/fr\/equipements-supplementaire\/rampes-de-chargement\/#primaryimage","url":"https:\/\/www.alfa-equipments.be\/wp-content\/uploads\/2021\/11\/20201223_144142-scaled.jpg","contentUrl":"https:\/\/www.alfa-equipments.be\/wp-content\/uploads\/2021\/11\/20201223_144142-scaled.jpg","width":1920,"height":2560},{"@type":"BreadcrumbList","@id":"https:\/\/www.alfa-equipments.be\/fr\/equipements-supplementaire\/rampes-de-chargement\/#breadcrumb","itemListElement":[{"@type":"ListItem","position":1,"name":"Home","item":"https:\/\/www.alfa-equipments.be\/"},{"@type":"ListItem","position":2,"name":"\u00c9quipement suppl\u00e9mentaire","item":"https:\/\/www.alfa-equipments.be\/fr\/equipements-supplementaire\/"},{"@type":"ListItem","position":3,"name":"Rampes de chargement"}]},{"@type":"WebSite","@id":"https:\/\/www.alfa-equipments.be\/#website","url":"https:\/\/www.alfa-equipments.be\/","name":"Alfa Equipments","description":"Wij maken je bestelwagen volledig werkbaar!","potentialAction":[{"@type":"SearchAction","target":{"@type":"EntryPoint","urlTemplate":"https:\/\/www.alfa-equipments.be\/?s={search_term_string}"},"query-input":{"@type":"PropertyValueSpecification","valueRequired":true,"valueName":"search_term_string"}}],"inLanguage":"fr-FR"}]}},"_links":{"self":[{"href":"https:\/\/www.alfa-equipments.be\/fr\/wp-json\/wp\/v2\/pages\/2559","targetHints":{"allow":["GET"]}}],"collection":[{"href":"https:\/\/www.alfa-equipments.be\/fr\/wp-json\/wp\/v2\/pages"}],"about":[{"href":"https:\/\/www.alfa-equipments.be\/fr\/wp-json\/wp\/v2\/types\/page"}],"author":[{"embeddable":true,"href":"https:\/\/www.alfa-equipments.be\/fr\/wp-json\/wp\/v2\/users\/1"}],"replies":[{"embeddable":true,"href":"https:\/\/www.alfa-equipments.be\/fr\/wp-json\/wp\/v2\/comments?post=2559"}],"version-history":[{"count":5,"href":"https:\/\/www.alfa-equipments.be\/fr\/wp-json\/wp\/v2\/pages\/2559\/revisions"}],"predecessor-version":[{"id":5222,"href":"https:\/\/www.alfa-equipments.be\/fr\/wp-json\/wp\/v2\/pages\/2559\/revisions\/5222"}],"up":[{"embeddable":true,"href":"https:\/\/www.alfa-equipments.be\/fr\/wp-json\/wp\/v2\/pages\/3736"}],"wp:featuredmedia":[{"embeddable":true,"href":"https:\/\/www.alfa-equipments.be\/fr\/wp-json\/wp\/v2\/media\/2560"}],"wp:attachment":[{"href":"https:\/\/www.alfa-equipments.be\/fr\/wp-json\/wp\/v2\/media?parent=2559"}],"curies":[{"name":"wp","href":"https:\/\/api.w.org\/{rel}","templated":true}]}}