{"id":2528,"date":"2021-11-08T15:06:29","date_gmt":"2021-11-08T15:06:29","guid":{"rendered":"https:\/\/alfa-bvba.be\/citroen\/"},"modified":"2021-11-08T15:06:29","modified_gmt":"2021-11-08T15:06:29","slug":"citroen","status":"publish","type":"page","link":"https:\/\/www.alfa-equipments.be\/fr\/realisations\/citroen\/","title":{"rendered":"Citro\u00ebn"},"content":{"rendered":"<section   class=\"fw-main-row-custom fw-main-row-top  auto  fw-section-position-back tf-sh-6a0afcf6fcccc9789ac9b45ffd780f12\"    >\n\t\t\t<div class=\"fw-container\" >\n\t\t<div class=\"fw-row\">\n\t<div id=\"column-6a095bf273b98\" class=\"fw-col-sm-12 tf-sh-1afa69c42f0ec8be997d637aa0d6b1db\" >\n\t<div class=\"fw-wrap-col-inner clearfix  \"   >\n\t\t\t\t<div class=\"fw-col-inner\">\n\t\t\t<div class=\"fw-text-box tf-sh-0d59a327a5142cdaefe82046483babbc \" >\n\t<div class=\"fw-text-inner\">\n\t\t<p style=\"text-align: center;\">Citro\u00ebn Berlingo<\/p>\n<p>ngg_shortcode_0_placeholder<\/p>\n<p style=\"text-align: center;\">Citro\u00ebn Jumpy<\/p>\n<p>ngg_shortcode_1_placeholder<\/p>\n<p style=\"text-align: center;\">Citro\u00ebn Jumper<\/p>\n<p>ngg_shortcode_2_placeholder<\/p>\n\t<\/div>\n<\/div><div class=\"text-center\">\t<a href=\"\/contact\/\" target=\"_self\" class=\"fw-btn tf-sh-201fedb024cab5259a1a37871f8e883f  fw-btn-md   fw-btn-1\"  style=\"\">\n\t\t<span >\n\t\t\tContacteer ons\t\t<\/span>\n\t<\/a>\n<\/div>\t\t<\/div>\n\t<\/div>\n<\/div><\/div>\n\n\t<\/div>\n\t<\/section>\n","protected":false},"excerpt":{"rendered":"<p>Citro\u00ebn Berlingo ngg_shortcode_3_placeholder Citro\u00ebn Jumpy ngg_shortcode_4_placeholder Citro\u00ebn Jumper ngg_shortcode_5_placeholder Contacteer ons<\/p>\n","protected":false},"author":2,"featured_media":0,"parent":3735,"menu_order":0,"comment_status":"closed","ping_status":"closed","template":"visual-builder-template.php","meta":{"_acf_changed":false,"ngg_post_thumbnail":0,"footnotes":""},"class_list":["post-2528","page","type-page","status-publish","hentry"],"acf":[],"yoast_head":"<!-- This site is optimized with the Yoast SEO plugin v25.3.1 - https:\/\/yoast.com\/wordpress\/plugins\/seo\/ -->\n<title>Citro\u00ebn - Alfa Equipments<\/title>\n<meta name=\"description\" content=\"Verschillende inrichtingen en uitrustingen op de bestelwagens van Citro\u00ebn.\" \/>\n<meta name=\"robots\" content=\"index, follow, max-snippet:-1, max-image-preview:large, max-video-preview:-1\" \/>\n<link rel=\"canonical\" href=\"https:\/\/www.alfa-equipments.be\/realisaties\/citroen\/\" \/>\n<meta property=\"og:locale\" content=\"fr_FR\" \/>\n<meta property=\"og:type\" content=\"article\" \/>\n<meta property=\"og:title\" content=\"Citro\u00ebn - Alfa Equipments\" \/>\n<meta property=\"og:description\" content=\"Verschillende inrichtingen en uitrustingen op de bestelwagens van Citro\u00ebn.\" \/>\n<meta property=\"og:url\" content=\"https:\/\/www.alfa-equipments.be\/realisaties\/citroen\/\" \/>\n<meta property=\"og:site_name\" content=\"Alfa Equipments\" \/>\n<meta property=\"og:image\" content=\"https:\/\/alfa-bvba.be\/wp-content\/gallery\/berlingo\/thumbs\/thumbs_Berlingo.png\" \/>\n<meta name=\"twitter:card\" content=\"summary_large_image\" \/>\n<meta name=\"twitter:label1\" content=\"Dur\u00e9e de lecture estim\u00e9e\" \/>\n\t<meta name=\"twitter:data1\" content=\"1 minute\" \/>\n<script type=\"application\/ld+json\" class=\"yoast-schema-graph\">{\"@context\":\"https:\/\/schema.org\",\"@graph\":[{\"@type\":\"WebPage\",\"@id\":\"https:\/\/www.alfa-equipments.be\/realisaties\/citroen\/\",\"url\":\"https:\/\/www.alfa-equipments.be\/realisaties\/citroen\/\",\"name\":\"Citro\u00ebn - Alfa Equipments\",\"isPartOf\":{\"@id\":\"https:\/\/www.alfa-equipments.be\/#website\"},\"primaryImageOfPage\":{\"@id\":\"https:\/\/www.alfa-equipments.be\/realisaties\/citroen\/#primaryimage\"},\"image\":{\"@id\":\"https:\/\/www.alfa-equipments.be\/realisaties\/citroen\/#primaryimage\"},\"thumbnailUrl\":\"https:\/\/alfa-bvba.be\/wp-content\/gallery\/berlingo\/thumbs\/thumbs_Berlingo.png\",\"datePublished\":\"2021-11-08T15:06:29+00:00\",\"description\":\"Verschillende inrichtingen en uitrustingen op de bestelwagens van Citro\u00ebn.\",\"breadcrumb\":{\"@id\":\"https:\/\/www.alfa-equipments.be\/realisaties\/citroen\/#breadcrumb\"},\"inLanguage\":\"fr-FR\",\"potentialAction\":[{\"@type\":\"ReadAction\",\"target\":[\"https:\/\/www.alfa-equipments.be\/realisaties\/citroen\/\"]}]},{\"@type\":\"ImageObject\",\"inLanguage\":\"fr-FR\",\"@id\":\"https:\/\/www.alfa-equipments.be\/realisaties\/citroen\/#primaryimage\",\"url\":\"https:\/\/alfa-bvba.be\/wp-content\/gallery\/berlingo\/thumbs\/thumbs_Berlingo.png\",\"contentUrl\":\"https:\/\/alfa-bvba.be\/wp-content\/gallery\/berlingo\/thumbs\/thumbs_Berlingo.png\"},{\"@type\":\"BreadcrumbList\",\"@id\":\"https:\/\/www.alfa-equipments.be\/realisaties\/citroen\/#breadcrumb\",\"itemListElement\":[{\"@type\":\"ListItem\",\"position\":1,\"name\":\"Home\",\"item\":\"https:\/\/www.alfa-equipments.be\/\"},{\"@type\":\"ListItem\",\"position\":2,\"name\":\"R\u00e9alisations\",\"item\":\"https:\/\/www.alfa-equipments.be\/realisaties\/\"},{\"@type\":\"ListItem\",\"position\":3,\"name\":\"Citro\u00ebn\"}]},{\"@type\":\"WebSite\",\"@id\":\"https:\/\/www.alfa-equipments.be\/#website\",\"url\":\"https:\/\/www.alfa-equipments.be\/\",\"name\":\"Alfa Equipments\",\"description\":\"Wij maken je bestelwagen volledig werkbaar!\",\"potentialAction\":[{\"@type\":\"SearchAction\",\"target\":{\"@type\":\"EntryPoint\",\"urlTemplate\":\"https:\/\/www.alfa-equipments.be\/?s={search_term_string}\"},\"query-input\":{\"@type\":\"PropertyValueSpecification\",\"valueRequired\":true,\"valueName\":\"search_term_string\"}}],\"inLanguage\":\"fr-FR\"}]}<\/script>\n<!-- \/ Yoast SEO plugin. -->","yoast_head_json":{"title":"Citro\u00ebn - Alfa Equipments","description":"Verschillende inrichtingen en uitrustingen op de bestelwagens van Citro\u00ebn.","robots":{"index":"index","follow":"follow","max-snippet":"max-snippet:-1","max-image-preview":"max-image-preview:large","max-video-preview":"max-video-preview:-1"},"canonical":"https:\/\/www.alfa-equipments.be\/realisaties\/citroen\/","og_locale":"fr_FR","og_type":"article","og_title":"Citro\u00ebn - Alfa Equipments","og_description":"Verschillende inrichtingen en uitrustingen op de bestelwagens van Citro\u00ebn.","og_url":"https:\/\/www.alfa-equipments.be\/realisaties\/citroen\/","og_site_name":"Alfa Equipments","og_image":[{"url":"https:\/\/alfa-bvba.be\/wp-content\/gallery\/berlingo\/thumbs\/thumbs_Berlingo.png","type":"","width":"","height":""}],"twitter_card":"summary_large_image","twitter_misc":{"Dur\u00e9e de lecture estim\u00e9e":"1 minute"},"schema":{"@context":"https:\/\/schema.org","@graph":[{"@type":"WebPage","@id":"https:\/\/www.alfa-equipments.be\/realisaties\/citroen\/","url":"https:\/\/www.alfa-equipments.be\/realisaties\/citroen\/","name":"Citro\u00ebn - Alfa Equipments","isPartOf":{"@id":"https:\/\/www.alfa-equipments.be\/#website"},"primaryImageOfPage":{"@id":"https:\/\/www.alfa-equipments.be\/realisaties\/citroen\/#primaryimage"},"image":{"@id":"https:\/\/www.alfa-equipments.be\/realisaties\/citroen\/#primaryimage"},"thumbnailUrl":"https:\/\/alfa-bvba.be\/wp-content\/gallery\/berlingo\/thumbs\/thumbs_Berlingo.png","datePublished":"2021-11-08T15:06:29+00:00","description":"Verschillende inrichtingen en uitrustingen op de bestelwagens van Citro\u00ebn.","breadcrumb":{"@id":"https:\/\/www.alfa-equipments.be\/realisaties\/citroen\/#breadcrumb"},"inLanguage":"fr-FR","potentialAction":[{"@type":"ReadAction","target":["https:\/\/www.alfa-equipments.be\/realisaties\/citroen\/"]}]},{"@type":"ImageObject","inLanguage":"fr-FR","@id":"https:\/\/www.alfa-equipments.be\/realisaties\/citroen\/#primaryimage","url":"https:\/\/alfa-bvba.be\/wp-content\/gallery\/berlingo\/thumbs\/thumbs_Berlingo.png","contentUrl":"https:\/\/alfa-bvba.be\/wp-content\/gallery\/berlingo\/thumbs\/thumbs_Berlingo.png"},{"@type":"BreadcrumbList","@id":"https:\/\/www.alfa-equipments.be\/realisaties\/citroen\/#breadcrumb","itemListElement":[{"@type":"ListItem","position":1,"name":"Home","item":"https:\/\/www.alfa-equipments.be\/"},{"@type":"ListItem","position":2,"name":"R\u00e9alisations","item":"https:\/\/www.alfa-equipments.be\/realisaties\/"},{"@type":"ListItem","position":3,"name":"Citro\u00ebn"}]},{"@type":"WebSite","@id":"https:\/\/www.alfa-equipments.be\/#website","url":"https:\/\/www.alfa-equipments.be\/","name":"Alfa Equipments","description":"Wij maken je bestelwagen volledig werkbaar!","potentialAction":[{"@type":"SearchAction","target":{"@type":"EntryPoint","urlTemplate":"https:\/\/www.alfa-equipments.be\/?s={search_term_string}"},"query-input":{"@type":"PropertyValueSpecification","valueRequired":true,"valueName":"search_term_string"}}],"inLanguage":"fr-FR"}]}},"_links":{"self":[{"href":"https:\/\/www.alfa-equipments.be\/fr\/wp-json\/wp\/v2\/pages\/2528","targetHints":{"allow":["GET"]}}],"collection":[{"href":"https:\/\/www.alfa-equipments.be\/fr\/wp-json\/wp\/v2\/pages"}],"about":[{"href":"https:\/\/www.alfa-equipments.be\/fr\/wp-json\/wp\/v2\/types\/page"}],"author":[{"embeddable":true,"href":"https:\/\/www.alfa-equipments.be\/fr\/wp-json\/wp\/v2\/users\/2"}],"replies":[{"embeddable":true,"href":"https:\/\/www.alfa-equipments.be\/fr\/wp-json\/wp\/v2\/comments?post=2528"}],"version-history":[{"count":0,"href":"https:\/\/www.alfa-equipments.be\/fr\/wp-json\/wp\/v2\/pages\/2528\/revisions"}],"up":[{"embeddable":true,"href":"https:\/\/www.alfa-equipments.be\/fr\/wp-json\/wp\/v2\/pages\/3735"}],"wp:attachment":[{"href":"https:\/\/www.alfa-equipments.be\/fr\/wp-json\/wp\/v2\/media?parent=2528"}],"curies":[{"name":"wp","href":"https:\/\/api.w.org\/{rel}","templated":true}]}}